{"id":143,"date":"2018-06-30T18:50:02","date_gmt":"2018-06-30T16:50:02","guid":{"rendered":"http:\/\/gwendreams.com\/?page_id=143"},"modified":"2024-08-09T14:14:45","modified_gmt":"2024-08-09T12:14:45","slug":"les-livres","status":"publish","type":"page","link":"https:\/\/gwendreams.com\/index.php\/les-livres\/","title":{"rendered":"Livres"},"content":{"rendered":"\n<p>Parfois, ce n&rsquo;est pas l&rsquo;auteur qui \u00e9crit l&rsquo;histoire, c&rsquo;est l&rsquo;histoire qui fait l&rsquo;auteur.<\/p>\n\n\n\n<p class=\"has-text-align-justify\">Un jour de juin, non loin d&rsquo;un cerisier, r\u00eavant au son du rio, les yeux perdus dans le ciel bleu et le vol des vautours, l&rsquo;histoire m&rsquo;est arriv\u00e9e. Elle ne m&rsquo;est pas tomb\u00e9e dessus, elle a plan\u00e9 doucement pour venir se poser sur moi.<\/p>\n\n\n\n<p class=\"has-text-align-justify\">Elle ne m&rsquo;a plus quitt\u00e9e depuis, ses personnages sont devenus mes amis, son monde parfois vient se superposer \u00e0 la r\u00e9alit\u00e9. Je me pose des questions sur des probl\u00e8mes qui n&rsquo;existent pas. Ou pas encore ?<\/p>\n\n\n\n<p class=\"has-text-align-justify\">Des mois durant, j&rsquo;ai \u00e9crit, \u00e9crit encore, jusqu&rsquo;\u00e0 voler chaque instant \u00e0 la vie, et puis un jour, l&rsquo;histoire a \u00e9t\u00e9 finie.&nbsp;Elle n&rsquo;a pas disparu. Elle s&rsquo;est transform\u00e9e en livre :<\/p>\n\n\n\n<h3 class=\"wp-block-heading\"><span style=\"text-decoration: underline;\"><em><a href=\"http:\/\/gwendreams.com\/index.php\/le-livre\/soleil-gris\/\"><strong>SOLEIL GRIS<\/strong><\/a><\/em><\/span><\/h3>\n\n\n\n<p class=\"has-text-align-justify\">L&rsquo;histoire&nbsp;vibre ensuite et passe par de petites mutations, elle se transforme sans perdre son essence. Puis c&rsquo;est enfin&nbsp;<span style=\"text-decoration: underline;\"><a href=\"https:\/\/gwendreams.com\/index.php\/2019\/06\/19\/parution-de-mon-premier-roman\/\">la parution de mon premier roman<\/a><\/span>.<\/p>\n\n\n<div class=\"wp-block-image\">\n<figure class=\"aligncenter\"><img loading=\"lazy\" decoding=\"async\" width=\"300\" height=\"300\" src=\"http:\/\/gwendreams.com\/wp-content\/uploads\/2019\/09\/Soleil-Gris-dans-les-Pyr\u00e9n\u00e9es-1-300x300.jpg\" alt=\"\" class=\"wp-image-3134\" srcset=\"https:\/\/gwendreams.com\/wp-content\/uploads\/2019\/09\/Soleil-Gris-dans-les-Pyr\u00e9n\u00e9es-1-300x300.jpg 300w, https:\/\/gwendreams.com\/wp-content\/uploads\/2019\/09\/Soleil-Gris-dans-les-Pyr\u00e9n\u00e9es-1-150x150.jpg 150w, https:\/\/gwendreams.com\/wp-content\/uploads\/2019\/09\/Soleil-Gris-dans-les-Pyr\u00e9n\u00e9es-1.jpg 600w\" sizes=\"auto, (max-width: 300px) 100vw, 300px\" \/><\/figure>\n<\/div>\n\n\n<h3 class=\"wp-block-heading\"><a href=\"https:\/\/gwendreams.com\/index.php\/le-livre\/une-mer-sans-lune\/\"><em><strong><span style=\"text-decoration: underline;\">UNE MER SANS LUNE<\/span><\/strong><\/em><\/a><\/h3>\n\n\n\n<p class=\"has-text-align-justify\">Certains jours, je sentais bien qu&rsquo;il y avait une autre histoire, juste l\u00e0, un peu cach\u00e9e derri\u00e8re la premi\u00e8re, qui attendait son heure, qui attendait que je sois enfin disponible pour elle.<\/p>\n\n\n\n<p class=\"has-text-align-justify\">Le moment est arriv\u00e9 et petit \u00e0 petit, page apr\u00e8s page, ce <span style=\"text-decoration: underline;\"><a href=\"https:\/\/gwendreams.com\/index.php\/2019\/07\/08\/une-boule-de-neige-en-ete\/\">second roman<\/a><\/span> prend forme \u00e0 son tour.<\/p>\n\n\n\n<p class=\"has-text-align-justify\">Mais moins d&rsquo;un an apr\u00e8s la publication de Soleil Gris, le monde se retrouve plong\u00e9 dans un confinement forc\u00e9 digne des meilleures anticipations dans une \u00e9tonnante <a href=\"https:\/\/gwendreams.com\/index.php\/2020\/03\/17\/collision-entre-fiction-et-realite\/\">collision entre fiction et r\u00e9alit\u00e9<\/a>.<\/p>\n\n\n\n<p class=\"has-text-align-justify\">Le temps passe et fait son oeuvre d&rsquo;apaisement, puis <a href=\"https:\/\/gwendreams.com\/index.php\/2024\/04\/11\/parution-de-mon-second-roman-une-mer-sans-lune\/\" target=\"_blank\" rel=\"noreferrer noopener\">ce second livre est \u00e9galement publi\u00e9<\/a>.<\/p>\n\n\n<div class=\"wp-block-image\">\n<figure class=\"aligncenter size-large is-resized\"><img loading=\"lazy\" decoding=\"async\" width=\"558\" height=\"1024\" src=\"https:\/\/gwendreams.com\/wp-content\/uploads\/2024\/07\/Une-mer-sans-lune-558x1024.jpg\" alt=\"\" class=\"wp-image-5768\" style=\"width:189px;height:auto\" srcset=\"https:\/\/gwendreams.com\/wp-content\/uploads\/2024\/07\/Une-mer-sans-lune-558x1024.jpg 558w, https:\/\/gwendreams.com\/wp-content\/uploads\/2024\/07\/Une-mer-sans-lune-163x300.jpg 163w, https:\/\/gwendreams.com\/wp-content\/uploads\/2024\/07\/Une-mer-sans-lune-768x1409.jpg 768w, https:\/\/gwendreams.com\/wp-content\/uploads\/2024\/07\/Une-mer-sans-lune-837x1536.jpg 837w, https:\/\/gwendreams.com\/wp-content\/uploads\/2024\/07\/Une-mer-sans-lune-1116x2048.jpg 1116w, https:\/\/gwendreams.com\/wp-content\/uploads\/2024\/07\/Une-mer-sans-lune-scaled.jpg 1395w\" sizes=\"auto, (max-width: 558px) 100vw, 558px\" \/><\/figure>\n<\/div>\n\n\n<p class=\"has-text-align-justify\">Ceci \u00e9tant, outre MES livres, il y a toujours LES livres, les autres, ceux des autres, ceux que je lis, ceux que j&rsquo;aime (<a href=\"https:\/\/gwendreams.com\/index.php\/2024\/01\/11\/les-livres-de-2024\/\" target=\"_blank\" rel=\"noreferrer noopener\">les livres de 2024<\/a>), ceux qui sont du voyage (<a href=\"https:\/\/gwendreams.com\/index.php\/2023\/08\/18\/les-livres-du-voyage-ete-2023-espagne-ecosse\/\" target=\"_blank\" rel=\"noopener\">les livres de l&rsquo;\u00e9t\u00e9 2023<\/a>) &#8230;<\/p>\n\n\n\n<p>Quelques-un des grands favoris :<\/p>\n\n\n\n<ul class=\"wp-block-list\">\n<li>Dans la trilogie des aventuriers, Roger <a href=\"http:\/\/gwendreams.com\/index.php\/2018\/09\/14\/frison-roche\/\">Frison-Roche<\/a>, Bernard Clavel, Jack London.<\/li>\n\n\n\n<li>Quand le dessin s&rsquo;en m\u00eale, <a href=\"https:\/\/fr.wikipedia.org\/wiki\/Hugo_Pratt\" target=\"_blank\" rel=\"noopener\">Hugo Pratt<\/a>.<\/li>\n\n\n\n<li>En r\u00eavant d&rsquo;autres mondes, JRR Tolkien, Frank Herbert, Robin Hobb, Roger Zelazny<\/li>\n<\/ul>\n\n\n\n<p>Pour poursuivre la lecture :<\/p>\n\n\n\n<p><a href=\"http:\/\/gwendreams.com\/index.php\/le-livre\/climate-fiction-changement-climatique-et-litterature\/\" target=\"_blank\" rel=\"noreferrer noopener\">Sur la fiction climatique<\/a><\/p>\n\n\n\n<p>sur <a href=\"https:\/\/gwendreams.com\/index.php\/le-livre\/soleil-gris\" target=\"_blank\" rel=\"noreferrer noopener\">SOLEIL GRIS<\/a><\/p>\n\n\n\n<p>sur <a href=\"https:\/\/gwendreams.com\/index.php\/les-livres\/une-mer-sans-lune\/\" target=\"_blank\" rel=\"noreferrer noopener\">Une mer sans lune<\/a><\/p>\n\n\n\n<p><blockquote class=\"wp-embedded-content\" data-secret=\"3eCaHoX0qx\"><a href=\"https:\/\/gwendreams.com\/index.php\/2018\/09\/14\/frison-roche\/\">Frison-Roche &#8230;<\/a><\/blockquote><iframe loading=\"lazy\" class=\"wp-embedded-content\" sandbox=\"allow-scripts\" security=\"restricted\" style=\"position: absolute; clip: rect(1px, 1px, 1px, 1px);\" title=\"\u00ab\u00a0Frison-Roche &#8230;\u00a0\u00bb &#8212; Gwendreams\" src=\"https:\/\/gwendreams.com\/index.php\/2018\/09\/14\/frison-roche\/embed\/#?secret=qkSl8qn2O6#?secret=3eCaHoX0qx\" data-secret=\"3eCaHoX0qx\" width=\"500\" height=\"282\" frameborder=\"0\" marginwidth=\"0\" marginheight=\"0\" scrolling=\"no\"><\/iframe><\/p>\n\n\n\n<p>Pour commander mes romans directement sur Amazon :<br>&#8211; <a href=\"https:\/\/amzn.to\/4cPovcr\" target=\"_blank\" rel=\"noreferrer noopener\">SOLEIL GRIS<\/a><br>&#8211; <a href=\"https:\/\/amzn.to\/3Uc6jCR\" target=\"_blank\" rel=\"noreferrer noopener\">Une mer sans lune<\/a><\/p>\n","protected":false},"excerpt":{"rendered":"<p>Parfois, ce n&rsquo;est pas l&rsquo;auteur qui \u00e9crit l&rsquo;histoire, c&rsquo;est l&rsquo;histoire qui fait l&rsquo;auteur. Un jour de juin, non loin d&rsquo;un cerisier, r\u00eavant au son du rio, les yeux perdus dans le ciel bleu et le vol des vautours, l&rsquo;histoire m&rsquo;est arriv\u00e9e. Elle ne m&rsquo;est pas tomb\u00e9e dessus, elle a plan\u00e9&#8230;<\/p>\n<div class=\"more-link-wrapper\"><a class=\"more-link\" href=\"https:\/\/gwendreams.com\/index.php\/les-livres\/\">Continuer la lecture<span class=\"screen-reader-text\">Livres<\/span><\/a><\/div>\n","protected":false},"author":2,"featured_media":3184,"parent":0,"menu_order":3,"comment_status":"closed","ping_status":"closed","template":"","meta":{"jetpack_post_was_ever_published":false,"iawp_total_views":5,"footnotes":""},"class_list":["post-143","page","type-page","status-publish","has-post-thumbnail","hentry","entry"],"yoast_head":"<!-- This site is optimized with the Yoast SEO plugin v27.5 - https:\/\/yoast.com\/product\/yoast-seo-wordpress\/ -->\n<title>Livres - Gwendreams<\/title>\n<meta name=\"description\" content=\"livre livres soleil gris histoire auteur roman mer sans lune global fiction parution \u00e9dition publication book \u00e9crire \u00e9crivain climate\" \/>\n<meta name=\"robots\" content=\"index, follow, max-snippet:-1, max-image-preview:large, max-video-preview:-1\" \/>\n<link rel=\"canonical\" href=\"https:\/\/gwendreams.com\/index.php\/les-livres\/\" \/>\n<meta property=\"og:locale\" content=\"fr_FR\" \/>\n<meta property=\"og:type\" content=\"article\" \/>\n<meta property=\"og:title\" content=\"Livres - Gwendreams\" \/>\n<meta property=\"og:url\" content=\"https:\/\/gwendreams.com\/index.php\/les-livres\/\" \/>\n<meta property=\"og:site_name\" content=\"Gwendreams\" \/>\n<meta property=\"article:publisher\" content=\"https:\/\/www.facebook.com\/profile.php?id=100063791695285\" \/>\n<meta property=\"article:modified_time\" content=\"2024-08-09T12:14:45+00:00\" \/>\n<meta property=\"og:image\" content=\"https:\/\/gwendreams.com\/wp-content\/uploads\/2019\/09\/pexels-photo-459694.jpeg\" \/>\n\t<meta property=\"og:image:width\" content=\"1766\" \/>\n\t<meta property=\"og:image:height\" content=\"1300\" \/>\n\t<meta property=\"og:image:type\" content=\"image\/jpeg\" \/>\n<meta name=\"twitter:card\" content=\"summary_large_image\" \/>\n<meta name=\"twitter:label1\" content=\"Dur\u00e9e de lecture estim\u00e9e\" \/>\n\t<meta name=\"twitter:data1\" content=\"3 minutes\" \/>\n<script type=\"application\/ld+json\" class=\"yoast-schema-graph\">{\"@context\":\"https:\\\/\\\/schema.org\",\"@graph\":[{\"@type\":\"WebPage\",\"@id\":\"https:\\\/\\\/gwendreams.com\\\/index.php\\\/les-livres\\\/\",\"url\":\"https:\\\/\\\/gwendreams.com\\\/index.php\\\/les-livres\\\/\",\"name\":\"Livres - Gwendreams\",\"isPartOf\":{\"@id\":\"https:\\\/\\\/gwendreams.com\\\/#website\"},\"primaryImageOfPage\":{\"@id\":\"https:\\\/\\\/gwendreams.com\\\/index.php\\\/les-livres\\\/#primaryimage\"},\"image\":{\"@id\":\"https:\\\/\\\/gwendreams.com\\\/index.php\\\/les-livres\\\/#primaryimage\"},\"thumbnailUrl\":\"https:\\\/\\\/gwendreams.com\\\/wp-content\\\/uploads\\\/2019\\\/09\\\/pexels-photo-459694.jpeg\",\"datePublished\":\"2018-06-30T16:50:02+00:00\",\"dateModified\":\"2024-08-09T12:14:45+00:00\",\"description\":\"livre livres soleil gris histoire auteur roman mer sans lune global fiction parution \u00e9dition publication book \u00e9crire \u00e9crivain climate\",\"breadcrumb\":{\"@id\":\"https:\\\/\\\/gwendreams.com\\\/index.php\\\/les-livres\\\/#breadcrumb\"},\"inLanguage\":\"fr-FR\",\"potentialAction\":[{\"@type\":\"ReadAction\",\"target\":[\"https:\\\/\\\/gwendreams.com\\\/index.php\\\/les-livres\\\/\"]}]},{\"@type\":\"ImageObject\",\"inLanguage\":\"fr-FR\",\"@id\":\"https:\\\/\\\/gwendreams.com\\\/index.php\\\/les-livres\\\/#primaryimage\",\"url\":\"https:\\\/\\\/gwendreams.com\\\/wp-content\\\/uploads\\\/2019\\\/09\\\/pexels-photo-459694.jpeg\",\"contentUrl\":\"https:\\\/\\\/gwendreams.com\\\/wp-content\\\/uploads\\\/2019\\\/09\\\/pexels-photo-459694.jpeg\",\"width\":1766,\"height\":1300,\"caption\":\"Photo de Pixabay sur Pexels.com\"},{\"@type\":\"BreadcrumbList\",\"@id\":\"https:\\\/\\\/gwendreams.com\\\/index.php\\\/les-livres\\\/#breadcrumb\",\"itemListElement\":[{\"@type\":\"ListItem\",\"position\":1,\"name\":\"Accueil\",\"item\":\"https:\\\/\\\/gwendreams.com\\\/\"},{\"@type\":\"ListItem\",\"position\":2,\"name\":\"Livres\"}]},{\"@type\":\"WebSite\",\"@id\":\"https:\\\/\\\/gwendreams.com\\\/#website\",\"url\":\"https:\\\/\\\/gwendreams.com\\\/\",\"name\":\"Gwendreams\",\"description\":\"Tout un monde \u00e0 d\u00e9couvrir !\",\"potentialAction\":[{\"@type\":\"SearchAction\",\"target\":{\"@type\":\"EntryPoint\",\"urlTemplate\":\"https:\\\/\\\/gwendreams.com\\\/?s={search_term_string}\"},\"query-input\":{\"@type\":\"PropertyValueSpecification\",\"valueRequired\":true,\"valueName\":\"search_term_string\"}}],\"inLanguage\":\"fr-FR\"}]}<\/script>\n<!-- \/ Yoast SEO plugin. -->","yoast_head_json":{"title":"Livres - Gwendreams","description":"livre livres soleil gris histoire auteur roman mer sans lune global fiction parution \u00e9dition publication book \u00e9crire \u00e9crivain climate","robots":{"index":"index","follow":"follow","max-snippet":"max-snippet:-1","max-image-preview":"max-image-preview:large","max-video-preview":"max-video-preview:-1"},"canonical":"https:\/\/gwendreams.com\/index.php\/les-livres\/","og_locale":"fr_FR","og_type":"article","og_title":"Livres - Gwendreams","og_url":"https:\/\/gwendreams.com\/index.php\/les-livres\/","og_site_name":"Gwendreams","article_publisher":"https:\/\/www.facebook.com\/profile.php?id=100063791695285","article_modified_time":"2024-08-09T12:14:45+00:00","og_image":[{"width":1766,"height":1300,"url":"https:\/\/gwendreams.com\/wp-content\/uploads\/2019\/09\/pexels-photo-459694.jpeg","type":"image\/jpeg"}],"twitter_card":"summary_large_image","twitter_misc":{"Dur\u00e9e de lecture estim\u00e9e":"3 minutes"},"schema":{"@context":"https:\/\/schema.org","@graph":[{"@type":"WebPage","@id":"https:\/\/gwendreams.com\/index.php\/les-livres\/","url":"https:\/\/gwendreams.com\/index.php\/les-livres\/","name":"Livres - Gwendreams","isPartOf":{"@id":"https:\/\/gwendreams.com\/#website"},"primaryImageOfPage":{"@id":"https:\/\/gwendreams.com\/index.php\/les-livres\/#primaryimage"},"image":{"@id":"https:\/\/gwendreams.com\/index.php\/les-livres\/#primaryimage"},"thumbnailUrl":"https:\/\/gwendreams.com\/wp-content\/uploads\/2019\/09\/pexels-photo-459694.jpeg","datePublished":"2018-06-30T16:50:02+00:00","dateModified":"2024-08-09T12:14:45+00:00","description":"livre livres soleil gris histoire auteur roman mer sans lune global fiction parution \u00e9dition publication book \u00e9crire \u00e9crivain climate","breadcrumb":{"@id":"https:\/\/gwendreams.com\/index.php\/les-livres\/#breadcrumb"},"inLanguage":"fr-FR","potentialAction":[{"@type":"ReadAction","target":["https:\/\/gwendreams.com\/index.php\/les-livres\/"]}]},{"@type":"ImageObject","inLanguage":"fr-FR","@id":"https:\/\/gwendreams.com\/index.php\/les-livres\/#primaryimage","url":"https:\/\/gwendreams.com\/wp-content\/uploads\/2019\/09\/pexels-photo-459694.jpeg","contentUrl":"https:\/\/gwendreams.com\/wp-content\/uploads\/2019\/09\/pexels-photo-459694.jpeg","width":1766,"height":1300,"caption":"Photo de Pixabay sur Pexels.com"},{"@type":"BreadcrumbList","@id":"https:\/\/gwendreams.com\/index.php\/les-livres\/#breadcrumb","itemListElement":[{"@type":"ListItem","position":1,"name":"Accueil","item":"https:\/\/gwendreams.com\/"},{"@type":"ListItem","position":2,"name":"Livres"}]},{"@type":"WebSite","@id":"https:\/\/gwendreams.com\/#website","url":"https:\/\/gwendreams.com\/","name":"Gwendreams","description":"Tout un monde \u00e0 d\u00e9couvrir !","potentialAction":[{"@type":"SearchAction","target":{"@type":"EntryPoint","urlTemplate":"https:\/\/gwendreams.com\/?s={search_term_string}"},"query-input":{"@type":"PropertyValueSpecification","valueRequired":true,"valueName":"search_term_string"}}],"inLanguage":"fr-FR"}]}},"jetpack_sharing_enabled":true,"_links":{"self":[{"href":"https:\/\/gwendreams.com\/index.php\/wp-json\/wp\/v2\/pages\/143","targetHints":{"allow":["GET"]}}],"collection":[{"href":"https:\/\/gwendreams.com\/index.php\/wp-json\/wp\/v2\/pages"}],"about":[{"href":"https:\/\/gwendreams.com\/index.php\/wp-json\/wp\/v2\/types\/page"}],"author":[{"embeddable":true,"href":"https:\/\/gwendreams.com\/index.php\/wp-json\/wp\/v2\/users\/2"}],"replies":[{"embeddable":true,"href":"https:\/\/gwendreams.com\/index.php\/wp-json\/wp\/v2\/comments?post=143"}],"version-history":[{"count":21,"href":"https:\/\/gwendreams.com\/index.php\/wp-json\/wp\/v2\/pages\/143\/revisions"}],"predecessor-version":[{"id":5831,"href":"https:\/\/gwendreams.com\/index.php\/wp-json\/wp\/v2\/pages\/143\/revisions\/5831"}],"wp:featuredmedia":[{"embeddable":true,"href":"https:\/\/gwendreams.com\/index.php\/wp-json\/wp\/v2\/media\/3184"}],"wp:attachment":[{"href":"https:\/\/gwendreams.com\/index.php\/wp-json\/wp\/v2\/media?parent=143"}],"curies":[{"name":"wp","href":"https:\/\/api.w.org\/{rel}","templated":true}]}}