{"id":144,"date":"2018-06-30T18:50:02","date_gmt":"2018-06-30T16:50:02","guid":{"rendered":"http:\/\/gwendreams.com\/?page_id=144"},"modified":"2024-08-09T14:14:32","modified_gmt":"2024-08-09T12:14:32","slug":"les-grottes","status":"publish","type":"page","link":"https:\/\/gwendreams.com\/index.php\/les-grottes\/","title":{"rendered":"Grottes"},"content":{"rendered":"<p style=\"text-align: justify;\">Les grottes sont un reflet, du pass\u00e9 et du futur, de nos peurs et de notre courage, des civilisations et de leur disparition.<\/p>\n<h2>Merveilles de la nature<\/h2>\n<p style=\"text-align: justify;\"><img loading=\"lazy\" decoding=\"async\" class=\"size-medium wp-image-2478 alignleft\" src=\"http:\/\/gwendreams.com\/wp-content\/uploads\/2019\/09\/fenetre-grotte-de-Bespen-2-300x225.jpg\" alt=\"\" width=\"300\" height=\"225\" srcset=\"https:\/\/gwendreams.com\/wp-content\/uploads\/2019\/09\/fenetre-grotte-de-Bespen-2-300x225.jpg 300w, https:\/\/gwendreams.com\/wp-content\/uploads\/2019\/09\/fenetre-grotte-de-Bespen-2-768x576.jpg 768w, https:\/\/gwendreams.com\/wp-content\/uploads\/2019\/09\/fenetre-grotte-de-Bespen-2.jpg 800w\" sizes=\"auto, (max-width: 300px) 100vw, 300px\" \/> Le temps les a cr\u00e9\u00e9es, assist\u00e9 en cela par l&rsquo;air et l&rsquo;eau, par le choc du froid et du chaud, dans des roches si anciennes qu&rsquo;on pourrait les croire \u00e9ternelles, si seulement on ne les voyait parfois \u00e0 demi-effondr\u00e9es, d\u00e9j\u00e0 presque disparues, \u00e0 l&rsquo;\u00e9tat de simple trace \u00e0 peine devin\u00e9e.<\/p>\n<p style=\"text-align: justify;\">Parfois l&rsquo;on h\u00e9site \u00e0 y p\u00e9n\u00e9trer, \u00e0 cause de l&rsquo;obscurit\u00e9, des difficult\u00e9s \u00e0 y progresser, des dangers d&rsquo;un effondrement ou d&rsquo;un gouffre. Toujours, l&rsquo;on en ressort plus fort, avec dans le regard des petites \u00e9tincelles et un soup\u00e7on de r\u00eave.<\/p>\n<p style=\"text-align: justify;\"><img loading=\"lazy\" decoding=\"async\" class=\"size-medium wp-image-2472 alignright\" src=\"http:\/\/gwendreams.com\/wp-content\/uploads\/2019\/09\/classique-entr\u00e9e-de-grotte-sur\u00e9lev\u00e9e-300x225.jpg\" alt=\"\" width=\"300\" height=\"225\" srcset=\"https:\/\/gwendreams.com\/wp-content\/uploads\/2019\/09\/classique-entr\u00e9e-de-grotte-sur\u00e9lev\u00e9e-300x225.jpg 300w, https:\/\/gwendreams.com\/wp-content\/uploads\/2019\/09\/classique-entr\u00e9e-de-grotte-sur\u00e9lev\u00e9e-768x576.jpg 768w, https:\/\/gwendreams.com\/wp-content\/uploads\/2019\/09\/classique-entr\u00e9e-de-grotte-sur\u00e9lev\u00e9e.jpg 800w\" sizes=\"auto, (max-width: 300px) 100vw, 300px\" \/>C&rsquo;est que l&rsquo;on n&rsquo;est pas le premier \u00e0 fouler le sol d&rsquo;une grotte, \u00e0 en chercher les contours, \u00e0 en explorer les galeries. Avant nous sont venus d&rsquo;autres animaux et d&rsquo;autres humains. Certains y vivent encore, chauves-souris et insectes, d&rsquo;autres viennent y faire peau neuve, comme en t\u00e9moignent les peaux de mue des serpents. Beaucoup y ont fait halte, le temps d&rsquo;une saison, \u00e0 l&rsquo;occasion d&rsquo;un orage ou le temps d&rsquo;en d\u00e9corer parois et plafonds.<\/p>\n<h2>Des grottes oeuvre des hommes<\/h2>\n<p style=\"text-align: justify;\"><img loading=\"lazy\" decoding=\"async\" class=\" wp-image-2475 alignleft\" src=\"http:\/\/gwendreams.com\/wp-content\/uploads\/2019\/09\/entree-de-grotte-pres-dIbieca-225x300.jpg\" alt=\"\" width=\"184\" height=\"245\" srcset=\"https:\/\/gwendreams.com\/wp-content\/uploads\/2019\/09\/entree-de-grotte-pres-dIbieca-225x300.jpg 225w, https:\/\/gwendreams.com\/wp-content\/uploads\/2019\/09\/entree-de-grotte-pres-dIbieca.jpg 600w\" sizes=\"auto, (max-width: 184px) 100vw, 184px\" \/>Certaines grottes ont \u00e9t\u00e9 creus\u00e9es et am\u00e9nag\u00e9es par des anc\u00eatres ou leurs cousins. On le devine aux traces d&rsquo;outils qui ont donn\u00e9 forme aux parois. D&rsquo;autres portent en leur sol les restes d&rsquo;un feu, les os d&rsquo;un d\u00e9funt ou les reliefs de repas. Enfin, d&rsquo;autres encore sont des oeuvres d&rsquo;art, dont les couleurs ont travers\u00e9 les mill\u00e9naires, dont les signes et symboles sont devenus incompr\u00e9hensibles. Bien des cultures et des civilisations sont pass\u00e9es par les grottes, mais l&rsquo;on ne sait plus lire la plupart de ces inscriptions. Heureusement, on peut encore r\u00eaver. Et organiser la prochaine visite, au fil des voyages.<\/p>\n<p>Pour commencer la visite :<\/p>\n<ul>\n<li><a href=\"http:\/\/gwendreams.com\/index.php\/2018\/07\/21\/a-la-recherche-des-grottes-du-monegros\/\">A la recherche des grottes du Mon\u00e9gros<\/a><\/li>\n<li><a href=\"http:\/\/gwendreams.com\/index.php\/2019\/04\/17\/la-grotte-de-piraces\/\">La grotte de Piraces<\/a><\/li>\n<li><a href=\"http:\/\/gwendreams.com\/index.php\/2019\/04\/14\/les-grottes-de-sesa\/\">Les grottes de Sesa<\/a><\/li>\n<li><a href=\"http:\/\/gwendreams.com\/index.php\/2019\/04\/10\/la-grotte-pres-de-puybolea\/\">La grotte pr\u00e8s de PuiBolea<\/a><\/li>\n<li><a href=\"http:\/\/gwendreams.com\/index.php\/les-grottes\/la-cueva-agricola-de-san-lorenzo-del-flumen\/\">La cueva agr\u00edcola de San Lorenzo del Flumen<\/a><\/li>\n<li><a href=\"http:\/\/gwendreams.com\/index.php\/2019\/04\/26\/le-rocher-perce-dayera\/\">Le myst\u00e8re Ayera<\/a><\/li>\n<li><a href=\"https:\/\/gwendreams.com\/index.php\/2019\/07\/06\/la-grotte-de-pair-non-pair\/\">La grotte de Pair Non Pair<\/a><\/li>\n<li><a href=\"https:\/\/gwendreams.com\/index.php\/2019\/07\/10\/les-cites-souterraines-et-troglodytes-de-cappadoce\/\">Les\u00a0cit\u00e9s souterraines et troglodytes de Cappadoce<\/a><\/li>\n<\/ul>\n<ul>\n<li><span style=\"color: var(--color-text);\">Et prochainement :<\/span><\/li>\n<\/ul>\n<ul>\n<li>La grotte des Eaux Chaudes<\/li>\n<\/ul>\n","protected":false},"excerpt":{"rendered":"<p>Les grottes sont un reflet, du pass\u00e9 et du futur, de nos peurs et de notre courage, des civilisations et de leur disparition. Merveilles de la nature Le temps les a cr\u00e9\u00e9es, assist\u00e9 en cela par l&rsquo;air et l&rsquo;eau, par le choc du froid et du chaud, dans des roches&#8230;<\/p>\n<div class=\"more-link-wrapper\"><a class=\"more-link\" href=\"https:\/\/gwendreams.com\/index.php\/les-grottes\/\">Continuer la lecture<span class=\"screen-reader-text\">Grottes<\/span><\/a><\/div>\n","protected":false},"author":2,"featured_media":2521,"parent":0,"menu_order":2,"comment_status":"closed","ping_status":"closed","template":"","meta":{"jetpack_post_was_ever_published":false,"iawp_total_views":6,"footnotes":""},"class_list":["post-144","page","type-page","status-publish","has-post-thumbnail","hentry","entry"],"yoast_head":"<!-- This site is optimized with the Yoast SEO plugin v26.8 - https:\/\/yoast.com\/product\/yoast-seo-wordpress\/ -->\n<title>Grottes - Gwendreams<\/title>\n<meta name=\"robots\" content=\"index, follow, max-snippet:-1, max-image-preview:large, max-video-preview:-1\" \/>\n<link rel=\"canonical\" href=\"https:\/\/gwendreams.com\/index.php\/les-grottes\/\" \/>\n<meta property=\"og:locale\" content=\"fr_FR\" \/>\n<meta property=\"og:type\" content=\"article\" \/>\n<meta property=\"og:title\" content=\"Grottes - Gwendreams\" \/>\n<meta property=\"og:description\" content=\"Les grottes sont un reflet, du pass\u00e9 et du futur, de nos peurs et de notre courage, des civilisations et de leur disparition. Merveilles de la nature Le temps les a cr\u00e9\u00e9es, assist\u00e9 en cela par l&rsquo;air et l&rsquo;eau, par le choc du froid et du chaud, dans des roches&#8230;\" \/>\n<meta property=\"og:url\" content=\"https:\/\/gwendreams.com\/index.php\/les-grottes\/\" \/>\n<meta property=\"og:site_name\" content=\"Gwendreams\" \/>\n<meta property=\"article:publisher\" content=\"https:\/\/www.facebook.com\/profile.php?id=100063791695285\" \/>\n<meta property=\"article:modified_time\" content=\"2024-08-09T12:14:32+00:00\" \/>\n<meta property=\"og:image\" content=\"https:\/\/gwendreams.com\/wp-content\/uploads\/2019\/09\/grotte-pres-de-Piraces.jpg\" \/>\n\t<meta property=\"og:image:width\" content=\"600\" \/>\n\t<meta property=\"og:image:height\" content=\"800\" \/>\n\t<meta property=\"og:image:type\" content=\"image\/jpeg\" \/>\n<meta name=\"twitter:card\" content=\"summary_large_image\" \/>\n<meta name=\"twitter:label1\" content=\"Dur\u00e9e de lecture estim\u00e9e\" \/>\n\t<meta name=\"twitter:data1\" content=\"3 minutes\" \/>\n<script type=\"application\/ld+json\" class=\"yoast-schema-graph\">{\"@context\":\"https:\/\/schema.org\",\"@graph\":[{\"@type\":\"WebPage\",\"@id\":\"https:\/\/gwendreams.com\/index.php\/les-grottes\/\",\"url\":\"https:\/\/gwendreams.com\/index.php\/les-grottes\/\",\"name\":\"Grottes - Gwendreams\",\"isPartOf\":{\"@id\":\"https:\/\/gwendreams.com\/#website\"},\"primaryImageOfPage\":{\"@id\":\"https:\/\/gwendreams.com\/index.php\/les-grottes\/#primaryimage\"},\"image\":{\"@id\":\"https:\/\/gwendreams.com\/index.php\/les-grottes\/#primaryimage\"},\"thumbnailUrl\":\"https:\/\/gwendreams.com\/wp-content\/uploads\/2019\/09\/grotte-pres-de-Piraces.jpg\",\"datePublished\":\"2018-06-30T16:50:02+00:00\",\"dateModified\":\"2024-08-09T12:14:32+00:00\",\"breadcrumb\":{\"@id\":\"https:\/\/gwendreams.com\/index.php\/les-grottes\/#breadcrumb\"},\"inLanguage\":\"fr-FR\",\"potentialAction\":[{\"@type\":\"ReadAction\",\"target\":[\"https:\/\/gwendreams.com\/index.php\/les-grottes\/\"]}]},{\"@type\":\"ImageObject\",\"inLanguage\":\"fr-FR\",\"@id\":\"https:\/\/gwendreams.com\/index.php\/les-grottes\/#primaryimage\",\"url\":\"https:\/\/gwendreams.com\/wp-content\/uploads\/2019\/09\/grotte-pres-de-Piraces.jpg\",\"contentUrl\":\"https:\/\/gwendreams.com\/wp-content\/uploads\/2019\/09\/grotte-pres-de-Piraces.jpg\",\"width\":600,\"height\":800,\"caption\":\"grotte pres de Piraces en Espagne\"},{\"@type\":\"BreadcrumbList\",\"@id\":\"https:\/\/gwendreams.com\/index.php\/les-grottes\/#breadcrumb\",\"itemListElement\":[{\"@type\":\"ListItem\",\"position\":1,\"name\":\"Accueil\",\"item\":\"https:\/\/gwendreams.com\/\"},{\"@type\":\"ListItem\",\"position\":2,\"name\":\"Grottes\"}]},{\"@type\":\"WebSite\",\"@id\":\"https:\/\/gwendreams.com\/#website\",\"url\":\"https:\/\/gwendreams.com\/\",\"name\":\"Gwendreams\",\"description\":\"Tout un monde \u00e0 d\u00e9couvrir !\",\"potentialAction\":[{\"@type\":\"SearchAction\",\"target\":{\"@type\":\"EntryPoint\",\"urlTemplate\":\"https:\/\/gwendreams.com\/?s={search_term_string}\"},\"query-input\":{\"@type\":\"PropertyValueSpecification\",\"valueRequired\":true,\"valueName\":\"search_term_string\"}}],\"inLanguage\":\"fr-FR\"}]}<\/script>\n<!-- \/ Yoast SEO plugin. -->","yoast_head_json":{"title":"Grottes - Gwendreams","robots":{"index":"index","follow":"follow","max-snippet":"max-snippet:-1","max-image-preview":"max-image-preview:large","max-video-preview":"max-video-preview:-1"},"canonical":"https:\/\/gwendreams.com\/index.php\/les-grottes\/","og_locale":"fr_FR","og_type":"article","og_title":"Grottes - Gwendreams","og_description":"Les grottes sont un reflet, du pass\u00e9 et du futur, de nos peurs et de notre courage, des civilisations et de leur disparition. Merveilles de la nature Le temps les a cr\u00e9\u00e9es, assist\u00e9 en cela par l&rsquo;air et l&rsquo;eau, par le choc du froid et du chaud, dans des roches&#8230;","og_url":"https:\/\/gwendreams.com\/index.php\/les-grottes\/","og_site_name":"Gwendreams","article_publisher":"https:\/\/www.facebook.com\/profile.php?id=100063791695285","article_modified_time":"2024-08-09T12:14:32+00:00","og_image":[{"width":600,"height":800,"url":"https:\/\/gwendreams.com\/wp-content\/uploads\/2019\/09\/grotte-pres-de-Piraces.jpg","type":"image\/jpeg"}],"twitter_card":"summary_large_image","twitter_misc":{"Dur\u00e9e de lecture estim\u00e9e":"3 minutes"},"schema":{"@context":"https:\/\/schema.org","@graph":[{"@type":"WebPage","@id":"https:\/\/gwendreams.com\/index.php\/les-grottes\/","url":"https:\/\/gwendreams.com\/index.php\/les-grottes\/","name":"Grottes - Gwendreams","isPartOf":{"@id":"https:\/\/gwendreams.com\/#website"},"primaryImageOfPage":{"@id":"https:\/\/gwendreams.com\/index.php\/les-grottes\/#primaryimage"},"image":{"@id":"https:\/\/gwendreams.com\/index.php\/les-grottes\/#primaryimage"},"thumbnailUrl":"https:\/\/gwendreams.com\/wp-content\/uploads\/2019\/09\/grotte-pres-de-Piraces.jpg","datePublished":"2018-06-30T16:50:02+00:00","dateModified":"2024-08-09T12:14:32+00:00","breadcrumb":{"@id":"https:\/\/gwendreams.com\/index.php\/les-grottes\/#breadcrumb"},"inLanguage":"fr-FR","potentialAction":[{"@type":"ReadAction","target":["https:\/\/gwendreams.com\/index.php\/les-grottes\/"]}]},{"@type":"ImageObject","inLanguage":"fr-FR","@id":"https:\/\/gwendreams.com\/index.php\/les-grottes\/#primaryimage","url":"https:\/\/gwendreams.com\/wp-content\/uploads\/2019\/09\/grotte-pres-de-Piraces.jpg","contentUrl":"https:\/\/gwendreams.com\/wp-content\/uploads\/2019\/09\/grotte-pres-de-Piraces.jpg","width":600,"height":800,"caption":"grotte pres de Piraces en Espagne"},{"@type":"BreadcrumbList","@id":"https:\/\/gwendreams.com\/index.php\/les-grottes\/#breadcrumb","itemListElement":[{"@type":"ListItem","position":1,"name":"Accueil","item":"https:\/\/gwendreams.com\/"},{"@type":"ListItem","position":2,"name":"Grottes"}]},{"@type":"WebSite","@id":"https:\/\/gwendreams.com\/#website","url":"https:\/\/gwendreams.com\/","name":"Gwendreams","description":"Tout un monde \u00e0 d\u00e9couvrir !","potentialAction":[{"@type":"SearchAction","target":{"@type":"EntryPoint","urlTemplate":"https:\/\/gwendreams.com\/?s={search_term_string}"},"query-input":{"@type":"PropertyValueSpecification","valueRequired":true,"valueName":"search_term_string"}}],"inLanguage":"fr-FR"}]}},"jetpack_sharing_enabled":true,"_links":{"self":[{"href":"https:\/\/gwendreams.com\/index.php\/wp-json\/wp\/v2\/pages\/144","targetHints":{"allow":["GET"]}}],"collection":[{"href":"https:\/\/gwendreams.com\/index.php\/wp-json\/wp\/v2\/pages"}],"about":[{"href":"https:\/\/gwendreams.com\/index.php\/wp-json\/wp\/v2\/types\/page"}],"author":[{"embeddable":true,"href":"https:\/\/gwendreams.com\/index.php\/wp-json\/wp\/v2\/users\/2"}],"replies":[{"embeddable":true,"href":"https:\/\/gwendreams.com\/index.php\/wp-json\/wp\/v2\/comments?post=144"}],"version-history":[{"count":5,"href":"https:\/\/gwendreams.com\/index.php\/wp-json\/wp\/v2\/pages\/144\/revisions"}],"predecessor-version":[{"id":5830,"href":"https:\/\/gwendreams.com\/index.php\/wp-json\/wp\/v2\/pages\/144\/revisions\/5830"}],"wp:featuredmedia":[{"embeddable":true,"href":"https:\/\/gwendreams.com\/index.php\/wp-json\/wp\/v2\/media\/2521"}],"wp:attachment":[{"href":"https:\/\/gwendreams.com\/index.php\/wp-json\/wp\/v2\/media?parent=144"}],"curies":[{"name":"wp","href":"https:\/\/api.w.org\/{rel}","templated":true}]}}