{"id":145,"date":"2018-06-30T18:50:03","date_gmt":"2018-06-30T16:50:03","guid":{"rendered":"http:\/\/gwendreams.com\/?page_id=145"},"modified":"2024-08-09T14:15:07","modified_gmt":"2024-08-09T12:15:07","slug":"les-chateaux","status":"publish","type":"page","link":"https:\/\/gwendreams.com\/index.php\/les-chateaux\/","title":{"rendered":"Ch\u00e2teaux"},"content":{"rendered":"<p style=\"text-align: justify;\">Des ch\u00e2teaux en Espagne (ou ailleurs), impossible de passer \u00e0 c\u00f4t\u00e9 sans s&rsquo;y attarder.<\/p>\n<p style=\"text-align: justify;\">En Nord Aragon, ils sont omnipr\u00e9sents, de la silhouette fantastique de Montearragon \u00e0 la majest\u00e9 \u00e9l\u00e9gante de <a href=\"http:\/\/castillodeloarre.es\/fr\/\" target=\"_blank\" rel=\"noopener\">Loarre<\/a>, des ruines accroch\u00e9es aux pitons rocheux d&rsquo;Alqu\u00e9zar aux salles creus\u00e9es dans la pierre de Pirac\u00e9s &#8230;<\/p>\n<p style=\"text-align: left;\">Ailleurs aussi, au fil des voyages, les ch\u00e2teaux attirent, en bord de route, au surplomb d&rsquo;un lac, accroch\u00e9 \u00e0 un flanc de falaise ou sur une \u00eele au milieu d&rsquo;un lac.<br \/>\nDes ponts-levis des ch\u00e2teaux qui ont servi de th\u00e9\u00e2tre aux guerres des roses, aux donjons surveillant les vall\u00e9es avoisinantes, des murailles abritant les murs de rondes aux douves pleines de vie &#8230; Chaque visite affole l&rsquo;imagination et nous fait revisiter des pans entiers de l&rsquo;histoire.<\/p>\n<p style=\"text-align: justify;\">Vestiges de la folie des hommes, t\u00e9moins de leurs peurs, gardiens des anciennes fronti\u00e8res, ce sont des symboles dans les symboles. Et g\u00e9n\u00e9ration apr\u00e8s g\u00e9n\u00e9ration, les ch\u00e2teaux font r\u00eaver les petits et les grands.<\/p>\n<p style=\"text-align: justify;\">Imaginer &#8230; La vie entre ces murs, la reine \u00e0 son balcon, le cuisinier dans l&rsquo;immense chemin\u00e9e &#8230; Les soldats aux remparts qui tirent leurs fl\u00e8ches, les murailles qui tentent de r\u00e9sister face \u00e0 l&rsquo;assault des mangonneaux &#8230;<\/p>\n<p style=\"text-align: justify;\">Chaque ch\u00e2teau est une invitation pour l&rsquo;imaginaire, \u00e0 l&rsquo;\u00e9vasion dans le pass\u00e9, dans l&rsquo;ailleurs.<\/p>\n<blockquote class=\"wp-embedded-content\" data-secret=\"NWJ8w9fCKk\"><p><a href=\"https:\/\/gwendreams.com\/index.php\/les-chateaux\/piraces-le-chateau-suspendu\/\">Pirac\u00e9s, le ch\u00e2teau suspendu.<\/a><\/p><\/blockquote>\n<p><iframe loading=\"lazy\" class=\"wp-embedded-content\" sandbox=\"allow-scripts\" security=\"restricted\" style=\"position: absolute; clip: rect(1px, 1px, 1px, 1px);\" title=\"\u00ab\u00a0Pirac\u00e9s, le ch\u00e2teau suspendu.\u00a0\u00bb &#8212; Gwendreams\" src=\"https:\/\/gwendreams.com\/index.php\/les-chateaux\/piraces-le-chateau-suspendu\/embed\/#?secret=SXJ3rFGyU3#?secret=NWJ8w9fCKk\" data-secret=\"NWJ8w9fCKk\" width=\"500\" height=\"282\" frameborder=\"0\" marginwidth=\"0\" marginheight=\"0\" scrolling=\"no\"><\/iframe><\/p>\n<blockquote class=\"wp-embedded-content\" data-secret=\"Eq5Wtt4Ilc\"><p><a href=\"https:\/\/gwendreams.com\/index.php\/2019\/04\/30\/le-chateau-de-montearagon\/\">Le ch\u00e2teau de Montearagon<\/a><\/p><\/blockquote>\n<p><iframe loading=\"lazy\" class=\"wp-embedded-content\" sandbox=\"allow-scripts\" security=\"restricted\" style=\"position: absolute; clip: rect(1px, 1px, 1px, 1px);\" title=\"\u00ab\u00a0Le ch\u00e2teau de Montearagon\u00a0\u00bb &#8212; Gwendreams\" src=\"https:\/\/gwendreams.com\/index.php\/2019\/04\/30\/le-chateau-de-montearagon\/embed\/#?secret=OyKoJ5pj7H#?secret=Eq5Wtt4Ilc\" data-secret=\"Eq5Wtt4Ilc\" width=\"500\" height=\"282\" frameborder=\"0\" marginwidth=\"0\" marginheight=\"0\" scrolling=\"no\"><\/iframe><\/p>\n<p>Mais aussi :<\/p>\n<p><a href=\"https:\/\/gwendreams.com\/index.php\/2022\/01\/20\/aujourdhui-jai-sauve-la-vie-dun-monarque\/\">Aujourd\u2019hui, j\u2019ai sauv\u00e9 la vie d\u2019un monarque<\/a><\/p>\n<p>\u00c0 venir :<\/p>\n<ul>\n<li>Le ch\u00e2teau de Loarre<\/li>\n<\/ul>\n","protected":false},"excerpt":{"rendered":"<p>Des ch\u00e2teaux en Espagne (ou ailleurs), impossible de passer \u00e0 c\u00f4t\u00e9 sans s&rsquo;y attarder. En Nord Aragon, ils sont omnipr\u00e9sents, de la silhouette fantastique de Montearragon \u00e0 la majest\u00e9 \u00e9l\u00e9gante de Loarre, des ruines accroch\u00e9es aux pitons rocheux d&rsquo;Alqu\u00e9zar aux salles creus\u00e9es dans la pierre de Pirac\u00e9s &#8230; Ailleurs aussi,&#8230;<\/p>\n<div class=\"more-link-wrapper\"><a class=\"more-link\" href=\"https:\/\/gwendreams.com\/index.php\/les-chateaux\/\">Continuer la lecture<span class=\"screen-reader-text\">Ch\u00e2teaux<\/span><\/a><\/div>\n","protected":false},"author":2,"featured_media":2366,"parent":0,"menu_order":1,"comment_status":"closed","ping_status":"closed","template":"","meta":{"jetpack_post_was_ever_published":false,"iawp_total_views":5,"footnotes":""},"class_list":["post-145","page","type-page","status-publish","has-post-thumbnail","hentry","entry"],"yoast_head":"<!-- This site is optimized with the Yoast SEO plugin v27.3 - https:\/\/yoast.com\/product\/yoast-seo-wordpress\/ -->\n<title>Ch\u00e2teaux - Gwendreams<\/title>\n<meta name=\"description\" content=\"ch\u00e2teaux chateaux castle chateau espagne aragon voyage Piraces Montearagon Loarre ruines symboles architecture histoire arch\u00e9ologie\" \/>\n<meta name=\"robots\" content=\"index, follow, max-snippet:-1, max-image-preview:large, max-video-preview:-1\" \/>\n<link rel=\"canonical\" href=\"https:\/\/gwendreams.com\/index.php\/les-chateaux\/\" \/>\n<meta property=\"og:locale\" content=\"fr_FR\" \/>\n<meta property=\"og:type\" content=\"article\" \/>\n<meta property=\"og:title\" content=\"Ch\u00e2teaux - Gwendreams\" \/>\n<meta property=\"og:url\" content=\"https:\/\/gwendreams.com\/index.php\/les-chateaux\/\" \/>\n<meta property=\"og:site_name\" content=\"Gwendreams\" \/>\n<meta property=\"article:publisher\" content=\"https:\/\/www.facebook.com\/profile.php?id=100063791695285\" \/>\n<meta property=\"article:modified_time\" content=\"2024-08-09T12:15:07+00:00\" \/>\n<meta property=\"og:image\" content=\"https:\/\/gwendreams.com\/wp-content\/uploads\/2019\/09\/chateau-de-Loarre-6.jpg\" \/>\n\t<meta property=\"og:image:width\" content=\"800\" \/>\n\t<meta property=\"og:image:height\" content=\"600\" \/>\n\t<meta property=\"og:image:type\" content=\"image\/jpeg\" \/>\n<meta name=\"twitter:card\" content=\"summary_large_image\" \/>\n<meta name=\"twitter:label1\" content=\"Dur\u00e9e de lecture estim\u00e9e\" \/>\n\t<meta name=\"twitter:data1\" content=\"2 minutes\" \/>\n<script type=\"application\/ld+json\" class=\"yoast-schema-graph\">{\"@context\":\"https:\\\/\\\/schema.org\",\"@graph\":[{\"@type\":\"WebPage\",\"@id\":\"https:\\\/\\\/gwendreams.com\\\/index.php\\\/les-chateaux\\\/\",\"url\":\"https:\\\/\\\/gwendreams.com\\\/index.php\\\/les-chateaux\\\/\",\"name\":\"Ch\u00e2teaux - Gwendreams\",\"isPartOf\":{\"@id\":\"https:\\\/\\\/gwendreams.com\\\/#website\"},\"primaryImageOfPage\":{\"@id\":\"https:\\\/\\\/gwendreams.com\\\/index.php\\\/les-chateaux\\\/#primaryimage\"},\"image\":{\"@id\":\"https:\\\/\\\/gwendreams.com\\\/index.php\\\/les-chateaux\\\/#primaryimage\"},\"thumbnailUrl\":\"https:\\\/\\\/gwendreams.com\\\/wp-content\\\/uploads\\\/2019\\\/09\\\/chateau-de-Loarre-6.jpg\",\"datePublished\":\"2018-06-30T16:50:03+00:00\",\"dateModified\":\"2024-08-09T12:15:07+00:00\",\"description\":\"ch\u00e2teaux chateaux castle chateau espagne aragon voyage Piraces Montearagon Loarre ruines symboles architecture histoire arch\u00e9ologie\",\"breadcrumb\":{\"@id\":\"https:\\\/\\\/gwendreams.com\\\/index.php\\\/les-chateaux\\\/#breadcrumb\"},\"inLanguage\":\"fr-FR\",\"potentialAction\":[{\"@type\":\"ReadAction\",\"target\":[\"https:\\\/\\\/gwendreams.com\\\/index.php\\\/les-chateaux\\\/\"]}]},{\"@type\":\"ImageObject\",\"inLanguage\":\"fr-FR\",\"@id\":\"https:\\\/\\\/gwendreams.com\\\/index.php\\\/les-chateaux\\\/#primaryimage\",\"url\":\"https:\\\/\\\/gwendreams.com\\\/wp-content\\\/uploads\\\/2019\\\/09\\\/chateau-de-Loarre-6.jpg\",\"contentUrl\":\"https:\\\/\\\/gwendreams.com\\\/wp-content\\\/uploads\\\/2019\\\/09\\\/chateau-de-Loarre-6.jpg\",\"width\":800,\"height\":600,\"caption\":\"le chateau de Loarre en Aragon. Espagne\"},{\"@type\":\"BreadcrumbList\",\"@id\":\"https:\\\/\\\/gwendreams.com\\\/index.php\\\/les-chateaux\\\/#breadcrumb\",\"itemListElement\":[{\"@type\":\"ListItem\",\"position\":1,\"name\":\"Accueil\",\"item\":\"https:\\\/\\\/gwendreams.com\\\/\"},{\"@type\":\"ListItem\",\"position\":2,\"name\":\"Ch\u00e2teaux\"}]},{\"@type\":\"WebSite\",\"@id\":\"https:\\\/\\\/gwendreams.com\\\/#website\",\"url\":\"https:\\\/\\\/gwendreams.com\\\/\",\"name\":\"Gwendreams\",\"description\":\"Tout un monde \u00e0 d\u00e9couvrir !\",\"potentialAction\":[{\"@type\":\"SearchAction\",\"target\":{\"@type\":\"EntryPoint\",\"urlTemplate\":\"https:\\\/\\\/gwendreams.com\\\/?s={search_term_string}\"},\"query-input\":{\"@type\":\"PropertyValueSpecification\",\"valueRequired\":true,\"valueName\":\"search_term_string\"}}],\"inLanguage\":\"fr-FR\"}]}<\/script>\n<!-- \/ Yoast SEO plugin. -->","yoast_head_json":{"title":"Ch\u00e2teaux - Gwendreams","description":"ch\u00e2teaux chateaux castle chateau espagne aragon voyage Piraces Montearagon Loarre ruines symboles architecture histoire arch\u00e9ologie","robots":{"index":"index","follow":"follow","max-snippet":"max-snippet:-1","max-image-preview":"max-image-preview:large","max-video-preview":"max-video-preview:-1"},"canonical":"https:\/\/gwendreams.com\/index.php\/les-chateaux\/","og_locale":"fr_FR","og_type":"article","og_title":"Ch\u00e2teaux - Gwendreams","og_url":"https:\/\/gwendreams.com\/index.php\/les-chateaux\/","og_site_name":"Gwendreams","article_publisher":"https:\/\/www.facebook.com\/profile.php?id=100063791695285","article_modified_time":"2024-08-09T12:15:07+00:00","og_image":[{"width":800,"height":600,"url":"https:\/\/gwendreams.com\/wp-content\/uploads\/2019\/09\/chateau-de-Loarre-6.jpg","type":"image\/jpeg"}],"twitter_card":"summary_large_image","twitter_misc":{"Dur\u00e9e de lecture estim\u00e9e":"2 minutes"},"schema":{"@context":"https:\/\/schema.org","@graph":[{"@type":"WebPage","@id":"https:\/\/gwendreams.com\/index.php\/les-chateaux\/","url":"https:\/\/gwendreams.com\/index.php\/les-chateaux\/","name":"Ch\u00e2teaux - Gwendreams","isPartOf":{"@id":"https:\/\/gwendreams.com\/#website"},"primaryImageOfPage":{"@id":"https:\/\/gwendreams.com\/index.php\/les-chateaux\/#primaryimage"},"image":{"@id":"https:\/\/gwendreams.com\/index.php\/les-chateaux\/#primaryimage"},"thumbnailUrl":"https:\/\/gwendreams.com\/wp-content\/uploads\/2019\/09\/chateau-de-Loarre-6.jpg","datePublished":"2018-06-30T16:50:03+00:00","dateModified":"2024-08-09T12:15:07+00:00","description":"ch\u00e2teaux chateaux castle chateau espagne aragon voyage Piraces Montearagon Loarre ruines symboles architecture histoire arch\u00e9ologie","breadcrumb":{"@id":"https:\/\/gwendreams.com\/index.php\/les-chateaux\/#breadcrumb"},"inLanguage":"fr-FR","potentialAction":[{"@type":"ReadAction","target":["https:\/\/gwendreams.com\/index.php\/les-chateaux\/"]}]},{"@type":"ImageObject","inLanguage":"fr-FR","@id":"https:\/\/gwendreams.com\/index.php\/les-chateaux\/#primaryimage","url":"https:\/\/gwendreams.com\/wp-content\/uploads\/2019\/09\/chateau-de-Loarre-6.jpg","contentUrl":"https:\/\/gwendreams.com\/wp-content\/uploads\/2019\/09\/chateau-de-Loarre-6.jpg","width":800,"height":600,"caption":"le chateau de Loarre en Aragon. Espagne"},{"@type":"BreadcrumbList","@id":"https:\/\/gwendreams.com\/index.php\/les-chateaux\/#breadcrumb","itemListElement":[{"@type":"ListItem","position":1,"name":"Accueil","item":"https:\/\/gwendreams.com\/"},{"@type":"ListItem","position":2,"name":"Ch\u00e2teaux"}]},{"@type":"WebSite","@id":"https:\/\/gwendreams.com\/#website","url":"https:\/\/gwendreams.com\/","name":"Gwendreams","description":"Tout un monde \u00e0 d\u00e9couvrir !","potentialAction":[{"@type":"SearchAction","target":{"@type":"EntryPoint","urlTemplate":"https:\/\/gwendreams.com\/?s={search_term_string}"},"query-input":{"@type":"PropertyValueSpecification","valueRequired":true,"valueName":"search_term_string"}}],"inLanguage":"fr-FR"}]}},"jetpack_sharing_enabled":true,"_links":{"self":[{"href":"https:\/\/gwendreams.com\/index.php\/wp-json\/wp\/v2\/pages\/145","targetHints":{"allow":["GET"]}}],"collection":[{"href":"https:\/\/gwendreams.com\/index.php\/wp-json\/wp\/v2\/pages"}],"about":[{"href":"https:\/\/gwendreams.com\/index.php\/wp-json\/wp\/v2\/types\/page"}],"author":[{"embeddable":true,"href":"https:\/\/gwendreams.com\/index.php\/wp-json\/wp\/v2\/users\/2"}],"replies":[{"embeddable":true,"href":"https:\/\/gwendreams.com\/index.php\/wp-json\/wp\/v2\/comments?post=145"}],"version-history":[{"count":9,"href":"https:\/\/gwendreams.com\/index.php\/wp-json\/wp\/v2\/pages\/145\/revisions"}],"predecessor-version":[{"id":5832,"href":"https:\/\/gwendreams.com\/index.php\/wp-json\/wp\/v2\/pages\/145\/revisions\/5832"}],"wp:featuredmedia":[{"embeddable":true,"href":"https:\/\/gwendreams.com\/index.php\/wp-json\/wp\/v2\/media\/2366"}],"wp:attachment":[{"href":"https:\/\/gwendreams.com\/index.php\/wp-json\/wp\/v2\/media?parent=145"}],"curies":[{"name":"wp","href":"https:\/\/api.w.org\/{rel}","templated":true}]}}