{"id":1459,"date":"2019-04-18T12:17:09","date_gmt":"2019-04-18T10:17:09","guid":{"rendered":"http:\/\/gwendreams.com\/?page_id=1459"},"modified":"2024-05-07T20:12:37","modified_gmt":"2024-05-07T18:12:37","slug":"soleil-gris","status":"publish","type":"page","link":"https:\/\/gwendreams.com\/index.php\/les-livres\/soleil-gris\/","title":{"rendered":"SOLEIL GRIS"},"content":{"rendered":"<h2 style=\"text-align: justify;\">Un avenir incertain<\/h2>\n<p style=\"text-align: justify;\"><img loading=\"lazy\" decoding=\"async\" class=\"size-medium wp-image-3148 alignleft\" src=\"http:\/\/gwendreams.com\/wp-content\/uploads\/2019\/09\/COUVgwen-221x300.jpg\" alt=\"Soleil Gris couverture\" width=\"221\" height=\"300\" srcset=\"https:\/\/gwendreams.com\/wp-content\/uploads\/2019\/09\/COUVgwen-221x300.jpg 221w, https:\/\/gwendreams.com\/wp-content\/uploads\/2019\/09\/COUVgwen.jpg 588w\" sizes=\"auto, (max-width: 221px) 100vw, 221px\" \/>Le monde a bien chang\u00e9, en l&rsquo;espace d&rsquo;un si\u00e8cle : des catastrophes pourtant annonc\u00e9es n&rsquo;ont pas pu \u00eatre \u00e9vit\u00e9es lors des Ann\u00e9es Noires, apportant un changement brutal du climat. L&rsquo;enclave des montagnes est maintenant un endroit sombre et d\u00e9peupl\u00e9, autant que froid.<\/p>\n<p style=\"text-align: justify;\">La mont\u00e9e des violences et les \u00e9pid\u00e9mies ont conduit les populations \u00e0 se retrancher derri\u00e8re des murs que nul n&rsquo;ose plus franchir, et la civilisation peu \u00e0 peu dispara\u00eet. Les technologies les plus avanc\u00e9es tombent dans l&rsquo;oubli, communiquer devient dangereux, survivre n&rsquo;est rien d&rsquo;autre qu&rsquo;un m\u00e9lange explosif de violence et de hasard.<\/p>\n<h2>L&rsquo;histoire<\/h2>\n<p style=\"text-align: justify;\">Dans des circonstances dramatiques, une jeune ermite endurcie recueille au coeur des montagnes un enfant aussi perdu que prometteur. Un vague espoir les am\u00e8ne sur la route d&rsquo;un citadin qui pourrait changer leur vie,\u00a0 s&rsquo;ils d\u00e9cident de lui faire confiance.<\/p>\n<p>Arriveront-ils \u00e0 rejoindre l&rsquo;oc\u00e9an ? Et est-ce que quelque chose les y attend seulement ? Les habitants de l&rsquo;enclave sont-ils condamn\u00e9s ? Surtout, le soleil n&rsquo;est- il qu&rsquo;un mythe ?<\/p>\n<h2>Un roman de climate fiction<\/h2>\n<p style=\"text-align: justify;\">Roman de <a href=\"http:\/\/gwendreams.com\/index.php\/le-livre\/climate-fiction-changement-climatique-et-litterature\/\">\u00ab\u00a0climate fiction\u00a0\u00bb<\/a>, comme disent les anglophones, <em>Soleil gris<\/em> a les Pyr\u00e9n\u00e9es comme toile de fond, et les pr\u00e9visions du GIEC comme point de d\u00e9part. C&rsquo;est une r\u00eaverie sombre sur ce que l&rsquo;avenir pourrait \u00eatre, si la loi de Murphy s&rsquo;acharnait sur les soci\u00e9t\u00e9s humaines. Cependant, le choix de certains individus peut encore \u00eatre porteur d&rsquo;espoir.<\/p>\n<p style=\"text-align: justify;\"><img loading=\"lazy\" decoding=\"async\" class=\"wp-image-3133 alignright\" src=\"http:\/\/gwendreams.com\/wp-content\/uploads\/2019\/09\/Soleil-Gris-en-Sierra-de-Guara-082019-300x225.jpg\" alt=\"\" width=\"237\" height=\"178\" srcset=\"https:\/\/gwendreams.com\/wp-content\/uploads\/2019\/09\/Soleil-Gris-en-Sierra-de-Guara-082019-300x225.jpg 300w, https:\/\/gwendreams.com\/wp-content\/uploads\/2019\/09\/Soleil-Gris-en-Sierra-de-Guara-082019-768x576.jpg 768w, https:\/\/gwendreams.com\/wp-content\/uploads\/2019\/09\/Soleil-Gris-en-Sierra-de-Guara-082019.jpg 800w\" sizes=\"auto, (max-width: 237px) 100vw, 237px\" \/>\u00c9crit entre l&rsquo;Espagne et la France en 2017, <em>Soleil gris<\/em> est une fiction, dont ni les lieux ni les personnes d\u00e9crites ne correspondent \u00e0 une r\u00e9alit\u00e9 autre qu&rsquo;imaginaire.<\/p>\n<h2>Pour en savoir plus<\/h2>\n<p>Pour lire les commentaires des lecteurs, <span style=\"text-decoration: underline;\"><a href=\"https:\/\/gwendreams.com\/index.php\/le-livre\/soleil-gris\/commentaires-de-lecteurs-pour-soleil-gris\/\" target=\"_blank\" rel=\"noopener\">cliquez ici<\/a><\/span>.<\/p>\n<p><img loading=\"lazy\" decoding=\"async\" class=\" wp-image-3485 alignleft\" src=\"https:\/\/gwendreams.com\/wp-content\/uploads\/2019\/09\/69858826_515480735882265_6868890305425309696_n.jpg\" alt=\"69858826_515480735882265_6868890305425309696_n\" width=\"123\" height=\"145\" srcset=\"https:\/\/gwendreams.com\/wp-content\/uploads\/2019\/09\/69858826_515480735882265_6868890305425309696_n.jpg 1131w, https:\/\/gwendreams.com\/wp-content\/uploads\/2019\/09\/69858826_515480735882265_6868890305425309696_n-256x300.jpg 256w, https:\/\/gwendreams.com\/wp-content\/uploads\/2019\/09\/69858826_515480735882265_6868890305425309696_n-768x901.jpg 768w, https:\/\/gwendreams.com\/wp-content\/uploads\/2019\/09\/69858826_515480735882265_6868890305425309696_n-873x1024.jpg 873w\" sizes=\"auto, (max-width: 123px) 100vw, 123px\" \/>Afin de consulter <a href=\"http:\/\/gwendreams.com\/index.php\/le-livre\/soleil-gris\/les-articles-de-presse-sur-soleil-gris\/\" target=\"_blank\" rel=\"noopener\">les articles de presse<\/a> sur Soleil Gris.<\/p>\n<p>Acc\u00e9der au <a href=\"https:\/\/gwendreams.com\/index.php\/2019\/09\/15\/communique-de-presse-soleil-gris-de-gwen-caillet\/\" target=\"_blank\" rel=\"noopener\">communiqu\u00e9 de presse<\/a>.<\/p>\n<p>Si vous souhaitez d\u00e9couvrir le travail remarquable de Maud Briand, illustratrice ayant r\u00e9alis\u00e9 la couverture : <a href=\"https:\/\/www.illustrations-nature.fr\/\" target=\"_blank\" rel=\"noopener\">Illustrations nature<\/a>.<\/p>\n<p style=\"text-align: justify;\">Disponible depuis juin 2019 sur les sites d&rsquo;Amazon: <span style=\"text-decoration: underline;\"><a href=\"https:\/\/amzn.to\/4cTTILS\" target=\"_blank\" rel=\"noopener noreferrer\">en France<\/a>, <a href=\"https:\/\/www.amazon.es\/dp\/2956779915\/ref=sr_1_1?__mk_es_ES=%C3%85M%C3%85%C5%BD%C3%95%C3%91&amp;keywords=soleil+gris+gwen+caillet&amp;qid=1560854192&amp;s=gateway&amp;sr=8-1\" target=\"_blank\" rel=\"noopener noreferrer\">en Espagne<\/a>, <a href=\"https:\/\/www.amazon.ca\/s?i=stripbooks&amp;rh=p_27%3AGWEN+CAILLET&amp;ref=dp_byline_sr_book_1\" target=\"_blank\" rel=\"noopener noreferrer\">au Canada<\/a>, <a href=\"https:\/\/www.amazon.com\/gp\/product\/2956779915?pf_rd_p=2d1ab404-3b11-4c97-b3db-48081e145e35&amp;pf_rd_r=BK95WGQ099DKSZK36XQZ\" target=\"_blank\" rel=\"noopener noreferrer\">aux \u00c9tats-Unis<\/a>, en Turquie et <a href=\"https:\/\/www.amazon.com\/gp\/product\/2956779915?pf_rd_p=2d1ab404-3b11-4c97-b3db-48081e145e35&amp;pf_rd_r=BK95WGQ099DKSZK36XQZ\" target=\"_blank\" rel=\"noopener noreferrer\">dans la plupart des autres pays<\/a>.<\/span><\/p>\n<p style=\"text-align: justify;\">Prix indicatifs : France 8.40 \u20ac &#8211; Espagne 8.27\u20ac &#8211; Canada 17.75 CAD &#8211; USA 14.90 USD (livraison comprise &#8211; shipping included).<\/p>\n<h2>Dans le m\u00eame esprit<\/h2>\n<p style=\"text-align: justify;\">Le m\u00eame univers, mais sous d&rsquo;autres cieux, a aussi donn\u00e9 lieu \u00e0 <a href=\"https:\/\/gwendreams.com\/index.php\/2019\/07\/08\/une-boule-de-neige-en-ete\/\" target=\"_blank\" rel=\"noopener\">un second ouvrage<\/a> : <a href=\"https:\/\/gwendreams.com\/index.php\/le-livre\/une-mer-sans-lune\/\" target=\"_blank\" rel=\"noopener\">Une mer sans lune<\/a>, paru en avril 2024.<\/p>\n","protected":false},"excerpt":{"rendered":"<p>Un avenir incertain Le monde a bien chang\u00e9, en l&rsquo;espace d&rsquo;un si\u00e8cle : des catastrophes pourtant annonc\u00e9es n&rsquo;ont pas pu \u00eatre \u00e9vit\u00e9es lors des Ann\u00e9es Noires, apportant un changement brutal du climat. L&rsquo;enclave des montagnes est maintenant un endroit sombre et d\u00e9peupl\u00e9, autant que froid. La mont\u00e9e des violences et&#8230;<\/p>\n<div class=\"more-link-wrapper\"><a class=\"more-link\" href=\"https:\/\/gwendreams.com\/index.php\/les-livres\/soleil-gris\/\">Continuer la lecture<span class=\"screen-reader-text\">SOLEIL GRIS<\/span><\/a><\/div>\n","protected":false},"author":2,"featured_media":3136,"parent":143,"menu_order":0,"comment_status":"closed","ping_status":"closed","template":"","meta":{"jetpack_post_was_ever_published":false,"iawp_total_views":15,"footnotes":""},"class_list":["post-1459","page","type-page","status-publish","has-post-thumbnail","hentry","entry"],"yoast_head":"<!-- This site is optimized with the Yoast SEO plugin v27.3 - https:\/\/yoast.com\/product\/yoast-seo-wordpress\/ -->\n<title>SOLEIL GRIS - Gwendreams<\/title>\n<meta name=\"description\" content=\"soleil gris roman global fiction anticipation climatique livre auteur \u00e9crivain r\u00e9chauffement climatique post apocalypse Pyr\u00e9n\u00e9es\" \/>\n<meta name=\"robots\" content=\"index, follow, max-snippet:-1, max-image-preview:large, max-video-preview:-1\" \/>\n<link rel=\"canonical\" href=\"https:\/\/gwendreams.com\/index.php\/les-livres\/soleil-gris\/\" \/>\n<meta property=\"og:locale\" content=\"fr_FR\" \/>\n<meta property=\"og:type\" content=\"article\" \/>\n<meta property=\"og:title\" content=\"SOLEIL GRIS - Gwendreams\" \/>\n<meta property=\"og:url\" content=\"https:\/\/gwendreams.com\/index.php\/les-livres\/soleil-gris\/\" \/>\n<meta property=\"og:site_name\" content=\"Gwendreams\" \/>\n<meta property=\"article:publisher\" content=\"https:\/\/www.facebook.com\/profile.php?id=100063791695285\" \/>\n<meta property=\"article:modified_time\" content=\"2024-05-07T18:12:37+00:00\" \/>\n<meta property=\"og:image\" content=\"https:\/\/gwendreams.com\/wp-content\/uploads\/2019\/09\/Soleil-Gris-dans-les-Pyr\u00e9n\u00e9es-3.jpg\" \/>\n\t<meta property=\"og:image:width\" content=\"800\" \/>\n\t<meta property=\"og:image:height\" content=\"600\" \/>\n\t<meta property=\"og:image:type\" content=\"image\/jpeg\" \/>\n<meta name=\"twitter:card\" content=\"summary_large_image\" \/>\n<meta name=\"twitter:label1\" content=\"Dur\u00e9e de lecture estim\u00e9e\" \/>\n\t<meta name=\"twitter:data1\" content=\"3 minutes\" \/>\n<script type=\"application\/ld+json\" class=\"yoast-schema-graph\">{\"@context\":\"https:\\\/\\\/schema.org\",\"@graph\":[{\"@type\":\"WebPage\",\"@id\":\"https:\\\/\\\/gwendreams.com\\\/index.php\\\/les-livres\\\/soleil-gris\\\/\",\"url\":\"https:\\\/\\\/gwendreams.com\\\/index.php\\\/les-livres\\\/soleil-gris\\\/\",\"name\":\"SOLEIL GRIS - Gwendreams\",\"isPartOf\":{\"@id\":\"https:\\\/\\\/gwendreams.com\\\/#website\"},\"primaryImageOfPage\":{\"@id\":\"https:\\\/\\\/gwendreams.com\\\/index.php\\\/les-livres\\\/soleil-gris\\\/#primaryimage\"},\"image\":{\"@id\":\"https:\\\/\\\/gwendreams.com\\\/index.php\\\/les-livres\\\/soleil-gris\\\/#primaryimage\"},\"thumbnailUrl\":\"https:\\\/\\\/gwendreams.com\\\/wp-content\\\/uploads\\\/2019\\\/09\\\/Soleil-Gris-dans-les-Pyr\u00e9n\u00e9es-3.jpg\",\"datePublished\":\"2019-04-18T10:17:09+00:00\",\"dateModified\":\"2024-05-07T18:12:37+00:00\",\"description\":\"soleil gris roman global fiction anticipation climatique livre auteur \u00e9crivain r\u00e9chauffement climatique post apocalypse Pyr\u00e9n\u00e9es\",\"breadcrumb\":{\"@id\":\"https:\\\/\\\/gwendreams.com\\\/index.php\\\/les-livres\\\/soleil-gris\\\/#breadcrumb\"},\"inLanguage\":\"fr-FR\",\"potentialAction\":[{\"@type\":\"ReadAction\",\"target\":[\"https:\\\/\\\/gwendreams.com\\\/index.php\\\/les-livres\\\/soleil-gris\\\/\"]}]},{\"@type\":\"ImageObject\",\"inLanguage\":\"fr-FR\",\"@id\":\"https:\\\/\\\/gwendreams.com\\\/index.php\\\/les-livres\\\/soleil-gris\\\/#primaryimage\",\"url\":\"https:\\\/\\\/gwendreams.com\\\/wp-content\\\/uploads\\\/2019\\\/09\\\/Soleil-Gris-dans-les-Pyr\u00e9n\u00e9es-3.jpg\",\"contentUrl\":\"https:\\\/\\\/gwendreams.com\\\/wp-content\\\/uploads\\\/2019\\\/09\\\/Soleil-Gris-dans-les-Pyr\u00e9n\u00e9es-3.jpg\",\"width\":800,\"height\":600},{\"@type\":\"BreadcrumbList\",\"@id\":\"https:\\\/\\\/gwendreams.com\\\/index.php\\\/les-livres\\\/soleil-gris\\\/#breadcrumb\",\"itemListElement\":[{\"@type\":\"ListItem\",\"position\":1,\"name\":\"Accueil\",\"item\":\"https:\\\/\\\/gwendreams.com\\\/\"},{\"@type\":\"ListItem\",\"position\":2,\"name\":\"Livres\",\"item\":\"https:\\\/\\\/gwendreams.com\\\/index.php\\\/les-livres\\\/\"},{\"@type\":\"ListItem\",\"position\":3,\"name\":\"SOLEIL GRIS\"}]},{\"@type\":\"WebSite\",\"@id\":\"https:\\\/\\\/gwendreams.com\\\/#website\",\"url\":\"https:\\\/\\\/gwendreams.com\\\/\",\"name\":\"Gwendreams\",\"description\":\"Tout un monde \u00e0 d\u00e9couvrir !\",\"potentialAction\":[{\"@type\":\"SearchAction\",\"target\":{\"@type\":\"EntryPoint\",\"urlTemplate\":\"https:\\\/\\\/gwendreams.com\\\/?s={search_term_string}\"},\"query-input\":{\"@type\":\"PropertyValueSpecification\",\"valueRequired\":true,\"valueName\":\"search_term_string\"}}],\"inLanguage\":\"fr-FR\"}]}<\/script>\n<!-- \/ Yoast SEO plugin. -->","yoast_head_json":{"title":"SOLEIL GRIS - Gwendreams","description":"soleil gris roman global fiction anticipation climatique livre auteur \u00e9crivain r\u00e9chauffement climatique post apocalypse Pyr\u00e9n\u00e9es","robots":{"index":"index","follow":"follow","max-snippet":"max-snippet:-1","max-image-preview":"max-image-preview:large","max-video-preview":"max-video-preview:-1"},"canonical":"https:\/\/gwendreams.com\/index.php\/les-livres\/soleil-gris\/","og_locale":"fr_FR","og_type":"article","og_title":"SOLEIL GRIS - Gwendreams","og_url":"https:\/\/gwendreams.com\/index.php\/les-livres\/soleil-gris\/","og_site_name":"Gwendreams","article_publisher":"https:\/\/www.facebook.com\/profile.php?id=100063791695285","article_modified_time":"2024-05-07T18:12:37+00:00","og_image":[{"width":800,"height":600,"url":"https:\/\/gwendreams.com\/wp-content\/uploads\/2019\/09\/Soleil-Gris-dans-les-Pyr\u00e9n\u00e9es-3.jpg","type":"image\/jpeg"}],"twitter_card":"summary_large_image","twitter_misc":{"Dur\u00e9e de lecture estim\u00e9e":"3 minutes"},"schema":{"@context":"https:\/\/schema.org","@graph":[{"@type":"WebPage","@id":"https:\/\/gwendreams.com\/index.php\/les-livres\/soleil-gris\/","url":"https:\/\/gwendreams.com\/index.php\/les-livres\/soleil-gris\/","name":"SOLEIL GRIS - Gwendreams","isPartOf":{"@id":"https:\/\/gwendreams.com\/#website"},"primaryImageOfPage":{"@id":"https:\/\/gwendreams.com\/index.php\/les-livres\/soleil-gris\/#primaryimage"},"image":{"@id":"https:\/\/gwendreams.com\/index.php\/les-livres\/soleil-gris\/#primaryimage"},"thumbnailUrl":"https:\/\/gwendreams.com\/wp-content\/uploads\/2019\/09\/Soleil-Gris-dans-les-Pyr\u00e9n\u00e9es-3.jpg","datePublished":"2019-04-18T10:17:09+00:00","dateModified":"2024-05-07T18:12:37+00:00","description":"soleil gris roman global fiction anticipation climatique livre auteur \u00e9crivain r\u00e9chauffement climatique post apocalypse Pyr\u00e9n\u00e9es","breadcrumb":{"@id":"https:\/\/gwendreams.com\/index.php\/les-livres\/soleil-gris\/#breadcrumb"},"inLanguage":"fr-FR","potentialAction":[{"@type":"ReadAction","target":["https:\/\/gwendreams.com\/index.php\/les-livres\/soleil-gris\/"]}]},{"@type":"ImageObject","inLanguage":"fr-FR","@id":"https:\/\/gwendreams.com\/index.php\/les-livres\/soleil-gris\/#primaryimage","url":"https:\/\/gwendreams.com\/wp-content\/uploads\/2019\/09\/Soleil-Gris-dans-les-Pyr\u00e9n\u00e9es-3.jpg","contentUrl":"https:\/\/gwendreams.com\/wp-content\/uploads\/2019\/09\/Soleil-Gris-dans-les-Pyr\u00e9n\u00e9es-3.jpg","width":800,"height":600},{"@type":"BreadcrumbList","@id":"https:\/\/gwendreams.com\/index.php\/les-livres\/soleil-gris\/#breadcrumb","itemListElement":[{"@type":"ListItem","position":1,"name":"Accueil","item":"https:\/\/gwendreams.com\/"},{"@type":"ListItem","position":2,"name":"Livres","item":"https:\/\/gwendreams.com\/index.php\/les-livres\/"},{"@type":"ListItem","position":3,"name":"SOLEIL GRIS"}]},{"@type":"WebSite","@id":"https:\/\/gwendreams.com\/#website","url":"https:\/\/gwendreams.com\/","name":"Gwendreams","description":"Tout un monde \u00e0 d\u00e9couvrir !","potentialAction":[{"@type":"SearchAction","target":{"@type":"EntryPoint","urlTemplate":"https:\/\/gwendreams.com\/?s={search_term_string}"},"query-input":{"@type":"PropertyValueSpecification","valueRequired":true,"valueName":"search_term_string"}}],"inLanguage":"fr-FR"}]}},"jetpack_sharing_enabled":true,"_links":{"self":[{"href":"https:\/\/gwendreams.com\/index.php\/wp-json\/wp\/v2\/pages\/1459","targetHints":{"allow":["GET"]}}],"collection":[{"href":"https:\/\/gwendreams.com\/index.php\/wp-json\/wp\/v2\/pages"}],"about":[{"href":"https:\/\/gwendreams.com\/index.php\/wp-json\/wp\/v2\/types\/page"}],"author":[{"embeddable":true,"href":"https:\/\/gwendreams.com\/index.php\/wp-json\/wp\/v2\/users\/2"}],"replies":[{"embeddable":true,"href":"https:\/\/gwendreams.com\/index.php\/wp-json\/wp\/v2\/comments?post=1459"}],"version-history":[{"count":28,"href":"https:\/\/gwendreams.com\/index.php\/wp-json\/wp\/v2\/pages\/1459\/revisions"}],"predecessor-version":[{"id":5481,"href":"https:\/\/gwendreams.com\/index.php\/wp-json\/wp\/v2\/pages\/1459\/revisions\/5481"}],"up":[{"embeddable":true,"href":"https:\/\/gwendreams.com\/index.php\/wp-json\/wp\/v2\/pages\/143"}],"wp:featuredmedia":[{"embeddable":true,"href":"https:\/\/gwendreams.com\/index.php\/wp-json\/wp\/v2\/media\/3136"}],"wp:attachment":[{"href":"https:\/\/gwendreams.com\/index.php\/wp-json\/wp\/v2\/media?parent=1459"}],"curies":[{"name":"wp","href":"https:\/\/api.w.org\/{rel}","templated":true}]}}