{"id":146,"date":"2018-06-30T18:50:03","date_gmt":"2018-06-30T16:50:03","guid":{"rendered":"http:\/\/gwendreams.com\/?page_id=146"},"modified":"2026-04-05T10:49:18","modified_gmt":"2026-04-05T08:49:18","slug":"les-montagnes","status":"publish","type":"page","link":"https:\/\/gwendreams.com\/index.php\/les-montagnes\/","title":{"rendered":"Montagnes"},"content":{"rendered":"\n<p>Les <a href=\"https:\/\/fr.wikipedia.org\/wiki\/Montagne\" target=\"_blank\" rel=\"noopener\">montagnes<\/a> nous appellent de tr\u00e8s loin. Ce sont des sir\u00e8nes dont le chant est silencieux. Ce qui nous y attire, ce sont leurs dimensions sauvages, leur don pour nous faire prendre de la hauteur, leur capacit\u00e9 \u00e0 nous montrer ce qui se trouve au-del\u00e0.<\/p>\n\n\n\n<p>Ce qui nous y retient, c&rsquo;est un col un peu raide, c&rsquo;est une pelouse improbable un peu plus haut, c&rsquo;est le fracas d&rsquo;une cascade bleut\u00e9e. C&rsquo;est surtout le sentiment d&rsquo;ouvrir un peu l&rsquo;univers, de rendre sa puret\u00e9 \u00e0 la vie, de donner une intensit\u00e9 sereine \u00e0 chaque instant, \u00e0 chaque minuscule \u00e9v\u00e8nement, \u00e0 la joie folle de chaque souffle.<\/p>\n\n\n\n<p>Ce qui nous permet d&rsquo;en repartir, c&rsquo;est la certitude qu&rsquo;elles seront encore l\u00e0 demain, et encore plus tard, et toujours bien apr\u00e8s que les humains seront un vague souvenir. C&rsquo;est l&rsquo;espoir, surtout, d&rsquo;y revenir un jour. C&rsquo;est l&rsquo;envie, aussi, d&rsquo;aller voir ailleurs d&rsquo;autres montagnes.<\/p>\n\n\n\n<p>Dans les Pyr\u00e9n\u00e9es :<\/p>\n\n\n\n<ul class=\"wp-block-list\">\n<li><a href=\"http:\/\/gwendreams.com\/index.php\/les-montagnes\/les-montagnes-enchantees\/\">Parc des Encantats et de Saint Maurice<\/a><\/li>\n\n\n\n<li><a href=\"http:\/\/gwendreams.com\/index.php\/les-montagnes\/le-col-des-enfers\/\">De Respumoso \u00e0 Bachima\u00f1a<\/a><\/li>\n\n\n\n<li><a href=\"http:\/\/gwendreams.com\/index.php\/2019\/01\/31\/le-petit-sommet-den-face\/\">Le petit sommet d&rsquo;en face<\/a><\/li>\n\n\n\n<li><a href=\"http:\/\/gwendreams.com\/index.php\/2019\/02\/08\/la-cabane-du-berger\/\">La cabane du berger<\/a><\/li>\n\n\n\n<li><a href=\"https:\/\/gwendreams.com\/index.php\/2025\/11\/05\/retour-a-la-montagne-suite\/\">Retour \u00e0 la montagne (suite)<\/a><\/li>\n\n\n\n<li><a href=\"https:\/\/gwendreams.com\/index.php\/2025\/12\/06\/une-saison-dans-la-neige\/\">Une saison dans la neige<\/a><\/li>\n\n\n\n<li><a href=\"https:\/\/gwendreams.com\/index.php\/2026\/01\/03\/snowboard-toujours\/\">Snowboard toujours<\/a><\/li>\n<\/ul>\n\n\n\n<p>Dans les Pr\u00e9-Pyr\u00e9n\u00e9es :<\/p>\n\n\n\n<ul class=\"wp-block-list\">\n<li><a href=\"http:\/\/gwendreams.com\/index.php\/les-montagnes\/toujours-sierra-de-guara\/\">La Sierra de Guara<\/a><\/li>\n<\/ul>\n\n\n\n<p>Ailleurs :<\/p>\n\n\n\n<ul class=\"wp-block-list\">\n<li><a href=\"https:\/\/gwendreams.com\/index.php\/2023\/08\/05\/les-highlands\/\">Les Highlands<\/a><\/li>\n<\/ul>\n","protected":false},"excerpt":{"rendered":"<p>Les montagnes nous appellent de tr\u00e8s loin. Ce sont des sir\u00e8nes dont le chant est silencieux. Ce qui nous y attire, ce sont leurs dimensions sauvages, leur don pour nous faire prendre de la hauteur, leur capacit\u00e9 \u00e0 nous montrer ce qui se trouve au-del\u00e0. Ce qui nous y retient,&#8230;<\/p>\n<div class=\"more-link-wrapper\"><a class=\"more-link\" href=\"https:\/\/gwendreams.com\/index.php\/les-montagnes\/\">Continuer la lecture<span class=\"screen-reader-text\">Montagnes<\/span><\/a><\/div>\n","protected":false},"author":2,"featured_media":2383,"parent":0,"menu_order":4,"comment_status":"closed","ping_status":"closed","template":"","meta":{"jetpack_post_was_ever_published":false,"iawp_total_views":2,"footnotes":""},"class_list":["post-146","page","type-page","status-publish","has-post-thumbnail","hentry","entry"],"yoast_head":"<!-- This site is optimized with the Yoast SEO plugin v27.3 - https:\/\/yoast.com\/product\/yoast-seo-wordpress\/ -->\n<title>Montagnes - Gwendreams<\/title>\n<meta name=\"description\" content=\"gwendreams montagnes montagne nature randonnee sierra Guara Pyrenees refuge Rocheuses plantes vie eau baignade marche \u00e9criture conter\" \/>\n<meta name=\"robots\" content=\"index, follow, max-snippet:-1, max-image-preview:large, max-video-preview:-1\" \/>\n<link rel=\"canonical\" href=\"https:\/\/gwendreams.com\/index.php\/les-montagnes\/\" \/>\n<meta property=\"og:locale\" content=\"fr_FR\" \/>\n<meta property=\"og:type\" content=\"article\" \/>\n<meta property=\"og:title\" content=\"Montagnes - Gwendreams\" \/>\n<meta property=\"og:url\" content=\"https:\/\/gwendreams.com\/index.php\/les-montagnes\/\" \/>\n<meta property=\"og:site_name\" content=\"Gwendreams\" \/>\n<meta property=\"article:publisher\" content=\"https:\/\/www.facebook.com\/profile.php?id=100063791695285\" \/>\n<meta property=\"article:modified_time\" content=\"2026-04-05T08:49:18+00:00\" \/>\n<meta property=\"og:image\" content=\"https:\/\/gwendreams.com\/wp-content\/uploads\/2019\/09\/IMG_4843-2.jpg\" \/>\n\t<meta property=\"og:image:width\" content=\"800\" \/>\n\t<meta property=\"og:image:height\" content=\"600\" \/>\n\t<meta property=\"og:image:type\" content=\"image\/jpeg\" \/>\n<meta name=\"twitter:card\" content=\"summary_large_image\" \/>\n<meta name=\"twitter:label1\" content=\"Dur\u00e9e de lecture estim\u00e9e\" \/>\n\t<meta name=\"twitter:data1\" content=\"2 minutes\" \/>\n<script type=\"application\/ld+json\" class=\"yoast-schema-graph\">{\"@context\":\"https:\\\/\\\/schema.org\",\"@graph\":[{\"@type\":\"WebPage\",\"@id\":\"https:\\\/\\\/gwendreams.com\\\/index.php\\\/les-montagnes\\\/\",\"url\":\"https:\\\/\\\/gwendreams.com\\\/index.php\\\/les-montagnes\\\/\",\"name\":\"Montagnes - Gwendreams\",\"isPartOf\":{\"@id\":\"https:\\\/\\\/gwendreams.com\\\/#website\"},\"primaryImageOfPage\":{\"@id\":\"https:\\\/\\\/gwendreams.com\\\/index.php\\\/les-montagnes\\\/#primaryimage\"},\"image\":{\"@id\":\"https:\\\/\\\/gwendreams.com\\\/index.php\\\/les-montagnes\\\/#primaryimage\"},\"thumbnailUrl\":\"https:\\\/\\\/gwendreams.com\\\/wp-content\\\/uploads\\\/2019\\\/09\\\/IMG_4843-2.jpg\",\"datePublished\":\"2018-06-30T16:50:03+00:00\",\"dateModified\":\"2026-04-05T08:49:18+00:00\",\"description\":\"gwendreams montagnes montagne nature randonnee sierra Guara Pyrenees refuge Rocheuses plantes vie eau baignade marche \u00e9criture conter\",\"breadcrumb\":{\"@id\":\"https:\\\/\\\/gwendreams.com\\\/index.php\\\/les-montagnes\\\/#breadcrumb\"},\"inLanguage\":\"fr-FR\",\"potentialAction\":[{\"@type\":\"ReadAction\",\"target\":[\"https:\\\/\\\/gwendreams.com\\\/index.php\\\/les-montagnes\\\/\"]}]},{\"@type\":\"ImageObject\",\"inLanguage\":\"fr-FR\",\"@id\":\"https:\\\/\\\/gwendreams.com\\\/index.php\\\/les-montagnes\\\/#primaryimage\",\"url\":\"https:\\\/\\\/gwendreams.com\\\/wp-content\\\/uploads\\\/2019\\\/09\\\/IMG_4843-2.jpg\",\"contentUrl\":\"https:\\\/\\\/gwendreams.com\\\/wp-content\\\/uploads\\\/2019\\\/09\\\/IMG_4843-2.jpg\",\"width\":800,\"height\":600,\"caption\":\"Montagnes dans les Pyr\u00e9n\u00e9es\"},{\"@type\":\"BreadcrumbList\",\"@id\":\"https:\\\/\\\/gwendreams.com\\\/index.php\\\/les-montagnes\\\/#breadcrumb\",\"itemListElement\":[{\"@type\":\"ListItem\",\"position\":1,\"name\":\"Accueil\",\"item\":\"https:\\\/\\\/gwendreams.com\\\/\"},{\"@type\":\"ListItem\",\"position\":2,\"name\":\"Montagnes\"}]},{\"@type\":\"WebSite\",\"@id\":\"https:\\\/\\\/gwendreams.com\\\/#website\",\"url\":\"https:\\\/\\\/gwendreams.com\\\/\",\"name\":\"Gwendreams\",\"description\":\"Tout un monde \u00e0 d\u00e9couvrir !\",\"potentialAction\":[{\"@type\":\"SearchAction\",\"target\":{\"@type\":\"EntryPoint\",\"urlTemplate\":\"https:\\\/\\\/gwendreams.com\\\/?s={search_term_string}\"},\"query-input\":{\"@type\":\"PropertyValueSpecification\",\"valueRequired\":true,\"valueName\":\"search_term_string\"}}],\"inLanguage\":\"fr-FR\"}]}<\/script>\n<!-- \/ Yoast SEO plugin. -->","yoast_head_json":{"title":"Montagnes - Gwendreams","description":"gwendreams montagnes montagne nature randonnee sierra Guara Pyrenees refuge Rocheuses plantes vie eau baignade marche \u00e9criture conter","robots":{"index":"index","follow":"follow","max-snippet":"max-snippet:-1","max-image-preview":"max-image-preview:large","max-video-preview":"max-video-preview:-1"},"canonical":"https:\/\/gwendreams.com\/index.php\/les-montagnes\/","og_locale":"fr_FR","og_type":"article","og_title":"Montagnes - Gwendreams","og_url":"https:\/\/gwendreams.com\/index.php\/les-montagnes\/","og_site_name":"Gwendreams","article_publisher":"https:\/\/www.facebook.com\/profile.php?id=100063791695285","article_modified_time":"2026-04-05T08:49:18+00:00","og_image":[{"width":800,"height":600,"url":"https:\/\/gwendreams.com\/wp-content\/uploads\/2019\/09\/IMG_4843-2.jpg","type":"image\/jpeg"}],"twitter_card":"summary_large_image","twitter_misc":{"Dur\u00e9e de lecture estim\u00e9e":"2 minutes"},"schema":{"@context":"https:\/\/schema.org","@graph":[{"@type":"WebPage","@id":"https:\/\/gwendreams.com\/index.php\/les-montagnes\/","url":"https:\/\/gwendreams.com\/index.php\/les-montagnes\/","name":"Montagnes - Gwendreams","isPartOf":{"@id":"https:\/\/gwendreams.com\/#website"},"primaryImageOfPage":{"@id":"https:\/\/gwendreams.com\/index.php\/les-montagnes\/#primaryimage"},"image":{"@id":"https:\/\/gwendreams.com\/index.php\/les-montagnes\/#primaryimage"},"thumbnailUrl":"https:\/\/gwendreams.com\/wp-content\/uploads\/2019\/09\/IMG_4843-2.jpg","datePublished":"2018-06-30T16:50:03+00:00","dateModified":"2026-04-05T08:49:18+00:00","description":"gwendreams montagnes montagne nature randonnee sierra Guara Pyrenees refuge Rocheuses plantes vie eau baignade marche \u00e9criture conter","breadcrumb":{"@id":"https:\/\/gwendreams.com\/index.php\/les-montagnes\/#breadcrumb"},"inLanguage":"fr-FR","potentialAction":[{"@type":"ReadAction","target":["https:\/\/gwendreams.com\/index.php\/les-montagnes\/"]}]},{"@type":"ImageObject","inLanguage":"fr-FR","@id":"https:\/\/gwendreams.com\/index.php\/les-montagnes\/#primaryimage","url":"https:\/\/gwendreams.com\/wp-content\/uploads\/2019\/09\/IMG_4843-2.jpg","contentUrl":"https:\/\/gwendreams.com\/wp-content\/uploads\/2019\/09\/IMG_4843-2.jpg","width":800,"height":600,"caption":"Montagnes dans les Pyr\u00e9n\u00e9es"},{"@type":"BreadcrumbList","@id":"https:\/\/gwendreams.com\/index.php\/les-montagnes\/#breadcrumb","itemListElement":[{"@type":"ListItem","position":1,"name":"Accueil","item":"https:\/\/gwendreams.com\/"},{"@type":"ListItem","position":2,"name":"Montagnes"}]},{"@type":"WebSite","@id":"https:\/\/gwendreams.com\/#website","url":"https:\/\/gwendreams.com\/","name":"Gwendreams","description":"Tout un monde \u00e0 d\u00e9couvrir !","potentialAction":[{"@type":"SearchAction","target":{"@type":"EntryPoint","urlTemplate":"https:\/\/gwendreams.com\/?s={search_term_string}"},"query-input":{"@type":"PropertyValueSpecification","valueRequired":true,"valueName":"search_term_string"}}],"inLanguage":"fr-FR"}]}},"jetpack_sharing_enabled":true,"_links":{"self":[{"href":"https:\/\/gwendreams.com\/index.php\/wp-json\/wp\/v2\/pages\/146","targetHints":{"allow":["GET"]}}],"collection":[{"href":"https:\/\/gwendreams.com\/index.php\/wp-json\/wp\/v2\/pages"}],"about":[{"href":"https:\/\/gwendreams.com\/index.php\/wp-json\/wp\/v2\/types\/page"}],"author":[{"embeddable":true,"href":"https:\/\/gwendreams.com\/index.php\/wp-json\/wp\/v2\/users\/2"}],"replies":[{"embeddable":true,"href":"https:\/\/gwendreams.com\/index.php\/wp-json\/wp\/v2\/comments?post=146"}],"version-history":[{"count":5,"href":"https:\/\/gwendreams.com\/index.php\/wp-json\/wp\/v2\/pages\/146\/revisions"}],"predecessor-version":[{"id":6184,"href":"https:\/\/gwendreams.com\/index.php\/wp-json\/wp\/v2\/pages\/146\/revisions\/6184"}],"wp:featuredmedia":[{"embeddable":true,"href":"https:\/\/gwendreams.com\/index.php\/wp-json\/wp\/v2\/media\/2383"}],"wp:attachment":[{"href":"https:\/\/gwendreams.com\/index.php\/wp-json\/wp\/v2\/media?parent=146"}],"curies":[{"name":"wp","href":"https:\/\/api.w.org\/{rel}","templated":true}]}}