{"id":1488,"date":"2019-05-28T11:54:19","date_gmt":"2019-05-28T09:54:19","guid":{"rendered":"http:\/\/gwendreams.com\/?page_id=1488"},"modified":"2019-09-12T16:50:35","modified_gmt":"2019-09-12T14:50:35","slug":"voyage-en-chine-du-sud","status":"publish","type":"page","link":"https:\/\/gwendreams.com\/index.php\/les-voyages\/voyage-en-chine-du-sud\/","title":{"rendered":"Voyage en Chine du sud &#8211; juillet 2011"},"content":{"rendered":"<p style=\"text-align: justify;\">Il y a de cela quelques ann\u00e9es maintenant, j&rsquo;ai eu l&rsquo;occasion d&rsquo;effectuer un voyage dans le sud de la Chine. Quatre semaines dans un univers diff\u00e9rent et \u00e9trange, dans lequel je me retrouvais illettr\u00e9e, ne sachant plus lire, ni \u00e9crire, ni compter, ni parler.<\/p>\n<p style=\"text-align: justify;\">Plong\u00e9e au coeur d&rsquo;une ville immense, Canton, puis d&rsquo;une modeste ville de province paisiblement lov\u00e9e autour d&rsquo;un lac et de ses petites montagnes, enfin aventures tropicales sur l&rsquo;\u00efle de Hainan, toujours plus au sud.<\/p>\n<p style=\"text-align: justify;\">Par un malheureux concours de circonstances, ce voyage faillit me co\u00fbter la vie, en cons\u00e9quence de quoi les r\u00e9cits suivants sont rest\u00e9s \u00e0 l&rsquo;\u00e9tat d&rsquo;archives jusqu&rsquo;\u00e0 ce jour.<\/p>\n<p style=\"text-align: justify;\">Pour suivre les p\u00e9rip\u00e9ties parfois absurdes ou burlesques, souvent banales, toujours d\u00e9paysantes de cette visite, bienvenue dans la s\u00e9rie <strong>Voyage en Chine du sud<\/strong>, archives in\u00e9dites de juillet 2011 :<\/p>\n<ul>\n<li><a href=\"https:\/\/gwendreams.com\/index.php\/2019\/06\/03\/en-voyage-vers-canton\/\">En voyage vers Canton<\/a><\/li>\n<li><a href=\"https:\/\/gwendreams.com\/index.php\/2019\/06\/04\/un-telephone-finlandais-en-chine\/\">T\u00e9l\u00e9phone finlandais pour une fran\u00e7aise en Chine<\/a><\/li>\n<li><a href=\"https:\/\/gwendreams.com\/index.php\/2019\/06\/05\/canton-au-fil-de-leau\/\">Canton au fil de l&rsquo;eau<\/a><\/li>\n<li><a href=\"https:\/\/gwendreams.com\/index.php\/2019\/07\/07\/sortez-les-baguettes\/\">Sortez les baguettes<\/a><\/li>\n<li><a href=\"https:\/\/gwendreams.com\/index.php\/2019\/06\/06\/leau-du-ciel\/\">L&rsquo;eau du ciel<\/a><\/li>\n<li><a href=\"http:\/\/gwendreams.com\/index.php\/2019\/06\/24\/le-petit-musee-de-canton\/\">Le petit mus\u00e9e de Canton<\/a><\/li>\n<li><a href=\"https:\/\/gwendreams.com\/index.php\/2019\/06\/07\/en-train-dans-la-chine-du-sud\/\">En train dans la Chine du Sud<\/a><\/li>\n<li><a href=\"https:\/\/gwendreams.com\/index.php\/2019\/06\/09\/zhaoqing\/\">Zaoqing<\/a><\/li>\n<li><a href=\"https:\/\/gwendreams.com\/index.php\/2019\/06\/10\/le-parc-des-sept-pics\/\">Le parc des sept pics<\/a><\/li>\n<li><a href=\"https:\/\/gwendreams.com\/index.php\/2019\/06\/25\/sur-les-traces-de-sun-yat-sen\/\">Sur les traces de Sun Yat Sen<\/a><\/li>\n<li><a href=\"https:\/\/gwendreams.com\/index.php\/2019\/06\/26\/hainan-ou-lile-aux-merveilles\/\">Hainan ou l&rsquo;\u00eele aux merveilles<\/a><\/li>\n<li><a href=\"https:\/\/gwendreams.com\/index.php\/2019\/06\/27\/lile-aux-singes\/\">L&rsquo;\u00eele aux singes<\/a><\/li>\n<li><a href=\"http:\/\/gwendreams.com\/index.php\/2019\/06\/28\/rencontres-sur-la-route\/\">Rencontres sur la route<\/a><\/li>\n<\/ul>\n<p>Acc\u00e9der au diaporama :<\/p>\n<p><a href=\"https:\/\/gwendreams.com\/index.php\/les-photos\/diaporama-chine-du-sud\/\">https:\/\/gwendreams.com\/index.php\/les-photos\/diaporama-chine-du-sud\/<\/a><\/p>\n","protected":false},"excerpt":{"rendered":"<p>Il y a de cela quelques ann\u00e9es maintenant, j&rsquo;ai eu l&rsquo;occasion d&rsquo;effectuer un voyage dans le sud de la Chine. Quatre semaines dans un univers diff\u00e9rent et \u00e9trange, dans lequel je me retrouvais illettr\u00e9e, ne sachant plus lire, ni \u00e9crire, ni compter, ni parler. Plong\u00e9e au coeur d&rsquo;une ville immense,&#8230;<\/p>\n<div class=\"more-link-wrapper\"><a class=\"more-link\" href=\"https:\/\/gwendreams.com\/index.php\/les-voyages\/voyage-en-chine-du-sud\/\">Continuer la lecture<span class=\"screen-reader-text\">Voyage en Chine du sud &#8211; juillet 2011<\/span><\/a><\/div>\n","protected":false},"author":2,"featured_media":3191,"parent":396,"menu_order":0,"comment_status":"closed","ping_status":"closed","template":"","meta":{"jetpack_post_was_ever_published":false,"iawp_total_views":5,"footnotes":""},"class_list":["post-1488","page","type-page","status-publish","has-post-thumbnail","hentry","entry"],"yoast_head":"<!-- This site is optimized with the Yoast SEO plugin v27.3 - https:\/\/yoast.com\/product\/yoast-seo-wordpress\/ -->\n<title>Voyage en Chine du sud - juillet 2011 - Gwendreams<\/title>\n<meta name=\"robots\" content=\"index, follow, max-snippet:-1, max-image-preview:large, max-video-preview:-1\" \/>\n<link rel=\"canonical\" href=\"https:\/\/gwendreams.com\/index.php\/les-voyages\/voyage-en-chine-du-sud\/\" \/>\n<meta property=\"og:locale\" content=\"fr_FR\" \/>\n<meta property=\"og:type\" content=\"article\" \/>\n<meta property=\"og:title\" content=\"Voyage en Chine du sud - juillet 2011 - Gwendreams\" \/>\n<meta property=\"og:description\" content=\"Il y a de cela quelques ann\u00e9es maintenant, j&rsquo;ai eu l&rsquo;occasion d&rsquo;effectuer un voyage dans le sud de la Chine. Quatre semaines dans un univers diff\u00e9rent et \u00e9trange, dans lequel je me retrouvais illettr\u00e9e, ne sachant plus lire, ni \u00e9crire, ni compter, ni parler. Plong\u00e9e au coeur d&rsquo;une ville immense,&#8230;\" \/>\n<meta property=\"og:url\" content=\"https:\/\/gwendreams.com\/index.php\/les-voyages\/voyage-en-chine-du-sud\/\" \/>\n<meta property=\"og:site_name\" content=\"Gwendreams\" \/>\n<meta property=\"article:publisher\" content=\"https:\/\/www.facebook.com\/profile.php?id=100063791695285\" \/>\n<meta property=\"article:modified_time\" content=\"2019-09-12T14:50:35+00:00\" \/>\n<meta property=\"og:image\" content=\"https:\/\/gwendreams.com\/wp-content\/uploads\/2019\/09\/pexels-photo-814499.jpeg\" \/>\n\t<meta property=\"og:image:width\" content=\"1880\" \/>\n\t<meta property=\"og:image:height\" content=\"1253\" \/>\n\t<meta property=\"og:image:type\" content=\"image\/jpeg\" \/>\n<meta name=\"twitter:card\" content=\"summary_large_image\" \/>\n<meta name=\"twitter:label1\" content=\"Dur\u00e9e de lecture estim\u00e9e\" \/>\n\t<meta name=\"twitter:data1\" content=\"1 minute\" \/>\n<script type=\"application\/ld+json\" class=\"yoast-schema-graph\">{\"@context\":\"https:\\\/\\\/schema.org\",\"@graph\":[{\"@type\":\"WebPage\",\"@id\":\"https:\\\/\\\/gwendreams.com\\\/index.php\\\/les-voyages\\\/voyage-en-chine-du-sud\\\/\",\"url\":\"https:\\\/\\\/gwendreams.com\\\/index.php\\\/les-voyages\\\/voyage-en-chine-du-sud\\\/\",\"name\":\"Voyage en Chine du sud - juillet 2011 - Gwendreams\",\"isPartOf\":{\"@id\":\"https:\\\/\\\/gwendreams.com\\\/#website\"},\"primaryImageOfPage\":{\"@id\":\"https:\\\/\\\/gwendreams.com\\\/index.php\\\/les-voyages\\\/voyage-en-chine-du-sud\\\/#primaryimage\"},\"image\":{\"@id\":\"https:\\\/\\\/gwendreams.com\\\/index.php\\\/les-voyages\\\/voyage-en-chine-du-sud\\\/#primaryimage\"},\"thumbnailUrl\":\"https:\\\/\\\/gwendreams.com\\\/wp-content\\\/uploads\\\/2019\\\/09\\\/pexels-photo-814499.jpeg\",\"datePublished\":\"2019-05-28T09:54:19+00:00\",\"dateModified\":\"2019-09-12T14:50:35+00:00\",\"breadcrumb\":{\"@id\":\"https:\\\/\\\/gwendreams.com\\\/index.php\\\/les-voyages\\\/voyage-en-chine-du-sud\\\/#breadcrumb\"},\"inLanguage\":\"fr-FR\",\"potentialAction\":[{\"@type\":\"ReadAction\",\"target\":[\"https:\\\/\\\/gwendreams.com\\\/index.php\\\/les-voyages\\\/voyage-en-chine-du-sud\\\/\"]}]},{\"@type\":\"ImageObject\",\"inLanguage\":\"fr-FR\",\"@id\":\"https:\\\/\\\/gwendreams.com\\\/index.php\\\/les-voyages\\\/voyage-en-chine-du-sud\\\/#primaryimage\",\"url\":\"https:\\\/\\\/gwendreams.com\\\/wp-content\\\/uploads\\\/2019\\\/09\\\/pexels-photo-814499.jpeg\",\"contentUrl\":\"https:\\\/\\\/gwendreams.com\\\/wp-content\\\/uploads\\\/2019\\\/09\\\/pexels-photo-814499.jpeg\",\"width\":1880,\"height\":1253},{\"@type\":\"BreadcrumbList\",\"@id\":\"https:\\\/\\\/gwendreams.com\\\/index.php\\\/les-voyages\\\/voyage-en-chine-du-sud\\\/#breadcrumb\",\"itemListElement\":[{\"@type\":\"ListItem\",\"position\":1,\"name\":\"Accueil\",\"item\":\"https:\\\/\\\/gwendreams.com\\\/\"},{\"@type\":\"ListItem\",\"position\":2,\"name\":\"Voyages\",\"item\":\"https:\\\/\\\/gwendreams.com\\\/index.php\\\/les-voyages\\\/\"},{\"@type\":\"ListItem\",\"position\":3,\"name\":\"Voyage en Chine du sud &#8211; juillet 2011\"}]},{\"@type\":\"WebSite\",\"@id\":\"https:\\\/\\\/gwendreams.com\\\/#website\",\"url\":\"https:\\\/\\\/gwendreams.com\\\/\",\"name\":\"Gwendreams\",\"description\":\"Tout un monde \u00e0 d\u00e9couvrir !\",\"potentialAction\":[{\"@type\":\"SearchAction\",\"target\":{\"@type\":\"EntryPoint\",\"urlTemplate\":\"https:\\\/\\\/gwendreams.com\\\/?s={search_term_string}\"},\"query-input\":{\"@type\":\"PropertyValueSpecification\",\"valueRequired\":true,\"valueName\":\"search_term_string\"}}],\"inLanguage\":\"fr-FR\"}]}<\/script>\n<!-- \/ Yoast SEO plugin. -->","yoast_head_json":{"title":"Voyage en Chine du sud - juillet 2011 - Gwendreams","robots":{"index":"index","follow":"follow","max-snippet":"max-snippet:-1","max-image-preview":"max-image-preview:large","max-video-preview":"max-video-preview:-1"},"canonical":"https:\/\/gwendreams.com\/index.php\/les-voyages\/voyage-en-chine-du-sud\/","og_locale":"fr_FR","og_type":"article","og_title":"Voyage en Chine du sud - juillet 2011 - Gwendreams","og_description":"Il y a de cela quelques ann\u00e9es maintenant, j&rsquo;ai eu l&rsquo;occasion d&rsquo;effectuer un voyage dans le sud de la Chine. Quatre semaines dans un univers diff\u00e9rent et \u00e9trange, dans lequel je me retrouvais illettr\u00e9e, ne sachant plus lire, ni \u00e9crire, ni compter, ni parler. Plong\u00e9e au coeur d&rsquo;une ville immense,&#8230;","og_url":"https:\/\/gwendreams.com\/index.php\/les-voyages\/voyage-en-chine-du-sud\/","og_site_name":"Gwendreams","article_publisher":"https:\/\/www.facebook.com\/profile.php?id=100063791695285","article_modified_time":"2019-09-12T14:50:35+00:00","og_image":[{"width":1880,"height":1253,"url":"https:\/\/gwendreams.com\/wp-content\/uploads\/2019\/09\/pexels-photo-814499.jpeg","type":"image\/jpeg"}],"twitter_card":"summary_large_image","twitter_misc":{"Dur\u00e9e de lecture estim\u00e9e":"1 minute"},"schema":{"@context":"https:\/\/schema.org","@graph":[{"@type":"WebPage","@id":"https:\/\/gwendreams.com\/index.php\/les-voyages\/voyage-en-chine-du-sud\/","url":"https:\/\/gwendreams.com\/index.php\/les-voyages\/voyage-en-chine-du-sud\/","name":"Voyage en Chine du sud - juillet 2011 - Gwendreams","isPartOf":{"@id":"https:\/\/gwendreams.com\/#website"},"primaryImageOfPage":{"@id":"https:\/\/gwendreams.com\/index.php\/les-voyages\/voyage-en-chine-du-sud\/#primaryimage"},"image":{"@id":"https:\/\/gwendreams.com\/index.php\/les-voyages\/voyage-en-chine-du-sud\/#primaryimage"},"thumbnailUrl":"https:\/\/gwendreams.com\/wp-content\/uploads\/2019\/09\/pexels-photo-814499.jpeg","datePublished":"2019-05-28T09:54:19+00:00","dateModified":"2019-09-12T14:50:35+00:00","breadcrumb":{"@id":"https:\/\/gwendreams.com\/index.php\/les-voyages\/voyage-en-chine-du-sud\/#breadcrumb"},"inLanguage":"fr-FR","potentialAction":[{"@type":"ReadAction","target":["https:\/\/gwendreams.com\/index.php\/les-voyages\/voyage-en-chine-du-sud\/"]}]},{"@type":"ImageObject","inLanguage":"fr-FR","@id":"https:\/\/gwendreams.com\/index.php\/les-voyages\/voyage-en-chine-du-sud\/#primaryimage","url":"https:\/\/gwendreams.com\/wp-content\/uploads\/2019\/09\/pexels-photo-814499.jpeg","contentUrl":"https:\/\/gwendreams.com\/wp-content\/uploads\/2019\/09\/pexels-photo-814499.jpeg","width":1880,"height":1253},{"@type":"BreadcrumbList","@id":"https:\/\/gwendreams.com\/index.php\/les-voyages\/voyage-en-chine-du-sud\/#breadcrumb","itemListElement":[{"@type":"ListItem","position":1,"name":"Accueil","item":"https:\/\/gwendreams.com\/"},{"@type":"ListItem","position":2,"name":"Voyages","item":"https:\/\/gwendreams.com\/index.php\/les-voyages\/"},{"@type":"ListItem","position":3,"name":"Voyage en Chine du sud &#8211; juillet 2011"}]},{"@type":"WebSite","@id":"https:\/\/gwendreams.com\/#website","url":"https:\/\/gwendreams.com\/","name":"Gwendreams","description":"Tout un monde \u00e0 d\u00e9couvrir !","potentialAction":[{"@type":"SearchAction","target":{"@type":"EntryPoint","urlTemplate":"https:\/\/gwendreams.com\/?s={search_term_string}"},"query-input":{"@type":"PropertyValueSpecification","valueRequired":true,"valueName":"search_term_string"}}],"inLanguage":"fr-FR"}]}},"jetpack_sharing_enabled":true,"_links":{"self":[{"href":"https:\/\/gwendreams.com\/index.php\/wp-json\/wp\/v2\/pages\/1488","targetHints":{"allow":["GET"]}}],"collection":[{"href":"https:\/\/gwendreams.com\/index.php\/wp-json\/wp\/v2\/pages"}],"about":[{"href":"https:\/\/gwendreams.com\/index.php\/wp-json\/wp\/v2\/types\/page"}],"author":[{"embeddable":true,"href":"https:\/\/gwendreams.com\/index.php\/wp-json\/wp\/v2\/users\/2"}],"replies":[{"embeddable":true,"href":"https:\/\/gwendreams.com\/index.php\/wp-json\/wp\/v2\/comments?post=1488"}],"version-history":[{"count":2,"href":"https:\/\/gwendreams.com\/index.php\/wp-json\/wp\/v2\/pages\/1488\/revisions"}],"predecessor-version":[{"id":3424,"href":"https:\/\/gwendreams.com\/index.php\/wp-json\/wp\/v2\/pages\/1488\/revisions\/3424"}],"up":[{"embeddable":true,"href":"https:\/\/gwendreams.com\/index.php\/wp-json\/wp\/v2\/pages\/396"}],"wp:featuredmedia":[{"embeddable":true,"href":"https:\/\/gwendreams.com\/index.php\/wp-json\/wp\/v2\/media\/3191"}],"wp:attachment":[{"href":"https:\/\/gwendreams.com\/index.php\/wp-json\/wp\/v2\/media?parent=1488"}],"curies":[{"name":"wp","href":"https:\/\/api.w.org\/{rel}","templated":true}]}}