{"id":1491,"date":"2019-09-07T14:56:59","date_gmt":"2019-09-07T12:56:59","guid":{"rendered":"http:\/\/gwendreams.com\/?page_id=1491"},"modified":"2024-05-08T14:53:38","modified_gmt":"2024-05-08T12:53:38","slug":"galerie-de-photos-caraibes","status":"publish","type":"page","link":"https:\/\/gwendreams.com\/index.php\/les-photos\/galerie-de-photos-caraibes\/","title":{"rendered":"Galerie de photos Cara\u00efbes"},"content":{"rendered":"\n<div id='gallery-1' class='gallery galleryid-1491 gallery-columns-3 gallery-size-medium'><figure class='gallery-item'>\n\t\t\t<div class='gallery-icon landscape'>\n\t\t\t\t<a href='https:\/\/gwendreams.com\/hpim2806\/'><img loading=\"lazy\" decoding=\"async\" width=\"300\" height=\"225\" src=\"https:\/\/gwendreams.com\/wp-content\/uploads\/2019\/09\/HPIM2806-300x225.jpg\" class=\"attachment-medium size-medium\" alt=\"St Barth fleurs\" srcset=\"https:\/\/gwendreams.com\/wp-content\/uploads\/2019\/09\/HPIM2806-300x225.jpg 300w, https:\/\/gwendreams.com\/wp-content\/uploads\/2019\/09\/HPIM2806-768x576.jpg 768w, https:\/\/gwendreams.com\/wp-content\/uploads\/2019\/09\/HPIM2806.jpg 806w\" sizes=\"auto, (max-width: 300px) 100vw, 300px\" \/><\/a>\n\t\t\t<\/div><\/figure><figure class='gallery-item'>\n\t\t\t<div class='gallery-icon landscape'>\n\t\t\t\t<a href='https:\/\/gwendreams.com\/hpim2805\/'><img loading=\"lazy\" decoding=\"async\" width=\"300\" height=\"225\" src=\"https:\/\/gwendreams.com\/wp-content\/uploads\/2019\/09\/HPIM2805-300x225.jpg\" class=\"attachment-medium size-medium\" alt=\"St Barth fleurs\" srcset=\"https:\/\/gwendreams.com\/wp-content\/uploads\/2019\/09\/HPIM2805-300x225.jpg 300w, https:\/\/gwendreams.com\/wp-content\/uploads\/2019\/09\/HPIM2805-768x576.jpg 768w, https:\/\/gwendreams.com\/wp-content\/uploads\/2019\/09\/HPIM2805.jpg 806w\" sizes=\"auto, (max-width: 300px) 100vw, 300px\" \/><\/a>\n\t\t\t<\/div><\/figure><figure class='gallery-item'>\n\t\t\t<div class='gallery-icon landscape'>\n\t\t\t\t<a href='https:\/\/gwendreams.com\/index.php\/2019\/05\/13\/ah-les-caraibes\/st-barth-plage-atlantique\/'><img loading=\"lazy\" decoding=\"async\" width=\"300\" height=\"225\" src=\"https:\/\/gwendreams.com\/wp-content\/uploads\/2019\/09\/St-Barth-plage-Atlantique-300x225.jpg\" class=\"attachment-medium size-medium\" alt=\"St Barth plage Atlantique\" srcset=\"https:\/\/gwendreams.com\/wp-content\/uploads\/2019\/09\/St-Barth-plage-Atlantique-300x225.jpg 300w, https:\/\/gwendreams.com\/wp-content\/uploads\/2019\/09\/St-Barth-plage-Atlantique-768x576.jpg 768w, https:\/\/gwendreams.com\/wp-content\/uploads\/2019\/09\/St-Barth-plage-Atlantique.jpg 800w\" sizes=\"auto, (max-width: 300px) 100vw, 300px\" \/><\/a>\n\t\t\t<\/div><\/figure><figure class='gallery-item'>\n\t\t\t<div class='gallery-icon portrait'>\n\t\t\t\t<a href='https:\/\/gwendreams.com\/hpim2797\/'><img loading=\"lazy\" decoding=\"async\" width=\"225\" height=\"300\" src=\"https:\/\/gwendreams.com\/wp-content\/uploads\/2019\/09\/HPIM2797-225x300.jpg\" class=\"attachment-medium size-medium\" alt=\"St Barth cactus Atlantique\" srcset=\"https:\/\/gwendreams.com\/wp-content\/uploads\/2019\/09\/HPIM2797-225x300.jpg 225w, https:\/\/gwendreams.com\/wp-content\/uploads\/2019\/09\/HPIM2797-768x1024.jpg 768w, https:\/\/gwendreams.com\/wp-content\/uploads\/2019\/09\/HPIM2797.jpg 864w\" sizes=\"auto, (max-width: 225px) 100vw, 225px\" \/><\/a>\n\t\t\t<\/div><\/figure><figure class='gallery-item'>\n\t\t\t<div class='gallery-icon landscape'>\n\t\t\t\t<a href='https:\/\/gwendreams.com\/index.php\/2019\/05\/13\/ah-les-caraibes\/hpim2848\/'><img loading=\"lazy\" decoding=\"async\" width=\"300\" height=\"225\" src=\"https:\/\/gwendreams.com\/wp-content\/uploads\/2019\/09\/HPIM2848-300x225.jpg\" class=\"attachment-medium size-medium\" alt=\"St Barth\" srcset=\"https:\/\/gwendreams.com\/wp-content\/uploads\/2019\/09\/HPIM2848-300x225.jpg 300w, https:\/\/gwendreams.com\/wp-content\/uploads\/2019\/09\/HPIM2848-768x576.jpg 768w, https:\/\/gwendreams.com\/wp-content\/uploads\/2019\/09\/HPIM2848.jpg 806w\" sizes=\"auto, (max-width: 300px) 100vw, 300px\" \/><\/a>\n\t\t\t<\/div><\/figure><figure class='gallery-item'>\n\t\t\t<div class='gallery-icon landscape'>\n\t\t\t\t<a href='https:\/\/gwendreams.com\/st-barth-gustavia\/'><img loading=\"lazy\" decoding=\"async\" width=\"300\" height=\"225\" src=\"https:\/\/gwendreams.com\/wp-content\/uploads\/2019\/09\/St-Barth-Gustavia-300x225.jpg\" class=\"attachment-medium size-medium\" alt=\"Saint Barth Gustavia\" srcset=\"https:\/\/gwendreams.com\/wp-content\/uploads\/2019\/09\/St-Barth-Gustavia-300x225.jpg 300w, https:\/\/gwendreams.com\/wp-content\/uploads\/2019\/09\/St-Barth-Gustavia-768x576.jpg 768w, https:\/\/gwendreams.com\/wp-content\/uploads\/2019\/09\/St-Barth-Gustavia.jpg 800w\" sizes=\"auto, (max-width: 300px) 100vw, 300px\" \/><\/a>\n\t\t\t<\/div><\/figure><figure class='gallery-item'>\n\t\t\t<div class='gallery-icon portrait'>\n\t\t\t\t<a href='https:\/\/gwendreams.com\/hpim2820\/'><img loading=\"lazy\" decoding=\"async\" width=\"225\" height=\"300\" src=\"https:\/\/gwendreams.com\/wp-content\/uploads\/2019\/09\/HPIM2820-225x300.jpg\" class=\"attachment-medium size-medium\" alt=\"St Barth\" srcset=\"https:\/\/gwendreams.com\/wp-content\/uploads\/2019\/09\/HPIM2820-225x300.jpg 225w, https:\/\/gwendreams.com\/wp-content\/uploads\/2019\/09\/HPIM2820.jpg 605w\" sizes=\"auto, (max-width: 225px) 100vw, 225px\" \/><\/a>\n\t\t\t<\/div><\/figure><figure class='gallery-item'>\n\t\t\t<div class='gallery-icon portrait'>\n\t\t\t\t<a href='https:\/\/gwendreams.com\/index.php\/2019\/06\/23\/voyage-onirique\/hpim2888\/'><img loading=\"lazy\" decoding=\"async\" width=\"225\" height=\"300\" src=\"https:\/\/gwendreams.com\/wp-content\/uploads\/2019\/09\/HPIM2888-225x300.jpg\" class=\"attachment-medium size-medium\" alt=\"Saint Barth Gustavia\" srcset=\"https:\/\/gwendreams.com\/wp-content\/uploads\/2019\/09\/HPIM2888-225x300.jpg 225w, https:\/\/gwendreams.com\/wp-content\/uploads\/2019\/09\/HPIM2888.jpg 604w\" sizes=\"auto, (max-width: 225px) 100vw, 225px\" \/><\/a>\n\t\t\t<\/div><\/figure><figure class='gallery-item'>\n\t\t\t<div class='gallery-icon landscape'>\n\t\t\t\t<a href='https:\/\/gwendreams.com\/st-barth-plage-2\/'><img loading=\"lazy\" decoding=\"async\" width=\"300\" height=\"225\" src=\"https:\/\/gwendreams.com\/wp-content\/uploads\/2019\/09\/St-Barth-plage-2-300x225.jpg\" class=\"attachment-medium size-medium\" alt=\"St Barth plage 2\" srcset=\"https:\/\/gwendreams.com\/wp-content\/uploads\/2019\/09\/St-Barth-plage-2-300x225.jpg 300w, https:\/\/gwendreams.com\/wp-content\/uploads\/2019\/09\/St-Barth-plage-2-768x576.jpg 768w, https:\/\/gwendreams.com\/wp-content\/uploads\/2019\/09\/St-Barth-plage-2.jpg 800w\" sizes=\"auto, (max-width: 300px) 100vw, 300px\" \/><\/a>\n\t\t\t<\/div><\/figure><figure class='gallery-item'>\n\t\t\t<div class='gallery-icon landscape'>\n\t\t\t\t<a href='https:\/\/gwendreams.com\/hpim2897\/'><img loading=\"lazy\" decoding=\"async\" width=\"300\" height=\"225\" src=\"https:\/\/gwendreams.com\/wp-content\/uploads\/2019\/09\/HPIM2897-300x225.jpg\" class=\"attachment-medium size-medium\" alt=\"cactus St Barth Atlantique\" srcset=\"https:\/\/gwendreams.com\/wp-content\/uploads\/2019\/09\/HPIM2897-300x225.jpg 300w, https:\/\/gwendreams.com\/wp-content\/uploads\/2019\/09\/HPIM2897.jpg 691w\" sizes=\"auto, (max-width: 300px) 100vw, 300px\" \/><\/a>\n\t\t\t<\/div><\/figure><figure class='gallery-item'>\n\t\t\t<div class='gallery-icon landscape'>\n\t\t\t\t<a href='https:\/\/gwendreams.com\/hpim2917\/'><img loading=\"lazy\" decoding=\"async\" width=\"300\" height=\"225\" src=\"https:\/\/gwendreams.com\/wp-content\/uploads\/2019\/09\/HPIM2917-300x225.jpg\" class=\"attachment-medium size-medium\" alt=\"petit crabe saint Barth\" srcset=\"https:\/\/gwendreams.com\/wp-content\/uploads\/2019\/09\/HPIM2917-300x225.jpg 300w, https:\/\/gwendreams.com\/wp-content\/uploads\/2019\/09\/HPIM2917.jpg 691w\" sizes=\"auto, (max-width: 300px) 100vw, 300px\" \/><\/a>\n\t\t\t<\/div><\/figure><figure class='gallery-item'>\n\t\t\t<div class='gallery-icon landscape'>\n\t\t\t\t<a href='https:\/\/gwendreams.com\/hpim2810\/'><img loading=\"lazy\" decoding=\"async\" width=\"300\" height=\"225\" src=\"https:\/\/gwendreams.com\/wp-content\/uploads\/2019\/09\/HPIM2810-300x225.jpg\" class=\"attachment-medium size-medium\" alt=\"St Barth fleurs\" srcset=\"https:\/\/gwendreams.com\/wp-content\/uploads\/2019\/09\/HPIM2810-300x225.jpg 300w, https:\/\/gwendreams.com\/wp-content\/uploads\/2019\/09\/HPIM2810-768x576.jpg 768w, https:\/\/gwendreams.com\/wp-content\/uploads\/2019\/09\/HPIM2810.jpg 806w\" sizes=\"auto, (max-width: 300px) 100vw, 300px\" \/><\/a>\n\t\t\t<\/div><\/figure><figure class='gallery-item'>\n\t\t\t<div class='gallery-icon landscape'>\n\t\t\t\t<a href='https:\/\/gwendreams.com\/index.php\/2019\/05\/13\/ah-les-caraibes\/hpim2794\/'><img loading=\"lazy\" decoding=\"async\" width=\"300\" height=\"225\" src=\"https:\/\/gwendreams.com\/wp-content\/uploads\/2019\/09\/HPIM2794-300x225.jpg\" class=\"attachment-medium size-medium\" alt=\"St Barth cactus Atlantique\" srcset=\"https:\/\/gwendreams.com\/wp-content\/uploads\/2019\/09\/HPIM2794-300x225.jpg 300w, https:\/\/gwendreams.com\/wp-content\/uploads\/2019\/09\/HPIM2794-768x576.jpg 768w, https:\/\/gwendreams.com\/wp-content\/uploads\/2019\/09\/HPIM2794.jpg 806w\" sizes=\"auto, (max-width: 300px) 100vw, 300px\" \/><\/a>\n\t\t\t<\/div><\/figure><figure class='gallery-item'>\n\t\t\t<div class='gallery-icon landscape'>\n\t\t\t\t<a href='https:\/\/gwendreams.com\/index.php\/2019\/05\/13\/ah-les-caraibes\/st-barth-mangrove\/'><img loading=\"lazy\" decoding=\"async\" width=\"300\" height=\"225\" src=\"https:\/\/gwendreams.com\/wp-content\/uploads\/2019\/09\/St-Barth-mangrove-300x225.jpg\" class=\"attachment-medium size-medium\" alt=\"St Barth mangrove\" srcset=\"https:\/\/gwendreams.com\/wp-content\/uploads\/2019\/09\/St-Barth-mangrove-300x225.jpg 300w, https:\/\/gwendreams.com\/wp-content\/uploads\/2019\/09\/St-Barth-mangrove-768x576.jpg 768w, https:\/\/gwendreams.com\/wp-content\/uploads\/2019\/09\/St-Barth-mangrove.jpg 800w\" sizes=\"auto, (max-width: 300px) 100vw, 300px\" \/><\/a>\n\t\t\t<\/div><\/figure><figure class='gallery-item'>\n\t\t\t<div class='gallery-icon landscape'>\n\t\t\t\t<a href='https:\/\/gwendreams.com\/hpim2921\/'><img loading=\"lazy\" decoding=\"async\" width=\"300\" height=\"225\" src=\"https:\/\/gwendreams.com\/wp-content\/uploads\/2019\/09\/HPIM2921-300x225.jpg\" class=\"attachment-medium size-medium\" alt=\"tortue terrestre saint Barth\" srcset=\"https:\/\/gwendreams.com\/wp-content\/uploads\/2019\/09\/HPIM2921-300x225.jpg 300w, https:\/\/gwendreams.com\/wp-content\/uploads\/2019\/09\/HPIM2921.jpg 691w\" sizes=\"auto, (max-width: 300px) 100vw, 300px\" \/><\/a>\n\t\t\t<\/div><\/figure><figure class='gallery-item'>\n\t\t\t<div class='gallery-icon landscape'>\n\t\t\t\t<a href='https:\/\/gwendreams.com\/hpim2795\/'><img loading=\"lazy\" decoding=\"async\" width=\"300\" height=\"225\" src=\"https:\/\/gwendreams.com\/wp-content\/uploads\/2019\/09\/HPIM2795-300x225.jpg\" class=\"attachment-medium size-medium\" alt=\"St Barth\" srcset=\"https:\/\/gwendreams.com\/wp-content\/uploads\/2019\/09\/HPIM2795-300x225.jpg 300w, https:\/\/gwendreams.com\/wp-content\/uploads\/2019\/09\/HPIM2795-768x576.jpg 768w, https:\/\/gwendreams.com\/wp-content\/uploads\/2019\/09\/HPIM2795.jpg 806w\" sizes=\"auto, (max-width: 300px) 100vw, 300px\" \/><\/a>\n\t\t\t<\/div><\/figure><figure class='gallery-item'>\n\t\t\t<div class='gallery-icon landscape'>\n\t\t\t\t<a href='https:\/\/gwendreams.com\/index.php\/2019\/05\/13\/ah-les-caraibes\/st-barth-crepuscule\/'><img loading=\"lazy\" decoding=\"async\" width=\"300\" height=\"225\" src=\"https:\/\/gwendreams.com\/wp-content\/uploads\/2019\/09\/St-Barth-cr\u00e9puscule-300x225.jpg\" class=\"attachment-medium size-medium\" alt=\"St Barth cr\u00e9puscule\" srcset=\"https:\/\/gwendreams.com\/wp-content\/uploads\/2019\/09\/St-Barth-cr\u00e9puscule-300x225.jpg 300w, https:\/\/gwendreams.com\/wp-content\/uploads\/2019\/09\/St-Barth-cr\u00e9puscule-768x576.jpg 768w, https:\/\/gwendreams.com\/wp-content\/uploads\/2019\/09\/St-Barth-cr\u00e9puscule.jpg 800w\" sizes=\"auto, (max-width: 300px) 100vw, 300px\" \/><\/a>\n\t\t\t<\/div><\/figure><figure class='gallery-item'>\n\t\t\t<div class='gallery-icon landscape'>\n\t\t\t\t<a href='https:\/\/gwendreams.com\/hpim2908\/'><img loading=\"lazy\" decoding=\"async\" width=\"300\" height=\"225\" src=\"https:\/\/gwendreams.com\/wp-content\/uploads\/2019\/09\/HPIM2908-300x225.jpg\" class=\"attachment-medium size-medium\" alt=\"Saint Barth c\u00f4t\u00e9 Atlantique\" srcset=\"https:\/\/gwendreams.com\/wp-content\/uploads\/2019\/09\/HPIM2908-300x225.jpg 300w, https:\/\/gwendreams.com\/wp-content\/uploads\/2019\/09\/HPIM2908.jpg 691w\" sizes=\"auto, (max-width: 300px) 100vw, 300px\" \/><\/a>\n\t\t\t<\/div><\/figure><figure class='gallery-item'>\n\t\t\t<div class='gallery-icon landscape'>\n\t\t\t\t<a href='https:\/\/gwendreams.com\/hpim2887\/'><img loading=\"lazy\" decoding=\"async\" width=\"300\" height=\"225\" src=\"https:\/\/gwendreams.com\/wp-content\/uploads\/2019\/09\/HPIM2887-300x225.jpg\" class=\"attachment-medium size-medium\" alt=\"St Barth\" srcset=\"https:\/\/gwendreams.com\/wp-content\/uploads\/2019\/09\/HPIM2887-300x225.jpg 300w, https:\/\/gwendreams.com\/wp-content\/uploads\/2019\/09\/HPIM2887-768x576.jpg 768w, https:\/\/gwendreams.com\/wp-content\/uploads\/2019\/09\/HPIM2887.jpg 806w\" sizes=\"auto, (max-width: 300px) 100vw, 300px\" \/><\/a>\n\t\t\t<\/div><\/figure><figure class='gallery-item'>\n\t\t\t<div class='gallery-icon landscape'>\n\t\t\t\t<a href='https:\/\/gwendreams.com\/hpim2809\/'><img loading=\"lazy\" decoding=\"async\" width=\"300\" height=\"225\" src=\"https:\/\/gwendreams.com\/wp-content\/uploads\/2019\/09\/HPIM2809-300x225.jpg\" class=\"attachment-medium size-medium\" alt=\"St Barth fleurs\" srcset=\"https:\/\/gwendreams.com\/wp-content\/uploads\/2019\/09\/HPIM2809-300x225.jpg 300w, https:\/\/gwendreams.com\/wp-content\/uploads\/2019\/09\/HPIM2809-768x576.jpg 768w, https:\/\/gwendreams.com\/wp-content\/uploads\/2019\/09\/HPIM2809.jpg 806w\" sizes=\"auto, (max-width: 300px) 100vw, 300px\" \/><\/a>\n\t\t\t<\/div><\/figure><figure class='gallery-item'>\n\t\t\t<div class='gallery-icon portrait'>\n\t\t\t\t<a href='https:\/\/gwendreams.com\/index.php\/2019\/05\/13\/ah-les-caraibes\/st-barth-gustavia-port\/'><img loading=\"lazy\" decoding=\"async\" width=\"225\" height=\"300\" src=\"https:\/\/gwendreams.com\/wp-content\/uploads\/2019\/09\/St-Barth-Gustavia-port-225x300.jpg\" class=\"attachment-medium size-medium\" alt=\"St Barth Gustavia port\" srcset=\"https:\/\/gwendreams.com\/wp-content\/uploads\/2019\/09\/St-Barth-Gustavia-port-225x300.jpg 225w, https:\/\/gwendreams.com\/wp-content\/uploads\/2019\/09\/St-Barth-Gustavia-port.jpg 450w\" sizes=\"auto, (max-width: 225px) 100vw, 225px\" \/><\/a>\n\t\t\t<\/div><\/figure>\n\t\t<\/div>\n\n","protected":false},"excerpt":{"rendered":"","protected":false},"author":2,"featured_media":2728,"parent":2072,"menu_order":0,"comment_status":"closed","ping_status":"closed","template":"","meta":{"jetpack_post_was_ever_published":false,"iawp_total_views":9,"footnotes":""},"class_list":["post-1491","page","type-page","status-publish","has-post-thumbnail","hentry","entry"],"yoast_head":"<!-- This site is optimized with the Yoast SEO plugin v27.3 - https:\/\/yoast.com\/product\/yoast-seo-wordpress\/ -->\n<title>Galerie de photos Cara\u00efbes - Gwendreams<\/title>\n<meta name=\"description\" content=\"photos Caraibes voyages Saint Barth\u00e9l\u00e9my \u00e9t\u00e9 mer oc\u00e9an faune flore tortues requins raies plong\u00e9e sous marine soleil\" \/>\n<meta name=\"robots\" content=\"index, follow, max-snippet:-1, max-image-preview:large, max-video-preview:-1\" \/>\n<link rel=\"canonical\" href=\"https:\/\/gwendreams.com\/index.php\/les-photos\/galerie-de-photos-caraibes\/\" \/>\n<meta property=\"og:locale\" content=\"fr_FR\" \/>\n<meta property=\"og:type\" content=\"article\" \/>\n<meta property=\"og:title\" content=\"Galerie de photos Cara\u00efbes - Gwendreams\" \/>\n<meta property=\"og:url\" content=\"https:\/\/gwendreams.com\/index.php\/les-photos\/galerie-de-photos-caraibes\/\" \/>\n<meta property=\"og:site_name\" content=\"Gwendreams\" \/>\n<meta property=\"article:publisher\" content=\"https:\/\/www.facebook.com\/profile.php?id=100063791695285\" \/>\n<meta property=\"article:modified_time\" content=\"2024-05-08T12:53:38+00:00\" \/>\n<meta property=\"og:image\" content=\"https:\/\/gwendreams.com\/wp-content\/uploads\/2019\/09\/HPIM2820.jpg\" \/>\n\t<meta property=\"og:image:width\" content=\"605\" \/>\n\t<meta property=\"og:image:height\" content=\"806\" \/>\n\t<meta property=\"og:image:type\" content=\"image\/jpeg\" \/>\n<meta name=\"twitter:card\" content=\"summary_large_image\" \/>\n<meta name=\"twitter:label1\" content=\"Dur\u00e9e de lecture estim\u00e9e\" \/>\n\t<meta name=\"twitter:data1\" content=\"1 minute\" \/>\n<script type=\"application\/ld+json\" class=\"yoast-schema-graph\">{\"@context\":\"https:\\\/\\\/schema.org\",\"@graph\":[{\"@type\":\"WebPage\",\"@id\":\"https:\\\/\\\/gwendreams.com\\\/index.php\\\/les-photos\\\/galerie-de-photos-caraibes\\\/\",\"url\":\"https:\\\/\\\/gwendreams.com\\\/index.php\\\/les-photos\\\/galerie-de-photos-caraibes\\\/\",\"name\":\"Galerie de photos Cara\u00efbes - Gwendreams\",\"isPartOf\":{\"@id\":\"https:\\\/\\\/gwendreams.com\\\/#website\"},\"primaryImageOfPage\":{\"@id\":\"https:\\\/\\\/gwendreams.com\\\/index.php\\\/les-photos\\\/galerie-de-photos-caraibes\\\/#primaryimage\"},\"image\":{\"@id\":\"https:\\\/\\\/gwendreams.com\\\/index.php\\\/les-photos\\\/galerie-de-photos-caraibes\\\/#primaryimage\"},\"thumbnailUrl\":\"https:\\\/\\\/gwendreams.com\\\/wp-content\\\/uploads\\\/2019\\\/09\\\/HPIM2820.jpg\",\"datePublished\":\"2019-09-07T12:56:59+00:00\",\"dateModified\":\"2024-05-08T12:53:38+00:00\",\"description\":\"photos Caraibes voyages Saint Barth\u00e9l\u00e9my \u00e9t\u00e9 mer oc\u00e9an faune flore tortues requins raies plong\u00e9e sous marine soleil\",\"breadcrumb\":{\"@id\":\"https:\\\/\\\/gwendreams.com\\\/index.php\\\/les-photos\\\/galerie-de-photos-caraibes\\\/#breadcrumb\"},\"inLanguage\":\"fr-FR\",\"potentialAction\":[{\"@type\":\"ReadAction\",\"target\":[\"https:\\\/\\\/gwendreams.com\\\/index.php\\\/les-photos\\\/galerie-de-photos-caraibes\\\/\"]}]},{\"@type\":\"ImageObject\",\"inLanguage\":\"fr-FR\",\"@id\":\"https:\\\/\\\/gwendreams.com\\\/index.php\\\/les-photos\\\/galerie-de-photos-caraibes\\\/#primaryimage\",\"url\":\"https:\\\/\\\/gwendreams.com\\\/wp-content\\\/uploads\\\/2019\\\/09\\\/HPIM2820.jpg\",\"contentUrl\":\"https:\\\/\\\/gwendreams.com\\\/wp-content\\\/uploads\\\/2019\\\/09\\\/HPIM2820.jpg\",\"width\":605,\"height\":806,\"caption\":\"St Barth\"},{\"@type\":\"BreadcrumbList\",\"@id\":\"https:\\\/\\\/gwendreams.com\\\/index.php\\\/les-photos\\\/galerie-de-photos-caraibes\\\/#breadcrumb\",\"itemListElement\":[{\"@type\":\"ListItem\",\"position\":1,\"name\":\"Accueil\",\"item\":\"https:\\\/\\\/gwendreams.com\\\/\"},{\"@type\":\"ListItem\",\"position\":2,\"name\":\"Photos\",\"item\":\"https:\\\/\\\/gwendreams.com\\\/index.php\\\/les-photos\\\/\"},{\"@type\":\"ListItem\",\"position\":3,\"name\":\"Galerie de photos Cara\u00efbes\"}]},{\"@type\":\"WebSite\",\"@id\":\"https:\\\/\\\/gwendreams.com\\\/#website\",\"url\":\"https:\\\/\\\/gwendreams.com\\\/\",\"name\":\"Gwendreams\",\"description\":\"Tout un monde \u00e0 d\u00e9couvrir !\",\"potentialAction\":[{\"@type\":\"SearchAction\",\"target\":{\"@type\":\"EntryPoint\",\"urlTemplate\":\"https:\\\/\\\/gwendreams.com\\\/?s={search_term_string}\"},\"query-input\":{\"@type\":\"PropertyValueSpecification\",\"valueRequired\":true,\"valueName\":\"search_term_string\"}}],\"inLanguage\":\"fr-FR\"}]}<\/script>\n<!-- \/ Yoast SEO plugin. -->","yoast_head_json":{"title":"Galerie de photos Cara\u00efbes - Gwendreams","description":"photos Caraibes voyages Saint Barth\u00e9l\u00e9my \u00e9t\u00e9 mer oc\u00e9an faune flore tortues requins raies plong\u00e9e sous marine soleil","robots":{"index":"index","follow":"follow","max-snippet":"max-snippet:-1","max-image-preview":"max-image-preview:large","max-video-preview":"max-video-preview:-1"},"canonical":"https:\/\/gwendreams.com\/index.php\/les-photos\/galerie-de-photos-caraibes\/","og_locale":"fr_FR","og_type":"article","og_title":"Galerie de photos Cara\u00efbes - Gwendreams","og_url":"https:\/\/gwendreams.com\/index.php\/les-photos\/galerie-de-photos-caraibes\/","og_site_name":"Gwendreams","article_publisher":"https:\/\/www.facebook.com\/profile.php?id=100063791695285","article_modified_time":"2024-05-08T12:53:38+00:00","og_image":[{"width":605,"height":806,"url":"https:\/\/gwendreams.com\/wp-content\/uploads\/2019\/09\/HPIM2820.jpg","type":"image\/jpeg"}],"twitter_card":"summary_large_image","twitter_misc":{"Dur\u00e9e de lecture estim\u00e9e":"1 minute"},"schema":{"@context":"https:\/\/schema.org","@graph":[{"@type":"WebPage","@id":"https:\/\/gwendreams.com\/index.php\/les-photos\/galerie-de-photos-caraibes\/","url":"https:\/\/gwendreams.com\/index.php\/les-photos\/galerie-de-photos-caraibes\/","name":"Galerie de photos Cara\u00efbes - Gwendreams","isPartOf":{"@id":"https:\/\/gwendreams.com\/#website"},"primaryImageOfPage":{"@id":"https:\/\/gwendreams.com\/index.php\/les-photos\/galerie-de-photos-caraibes\/#primaryimage"},"image":{"@id":"https:\/\/gwendreams.com\/index.php\/les-photos\/galerie-de-photos-caraibes\/#primaryimage"},"thumbnailUrl":"https:\/\/gwendreams.com\/wp-content\/uploads\/2019\/09\/HPIM2820.jpg","datePublished":"2019-09-07T12:56:59+00:00","dateModified":"2024-05-08T12:53:38+00:00","description":"photos Caraibes voyages Saint Barth\u00e9l\u00e9my \u00e9t\u00e9 mer oc\u00e9an faune flore tortues requins raies plong\u00e9e sous marine soleil","breadcrumb":{"@id":"https:\/\/gwendreams.com\/index.php\/les-photos\/galerie-de-photos-caraibes\/#breadcrumb"},"inLanguage":"fr-FR","potentialAction":[{"@type":"ReadAction","target":["https:\/\/gwendreams.com\/index.php\/les-photos\/galerie-de-photos-caraibes\/"]}]},{"@type":"ImageObject","inLanguage":"fr-FR","@id":"https:\/\/gwendreams.com\/index.php\/les-photos\/galerie-de-photos-caraibes\/#primaryimage","url":"https:\/\/gwendreams.com\/wp-content\/uploads\/2019\/09\/HPIM2820.jpg","contentUrl":"https:\/\/gwendreams.com\/wp-content\/uploads\/2019\/09\/HPIM2820.jpg","width":605,"height":806,"caption":"St Barth"},{"@type":"BreadcrumbList","@id":"https:\/\/gwendreams.com\/index.php\/les-photos\/galerie-de-photos-caraibes\/#breadcrumb","itemListElement":[{"@type":"ListItem","position":1,"name":"Accueil","item":"https:\/\/gwendreams.com\/"},{"@type":"ListItem","position":2,"name":"Photos","item":"https:\/\/gwendreams.com\/index.php\/les-photos\/"},{"@type":"ListItem","position":3,"name":"Galerie de photos Cara\u00efbes"}]},{"@type":"WebSite","@id":"https:\/\/gwendreams.com\/#website","url":"https:\/\/gwendreams.com\/","name":"Gwendreams","description":"Tout un monde \u00e0 d\u00e9couvrir !","potentialAction":[{"@type":"SearchAction","target":{"@type":"EntryPoint","urlTemplate":"https:\/\/gwendreams.com\/?s={search_term_string}"},"query-input":{"@type":"PropertyValueSpecification","valueRequired":true,"valueName":"search_term_string"}}],"inLanguage":"fr-FR"}]}},"jetpack_sharing_enabled":true,"_links":{"self":[{"href":"https:\/\/gwendreams.com\/index.php\/wp-json\/wp\/v2\/pages\/1491","targetHints":{"allow":["GET"]}}],"collection":[{"href":"https:\/\/gwendreams.com\/index.php\/wp-json\/wp\/v2\/pages"}],"about":[{"href":"https:\/\/gwendreams.com\/index.php\/wp-json\/wp\/v2\/types\/page"}],"author":[{"embeddable":true,"href":"https:\/\/gwendreams.com\/index.php\/wp-json\/wp\/v2\/users\/2"}],"replies":[{"embeddable":true,"href":"https:\/\/gwendreams.com\/index.php\/wp-json\/wp\/v2\/comments?post=1491"}],"version-history":[{"count":2,"href":"https:\/\/gwendreams.com\/index.php\/wp-json\/wp\/v2\/pages\/1491\/revisions"}],"predecessor-version":[{"id":2770,"href":"https:\/\/gwendreams.com\/index.php\/wp-json\/wp\/v2\/pages\/1491\/revisions\/2770"}],"up":[{"embeddable":true,"href":"https:\/\/gwendreams.com\/index.php\/wp-json\/wp\/v2\/pages\/2072"}],"wp:featuredmedia":[{"embeddable":true,"href":"https:\/\/gwendreams.com\/index.php\/wp-json\/wp\/v2\/media\/2728"}],"wp:attachment":[{"href":"https:\/\/gwendreams.com\/index.php\/wp-json\/wp\/v2\/media?parent=1491"}],"curies":[{"name":"wp","href":"https:\/\/api.w.org\/{rel}","templated":true}]}}