{"id":1798,"date":"2019-06-17T19:17:44","date_gmt":"2019-06-17T17:17:44","guid":{"rendered":"https:\/\/gwendreams.com\/?page_id=1798"},"modified":"2023-03-24T17:02:08","modified_gmt":"2023-03-24T16:02:08","slug":"expatriee-au-quebec","status":"publish","type":"page","link":"https:\/\/gwendreams.com\/index.php\/les-voyages\/expatriee-au-quebec\/","title":{"rendered":"Expatri\u00e9e au Qu\u00e9bec 2008-2015"},"content":{"rendered":"<h2 style=\"text-align: justify;\">Une bloggueuse au Canada<\/h2>\n<p style=\"text-align: justify;\">Expatri\u00e9e au Qu\u00e9bec, Canada, entre 2008 et 2015, j&rsquo;y ai tenu un blog en 2008 et 2010.<\/p>\n<p style=\"text-align: justify;\">Petits moments et grandes \u00e9motions autour du Lac Saint-Jean et du fjord du Saguenay, rencontres avec les ours, les loups, les castors &#8230; Apprentissage d&rsquo;une nouvelle culture, d\u00e9couvertes en tous genres, amiti\u00e9s nouvelles. Des grands froids de l&rsquo;hivers aux fortes chaleurs de l&rsquo;\u00e9t\u00e9, des routes sans fin aux int\u00e9rieurs confortables, ces articles \u00e9clairent le quotidien du sud du Grand Nord.<\/p>\n<h2>Retour en Europe<\/h2>\n<p style=\"text-align: justify;\"><img loading=\"lazy\" decoding=\"async\" class=\"size-medium wp-image-3045 alignleft\" src=\"http:\/\/gwendreams.com\/wp-content\/uploads\/2019\/09\/couleurs-dautomne-300x225.jpg\" alt=\"\" width=\"300\" height=\"225\" srcset=\"https:\/\/gwendreams.com\/wp-content\/uploads\/2019\/09\/couleurs-dautomne-300x225.jpg 300w, https:\/\/gwendreams.com\/wp-content\/uploads\/2019\/09\/couleurs-dautomne-768x576.jpg 768w, https:\/\/gwendreams.com\/wp-content\/uploads\/2019\/09\/couleurs-dautomne.jpg 800w\" sizes=\"auto, (max-width: 300px) 100vw, 300px\" \/>Quelques ann\u00e9es plus tard, la n\u00e9o-canadienne que je suis devenue en adoptant cette seconde nationalit\u00e9 est de nouveau expatri\u00e9e \u00e0 partir de 2016, de nouveau en Europe, cette fois dans le Sud, en Espagne.<\/p>\n<h2>Une s\u00e9rie d&rsquo;articles<\/h2>\n<p style=\"text-align: justify;\">Les articles sont republi\u00e9s dans une s\u00e9rie :\u00a0<strong>Il y a tout juste 10 ans<\/strong> \u00e0 partir de la mi-juillet 2019. Chaque article para\u00eetra exactement le m\u00eame jour, une d\u00e9cennie apr\u00e8s !<\/p>\n<h2>La nouvelle s\u00e9rie d&rsquo;articles<\/h2>\n<p>Quelques archives m&rsquo;ayant jusqu&rsquo;ici \u00e9chapp\u00e9, j&rsquo;ai le plaisir de vous pr\u00e9senter maintenant la nouvelle s\u00e9rie : <strong>C&rsquo;\u00e9tait il y a 14 ans<\/strong>. Chaque article para\u00eetra de nouveau exactement le m\u00eame jour, quatorze ans plus tard !<\/p>\n<h2>Dans l&rsquo;ordre chronologique :<\/h2>\n<ul>\n<li><a href=\"http:\/\/gwendreams.com\/index.php\/2019\/07\/15\/dans-la-famille-voyage-je-demande-le-quebec\/\">Dans la famille voyage, je demande le Qu\u00e9bec<\/a><\/li>\n<\/ul>\n<p>2008<\/p>\n<ul>\n<li><a style=\"font-size: revert;\" href=\"https:\/\/gwendreams.com\/index.php\/2022\/04\/03\/une-nouvelle-vie\/\">Une nouvelle vie<\/a><\/li>\n<li><a style=\"font-size: revert;\" href=\"https:\/\/gwendreams.com\/index.php\/2022\/04\/09\/a-la-decouverte-de-montreal\/\">\u00c0 la d\u00e9couverte de Montr\u00e9al<\/a><\/li>\n<li><a style=\"font-size: revert;\" href=\"https:\/\/gwendreams.com\/index.php\/2022\/04\/10\/cinema-dans-la-ville\/\">Cin\u00e9ma dans la ville<\/a><\/li>\n<li><a style=\"font-size: revert;\" href=\"https:\/\/gwendreams.com\/index.php\/2022\/04\/11\/mobilite-durable\/\">Mobilit\u00e9 durable<\/a><\/li>\n<li><a style=\"font-size: revert;\" href=\"https:\/\/gwendreams.com\/index.php\/2022\/04\/14\/le-reveil-des-petits-ecureuils-gris\/\">Le r\u00e9veil des petits \u00e9cureuils gris<\/a><\/li>\n<li><a style=\"font-size: revert;\" href=\"https:\/\/gwendreams.com\/index.php\/2022\/04\/15\/formations-pour-immigrants\/\">Formations pour immigrants<\/a><\/li>\n<li><a style=\"font-size: revert;\" href=\"https:\/\/gwendreams.com\/index.php\/2022\/04\/20\/quebec-city\/\">Qu\u00e9bec city<\/a><\/li>\n<li><a style=\"font-size: revert;\" href=\"https:\/\/gwendreams.com\/index.php\/2022\/04\/27\/delicieux-biodome\/\">D\u00e9licieux Biod\u00f4me<\/a><\/li>\n<li><a style=\"font-size: revert;\" href=\"https:\/\/gwendreams.com\/index.php\/2022\/05\/05\/ascension-du-mont-royal-par-la-face-nord\/\">Ascension du Mont Royal par la face Nord<\/a><\/li>\n<li><a style=\"font-size: revert;\" href=\"https:\/\/gwendreams.com\/index.php\/2022\/05\/09\/en-men-allant-au-lac-saint-jean\/\">En m\u2019en allant au Lac-saint-Jean \u2026<\/a><\/li>\n<li><a style=\"font-size: revert;\" href=\"https:\/\/gwendreams.com\/index.php\/2022\/05\/18\/le-moulin-des-pionniers\/\">Le moulin des Pionniers<\/a><\/li>\n<li><a style=\"font-size: revert;\" href=\"https:\/\/gwendreams.com\/index.php\/2022\/05\/24\/une-ouananiche-un-dore\/\">Une ouananiche, un dor\u00e9<\/a><\/li>\n<li><a style=\"font-size: revert;\" href=\"https:\/\/gwendreams.com\/index.php\/2022\/06\/16\/voyage-au-pays-des-baleines\/\">Voyage au pays des baleines<\/a><\/li>\n<li><a style=\"font-size: revert;\" href=\"https:\/\/gwendreams.com\/index.php\/2022\/06\/25\/lappel-de-la-riviere\/\">L\u2019appel de la rivi\u00e8re<\/a><\/li>\n<li><a style=\"font-size: revert;\" href=\"https:\/\/gwendreams.com\/index.php\/2022\/07\/29\/un-loup-roux-dans-la-tete\/\">Un loup roux dans la t\u00eate<\/a><\/li>\n<li><a style=\"font-size: revert;\" href=\"https:\/\/gwendreams.com\/index.php\/2022\/11\/15\/tempete-de-neige\/\">Temp\u00eate de neige ?<\/a><\/li>\n<\/ul>\n<p>2009<\/p>\n<ul>\n<li><a style=\"font-size: revert;\" href=\"https:\/\/gwendreams.com\/index.php\/2022\/11\/02\/dun-cote-de-locean-vers-lautre\/\">D\u2019un c\u00f4t\u00e9 de l\u2019oc\u00e9an vers l\u2019autre<\/a><\/li>\n<li><a style=\"font-size: revert;\" href=\"http:\/\/gwendreams.com\/index.php\/2019\/07\/18\/ground-zero-pluie-et-nouveau-monde\/\">Ground z\u00e9ro : pluie et nouveau monde<\/a><\/li>\n<li><a style=\"font-size: revert;\" href=\"http:\/\/gwendreams.com\/index.php\/2019\/07\/19\/jonquiere-la-verte\/\">Jonqui\u00e8re la verte<\/a><\/li>\n<li><a style=\"font-size: revert;\" href=\"http:\/\/gwendreams.com\/index.php\/2019\/07\/20\/le-dieu-soleil\/\">Le dieu soleil<\/a><\/li>\n<li><a style=\"font-size: revert;\" href=\"http:\/\/gwendreams.com\/index.php\/2019\/07\/21\/traces-de-civilisation-en-contrees-sauvages\/\">Traces de civilisation en contr\u00e9es sauvages<\/a><\/li>\n<li><a style=\"font-size: revert;\" href=\"http:\/\/gwendreams.com\/index.php\/2019\/07\/22\/la-course-effrenee-de-la-marmotte\/\">La course effr\u00e9n\u00e9e de la marmotte<\/a><\/li>\n<li><a style=\"font-size: revert;\" href=\"http:\/\/gwendreams.com\/index.php\/2019\/07\/23\/sur-un-air-de-sud\/\">Sur un air de sud<\/a><\/li>\n<li><a style=\"font-size: revert;\" href=\"http:\/\/gwendreams.com\/index.php\/2019\/07\/24\/le-lac-presque-une-mer-interieure\/\">Le lac, presque une mer int\u00e9rieure \u2026<\/a><\/li>\n<li><a style=\"font-size: revert;\" href=\"http:\/\/gwendreams.com\/index.php\/2019\/07\/25\/le-lac-saint-jean\/\">Le Lac-saint-Jean<\/a><\/li>\n<li><a style=\"font-size: revert;\" href=\"http:\/\/gwendreams.com\/index.php\/2019\/07\/26\/acide-formique-dominical\/\">Acide formique dominical<\/a><\/li>\n<li><a style=\"font-size: revert;\" href=\"http:\/\/gwendreams.com\/index.php\/2019\/07\/27\/un-long-fleuve-tranquille\/\">Un long fleuve tranquille<\/a><\/li>\n<li><a style=\"font-size: revert;\" href=\"http:\/\/gwendreams.com\/index.php\/2019\/07\/29\/canicule-et-bon-voisinage\/\">Canicule et bon voisinage<\/a><\/li>\n<li><a style=\"font-size: revert;\" href=\"http:\/\/gwendreams.com\/index.php\/2019\/07\/31\/le-serpent-et-les-girolles\/\">Le serpent et les girolles<\/a><\/li>\n<li><a style=\"font-size: revert;\" href=\"http:\/\/gwendreams.com\/index.php\/2019\/08\/03\/les-surfeurs-de-canape-sont-de-retour\/\">Les surfeurs de canap\u00e9 sont de retour<\/a><\/li>\n<li><a style=\"font-size: revert;\" href=\"http:\/\/gwendreams.com\/index.php\/2019\/08\/04\/pas-de-concert-sous-la-pluie\/\">Pas de concert sous la pluie<\/a><\/li>\n<li><a style=\"font-size: revert;\" href=\"http:\/\/gwendreams.com\/index.php\/2019\/08\/07\/une-seule-vie-tellement-denvies\/\">Une seule vie, tellement d\u2019envies<\/a><\/li>\n<li><a style=\"font-size: revert;\" href=\"http:\/\/gwendreams.com\/index.php\/2019\/08\/08\/lappel-du-chalet\/\">L\u2019appel du chalet<\/a><\/li>\n<li><a style=\"font-size: revert;\" href=\"http:\/\/gwendreams.com\/index.php\/2019\/08\/10\/petit-lac-petit-paradis\/\">Petit lac, petit paradis<\/a><\/li>\n<li><a style=\"font-size: revert;\" href=\"http:\/\/gwendreams.com\/index.php\/2019\/08\/11\/a-la-recherche-des-bleuets\/\">\u00c0 la recherche des bleuets<\/a><\/li>\n<li><a style=\"font-size: revert;\" href=\"http:\/\/gwendreams.com\/index.php\/2019\/08\/14\/la-piste-vers-nulle-part\/\">La piste vers nulle part<\/a><\/li>\n<li><a style=\"font-size: revert;\" href=\"http:\/\/gwendreams.com\/index.php\/2019\/08\/20\/le-camp-du-kilometre-50\/\">Le camp du kilom\u00e8tre 50<\/a><\/li>\n<li><a style=\"font-size: revert;\" href=\"http:\/\/gwendreams.com\/index.php\/2019\/08\/21\/recyclage-jusqua-la-corde\/\">Recyclage jusqu\u2019\u00e0 la corde<\/a><\/li>\n<li><a style=\"font-size: revert;\" href=\"http:\/\/gwendreams.com\/index.php\/2019\/08\/22\/damn-encore-manque\/\">Damn, encore manqu\u00e9 !<\/a><\/li>\n<li><a style=\"font-size: revert;\" href=\"http:\/\/gwendreams.com\/index.php\/2019\/08\/27\/rencontre-piquante\/\">Rencontre piquante<\/a><\/li>\n<li><a style=\"font-size: revert;\" href=\"http:\/\/gwendreams.com\/index.php\/2019\/09\/06\/premiers-vols\/\">Premiers vols<\/a><\/li>\n<li><a style=\"font-size: revert;\" href=\"https:\/\/gwendreams.com\/index.php\/2019\/09\/17\/borealie\/\">Bor\u00e9alie<\/a><\/li>\n<li><a style=\"font-size: revert;\" href=\"https:\/\/gwendreams.com\/index.php\/2019\/09\/19\/ensorcelee-par-un-phoque\/\">Ensorcel\u00e9e par un phoque<\/a><\/li>\n<li><a href=\"https:\/\/gwendreams.com\/index.php\/2019\/09\/20\/plage-de-la-pointe-taillon\/\">Plage de la Pointe-Taillon<\/a><\/li>\n<li><a style=\"font-size: revert;\" href=\"https:\/\/gwendreams.com\/index.php\/2019\/09\/27\/teddy-bear\/\">Teddy Bear<\/a><\/li>\n<\/ul>\n<ul>\n<li><a style=\"font-size: revert;\" href=\"https:\/\/gwendreams.com\/index.php\/2019\/10\/22\/les-premieres-neiges\/\">Les premi\u00e8res neiges<\/a><\/li>\n<li><a style=\"font-size: revert;\" href=\"https:\/\/gwendreams.com\/index.php\/2019\/11\/03\/un-brin-de-nostalji\/\">Un brin de nostalji<\/a><\/li>\n<li><a style=\"font-size: revert;\" href=\"https:\/\/gwendreams.com\/index.php\/2019\/12\/07\/du-homard-au-souper\/\">Du homard au souper<\/a><\/li>\n<li><a href=\"https:\/\/gwendreams.com\/index.php\/2019\/12\/19\/quatre-chiens-et-un-traineau\/\">Quatre chiens et un tra\u00eeneau<\/a><\/li>\n<\/ul>\n<p>2010<\/p>\n<ul>\n<li><a style=\"font-size: revert;\" href=\"https:\/\/gwendreams.com\/index.php\/2020\/02\/20\/avec-les-loups\/\">Avec les loups<\/a><\/li>\n<li><a style=\"font-size: revert;\" href=\"https:\/\/gwendreams.com\/index.php\/2020\/02\/28\/conseils-dentretien\/\">Conseils d&rsquo;entretien<\/a><\/li>\n<li><a style=\"font-size: revert;\" href=\"https:\/\/gwendreams.com\/index.php\/2020\/02\/28\/finale-olympique\/\">Finale olympique<\/a><\/li>\n<li><a style=\"font-size: revert;\" href=\"https:\/\/gwendreams.com\/index.php\/2020\/03\/06\/lindividu-dans-la-masse\/\">L&rsquo;individu dans la masse<\/a><\/li>\n<li><a style=\"font-size: revert;\" href=\"https:\/\/gwendreams.com\/index.php\/2020\/03\/08\/hommage-au-cinema-espagnol\/\">Hommage au cin\u00e9ma espagnol<\/a><\/li>\n<li><a style=\"font-size: revert;\" href=\"https:\/\/gwendreams.com\/index.php\/2020\/04\/04\/source-deau-derable\/\">Source d&rsquo;eau d&rsquo;\u00e9rable<\/a><\/li>\n<li><a style=\"font-size: revert;\" href=\"https:\/\/gwendreams.com\/index.php\/2020\/04\/17\/kaleidoscope-demotions\/\">Kal\u00e9idoscope d&rsquo;\u00e9motions<\/a><\/li>\n<li><a style=\"font-size: revert;\" href=\"https:\/\/gwendreams.com\/index.php\/2020\/04\/26\/la-culture-ca-se-mange-bien-sur\/\">La culture &#8230; \u00e7a se mange bien s\u00fbr !<\/a><\/li>\n<\/ul>\n","protected":false},"excerpt":{"rendered":"<p>Une bloggueuse au Canada Expatri\u00e9e au Qu\u00e9bec, Canada, entre 2008 et 2015, j&rsquo;y ai tenu un blog en 2008 et 2010. Petits moments et grandes \u00e9motions autour du Lac Saint-Jean et du fjord du Saguenay, rencontres avec les ours, les loups, les castors &#8230; Apprentissage d&rsquo;une nouvelle culture, d\u00e9couvertes en&#8230;<\/p>\n<div class=\"more-link-wrapper\"><a class=\"more-link\" href=\"https:\/\/gwendreams.com\/index.php\/les-voyages\/expatriee-au-quebec\/\">Continuer la lecture<span class=\"screen-reader-text\">Expatri\u00e9e au Qu\u00e9bec 2008-2015<\/span><\/a><\/div>\n","protected":false},"author":2,"featured_media":3040,"parent":396,"menu_order":0,"comment_status":"closed","ping_status":"closed","template":"","meta":{"jetpack_post_was_ever_published":false,"iawp_total_views":2,"footnotes":""},"class_list":["post-1798","page","type-page","status-publish","has-post-thumbnail","hentry","entry"],"yoast_head":"<!-- This site is optimized with the Yoast SEO plugin v27.3 - https:\/\/yoast.com\/product\/yoast-seo-wordpress\/ -->\n<title>Expatri\u00e9e au Qu\u00e9bec 2008-2015 - Gwendreams<\/title>\n<meta name=\"robots\" content=\"index, follow, max-snippet:-1, max-image-preview:large, max-video-preview:-1\" \/>\n<link rel=\"canonical\" href=\"https:\/\/gwendreams.com\/index.php\/les-voyages\/expatriee-au-quebec\/\" \/>\n<meta property=\"og:locale\" content=\"fr_FR\" \/>\n<meta property=\"og:type\" content=\"article\" \/>\n<meta property=\"og:title\" content=\"Expatri\u00e9e au Qu\u00e9bec 2008-2015 - Gwendreams\" \/>\n<meta property=\"og:description\" content=\"Une bloggueuse au Canada Expatri\u00e9e au Qu\u00e9bec, Canada, entre 2008 et 2015, j&rsquo;y ai tenu un blog en 2008 et 2010. Petits moments et grandes \u00e9motions autour du Lac Saint-Jean et du fjord du Saguenay, rencontres avec les ours, les loups, les castors &#8230; Apprentissage d&rsquo;une nouvelle culture, d\u00e9couvertes en&#8230;\" \/>\n<meta property=\"og:url\" content=\"https:\/\/gwendreams.com\/index.php\/les-voyages\/expatriee-au-quebec\/\" \/>\n<meta property=\"og:site_name\" content=\"Gwendreams\" \/>\n<meta property=\"article:publisher\" content=\"https:\/\/www.facebook.com\/profile.php?id=100063791695285\" \/>\n<meta property=\"article:modified_time\" content=\"2023-03-24T16:02:08+00:00\" \/>\n<meta property=\"og:image\" content=\"https:\/\/gwendreams.com\/wp-content\/uploads\/2019\/09\/Sainte-Rose-du-Nord-2.jpg\" \/>\n\t<meta property=\"og:image:width\" content=\"800\" \/>\n\t<meta property=\"og:image:height\" content=\"600\" \/>\n\t<meta property=\"og:image:type\" content=\"image\/jpeg\" \/>\n<meta name=\"twitter:card\" content=\"summary_large_image\" \/>\n<meta name=\"twitter:label1\" content=\"Dur\u00e9e de lecture estim\u00e9e\" \/>\n\t<meta name=\"twitter:data1\" content=\"3 minutes\" \/>\n<script type=\"application\/ld+json\" class=\"yoast-schema-graph\">{\"@context\":\"https:\\\/\\\/schema.org\",\"@graph\":[{\"@type\":\"WebPage\",\"@id\":\"https:\\\/\\\/gwendreams.com\\\/index.php\\\/les-voyages\\\/expatriee-au-quebec\\\/\",\"url\":\"https:\\\/\\\/gwendreams.com\\\/index.php\\\/les-voyages\\\/expatriee-au-quebec\\\/\",\"name\":\"Expatri\u00e9e au Qu\u00e9bec 2008-2015 - Gwendreams\",\"isPartOf\":{\"@id\":\"https:\\\/\\\/gwendreams.com\\\/#website\"},\"primaryImageOfPage\":{\"@id\":\"https:\\\/\\\/gwendreams.com\\\/index.php\\\/les-voyages\\\/expatriee-au-quebec\\\/#primaryimage\"},\"image\":{\"@id\":\"https:\\\/\\\/gwendreams.com\\\/index.php\\\/les-voyages\\\/expatriee-au-quebec\\\/#primaryimage\"},\"thumbnailUrl\":\"https:\\\/\\\/gwendreams.com\\\/wp-content\\\/uploads\\\/2019\\\/09\\\/Sainte-Rose-du-Nord-2.jpg\",\"datePublished\":\"2019-06-17T17:17:44+00:00\",\"dateModified\":\"2023-03-24T16:02:08+00:00\",\"breadcrumb\":{\"@id\":\"https:\\\/\\\/gwendreams.com\\\/index.php\\\/les-voyages\\\/expatriee-au-quebec\\\/#breadcrumb\"},\"inLanguage\":\"fr-FR\",\"potentialAction\":[{\"@type\":\"ReadAction\",\"target\":[\"https:\\\/\\\/gwendreams.com\\\/index.php\\\/les-voyages\\\/expatriee-au-quebec\\\/\"]}]},{\"@type\":\"ImageObject\",\"inLanguage\":\"fr-FR\",\"@id\":\"https:\\\/\\\/gwendreams.com\\\/index.php\\\/les-voyages\\\/expatriee-au-quebec\\\/#primaryimage\",\"url\":\"https:\\\/\\\/gwendreams.com\\\/wp-content\\\/uploads\\\/2019\\\/09\\\/Sainte-Rose-du-Nord-2.jpg\",\"contentUrl\":\"https:\\\/\\\/gwendreams.com\\\/wp-content\\\/uploads\\\/2019\\\/09\\\/Sainte-Rose-du-Nord-2.jpg\",\"width\":800,\"height\":600},{\"@type\":\"BreadcrumbList\",\"@id\":\"https:\\\/\\\/gwendreams.com\\\/index.php\\\/les-voyages\\\/expatriee-au-quebec\\\/#breadcrumb\",\"itemListElement\":[{\"@type\":\"ListItem\",\"position\":1,\"name\":\"Accueil\",\"item\":\"https:\\\/\\\/gwendreams.com\\\/\"},{\"@type\":\"ListItem\",\"position\":2,\"name\":\"Voyages\",\"item\":\"https:\\\/\\\/gwendreams.com\\\/index.php\\\/les-voyages\\\/\"},{\"@type\":\"ListItem\",\"position\":3,\"name\":\"Expatri\u00e9e au Qu\u00e9bec 2008-2015\"}]},{\"@type\":\"WebSite\",\"@id\":\"https:\\\/\\\/gwendreams.com\\\/#website\",\"url\":\"https:\\\/\\\/gwendreams.com\\\/\",\"name\":\"Gwendreams\",\"description\":\"Tout un monde \u00e0 d\u00e9couvrir !\",\"potentialAction\":[{\"@type\":\"SearchAction\",\"target\":{\"@type\":\"EntryPoint\",\"urlTemplate\":\"https:\\\/\\\/gwendreams.com\\\/?s={search_term_string}\"},\"query-input\":{\"@type\":\"PropertyValueSpecification\",\"valueRequired\":true,\"valueName\":\"search_term_string\"}}],\"inLanguage\":\"fr-FR\"}]}<\/script>\n<!-- \/ Yoast SEO plugin. -->","yoast_head_json":{"title":"Expatri\u00e9e au Qu\u00e9bec 2008-2015 - Gwendreams","robots":{"index":"index","follow":"follow","max-snippet":"max-snippet:-1","max-image-preview":"max-image-preview:large","max-video-preview":"max-video-preview:-1"},"canonical":"https:\/\/gwendreams.com\/index.php\/les-voyages\/expatriee-au-quebec\/","og_locale":"fr_FR","og_type":"article","og_title":"Expatri\u00e9e au Qu\u00e9bec 2008-2015 - Gwendreams","og_description":"Une bloggueuse au Canada Expatri\u00e9e au Qu\u00e9bec, Canada, entre 2008 et 2015, j&rsquo;y ai tenu un blog en 2008 et 2010. Petits moments et grandes \u00e9motions autour du Lac Saint-Jean et du fjord du Saguenay, rencontres avec les ours, les loups, les castors &#8230; Apprentissage d&rsquo;une nouvelle culture, d\u00e9couvertes en&#8230;","og_url":"https:\/\/gwendreams.com\/index.php\/les-voyages\/expatriee-au-quebec\/","og_site_name":"Gwendreams","article_publisher":"https:\/\/www.facebook.com\/profile.php?id=100063791695285","article_modified_time":"2023-03-24T16:02:08+00:00","og_image":[{"width":800,"height":600,"url":"https:\/\/gwendreams.com\/wp-content\/uploads\/2019\/09\/Sainte-Rose-du-Nord-2.jpg","type":"image\/jpeg"}],"twitter_card":"summary_large_image","twitter_misc":{"Dur\u00e9e de lecture estim\u00e9e":"3 minutes"},"schema":{"@context":"https:\/\/schema.org","@graph":[{"@type":"WebPage","@id":"https:\/\/gwendreams.com\/index.php\/les-voyages\/expatriee-au-quebec\/","url":"https:\/\/gwendreams.com\/index.php\/les-voyages\/expatriee-au-quebec\/","name":"Expatri\u00e9e au Qu\u00e9bec 2008-2015 - Gwendreams","isPartOf":{"@id":"https:\/\/gwendreams.com\/#website"},"primaryImageOfPage":{"@id":"https:\/\/gwendreams.com\/index.php\/les-voyages\/expatriee-au-quebec\/#primaryimage"},"image":{"@id":"https:\/\/gwendreams.com\/index.php\/les-voyages\/expatriee-au-quebec\/#primaryimage"},"thumbnailUrl":"https:\/\/gwendreams.com\/wp-content\/uploads\/2019\/09\/Sainte-Rose-du-Nord-2.jpg","datePublished":"2019-06-17T17:17:44+00:00","dateModified":"2023-03-24T16:02:08+00:00","breadcrumb":{"@id":"https:\/\/gwendreams.com\/index.php\/les-voyages\/expatriee-au-quebec\/#breadcrumb"},"inLanguage":"fr-FR","potentialAction":[{"@type":"ReadAction","target":["https:\/\/gwendreams.com\/index.php\/les-voyages\/expatriee-au-quebec\/"]}]},{"@type":"ImageObject","inLanguage":"fr-FR","@id":"https:\/\/gwendreams.com\/index.php\/les-voyages\/expatriee-au-quebec\/#primaryimage","url":"https:\/\/gwendreams.com\/wp-content\/uploads\/2019\/09\/Sainte-Rose-du-Nord-2.jpg","contentUrl":"https:\/\/gwendreams.com\/wp-content\/uploads\/2019\/09\/Sainte-Rose-du-Nord-2.jpg","width":800,"height":600},{"@type":"BreadcrumbList","@id":"https:\/\/gwendreams.com\/index.php\/les-voyages\/expatriee-au-quebec\/#breadcrumb","itemListElement":[{"@type":"ListItem","position":1,"name":"Accueil","item":"https:\/\/gwendreams.com\/"},{"@type":"ListItem","position":2,"name":"Voyages","item":"https:\/\/gwendreams.com\/index.php\/les-voyages\/"},{"@type":"ListItem","position":3,"name":"Expatri\u00e9e au Qu\u00e9bec 2008-2015"}]},{"@type":"WebSite","@id":"https:\/\/gwendreams.com\/#website","url":"https:\/\/gwendreams.com\/","name":"Gwendreams","description":"Tout un monde \u00e0 d\u00e9couvrir !","potentialAction":[{"@type":"SearchAction","target":{"@type":"EntryPoint","urlTemplate":"https:\/\/gwendreams.com\/?s={search_term_string}"},"query-input":{"@type":"PropertyValueSpecification","valueRequired":true,"valueName":"search_term_string"}}],"inLanguage":"fr-FR"}]}},"jetpack_sharing_enabled":true,"_links":{"self":[{"href":"https:\/\/gwendreams.com\/index.php\/wp-json\/wp\/v2\/pages\/1798","targetHints":{"allow":["GET"]}}],"collection":[{"href":"https:\/\/gwendreams.com\/index.php\/wp-json\/wp\/v2\/pages"}],"about":[{"href":"https:\/\/gwendreams.com\/index.php\/wp-json\/wp\/v2\/types\/page"}],"author":[{"embeddable":true,"href":"https:\/\/gwendreams.com\/index.php\/wp-json\/wp\/v2\/users\/2"}],"replies":[{"embeddable":true,"href":"https:\/\/gwendreams.com\/index.php\/wp-json\/wp\/v2\/comments?post=1798"}],"version-history":[{"count":34,"href":"https:\/\/gwendreams.com\/index.php\/wp-json\/wp\/v2\/pages\/1798\/revisions"}],"predecessor-version":[{"id":4479,"href":"https:\/\/gwendreams.com\/index.php\/wp-json\/wp\/v2\/pages\/1798\/revisions\/4479"}],"up":[{"embeddable":true,"href":"https:\/\/gwendreams.com\/index.php\/wp-json\/wp\/v2\/pages\/396"}],"wp:featuredmedia":[{"embeddable":true,"href":"https:\/\/gwendreams.com\/index.php\/wp-json\/wp\/v2\/media\/3040"}],"wp:attachment":[{"href":"https:\/\/gwendreams.com\/index.php\/wp-json\/wp\/v2\/media?parent=1798"}],"curies":[{"name":"wp","href":"https:\/\/api.w.org\/{rel}","templated":true}]}}