{"id":192,"date":"2018-06-30T19:15:37","date_gmt":"2018-06-30T17:15:37","guid":{"rendered":"http:\/\/gwendreams.com\/?page_id=192"},"modified":"2024-05-07T19:46:48","modified_gmt":"2024-05-07T17:46:48","slug":"les-montagnes-enchantees","status":"publish","type":"page","link":"https:\/\/gwendreams.com\/index.php\/les-montagnes\/les-montagnes-enchantees\/","title":{"rendered":"Les montagnes enchant\u00e9es"},"content":{"rendered":"<h2 style=\"text-align: justify;\">\u00a0Un parc national<\/h2>\n<p style=\"text-align: justify;\">Surplombant le val d\u2019Aran, dans les Pyr\u00e9n\u00e9es catalanes, se trouve le parc national d\u2019Aiguestortes et Estany de Sant Maurici.<\/p>\n<p style=\"text-align: justify;\">C\u2019est un paradis haut perch\u00e9, dont les merveilles se m\u00e9ritent au prix d\u2019heures de marche, de refuge en refuge, de lac en col, de n\u00e9v\u00e9 en pente herbeuse, de chaos rocheux en for\u00eat de pins noirs.<\/p>\n<h2>Pour des randonn\u00e9es spectaculaires<\/h2>\n<p style=\"text-align: justify;\">Il est possible d&rsquo;y effectuer une randonn\u00e9e itin\u00e9rante assez compl\u00e8te qui passe par tous les refuges du parc national, pour laquelle il faut compter entre 5 jours (physiquement exigeant) et 8 jours ou plus (en se m\u00e9nageant).<\/p>\n<p style=\"text-align: justify;\">Cette randonn\u00e9e est nomm\u00e9e Carros de Foc en catalan, ce qui signifie les Charriots de Feu.<\/p>\n<p><a href=\"https:\/\/parcsnaturals.gencat.cat\/fr\/xarxa-de-parcs\/aiguestortes\/inici\/index.html\" target=\"_blank\" rel=\"noopener\">Visiter le site du parc<\/a>.<\/p>\n<p>Pour visiter le site de la Carros de Foc, <a href=\"https:\/\/www.carrosdefoc.com\/fr\/\" target=\"_blank\" rel=\"noopener noreferrer\">cliquer ici<\/a>.<\/p>\n<p>Mais\u00a0place\u00a0aux\u00a0photos\u00a0:<\/p>\n<table style=\"height: 823px;\" border=\"0\" width=\"656\">\n<tbody>\n<tr>\n<td><a href=\"http:\/\/gwendreams.com\/wp-content\/uploads\/2018\/06\/P6240374-Copier.jpg\"><img loading=\"lazy\" decoding=\"async\" class=\"alignnone size-medium wp-image-2447\" src=\"http:\/\/gwendreams.com\/wp-content\/uploads\/2019\/09\/les-Encantats-300x225.jpg\" alt=\"les Encantats\" width=\"300\" height=\"225\" srcset=\"https:\/\/gwendreams.com\/wp-content\/uploads\/2019\/09\/les-Encantats-300x225.jpg 300w, https:\/\/gwendreams.com\/wp-content\/uploads\/2019\/09\/les-Encantats-768x576.jpg 768w, https:\/\/gwendreams.com\/wp-content\/uploads\/2019\/09\/les-Encantats.jpg 800w\" sizes=\"auto, (max-width: 300px) 100vw, 300px\" \/><\/a><\/td>\n<td><a href=\"http:\/\/gwendreams.com\/wp-content\/uploads\/2018\/06\/P6240374-Copier.jpg\"><img loading=\"lazy\" decoding=\"async\" class=\"alignnone size-medium wp-image-2439\" src=\"http:\/\/gwendreams.com\/wp-content\/uploads\/2019\/09\/lacs-des-encantats-3-300x225.jpg\" alt=\"\" width=\"300\" height=\"225\" srcset=\"https:\/\/gwendreams.com\/wp-content\/uploads\/2019\/09\/lacs-des-encantats-3-300x225.jpg 300w, https:\/\/gwendreams.com\/wp-content\/uploads\/2019\/09\/lacs-des-encantats-3-768x576.jpg 768w, https:\/\/gwendreams.com\/wp-content\/uploads\/2019\/09\/lacs-des-encantats-3.jpg 800w\" sizes=\"auto, (max-width: 300px) 100vw, 300px\" \/><\/a><\/td>\n<td><a href=\"http:\/\/gwendreams.com\/wp-content\/uploads\/2018\/06\/P6240374-Copier.jpg\"><img loading=\"lazy\" decoding=\"async\" class=\"alignnone size-medium wp-image-2374\" src=\"http:\/\/gwendreams.com\/wp-content\/uploads\/2019\/09\/entree-de-mine-dans-les-Encantats-300x225.jpg\" alt=\"\" width=\"300\" height=\"225\" srcset=\"https:\/\/gwendreams.com\/wp-content\/uploads\/2019\/09\/entree-de-mine-dans-les-Encantats-300x225.jpg 300w, https:\/\/gwendreams.com\/wp-content\/uploads\/2019\/09\/entree-de-mine-dans-les-Encantats-768x576.jpg 768w, https:\/\/gwendreams.com\/wp-content\/uploads\/2019\/09\/entree-de-mine-dans-les-Encantats.jpg 800w\" sizes=\"auto, (max-width: 300px) 100vw, 300px\" \/><\/a><\/td>\n<td><a href=\"http:\/\/gwendreams.com\/wp-content\/uploads\/2018\/06\/P6240374-Copier.jpg\"><img loading=\"lazy\" decoding=\"async\" class=\"alignnone size-medium wp-image-2373\" src=\"http:\/\/gwendreams.com\/wp-content\/uploads\/2019\/09\/Encantats-300x225.jpg\" alt=\"\" width=\"300\" height=\"225\" srcset=\"https:\/\/gwendreams.com\/wp-content\/uploads\/2019\/09\/Encantats-300x225.jpg 300w, https:\/\/gwendreams.com\/wp-content\/uploads\/2019\/09\/Encantats-768x576.jpg 768w, https:\/\/gwendreams.com\/wp-content\/uploads\/2019\/09\/Encantats.jpg 800w\" sizes=\"auto, (max-width: 300px) 100vw, 300px\" \/><\/a><\/td>\n<\/tr>\n<tr>\n<td><a href=\"http:\/\/gwendreams.com\/wp-content\/uploads\/2018\/06\/P6240374-Copier.jpg\"><img loading=\"lazy\" decoding=\"async\" class=\"alignnone size-medium wp-image-2372\" src=\"http:\/\/gwendreams.com\/wp-content\/uploads\/2019\/09\/Encantats-en-descendant-vers-Estany-Llong-300x225.jpg\" alt=\"\" width=\"300\" height=\"225\" srcset=\"https:\/\/gwendreams.com\/wp-content\/uploads\/2019\/09\/Encantats-en-descendant-vers-Estany-Llong-300x225.jpg 300w, https:\/\/gwendreams.com\/wp-content\/uploads\/2019\/09\/Encantats-en-descendant-vers-Estany-Llong-768x576.jpg 768w, https:\/\/gwendreams.com\/wp-content\/uploads\/2019\/09\/Encantats-en-descendant-vers-Estany-Llong.jpg 800w\" sizes=\"auto, (max-width: 300px) 100vw, 300px\" \/><\/a><\/td>\n<td><img loading=\"lazy\" decoding=\"async\" class=\"alignnone size-medium wp-image-2437\" src=\"http:\/\/gwendreams.com\/wp-content\/uploads\/2019\/09\/la-voie-de-chemin-de-fer-du-bout-du-monde-1-300x225.jpg\" alt=\"\" width=\"300\" height=\"225\" srcset=\"https:\/\/gwendreams.com\/wp-content\/uploads\/2019\/09\/la-voie-de-chemin-de-fer-du-bout-du-monde-1-300x225.jpg 300w, https:\/\/gwendreams.com\/wp-content\/uploads\/2019\/09\/la-voie-de-chemin-de-fer-du-bout-du-monde-1-768x576.jpg 768w, https:\/\/gwendreams.com\/wp-content\/uploads\/2019\/09\/la-voie-de-chemin-de-fer-du-bout-du-monde-1.jpg 800w\" sizes=\"auto, (max-width: 300px) 100vw, 300px\" \/><\/td>\n<td><a href=\"http:\/\/gwendreams.com\/wp-content\/uploads\/2018\/06\/P6240374-Copier.jpg\"><img loading=\"lazy\" decoding=\"async\" class=\"alignnone size-medium wp-image-2441\" src=\"http:\/\/gwendreams.com\/wp-content\/uploads\/2019\/09\/lacs-des-encantats-300x225.jpg\" alt=\"\" width=\"300\" height=\"225\" srcset=\"https:\/\/gwendreams.com\/wp-content\/uploads\/2019\/09\/lacs-des-encantats-300x225.jpg 300w, https:\/\/gwendreams.com\/wp-content\/uploads\/2019\/09\/lacs-des-encantats-768x576.jpg 768w, https:\/\/gwendreams.com\/wp-content\/uploads\/2019\/09\/lacs-des-encantats.jpg 800w\" sizes=\"auto, (max-width: 300px) 100vw, 300px\" \/><\/a><\/td>\n<td><a href=\"http:\/\/gwendreams.com\/wp-content\/uploads\/2018\/06\/P6240374-Copier.jpg\"><img loading=\"lazy\" decoding=\"async\" class=\"alignnone size-medium wp-image-2440\" src=\"http:\/\/gwendreams.com\/wp-content\/uploads\/2019\/09\/lacs-des-encantats-4-300x225.jpg\" alt=\"\" width=\"300\" height=\"225\" srcset=\"https:\/\/gwendreams.com\/wp-content\/uploads\/2019\/09\/lacs-des-encantats-4-300x225.jpg 300w, https:\/\/gwendreams.com\/wp-content\/uploads\/2019\/09\/lacs-des-encantats-4-768x576.jpg 768w, https:\/\/gwendreams.com\/wp-content\/uploads\/2019\/09\/lacs-des-encantats-4.jpg 800w\" sizes=\"auto, (max-width: 300px) 100vw, 300px\" \/><\/a><\/td>\n<\/tr>\n<tr>\n<td><img loading=\"lazy\" decoding=\"async\" class=\"alignnone size-medium wp-image-2443\" src=\"http:\/\/gwendreams.com\/wp-content\/uploads\/2019\/09\/le-Parc-de-san-Maurici-et-Aiguestortes-300x225.jpg\" alt=\"\" width=\"300\" height=\"225\" srcset=\"https:\/\/gwendreams.com\/wp-content\/uploads\/2019\/09\/le-Parc-de-san-Maurici-et-Aiguestortes-300x225.jpg 300w, https:\/\/gwendreams.com\/wp-content\/uploads\/2019\/09\/le-Parc-de-san-Maurici-et-Aiguestortes-768x576.jpg 768w, https:\/\/gwendreams.com\/wp-content\/uploads\/2019\/09\/le-Parc-de-san-Maurici-et-Aiguestortes.jpg 800w\" sizes=\"auto, (max-width: 300px) 100vw, 300px\" \/>\u00a0\u00a0<\/td>\n<td><img loading=\"lazy\" decoding=\"async\" class=\"alignnone size-medium wp-image-2442\" src=\"http:\/\/gwendreams.com\/wp-content\/uploads\/2019\/09\/le-Parc-de-san-Maurici-et-Aiguestortes-2-300x225.jpg\" alt=\"\" width=\"300\" height=\"225\" srcset=\"https:\/\/gwendreams.com\/wp-content\/uploads\/2019\/09\/le-Parc-de-san-Maurici-et-Aiguestortes-2-300x225.jpg 300w, https:\/\/gwendreams.com\/wp-content\/uploads\/2019\/09\/le-Parc-de-san-Maurici-et-Aiguestortes-2-768x576.jpg 768w, https:\/\/gwendreams.com\/wp-content\/uploads\/2019\/09\/le-Parc-de-san-Maurici-et-Aiguestortes-2.jpg 800w\" sizes=\"auto, (max-width: 300px) 100vw, 300px\" \/><\/td>\n<td><img loading=\"lazy\" decoding=\"async\" class=\"alignnone size-medium wp-image-2456\" src=\"http:\/\/gwendreams.com\/wp-content\/uploads\/2019\/09\/Val-dAran-300x185.jpg\" alt=\"\" width=\"300\" height=\"185\" srcset=\"https:\/\/gwendreams.com\/wp-content\/uploads\/2019\/09\/Val-dAran-300x185.jpg 300w, https:\/\/gwendreams.com\/wp-content\/uploads\/2019\/09\/Val-dAran-768x474.jpg 768w, https:\/\/gwendreams.com\/wp-content\/uploads\/2019\/09\/Val-dAran.jpg 800w\" sizes=\"auto, (max-width: 300px) 100vw, 300px\" \/><\/td>\n<td><img loading=\"lazy\" decoding=\"async\" class=\"alignnone size-medium wp-image-2374\" src=\"http:\/\/gwendreams.com\/wp-content\/uploads\/2019\/09\/entree-de-mine-dans-les-Encantats-300x225.jpg\" alt=\"\" width=\"300\" height=\"225\" srcset=\"https:\/\/gwendreams.com\/wp-content\/uploads\/2019\/09\/entree-de-mine-dans-les-Encantats-300x225.jpg 300w, https:\/\/gwendreams.com\/wp-content\/uploads\/2019\/09\/entree-de-mine-dans-les-Encantats-768x576.jpg 768w, https:\/\/gwendreams.com\/wp-content\/uploads\/2019\/09\/entree-de-mine-dans-les-Encantats.jpg 800w\" sizes=\"auto, (max-width: 300px) 100vw, 300px\" \/><\/td>\n<\/tr>\n<tr>\n<td><img loading=\"lazy\" decoding=\"async\" class=\"alignnone size-medium wp-image-2376\" src=\"http:\/\/gwendreams.com\/wp-content\/uploads\/2019\/09\/fenetre-du-refuge-e1567781531490-225x300.jpg\" alt=\"\" width=\"225\" height=\"300\" srcset=\"https:\/\/gwendreams.com\/wp-content\/uploads\/2019\/09\/fenetre-du-refuge-e1567781531490-225x300.jpg 225w, https:\/\/gwendreams.com\/wp-content\/uploads\/2019\/09\/fenetre-du-refuge-e1567781531490.jpg 600w\" sizes=\"auto, (max-width: 225px) 100vw, 225px\" \/><\/td>\n<td><a href=\"http:\/\/gwendreams.com\/wp-content\/uploads\/2018\/06\/P6240374-Copier.jpg\"><img loading=\"lazy\" decoding=\"async\" class=\"alignnone size-medium wp-image-2438\" src=\"http:\/\/gwendreams.com\/wp-content\/uploads\/2019\/09\/lacs-des-encantats-2-225x300.jpg\" alt=\"\" width=\"225\" height=\"300\" srcset=\"https:\/\/gwendreams.com\/wp-content\/uploads\/2019\/09\/lacs-des-encantats-2-225x300.jpg 225w, https:\/\/gwendreams.com\/wp-content\/uploads\/2019\/09\/lacs-des-encantats-2.jpg 600w\" sizes=\"auto, (max-width: 225px) 100vw, 225px\" \/><\/a><\/td>\n<td><img loading=\"lazy\" decoding=\"async\" class=\"alignnone size-medium wp-image-2359\" src=\"http:\/\/gwendreams.com\/wp-content\/uploads\/2019\/09\/approvisionnement-du-refuge-par-helicoptere-234x300.jpg\" alt=\"\" width=\"234\" height=\"300\" srcset=\"https:\/\/gwendreams.com\/wp-content\/uploads\/2019\/09\/approvisionnement-du-refuge-par-helicoptere-234x300.jpg 234w, https:\/\/gwendreams.com\/wp-content\/uploads\/2019\/09\/approvisionnement-du-refuge-par-helicoptere.jpg 600w\" sizes=\"auto, (max-width: 234px) 100vw, 234px\" \/><\/td>\n<td><img loading=\"lazy\" decoding=\"async\" class=\"alignnone size-medium wp-image-2379\" src=\"http:\/\/gwendreams.com\/wp-content\/uploads\/2019\/09\/framboises-en-val-dAran-300x225.jpg\" alt=\"\" width=\"300\" height=\"225\" srcset=\"https:\/\/gwendreams.com\/wp-content\/uploads\/2019\/09\/framboises-en-val-dAran-300x225.jpg 300w, https:\/\/gwendreams.com\/wp-content\/uploads\/2019\/09\/framboises-en-val-dAran-768x576.jpg 768w, https:\/\/gwendreams.com\/wp-content\/uploads\/2019\/09\/framboises-en-val-dAran.jpg 800w\" sizes=\"auto, (max-width: 300px) 100vw, 300px\" \/><\/td>\n<\/tr>\n<tr>\n<td>\u00a0<\/td>\n<td>\u00a0<\/td>\n<td>\u00a0<\/td>\n<td>\u00a0<\/td>\n<\/tr>\n<\/tbody>\n<\/table>\n\n\n<p><\/p>\n","protected":false},"excerpt":{"rendered":"<p>\u00a0Un parc national Surplombant le val d\u2019Aran, dans les Pyr\u00e9n\u00e9es catalanes, se trouve le parc national d\u2019Aiguestortes et Estany de Sant Maurici. C\u2019est un paradis haut perch\u00e9, dont les merveilles se m\u00e9ritent au prix d\u2019heures de marche, de refuge en refuge, de lac en col, de n\u00e9v\u00e9 en pente herbeuse,&#8230;<\/p>\n<div class=\"more-link-wrapper\"><a class=\"more-link\" href=\"https:\/\/gwendreams.com\/index.php\/les-montagnes\/les-montagnes-enchantees\/\">Continuer la lecture<span class=\"screen-reader-text\">Les montagnes enchant\u00e9es<\/span><\/a><\/div>\n","protected":false},"author":2,"featured_media":2447,"parent":146,"menu_order":1,"comment_status":"closed","ping_status":"closed","template":"","meta":{"jetpack_post_was_ever_published":false,"iawp_total_views":8,"footnotes":""},"class_list":["post-192","page","type-page","status-publish","has-post-thumbnail","hentry","entry"],"yoast_head":"<!-- This site is optimized with the Yoast SEO plugin v27.3 - https:\/\/yoast.com\/product\/yoast-seo-wordpress\/ -->\n<title>Les montagnes enchant\u00e9es - Gwendreams<\/title>\n<meta name=\"robots\" content=\"index, follow, max-snippet:-1, max-image-preview:large, max-video-preview:-1\" \/>\n<link rel=\"canonical\" href=\"https:\/\/gwendreams.com\/index.php\/les-montagnes\/les-montagnes-enchantees\/\" \/>\n<meta property=\"og:locale\" content=\"fr_FR\" \/>\n<meta property=\"og:type\" content=\"article\" \/>\n<meta property=\"og:title\" content=\"Les montagnes enchant\u00e9es - Gwendreams\" \/>\n<meta property=\"og:description\" content=\"\u00a0Un parc national Surplombant le val d\u2019Aran, dans les Pyr\u00e9n\u00e9es catalanes, se trouve le parc national d\u2019Aiguestortes et Estany de Sant Maurici. C\u2019est un paradis haut perch\u00e9, dont les merveilles se m\u00e9ritent au prix d\u2019heures de marche, de refuge en refuge, de lac en col, de n\u00e9v\u00e9 en pente herbeuse,&#8230;\" \/>\n<meta property=\"og:url\" content=\"https:\/\/gwendreams.com\/index.php\/les-montagnes\/les-montagnes-enchantees\/\" \/>\n<meta property=\"og:site_name\" content=\"Gwendreams\" \/>\n<meta property=\"article:publisher\" content=\"https:\/\/www.facebook.com\/profile.php?id=100063791695285\" \/>\n<meta property=\"article:modified_time\" content=\"2024-05-07T17:46:48+00:00\" \/>\n<meta property=\"og:image\" content=\"https:\/\/gwendreams.com\/wp-content\/uploads\/2019\/09\/les-Encantats.jpg\" \/>\n\t<meta property=\"og:image:width\" content=\"800\" \/>\n\t<meta property=\"og:image:height\" content=\"600\" \/>\n\t<meta property=\"og:image:type\" content=\"image\/jpeg\" \/>\n<meta name=\"twitter:card\" content=\"summary_large_image\" \/>\n<meta name=\"twitter:label1\" content=\"Dur\u00e9e de lecture estim\u00e9e\" \/>\n\t<meta name=\"twitter:data1\" content=\"5 minutes\" \/>\n<script type=\"application\/ld+json\" class=\"yoast-schema-graph\">{\"@context\":\"https:\\\/\\\/schema.org\",\"@graph\":[{\"@type\":\"WebPage\",\"@id\":\"https:\\\/\\\/gwendreams.com\\\/index.php\\\/les-montagnes\\\/les-montagnes-enchantees\\\/\",\"url\":\"https:\\\/\\\/gwendreams.com\\\/index.php\\\/les-montagnes\\\/les-montagnes-enchantees\\\/\",\"name\":\"Les montagnes enchant\u00e9es - Gwendreams\",\"isPartOf\":{\"@id\":\"https:\\\/\\\/gwendreams.com\\\/#website\"},\"primaryImageOfPage\":{\"@id\":\"https:\\\/\\\/gwendreams.com\\\/index.php\\\/les-montagnes\\\/les-montagnes-enchantees\\\/#primaryimage\"},\"image\":{\"@id\":\"https:\\\/\\\/gwendreams.com\\\/index.php\\\/les-montagnes\\\/les-montagnes-enchantees\\\/#primaryimage\"},\"thumbnailUrl\":\"https:\\\/\\\/gwendreams.com\\\/wp-content\\\/uploads\\\/2019\\\/09\\\/les-Encantats.jpg\",\"datePublished\":\"2018-06-30T17:15:37+00:00\",\"dateModified\":\"2024-05-07T17:46:48+00:00\",\"breadcrumb\":{\"@id\":\"https:\\\/\\\/gwendreams.com\\\/index.php\\\/les-montagnes\\\/les-montagnes-enchantees\\\/#breadcrumb\"},\"inLanguage\":\"fr-FR\",\"potentialAction\":[{\"@type\":\"ReadAction\",\"target\":[\"https:\\\/\\\/gwendreams.com\\\/index.php\\\/les-montagnes\\\/les-montagnes-enchantees\\\/\"]}]},{\"@type\":\"ImageObject\",\"inLanguage\":\"fr-FR\",\"@id\":\"https:\\\/\\\/gwendreams.com\\\/index.php\\\/les-montagnes\\\/les-montagnes-enchantees\\\/#primaryimage\",\"url\":\"https:\\\/\\\/gwendreams.com\\\/wp-content\\\/uploads\\\/2019\\\/09\\\/les-Encantats.jpg\",\"contentUrl\":\"https:\\\/\\\/gwendreams.com\\\/wp-content\\\/uploads\\\/2019\\\/09\\\/les-Encantats.jpg\",\"width\":800,\"height\":600,\"caption\":\"les Encantats\"},{\"@type\":\"BreadcrumbList\",\"@id\":\"https:\\\/\\\/gwendreams.com\\\/index.php\\\/les-montagnes\\\/les-montagnes-enchantees\\\/#breadcrumb\",\"itemListElement\":[{\"@type\":\"ListItem\",\"position\":1,\"name\":\"Accueil\",\"item\":\"https:\\\/\\\/gwendreams.com\\\/\"},{\"@type\":\"ListItem\",\"position\":2,\"name\":\"Montagnes\",\"item\":\"https:\\\/\\\/gwendreams.com\\\/index.php\\\/les-montagnes\\\/\"},{\"@type\":\"ListItem\",\"position\":3,\"name\":\"Les montagnes enchant\u00e9es\"}]},{\"@type\":\"WebSite\",\"@id\":\"https:\\\/\\\/gwendreams.com\\\/#website\",\"url\":\"https:\\\/\\\/gwendreams.com\\\/\",\"name\":\"Gwendreams\",\"description\":\"Tout un monde \u00e0 d\u00e9couvrir !\",\"potentialAction\":[{\"@type\":\"SearchAction\",\"target\":{\"@type\":\"EntryPoint\",\"urlTemplate\":\"https:\\\/\\\/gwendreams.com\\\/?s={search_term_string}\"},\"query-input\":{\"@type\":\"PropertyValueSpecification\",\"valueRequired\":true,\"valueName\":\"search_term_string\"}}],\"inLanguage\":\"fr-FR\"}]}<\/script>\n<!-- \/ Yoast SEO plugin. -->","yoast_head_json":{"title":"Les montagnes enchant\u00e9es - Gwendreams","robots":{"index":"index","follow":"follow","max-snippet":"max-snippet:-1","max-image-preview":"max-image-preview:large","max-video-preview":"max-video-preview:-1"},"canonical":"https:\/\/gwendreams.com\/index.php\/les-montagnes\/les-montagnes-enchantees\/","og_locale":"fr_FR","og_type":"article","og_title":"Les montagnes enchant\u00e9es - Gwendreams","og_description":"\u00a0Un parc national Surplombant le val d\u2019Aran, dans les Pyr\u00e9n\u00e9es catalanes, se trouve le parc national d\u2019Aiguestortes et Estany de Sant Maurici. C\u2019est un paradis haut perch\u00e9, dont les merveilles se m\u00e9ritent au prix d\u2019heures de marche, de refuge en refuge, de lac en col, de n\u00e9v\u00e9 en pente herbeuse,&#8230;","og_url":"https:\/\/gwendreams.com\/index.php\/les-montagnes\/les-montagnes-enchantees\/","og_site_name":"Gwendreams","article_publisher":"https:\/\/www.facebook.com\/profile.php?id=100063791695285","article_modified_time":"2024-05-07T17:46:48+00:00","og_image":[{"width":800,"height":600,"url":"https:\/\/gwendreams.com\/wp-content\/uploads\/2019\/09\/les-Encantats.jpg","type":"image\/jpeg"}],"twitter_card":"summary_large_image","twitter_misc":{"Dur\u00e9e de lecture estim\u00e9e":"5 minutes"},"schema":{"@context":"https:\/\/schema.org","@graph":[{"@type":"WebPage","@id":"https:\/\/gwendreams.com\/index.php\/les-montagnes\/les-montagnes-enchantees\/","url":"https:\/\/gwendreams.com\/index.php\/les-montagnes\/les-montagnes-enchantees\/","name":"Les montagnes enchant\u00e9es - Gwendreams","isPartOf":{"@id":"https:\/\/gwendreams.com\/#website"},"primaryImageOfPage":{"@id":"https:\/\/gwendreams.com\/index.php\/les-montagnes\/les-montagnes-enchantees\/#primaryimage"},"image":{"@id":"https:\/\/gwendreams.com\/index.php\/les-montagnes\/les-montagnes-enchantees\/#primaryimage"},"thumbnailUrl":"https:\/\/gwendreams.com\/wp-content\/uploads\/2019\/09\/les-Encantats.jpg","datePublished":"2018-06-30T17:15:37+00:00","dateModified":"2024-05-07T17:46:48+00:00","breadcrumb":{"@id":"https:\/\/gwendreams.com\/index.php\/les-montagnes\/les-montagnes-enchantees\/#breadcrumb"},"inLanguage":"fr-FR","potentialAction":[{"@type":"ReadAction","target":["https:\/\/gwendreams.com\/index.php\/les-montagnes\/les-montagnes-enchantees\/"]}]},{"@type":"ImageObject","inLanguage":"fr-FR","@id":"https:\/\/gwendreams.com\/index.php\/les-montagnes\/les-montagnes-enchantees\/#primaryimage","url":"https:\/\/gwendreams.com\/wp-content\/uploads\/2019\/09\/les-Encantats.jpg","contentUrl":"https:\/\/gwendreams.com\/wp-content\/uploads\/2019\/09\/les-Encantats.jpg","width":800,"height":600,"caption":"les Encantats"},{"@type":"BreadcrumbList","@id":"https:\/\/gwendreams.com\/index.php\/les-montagnes\/les-montagnes-enchantees\/#breadcrumb","itemListElement":[{"@type":"ListItem","position":1,"name":"Accueil","item":"https:\/\/gwendreams.com\/"},{"@type":"ListItem","position":2,"name":"Montagnes","item":"https:\/\/gwendreams.com\/index.php\/les-montagnes\/"},{"@type":"ListItem","position":3,"name":"Les montagnes enchant\u00e9es"}]},{"@type":"WebSite","@id":"https:\/\/gwendreams.com\/#website","url":"https:\/\/gwendreams.com\/","name":"Gwendreams","description":"Tout un monde \u00e0 d\u00e9couvrir !","potentialAction":[{"@type":"SearchAction","target":{"@type":"EntryPoint","urlTemplate":"https:\/\/gwendreams.com\/?s={search_term_string}"},"query-input":{"@type":"PropertyValueSpecification","valueRequired":true,"valueName":"search_term_string"}}],"inLanguage":"fr-FR"}]}},"jetpack_sharing_enabled":true,"_links":{"self":[{"href":"https:\/\/gwendreams.com\/index.php\/wp-json\/wp\/v2\/pages\/192","targetHints":{"allow":["GET"]}}],"collection":[{"href":"https:\/\/gwendreams.com\/index.php\/wp-json\/wp\/v2\/pages"}],"about":[{"href":"https:\/\/gwendreams.com\/index.php\/wp-json\/wp\/v2\/types\/page"}],"author":[{"embeddable":true,"href":"https:\/\/gwendreams.com\/index.php\/wp-json\/wp\/v2\/users\/2"}],"replies":[{"embeddable":true,"href":"https:\/\/gwendreams.com\/index.php\/wp-json\/wp\/v2\/comments?post=192"}],"version-history":[{"count":7,"href":"https:\/\/gwendreams.com\/index.php\/wp-json\/wp\/v2\/pages\/192\/revisions"}],"predecessor-version":[{"id":5473,"href":"https:\/\/gwendreams.com\/index.php\/wp-json\/wp\/v2\/pages\/192\/revisions\/5473"}],"up":[{"embeddable":true,"href":"https:\/\/gwendreams.com\/index.php\/wp-json\/wp\/v2\/pages\/146"}],"wp:featuredmedia":[{"embeddable":true,"href":"https:\/\/gwendreams.com\/index.php\/wp-json\/wp\/v2\/media\/2447"}],"wp:attachment":[{"href":"https:\/\/gwendreams.com\/index.php\/wp-json\/wp\/v2\/media?parent=192"}],"curies":[{"name":"wp","href":"https:\/\/api.w.org\/{rel}","templated":true}]}}