{"id":218,"date":"2018-07-19T12:01:24","date_gmt":"2018-07-19T10:01:24","guid":{"rendered":"http:\/\/gwendreams.com\/?page_id=218"},"modified":"2020-08-25T11:17:06","modified_gmt":"2020-08-25T09:17:06","slug":"le-col-des-enfers-pyrenees-randonnee-gr11refuges-respomuso-bachimana-montagne","status":"publish","type":"page","link":"https:\/\/gwendreams.com\/index.php\/les-montagnes\/le-col-des-enfers-pyrenees-randonnee-gr11refuges-respomuso-bachimana-montagne\/","title":{"rendered":"Le col des enfers"},"content":{"rendered":"<p><img loading=\"lazy\" decoding=\"async\" class=\"wp-image-3206 alignleft\" src=\"http:\/\/gwendreams.com\/wp-content\/uploads\/2019\/09\/fleurs-sauvages-des-Pyr\u00e9n\u00e9es-225x300.jpg\" alt=\"\" width=\"173\" height=\"231\" srcset=\"https:\/\/gwendreams.com\/wp-content\/uploads\/2019\/09\/fleurs-sauvages-des-Pyr\u00e9n\u00e9es-225x300.jpg 225w, https:\/\/gwendreams.com\/wp-content\/uploads\/2019\/09\/fleurs-sauvages-des-Pyr\u00e9n\u00e9es.jpg 450w\" sizes=\"auto, (max-width: 173px) 100vw, 173px\" \/><\/p>\n<h2>Sur le GR11 dans les Pyr\u00e9n\u00e9es<\/h2>\n<p style=\"text-align: justify;\">Mi-juillet sur <a href=\"https:\/\/travesiapirenaica.com\/en\/gr11\/gr11.php\" target=\"_blank\" rel=\"noopener noreferrer\">le GR11<\/a>, la transpyr\u00e9n\u00e9enne c\u00f4t\u00e9 espagnol. Escapade de 48 heures \u00e0 peine, d\u00e9part au-dessus de Sallent de Gallego. Direction le refuge de Respomuso, en remontant une vall\u00e9e fleurie, odorante et emplie de fraises des bois en cette saison.<\/p>\n<p style=\"text-align: justify;\">Sur la droite coule le rio de las aguas limpias (le torrent des eaux pures) de cascades en m\u00e9andres, de vasques en n\u00e9v\u00e9s. Le ciel est limpide et aux sommets voisins s&rsquo;accrochent des plaques de neige.<\/p>\n<p><img loading=\"lazy\" decoding=\"async\" class=\"wp-image-3198 alignright\" src=\"http:\/\/gwendreams.com\/wp-content\/uploads\/2019\/09\/Lac-sous-le-refuge-de-Respomuso-300x225.jpg\" alt=\"\" width=\"241\" height=\"181\" srcset=\"https:\/\/gwendreams.com\/wp-content\/uploads\/2019\/09\/Lac-sous-le-refuge-de-Respomuso-300x225.jpg 300w, https:\/\/gwendreams.com\/wp-content\/uploads\/2019\/09\/Lac-sous-le-refuge-de-Respomuso-768x576.jpg 768w, https:\/\/gwendreams.com\/wp-content\/uploads\/2019\/09\/Lac-sous-le-refuge-de-Respomuso.jpg 800w\" sizes=\"auto, (max-width: 241px) 100vw, 241px\" \/><\/p>\n<h2>Le refuge de Respomuso<\/h2>\n<p style=\"text-align: justify;\">Le refuge en fin d&rsquo;apr\u00e8s-midi surplombe un lac aux allures de rivages m\u00e9diterran\u00e9ens, des eaux transparentes, une brise chauff\u00e9e sur les rochers, une invitation aux plongeons.<\/p>\n<p style=\"text-align: justify;\"><img loading=\"lazy\" decoding=\"async\" class=\"size-medium wp-image-3197 alignleft\" src=\"http:\/\/gwendreams.com\/wp-content\/uploads\/2019\/09\/lac-avec-vue-sur-le-col-des-enfers-300x197.jpg\" alt=\"\" width=\"300\" height=\"197\" srcset=\"https:\/\/gwendreams.com\/wp-content\/uploads\/2019\/09\/lac-avec-vue-sur-le-col-des-enfers-300x197.jpg 300w, https:\/\/gwendreams.com\/wp-content\/uploads\/2019\/09\/lac-avec-vue-sur-le-col-des-enfers-768x505.jpg 768w, https:\/\/gwendreams.com\/wp-content\/uploads\/2019\/09\/lac-avec-vue-sur-le-col-des-enfers.jpg 797w\" sizes=\"auto, (max-width: 300px) 100vw, 300px\" \/>Le lendemain, changement radical de d\u00e9cor et d&rsquo;ambiance. La bruine se transforme rapidement en pluie, les nuages d\u00e9filent, bas et lourds, le vent est glacial. Cela sent l&rsquo;hiver.<\/p>\n<p style=\"text-align: justify;\"><img loading=\"lazy\" decoding=\"async\" class=\"size-medium wp-image-3202 alignright\" src=\"http:\/\/gwendreams.com\/wp-content\/uploads\/2019\/09\/n\u00e9v\u00e9-de-la-mi-juillet-300x225.jpg\" alt=\"\" width=\"300\" height=\"225\" srcset=\"https:\/\/gwendreams.com\/wp-content\/uploads\/2019\/09\/n\u00e9v\u00e9-de-la-mi-juillet-300x225.jpg 300w, https:\/\/gwendreams.com\/wp-content\/uploads\/2019\/09\/n\u00e9v\u00e9-de-la-mi-juillet-768x576.jpg 768w, https:\/\/gwendreams.com\/wp-content\/uploads\/2019\/09\/n\u00e9v\u00e9-de-la-mi-juillet.jpg 800w\" sizes=\"auto, (max-width: 300px) 100vw, 300px\" \/><\/p>\n<h2>Temp\u00eate en plein \u00e9t\u00e9<\/h2>\n<p style=\"text-align: justify;\">Mont\u00e9e vers le col des enfers pour rejoindre le refuge de Bachima\u00f1a. Les torrents sont charg\u00e9s d&rsquo;eaux et les gu\u00e9s se devinent sous le fort courant. Le seul choix est de tremper les chaussures ou de les oter pour se geler les pieds. Les marmottes sont rest\u00e9es au chaud, pas de trace de vie. Il faut rajouter des v\u00eatements plus chauds au fur et \u00e0 mesure de la mont\u00e9e.<\/p>\n<p style=\"text-align: justify;\"><img loading=\"lazy\" decoding=\"async\" class=\"size-medium wp-image-3200 alignleft\" src=\"http:\/\/gwendreams.com\/wp-content\/uploads\/2019\/09\/le-col-225x300.jpg\" alt=\"\" width=\"225\" height=\"300\" srcset=\"https:\/\/gwendreams.com\/wp-content\/uploads\/2019\/09\/le-col-225x300.jpg 225w, https:\/\/gwendreams.com\/wp-content\/uploads\/2019\/09\/le-col.jpg 450w\" sizes=\"auto, (max-width: 225px) 100vw, 225px\" \/>Les derni\u00e8res dizaines de m\u00e8tres pour acc\u00e9der au col de Tebaray, il faut sortir les crampons et le piolet, rassembler tout son courage, \u00e9viter de regarder vers le bas et vers le haut, sonder la neige pour \u00e9viter de glisser contre la paroi, puis grimper sur la roche friable en v\u00e9rifiant chaque prise car le rocher ne demande qu&rsquo;\u00e0 d\u00e9valer la pente. Les pics tout proches sont invisibles, et la neige tombe depuis un petit moment.<img loading=\"lazy\" decoding=\"async\" class=\"size-medium wp-image-3201 alignright\" src=\"http:\/\/gwendreams.com\/wp-content\/uploads\/2019\/09\/le-lac-est-encore-partiellement-gel\u00e9-300x225.jpg\" alt=\"\" width=\"300\" height=\"225\" srcset=\"https:\/\/gwendreams.com\/wp-content\/uploads\/2019\/09\/le-lac-est-encore-partiellement-gel\u00e9-300x225.jpg 300w, https:\/\/gwendreams.com\/wp-content\/uploads\/2019\/09\/le-lac-est-encore-partiellement-gel\u00e9-768x576.jpg 768w, https:\/\/gwendreams.com\/wp-content\/uploads\/2019\/09\/le-lac-est-encore-partiellement-gel\u00e9.jpg 800w\" sizes=\"auto, (max-width: 300px) 100vw, 300px\" \/><\/p>\n<p style=\"text-align: justify;\">Une fois contourn\u00e9 le lac entre le col de Tebaray et le col des enfers, il ne reste plus qu&rsquo;\u00e0 descendre les n\u00e9v\u00e9s, succession de glissades dans la neige mouill\u00e9e et de luge improvis\u00e9e sur les pentes les plus favorables.<\/p>\n<h2>De lac en lac<\/h2>\n<p style=\"text-align: justify;\"><img loading=\"lazy\" decoding=\"async\" class=\"size-medium wp-image-3203 alignleft\" src=\"http:\/\/gwendreams.com\/wp-content\/uploads\/2019\/09\/refuge-de-Bachima\u00f1a-300x225.jpg\" alt=\"\" width=\"300\" height=\"225\" srcset=\"https:\/\/gwendreams.com\/wp-content\/uploads\/2019\/09\/refuge-de-Bachima\u00f1a-300x225.jpg 300w, https:\/\/gwendreams.com\/wp-content\/uploads\/2019\/09\/refuge-de-Bachima\u00f1a-768x576.jpg 768w, https:\/\/gwendreams.com\/wp-content\/uploads\/2019\/09\/refuge-de-Bachima\u00f1a.jpg 800w\" sizes=\"auto, (max-width: 300px) 100vw, 300px\" \/>Lac apr\u00e8s lac, cascade apr\u00e8s cascade, un troupeau de moutons, quelques \u00e9claircies, le granite en \u00e9normes blocs arras\u00e9s, finalement le refuge et le barrage, sous un ballet d&rsquo;h\u00e9licopt\u00e8re.<\/p>\n<p style=\"text-align: justify;\"><img loading=\"lazy\" decoding=\"async\" class=\"size-medium wp-image-3204 alignright\" src=\"http:\/\/gwendreams.com\/wp-content\/uploads\/2019\/09\/vall\u00e9e-de-Panticosa-300x225.jpg\" alt=\"\" width=\"300\" height=\"225\" srcset=\"https:\/\/gwendreams.com\/wp-content\/uploads\/2019\/09\/vall\u00e9e-de-Panticosa-300x225.jpg 300w, https:\/\/gwendreams.com\/wp-content\/uploads\/2019\/09\/vall\u00e9e-de-Panticosa-768x576.jpg 768w, https:\/\/gwendreams.com\/wp-content\/uploads\/2019\/09\/vall\u00e9e-de-Panticosa.jpg 800w\" sizes=\"auto, (max-width: 300px) 100vw, 300px\" \/>Le lendemain, l&rsquo;\u00e9t\u00e9 est de retour et en redescendant vers le Baln\u00e9arios de Panticosa il faut faire place aux hordes de randonneurs qui viennent voir le lac, oubli\u00e9es les solitudes glac\u00e9es de la veille.<\/p>\n<p style=\"text-align: justify;\">Cascades et d\u00e9fil\u00e9s encaiss\u00e9s, parois fleuries et passages a\u00e9riens, pour finir \u00e0 la station thermale des Baln\u00e9arios de Panticosa. D\u00e9cadente et semi-abandonn\u00e9e comme la plupart de ses soeurs pyr\u00e9n\u00e9ennes, elle porte un vague air de fin d&rsquo;un monde. D\u00e9finitivement, c&rsquo;est le retour \u00e0 la civilisation et la fin de la randonn\u00e9e.<\/p>\n","protected":false},"excerpt":{"rendered":"<p>Sur le GR11 dans les Pyr\u00e9n\u00e9es Mi-juillet sur le GR11, la transpyr\u00e9n\u00e9enne c\u00f4t\u00e9 espagnol. Escapade de 48 heures \u00e0 peine, d\u00e9part au-dessus de Sallent de Gallego. Direction le refuge de Respomuso, en remontant une vall\u00e9e fleurie, odorante et emplie de fraises des bois en cette saison. Sur la droite coule&#8230;<\/p>\n<div class=\"more-link-wrapper\"><a class=\"more-link\" href=\"https:\/\/gwendreams.com\/index.php\/les-montagnes\/le-col-des-enfers-pyrenees-randonnee-gr11refuges-respomuso-bachimana-montagne\/\">Continuer la lecture<span class=\"screen-reader-text\">Le col des enfers<\/span><\/a><\/div>\n","protected":false},"author":2,"featured_media":3199,"parent":146,"menu_order":0,"comment_status":"closed","ping_status":"closed","template":"","meta":{"jetpack_post_was_ever_published":false,"iawp_total_views":14,"footnotes":""},"class_list":["post-218","page","type-page","status-publish","has-post-thumbnail","hentry","entry"],"yoast_head":"<!-- This site is optimized with the Yoast SEO plugin v27.3 - https:\/\/yoast.com\/product\/yoast-seo-wordpress\/ -->\n<title>Le col des enfers - Gwendreams GR11 montagne randonn\u00e9e<\/title>\n<meta name=\"description\" content=\"Pyr\u00e9n\u00e9es col Enfers randonn\u00e9e gwendreams montagne blog nature refuge Respomuso Bachimana GR11 Sallent Gallego Panticosa balnearios eau neige\" \/>\n<meta name=\"robots\" content=\"index, follow, max-snippet:-1, max-image-preview:large, max-video-preview:-1\" \/>\n<link rel=\"canonical\" href=\"https:\/\/gwendreams.com\/index.php\/les-montagnes\/le-col-des-enfers-pyrenees-randonnee-gr11refuges-respomuso-bachimana-montagne\/\" \/>\n<meta property=\"og:locale\" content=\"fr_FR\" \/>\n<meta property=\"og:type\" content=\"article\" \/>\n<meta property=\"og:title\" content=\"Le col des enfers - Gwendreams GR11 montagne randonn\u00e9e\" \/>\n<meta property=\"og:url\" content=\"https:\/\/gwendreams.com\/index.php\/les-montagnes\/le-col-des-enfers-pyrenees-randonnee-gr11refuges-respomuso-bachimana-montagne\/\" \/>\n<meta property=\"og:site_name\" content=\"Gwendreams\" \/>\n<meta property=\"article:publisher\" content=\"https:\/\/www.facebook.com\/profile.php?id=100063791695285\" \/>\n<meta property=\"article:modified_time\" content=\"2020-08-25T09:17:06+00:00\" \/>\n<meta property=\"og:image\" content=\"https:\/\/gwendreams.com\/wp-content\/uploads\/2019\/09\/le-chemin-du-col-des-enfers.jpg\" \/>\n\t<meta property=\"og:image:width\" content=\"800\" \/>\n\t<meta property=\"og:image:height\" content=\"600\" \/>\n\t<meta property=\"og:image:type\" content=\"image\/jpeg\" \/>\n<meta name=\"twitter:card\" content=\"summary_large_image\" \/>\n<meta name=\"twitter:label1\" content=\"Dur\u00e9e de lecture estim\u00e9e\" \/>\n\t<meta name=\"twitter:data1\" content=\"2 minutes\" \/>\n<script type=\"application\/ld+json\" class=\"yoast-schema-graph\">{\"@context\":\"https:\\\/\\\/schema.org\",\"@graph\":[{\"@type\":\"WebPage\",\"@id\":\"https:\\\/\\\/gwendreams.com\\\/index.php\\\/les-montagnes\\\/le-col-des-enfers-pyrenees-randonnee-gr11refuges-respomuso-bachimana-montagne\\\/\",\"url\":\"https:\\\/\\\/gwendreams.com\\\/index.php\\\/les-montagnes\\\/le-col-des-enfers-pyrenees-randonnee-gr11refuges-respomuso-bachimana-montagne\\\/\",\"name\":\"Le col des enfers - Gwendreams GR11 montagne randonn\u00e9e\",\"isPartOf\":{\"@id\":\"https:\\\/\\\/gwendreams.com\\\/#website\"},\"primaryImageOfPage\":{\"@id\":\"https:\\\/\\\/gwendreams.com\\\/index.php\\\/les-montagnes\\\/le-col-des-enfers-pyrenees-randonnee-gr11refuges-respomuso-bachimana-montagne\\\/#primaryimage\"},\"image\":{\"@id\":\"https:\\\/\\\/gwendreams.com\\\/index.php\\\/les-montagnes\\\/le-col-des-enfers-pyrenees-randonnee-gr11refuges-respomuso-bachimana-montagne\\\/#primaryimage\"},\"thumbnailUrl\":\"https:\\\/\\\/gwendreams.com\\\/wp-content\\\/uploads\\\/2019\\\/09\\\/le-chemin-du-col-des-enfers.jpg\",\"datePublished\":\"2018-07-19T10:01:24+00:00\",\"dateModified\":\"2020-08-25T09:17:06+00:00\",\"description\":\"Pyr\u00e9n\u00e9es col Enfers randonn\u00e9e gwendreams montagne blog nature refuge Respomuso Bachimana GR11 Sallent Gallego Panticosa balnearios eau neige\",\"breadcrumb\":{\"@id\":\"https:\\\/\\\/gwendreams.com\\\/index.php\\\/les-montagnes\\\/le-col-des-enfers-pyrenees-randonnee-gr11refuges-respomuso-bachimana-montagne\\\/#breadcrumb\"},\"inLanguage\":\"fr-FR\",\"potentialAction\":[{\"@type\":\"ReadAction\",\"target\":[\"https:\\\/\\\/gwendreams.com\\\/index.php\\\/les-montagnes\\\/le-col-des-enfers-pyrenees-randonnee-gr11refuges-respomuso-bachimana-montagne\\\/\"]}]},{\"@type\":\"ImageObject\",\"inLanguage\":\"fr-FR\",\"@id\":\"https:\\\/\\\/gwendreams.com\\\/index.php\\\/les-montagnes\\\/le-col-des-enfers-pyrenees-randonnee-gr11refuges-respomuso-bachimana-montagne\\\/#primaryimage\",\"url\":\"https:\\\/\\\/gwendreams.com\\\/wp-content\\\/uploads\\\/2019\\\/09\\\/le-chemin-du-col-des-enfers.jpg\",\"contentUrl\":\"https:\\\/\\\/gwendreams.com\\\/wp-content\\\/uploads\\\/2019\\\/09\\\/le-chemin-du-col-des-enfers.jpg\",\"width\":800,\"height\":600},{\"@type\":\"BreadcrumbList\",\"@id\":\"https:\\\/\\\/gwendreams.com\\\/index.php\\\/les-montagnes\\\/le-col-des-enfers-pyrenees-randonnee-gr11refuges-respomuso-bachimana-montagne\\\/#breadcrumb\",\"itemListElement\":[{\"@type\":\"ListItem\",\"position\":1,\"name\":\"Accueil\",\"item\":\"https:\\\/\\\/gwendreams.com\\\/\"},{\"@type\":\"ListItem\",\"position\":2,\"name\":\"Montagnes\",\"item\":\"https:\\\/\\\/gwendreams.com\\\/index.php\\\/les-montagnes\\\/\"},{\"@type\":\"ListItem\",\"position\":3,\"name\":\"Le col des enfers\"}]},{\"@type\":\"WebSite\",\"@id\":\"https:\\\/\\\/gwendreams.com\\\/#website\",\"url\":\"https:\\\/\\\/gwendreams.com\\\/\",\"name\":\"Gwendreams\",\"description\":\"Tout un monde \u00e0 d\u00e9couvrir !\",\"potentialAction\":[{\"@type\":\"SearchAction\",\"target\":{\"@type\":\"EntryPoint\",\"urlTemplate\":\"https:\\\/\\\/gwendreams.com\\\/?s={search_term_string}\"},\"query-input\":{\"@type\":\"PropertyValueSpecification\",\"valueRequired\":true,\"valueName\":\"search_term_string\"}}],\"inLanguage\":\"fr-FR\"}]}<\/script>\n<!-- \/ Yoast SEO plugin. -->","yoast_head_json":{"title":"Le col des enfers - Gwendreams GR11 montagne randonn\u00e9e","description":"Pyr\u00e9n\u00e9es col Enfers randonn\u00e9e gwendreams montagne blog nature refuge Respomuso Bachimana GR11 Sallent Gallego Panticosa balnearios eau neige","robots":{"index":"index","follow":"follow","max-snippet":"max-snippet:-1","max-image-preview":"max-image-preview:large","max-video-preview":"max-video-preview:-1"},"canonical":"https:\/\/gwendreams.com\/index.php\/les-montagnes\/le-col-des-enfers-pyrenees-randonnee-gr11refuges-respomuso-bachimana-montagne\/","og_locale":"fr_FR","og_type":"article","og_title":"Le col des enfers - Gwendreams GR11 montagne randonn\u00e9e","og_url":"https:\/\/gwendreams.com\/index.php\/les-montagnes\/le-col-des-enfers-pyrenees-randonnee-gr11refuges-respomuso-bachimana-montagne\/","og_site_name":"Gwendreams","article_publisher":"https:\/\/www.facebook.com\/profile.php?id=100063791695285","article_modified_time":"2020-08-25T09:17:06+00:00","og_image":[{"width":800,"height":600,"url":"https:\/\/gwendreams.com\/wp-content\/uploads\/2019\/09\/le-chemin-du-col-des-enfers.jpg","type":"image\/jpeg"}],"twitter_card":"summary_large_image","twitter_misc":{"Dur\u00e9e de lecture estim\u00e9e":"2 minutes"},"schema":{"@context":"https:\/\/schema.org","@graph":[{"@type":"WebPage","@id":"https:\/\/gwendreams.com\/index.php\/les-montagnes\/le-col-des-enfers-pyrenees-randonnee-gr11refuges-respomuso-bachimana-montagne\/","url":"https:\/\/gwendreams.com\/index.php\/les-montagnes\/le-col-des-enfers-pyrenees-randonnee-gr11refuges-respomuso-bachimana-montagne\/","name":"Le col des enfers - Gwendreams GR11 montagne randonn\u00e9e","isPartOf":{"@id":"https:\/\/gwendreams.com\/#website"},"primaryImageOfPage":{"@id":"https:\/\/gwendreams.com\/index.php\/les-montagnes\/le-col-des-enfers-pyrenees-randonnee-gr11refuges-respomuso-bachimana-montagne\/#primaryimage"},"image":{"@id":"https:\/\/gwendreams.com\/index.php\/les-montagnes\/le-col-des-enfers-pyrenees-randonnee-gr11refuges-respomuso-bachimana-montagne\/#primaryimage"},"thumbnailUrl":"https:\/\/gwendreams.com\/wp-content\/uploads\/2019\/09\/le-chemin-du-col-des-enfers.jpg","datePublished":"2018-07-19T10:01:24+00:00","dateModified":"2020-08-25T09:17:06+00:00","description":"Pyr\u00e9n\u00e9es col Enfers randonn\u00e9e gwendreams montagne blog nature refuge Respomuso Bachimana GR11 Sallent Gallego Panticosa balnearios eau neige","breadcrumb":{"@id":"https:\/\/gwendreams.com\/index.php\/les-montagnes\/le-col-des-enfers-pyrenees-randonnee-gr11refuges-respomuso-bachimana-montagne\/#breadcrumb"},"inLanguage":"fr-FR","potentialAction":[{"@type":"ReadAction","target":["https:\/\/gwendreams.com\/index.php\/les-montagnes\/le-col-des-enfers-pyrenees-randonnee-gr11refuges-respomuso-bachimana-montagne\/"]}]},{"@type":"ImageObject","inLanguage":"fr-FR","@id":"https:\/\/gwendreams.com\/index.php\/les-montagnes\/le-col-des-enfers-pyrenees-randonnee-gr11refuges-respomuso-bachimana-montagne\/#primaryimage","url":"https:\/\/gwendreams.com\/wp-content\/uploads\/2019\/09\/le-chemin-du-col-des-enfers.jpg","contentUrl":"https:\/\/gwendreams.com\/wp-content\/uploads\/2019\/09\/le-chemin-du-col-des-enfers.jpg","width":800,"height":600},{"@type":"BreadcrumbList","@id":"https:\/\/gwendreams.com\/index.php\/les-montagnes\/le-col-des-enfers-pyrenees-randonnee-gr11refuges-respomuso-bachimana-montagne\/#breadcrumb","itemListElement":[{"@type":"ListItem","position":1,"name":"Accueil","item":"https:\/\/gwendreams.com\/"},{"@type":"ListItem","position":2,"name":"Montagnes","item":"https:\/\/gwendreams.com\/index.php\/les-montagnes\/"},{"@type":"ListItem","position":3,"name":"Le col des enfers"}]},{"@type":"WebSite","@id":"https:\/\/gwendreams.com\/#website","url":"https:\/\/gwendreams.com\/","name":"Gwendreams","description":"Tout un monde \u00e0 d\u00e9couvrir !","potentialAction":[{"@type":"SearchAction","target":{"@type":"EntryPoint","urlTemplate":"https:\/\/gwendreams.com\/?s={search_term_string}"},"query-input":{"@type":"PropertyValueSpecification","valueRequired":true,"valueName":"search_term_string"}}],"inLanguage":"fr-FR"}]}},"jetpack_sharing_enabled":true,"_links":{"self":[{"href":"https:\/\/gwendreams.com\/index.php\/wp-json\/wp\/v2\/pages\/218","targetHints":{"allow":["GET"]}}],"collection":[{"href":"https:\/\/gwendreams.com\/index.php\/wp-json\/wp\/v2\/pages"}],"about":[{"href":"https:\/\/gwendreams.com\/index.php\/wp-json\/wp\/v2\/types\/page"}],"author":[{"embeddable":true,"href":"https:\/\/gwendreams.com\/index.php\/wp-json\/wp\/v2\/users\/2"}],"replies":[{"embeddable":true,"href":"https:\/\/gwendreams.com\/index.php\/wp-json\/wp\/v2\/comments?post=218"}],"version-history":[{"count":3,"href":"https:\/\/gwendreams.com\/index.php\/wp-json\/wp\/v2\/pages\/218\/revisions"}],"predecessor-version":[{"id":3870,"href":"https:\/\/gwendreams.com\/index.php\/wp-json\/wp\/v2\/pages\/218\/revisions\/3870"}],"up":[{"embeddable":true,"href":"https:\/\/gwendreams.com\/index.php\/wp-json\/wp\/v2\/pages\/146"}],"wp:featuredmedia":[{"embeddable":true,"href":"https:\/\/gwendreams.com\/index.php\/wp-json\/wp\/v2\/media\/3199"}],"wp:attachment":[{"href":"https:\/\/gwendreams.com\/index.php\/wp-json\/wp\/v2\/media?parent=218"}],"curies":[{"name":"wp","href":"https:\/\/api.w.org\/{rel}","templated":true}]}}