{"id":2242,"date":"2019-08-04T14:25:39","date_gmt":"2019-08-04T12:25:39","guid":{"rendered":"https:\/\/gwendreams.com\/?page_id=2242"},"modified":"2020-01-15T12:33:26","modified_gmt":"2020-01-15T11:33:26","slug":"commentaires-de-lecteurs-pour-soleil-gris","status":"publish","type":"page","link":"https:\/\/gwendreams.com\/index.php\/les-livres\/soleil-gris\/commentaires-de-lecteurs-pour-soleil-gris\/","title":{"rendered":"Commentaires de lecteurs pour Soleil gris"},"content":{"rendered":"<p>Merci \u00e0 tous les lecteurs et lectrices qui ont eu la gentille attention de me faire parvenir leurs commentaires. En voici quelques extraits :<\/p>\n<p>Emmanuelle J.<br \/>\nC&rsquo;\u00e9tait un moment de lecture agr\u00e9able, et j&rsquo;ai aim\u00e9 ce que j&rsquo;ai lu.<br \/>\n20\/06\/2019<\/p>\n<p><img loading=\"lazy\" decoding=\"async\" class=\"wp-image-3238 alignnone\" src=\"http:\/\/gwendreams.com\/wp-content\/uploads\/2019\/09\/pexels-photo-300x200.jpg\" alt=\"\" width=\"156\" height=\"104\" srcset=\"https:\/\/gwendreams.com\/wp-content\/uploads\/2019\/09\/pexels-photo-300x200.jpg 300w, https:\/\/gwendreams.com\/wp-content\/uploads\/2019\/09\/pexels-photo-768x512.jpg 768w, https:\/\/gwendreams.com\/wp-content\/uploads\/2019\/09\/pexels-photo-1024x682.jpg 1024w, https:\/\/gwendreams.com\/wp-content\/uploads\/2019\/09\/pexels-photo.jpg 1880w\" sizes=\"auto, (max-width: 156px) 100vw, 156px\" \/><\/p>\n<p>Claire<br \/>\nLu en 3 jours, personnages attachants, beaucoup de sensibilit\u00e9.\u00a0Ce n\u2019est pas le style de livre que je pr\u00e9f\u00e8re et je n\u2019aime pas beaucoup le style parl\u00e9 d\u2019habitude, mais j&rsquo;ai ador\u00e9.<br \/>\n08\/07\/2019<\/p>\n<p><img loading=\"lazy\" decoding=\"async\" class=\"wp-image-3237 alignnone\" src=\"http:\/\/gwendreams.com\/wp-content\/uploads\/2019\/09\/pexels-photo-269148-300x214.jpeg\" alt=\"\" width=\"177\" height=\"126\" srcset=\"https:\/\/gwendreams.com\/wp-content\/uploads\/2019\/09\/pexels-photo-269148-300x214.jpeg 300w, https:\/\/gwendreams.com\/wp-content\/uploads\/2019\/09\/pexels-photo-269148-768x548.jpeg 768w, https:\/\/gwendreams.com\/wp-content\/uploads\/2019\/09\/pexels-photo-269148-1024x731.jpeg 1024w, https:\/\/gwendreams.com\/wp-content\/uploads\/2019\/09\/pexels-photo-269148.jpeg 1821w\" sizes=\"auto, (max-width: 177px) 100vw, 177px\" \/><\/p>\n<p>Mich\u00e8le D.<br \/>\nTrop envie de te lire \u00e0 nouveau; j\u2019ai trouv\u00e9 tant de v\u00e9rit\u00e9s dans ta fiction\u2026<br \/>\n08\/07\/2019<\/p>\n<p><img loading=\"lazy\" decoding=\"async\" class=\"wp-image-3232 alignnone\" src=\"http:\/\/gwendreams.com\/wp-content\/uploads\/2019\/09\/pexels-photo-1194408-300x200.jpeg\" alt=\"\" width=\"194\" height=\"129\" srcset=\"https:\/\/gwendreams.com\/wp-content\/uploads\/2019\/09\/pexels-photo-1194408-300x200.jpeg 300w, https:\/\/gwendreams.com\/wp-content\/uploads\/2019\/09\/pexels-photo-1194408-768x512.jpeg 768w, https:\/\/gwendreams.com\/wp-content\/uploads\/2019\/09\/pexels-photo-1194408-1024x682.jpeg 1024w, https:\/\/gwendreams.com\/wp-content\/uploads\/2019\/09\/pexels-photo-1194408.jpeg 1880w\" sizes=\"auto, (max-width: 194px) 100vw, 194px\" \/><\/p>\n<p>Benjamin C.<br \/>\n<span id=\"cch_f2f768bbf354056\" class=\"_mh6 _wsc\"><span class=\"_3oh- _58nk\">\u00c7a me pla\u00eet beaucoup. J&rsquo;aime bien la fa\u00e7on dont c&rsquo;est racont\u00e9, on d\u00e9couvre ce qu&rsquo;il s&rsquo;est pass\u00e9 petit \u00e0 petit, \u00e7a fait presque cin\u00e9matographique.<\/span><\/span><br \/>\n09\/07\/2019<\/p>\n<p><img loading=\"lazy\" decoding=\"async\" class=\"wp-image-3230 alignnone\" src=\"http:\/\/gwendreams.com\/wp-content\/uploads\/2019\/09\/pexels-photo-1730560-225x300.jpeg\" alt=\"\" width=\"106\" height=\"141\" srcset=\"https:\/\/gwendreams.com\/wp-content\/uploads\/2019\/09\/pexels-photo-1730560-225x300.jpeg 225w, https:\/\/gwendreams.com\/wp-content\/uploads\/2019\/09\/pexels-photo-1730560-768x1024.jpeg 768w, https:\/\/gwendreams.com\/wp-content\/uploads\/2019\/09\/pexels-photo-1730560.jpeg 975w\" sizes=\"auto, (max-width: 106px) 100vw, 106px\" \/><\/p>\n<p>\u00c9tienne T.<br \/>\nBelle plume pleine d\u2019\u00e9motions.\u00a0Merveilleux roman, dr\u00f4lement bien \u00e9crit, avec finesse et passion.\u00a0<span style=\"color: var(--color-text);\">19\/07\/2019<\/span><\/p>\n<p style=\"text-align: justify;\"><img loading=\"lazy\" decoding=\"async\" class=\"wp-image-3234 alignnone\" src=\"http:\/\/gwendreams.com\/wp-content\/uploads\/2019\/09\/pexels-photo-2795196-300x200.jpeg\" alt=\"\" width=\"209\" height=\"139\" srcset=\"https:\/\/gwendreams.com\/wp-content\/uploads\/2019\/09\/pexels-photo-2795196-300x200.jpeg 300w, https:\/\/gwendreams.com\/wp-content\/uploads\/2019\/09\/pexels-photo-2795196-768x512.jpeg 768w, https:\/\/gwendreams.com\/wp-content\/uploads\/2019\/09\/pexels-photo-2795196-1024x682.jpeg 1024w, https:\/\/gwendreams.com\/wp-content\/uploads\/2019\/09\/pexels-photo-2795196.jpeg 1880w\" sizes=\"auto, (max-width: 209px) 100vw, 209px\" \/><\/p>\n<p style=\"text-align: justify;\">Valentino P.<br \/>\n<span id=\"cch_f2f768bbf354056\" class=\"_mh6 _wsc\"><span class=\"_3oh- _58nk\">Le livre est bien \u00e9crit et le r\u00e9cit saisissant. J&rsquo;ai lu \u00ab\u00a0entre les lignes\u00a0\u00bb un message d&rsquo;espoir (et de souci!) pour le futur de la plan\u00e8te&#8230; \u00c0 mon avis \u00ab\u00a0la clef de vo\u00fbte\u00a0\u00bb est \u00e0 la page 245:\u00a0\u00bbCe serait un monde diff\u00e9rent, pour s\u00fbr, surtout pour les jeunes, si on commen\u00e7ait \u00e0 penser moins \u00e0 la violence et plus aux opportunit\u00e9s en tous genres apport\u00e9es par les \u00e9changes\u00a0\u00bb. J&rsquo;aimerais pouvoir go\u00fbter \u00ab\u00a0le th\u00e9 des ours\u00a0\u00bb (?!?).<\/span><\/span><br \/>\n24\/07\/2019<\/p>\n<p><img loading=\"lazy\" decoding=\"async\" class=\"wp-image-3241 alignnone\" src=\"http:\/\/gwendreams.com\/wp-content\/uploads\/2019\/09\/pexels-photo-1632068-200x300.jpeg\" alt=\"\" width=\"111\" height=\"167\" srcset=\"https:\/\/gwendreams.com\/wp-content\/uploads\/2019\/09\/pexels-photo-1632068-200x300.jpeg 200w, https:\/\/gwendreams.com\/wp-content\/uploads\/2019\/09\/pexels-photo-1632068-768x1152.jpeg 768w, https:\/\/gwendreams.com\/wp-content\/uploads\/2019\/09\/pexels-photo-1632068-683x1024.jpeg 683w, https:\/\/gwendreams.com\/wp-content\/uploads\/2019\/09\/pexels-photo-1632068.jpeg 867w\" sizes=\"auto, (max-width: 111px) 100vw, 111px\" \/><\/p>\n<p>\u00c9lodie LP.<br \/>\nJe l\u2019ai d\u00e9vor\u00e9. Super !<br \/>\n04\/08\/2019<\/p>\n<p><img loading=\"lazy\" decoding=\"async\" class=\"wp-image-3242 alignnone\" src=\"http:\/\/gwendreams.com\/wp-content\/uploads\/2019\/09\/pexels-photo-1097177-200x300.jpeg\" alt=\"\" width=\"107\" height=\"161\" srcset=\"https:\/\/gwendreams.com\/wp-content\/uploads\/2019\/09\/pexels-photo-1097177-200x300.jpeg 200w, https:\/\/gwendreams.com\/wp-content\/uploads\/2019\/09\/pexels-photo-1097177-768x1152.jpeg 768w, https:\/\/gwendreams.com\/wp-content\/uploads\/2019\/09\/pexels-photo-1097177-683x1024.jpeg 683w, https:\/\/gwendreams.com\/wp-content\/uploads\/2019\/09\/pexels-photo-1097177.jpeg 867w\" sizes=\"auto, (max-width: 107px) 100vw, 107px\" \/><\/p>\n<p>H\u00e9l\u00e8ne D.<\/p>\n<p style=\"text-align: justify;\">J&rsquo;ai pass\u00e9 un tr\u00e8s tr\u00e8s bon moment \u00e0 vous lire, merci beaucoup pour cette belle fresque, et comme pr\u00e9vu, j&rsquo;attends donc bien le 2\u00e8me! <u>Soleil gris<\/u> m&rsquo;a fait beaucoup penser \u00e0 Robert Merle avec son livre <u>Malville<\/u>. En tout cas autour de moi, on fait la queue pour le lire!<\/p>\n<div>08\/08\/2019<\/div>\n<div><img loading=\"lazy\" decoding=\"async\" class=\"wp-image-3239 alignnone\" src=\"http:\/\/gwendreams.com\/wp-content\/uploads\/2019\/09\/pexels-photo-878342-225x300.jpeg\" alt=\"\" width=\"117\" height=\"156\" srcset=\"https:\/\/gwendreams.com\/wp-content\/uploads\/2019\/09\/pexels-photo-878342-225x300.jpeg 225w, https:\/\/gwendreams.com\/wp-content\/uploads\/2019\/09\/pexels-photo-878342-768x1024.jpeg 768w, https:\/\/gwendreams.com\/wp-content\/uploads\/2019\/09\/pexels-photo-878342.jpeg 975w\" sizes=\"auto, (max-width: 117px) 100vw, 117px\" \/><\/div>\n<div><\/div>\n<div>Manolo Z.<\/div>\n<div style=\"text-align: justify;\">Je ne sais pas si tu y as pens\u00e9 en l&rsquo;\u00e9crivant, mais le vocabulaire choisi facilite la lecture pour les \u00e9trangers. Ce livre donne l&rsquo;impression de faire le voyage avec les personnages. Je pressens un franc succ\u00e8s, pour le c\u00f4t\u00e9 peut-\u00eatre pr\u00e9monitoire. Heureusement, on pourra toujours compenser un manque de m\u00e9dicaments par un recours aux plantes.<\/div>\n<div>(commentaire traduit de l&rsquo;espagnol)<\/div>\n<div>09\/08\/2019<\/div>\n<div><\/div>\n<div><\/div>\n<div><img loading=\"lazy\" decoding=\"async\" class=\"wp-image-3233 alignnone\" src=\"http:\/\/gwendreams.com\/wp-content\/uploads\/2019\/09\/pexels-photo-128428-300x200.jpeg\" alt=\"\" width=\"168\" height=\"112\" srcset=\"https:\/\/gwendreams.com\/wp-content\/uploads\/2019\/09\/pexels-photo-128428-300x200.jpeg 300w, https:\/\/gwendreams.com\/wp-content\/uploads\/2019\/09\/pexels-photo-128428-768x512.jpeg 768w, https:\/\/gwendreams.com\/wp-content\/uploads\/2019\/09\/pexels-photo-128428-1024x682.jpeg 1024w, https:\/\/gwendreams.com\/wp-content\/uploads\/2019\/09\/pexels-photo-128428.jpeg 1880w\" sizes=\"auto, (max-width: 168px) 100vw, 168px\" \/><\/div>\n<div>Patrice R.<\/div>\n<div>J&rsquo;ai beaucoup aim\u00e9 Soleil Gris.<\/div>\n<div>J&rsquo;ai aim\u00e9 l&rsquo;intrigue, les personnages et l&rsquo;\u00e9criture \u00e0 trois voix qui en rend la lecture tr\u00e8s facile.<\/div>\n<div>01\/09\/2019<\/div>\n<p><img loading=\"lazy\" decoding=\"async\" class=\"wp-image-3235 alignnone\" src=\"http:\/\/gwendreams.com\/wp-content\/uploads\/2019\/09\/pexels-photo-2702835-300x200.jpeg\" alt=\"\" width=\"176\" height=\"117\" srcset=\"https:\/\/gwendreams.com\/wp-content\/uploads\/2019\/09\/pexels-photo-2702835-300x200.jpeg 300w, https:\/\/gwendreams.com\/wp-content\/uploads\/2019\/09\/pexels-photo-2702835-768x512.jpeg 768w, https:\/\/gwendreams.com\/wp-content\/uploads\/2019\/09\/pexels-photo-2702835-1024x682.jpeg 1024w, https:\/\/gwendreams.com\/wp-content\/uploads\/2019\/09\/pexels-photo-2702835.jpeg 1880w\" sizes=\"auto, (max-width: 176px) 100vw, 176px\" \/><\/p>\n<p>Estelle G.<\/p>\n<p>J\u2019appr\u00e9cie le fait qu\u2019il y ait peu de personnages et que ceux-ci soient tous sympathiques et attachants. \u00a0Y aura-t-il une suite ?<\/p>\n<p>06\/09\/2019<\/p>\n<p><img loading=\"lazy\" decoding=\"async\" class=\"alignleft  wp-image-3231\" src=\"http:\/\/gwendreams.com\/wp-content\/uploads\/2019\/09\/pexels-photo-448835-300x240.jpeg\" alt=\"\" width=\"167\" height=\"133\" srcset=\"https:\/\/gwendreams.com\/wp-content\/uploads\/2019\/09\/pexels-photo-448835-300x240.jpeg 300w, https:\/\/gwendreams.com\/wp-content\/uploads\/2019\/09\/pexels-photo-448835-768x614.jpeg 768w, https:\/\/gwendreams.com\/wp-content\/uploads\/2019\/09\/pexels-photo-448835-1024x819.jpeg 1024w, https:\/\/gwendreams.com\/wp-content\/uploads\/2019\/09\/pexels-photo-448835.jpeg 1625w\" sizes=\"auto, (max-width: 167px) 100vw, 167px\" \/><\/p>\n<p>Janine<\/p>\n<p style=\"text-align: justify;\">L&rsquo;h\u00e9ro\u00efne est bienfaisante, autant dans l&rsquo;histoire que pour le lecteur. Elle pose des actes \u00e0 hauteur de son intelligence et de sa finesse. Un livre qui nous rappelle qui nous sommes et o\u00f9 nous vivons.<\/p>\n<p>15\/12\/2019<\/p>\n<p><img loading=\"lazy\" decoding=\"async\" class=\"alignleft  wp-image-3185\" src=\"http:\/\/gwendreams.com\/wp-content\/uploads\/2019\/09\/books-reading-study-literature-159544-300x214.jpeg\" alt=\"\" width=\"167\" height=\"119\" srcset=\"https:\/\/gwendreams.com\/wp-content\/uploads\/2019\/09\/books-reading-study-literature-159544-300x214.jpeg 300w, https:\/\/gwendreams.com\/wp-content\/uploads\/2019\/09\/books-reading-study-literature-159544-768x549.jpeg 768w, https:\/\/gwendreams.com\/wp-content\/uploads\/2019\/09\/books-reading-study-literature-159544-1024x732.jpeg 1024w, https:\/\/gwendreams.com\/wp-content\/uploads\/2019\/09\/books-reading-study-literature-159544.jpeg 1819w\" sizes=\"auto, (max-width: 167px) 100vw, 167px\" \/><\/p>\n<p>Guillaume V.<\/p>\n<p style=\"text-align: justify;\">L&rsquo;univers est riche, complexe, joue avec les codes de l&rsquo;anticipation post-catastrophe climatique tout en s&rsquo;attachant \u00e0 de petites choses, vues \u00e0 hauteur d&rsquo;homme. C&rsquo;est tr\u00e8s r\u00e9ussi, tr\u00e8s touchant.<\/p>\n<p>20\/12\/2019<\/p>\n<p>Laetitia V<\/p>\n<p>Le titre du livre m\u2019a rappel\u00e9 \u00a0une petite s\u00e9quence de vie o\u00f9 l\u2019on a appris que la pluie et le soleil pouvaient se rencontrer en m\u00eame temps. Et \u00e7a veut dire beaucoup \u00e7a !!<\/p>\n<p>15\/01\/2020<\/p>\n","protected":false},"excerpt":{"rendered":"<p>Merci \u00e0 tous les lecteurs et lectrices qui ont eu la gentille attention de me faire parvenir leurs commentaires. En voici quelques extraits : Emmanuelle J. C&rsquo;\u00e9tait un moment de lecture agr\u00e9able, et j&rsquo;ai aim\u00e9 ce que j&rsquo;ai lu. 20\/06\/2019 Claire Lu en 3 jours, personnages attachants, beaucoup de sensibilit\u00e9.\u00a0Ce&#8230;<\/p>\n<div class=\"more-link-wrapper\"><a class=\"more-link\" href=\"https:\/\/gwendreams.com\/index.php\/les-livres\/soleil-gris\/commentaires-de-lecteurs-pour-soleil-gris\/\">Continuer la lecture<span class=\"screen-reader-text\">Commentaires de lecteurs pour Soleil gris<\/span><\/a><\/div>\n","protected":false},"author":2,"featured_media":0,"parent":1459,"menu_order":0,"comment_status":"closed","ping_status":"closed","template":"","meta":{"jetpack_post_was_ever_published":false,"iawp_total_views":34,"footnotes":""},"class_list":["post-2242","page","type-page","status-publish","hentry","entry"],"yoast_head":"<!-- This site is optimized with the Yoast SEO plugin v27.3 - https:\/\/yoast.com\/product\/yoast-seo-wordpress\/ -->\n<title>Commentaires de lecteurs pour Soleil gris - Gwendreams<\/title>\n<meta name=\"robots\" content=\"index, follow, max-snippet:-1, max-image-preview:large, max-video-preview:-1\" \/>\n<link rel=\"canonical\" href=\"https:\/\/gwendreams.com\/index.php\/les-livres\/soleil-gris\/commentaires-de-lecteurs-pour-soleil-gris\/\" \/>\n<meta property=\"og:locale\" content=\"fr_FR\" \/>\n<meta property=\"og:type\" content=\"article\" \/>\n<meta property=\"og:title\" content=\"Commentaires de lecteurs pour Soleil gris - Gwendreams\" \/>\n<meta property=\"og:description\" content=\"Merci \u00e0 tous les lecteurs et lectrices qui ont eu la gentille attention de me faire parvenir leurs commentaires. En voici quelques extraits : Emmanuelle J. C&rsquo;\u00e9tait un moment de lecture agr\u00e9able, et j&rsquo;ai aim\u00e9 ce que j&rsquo;ai lu. 20\/06\/2019 Claire Lu en 3 jours, personnages attachants, beaucoup de sensibilit\u00e9.\u00a0Ce&#8230;\" \/>\n<meta property=\"og:url\" content=\"https:\/\/gwendreams.com\/index.php\/les-livres\/soleil-gris\/commentaires-de-lecteurs-pour-soleil-gris\/\" \/>\n<meta property=\"og:site_name\" content=\"Gwendreams\" \/>\n<meta property=\"article:publisher\" content=\"https:\/\/www.facebook.com\/profile.php?id=100063791695285\" \/>\n<meta property=\"article:modified_time\" content=\"2020-01-15T11:33:26+00:00\" \/>\n<meta property=\"og:image\" content=\"http:\/\/gwendreams.com\/wp-content\/uploads\/2019\/09\/pexels-photo-300x200.jpg\" \/>\n<meta name=\"twitter:card\" content=\"summary_large_image\" \/>\n<meta name=\"twitter:label1\" content=\"Dur\u00e9e de lecture estim\u00e9e\" \/>\n\t<meta name=\"twitter:data1\" content=\"3 minutes\" \/>\n<script type=\"application\/ld+json\" class=\"yoast-schema-graph\">{\"@context\":\"https:\\\/\\\/schema.org\",\"@graph\":[{\"@type\":\"WebPage\",\"@id\":\"https:\\\/\\\/gwendreams.com\\\/index.php\\\/les-livres\\\/soleil-gris\\\/commentaires-de-lecteurs-pour-soleil-gris\\\/\",\"url\":\"https:\\\/\\\/gwendreams.com\\\/index.php\\\/les-livres\\\/soleil-gris\\\/commentaires-de-lecteurs-pour-soleil-gris\\\/\",\"name\":\"Commentaires de lecteurs pour Soleil gris - Gwendreams\",\"isPartOf\":{\"@id\":\"https:\\\/\\\/gwendreams.com\\\/#website\"},\"primaryImageOfPage\":{\"@id\":\"https:\\\/\\\/gwendreams.com\\\/index.php\\\/les-livres\\\/soleil-gris\\\/commentaires-de-lecteurs-pour-soleil-gris\\\/#primaryimage\"},\"image\":{\"@id\":\"https:\\\/\\\/gwendreams.com\\\/index.php\\\/les-livres\\\/soleil-gris\\\/commentaires-de-lecteurs-pour-soleil-gris\\\/#primaryimage\"},\"thumbnailUrl\":\"http:\\\/\\\/gwendreams.com\\\/wp-content\\\/uploads\\\/2019\\\/09\\\/pexels-photo-300x200.jpg\",\"datePublished\":\"2019-08-04T12:25:39+00:00\",\"dateModified\":\"2020-01-15T11:33:26+00:00\",\"breadcrumb\":{\"@id\":\"https:\\\/\\\/gwendreams.com\\\/index.php\\\/les-livres\\\/soleil-gris\\\/commentaires-de-lecteurs-pour-soleil-gris\\\/#breadcrumb\"},\"inLanguage\":\"fr-FR\",\"potentialAction\":[{\"@type\":\"ReadAction\",\"target\":[\"https:\\\/\\\/gwendreams.com\\\/index.php\\\/les-livres\\\/soleil-gris\\\/commentaires-de-lecteurs-pour-soleil-gris\\\/\"]}]},{\"@type\":\"ImageObject\",\"inLanguage\":\"fr-FR\",\"@id\":\"https:\\\/\\\/gwendreams.com\\\/index.php\\\/les-livres\\\/soleil-gris\\\/commentaires-de-lecteurs-pour-soleil-gris\\\/#primaryimage\",\"url\":\"http:\\\/\\\/gwendreams.com\\\/wp-content\\\/uploads\\\/2019\\\/09\\\/pexels-photo-300x200.jpg\",\"contentUrl\":\"http:\\\/\\\/gwendreams.com\\\/wp-content\\\/uploads\\\/2019\\\/09\\\/pexels-photo-300x200.jpg\"},{\"@type\":\"BreadcrumbList\",\"@id\":\"https:\\\/\\\/gwendreams.com\\\/index.php\\\/les-livres\\\/soleil-gris\\\/commentaires-de-lecteurs-pour-soleil-gris\\\/#breadcrumb\",\"itemListElement\":[{\"@type\":\"ListItem\",\"position\":1,\"name\":\"Accueil\",\"item\":\"https:\\\/\\\/gwendreams.com\\\/\"},{\"@type\":\"ListItem\",\"position\":2,\"name\":\"Livres\",\"item\":\"https:\\\/\\\/gwendreams.com\\\/index.php\\\/les-livres\\\/\"},{\"@type\":\"ListItem\",\"position\":3,\"name\":\"SOLEIL GRIS\",\"item\":\"https:\\\/\\\/gwendreams.com\\\/index.php\\\/les-livres\\\/soleil-gris\\\/\"},{\"@type\":\"ListItem\",\"position\":4,\"name\":\"Commentaires de lecteurs pour Soleil gris\"}]},{\"@type\":\"WebSite\",\"@id\":\"https:\\\/\\\/gwendreams.com\\\/#website\",\"url\":\"https:\\\/\\\/gwendreams.com\\\/\",\"name\":\"Gwendreams\",\"description\":\"Tout un monde \u00e0 d\u00e9couvrir !\",\"potentialAction\":[{\"@type\":\"SearchAction\",\"target\":{\"@type\":\"EntryPoint\",\"urlTemplate\":\"https:\\\/\\\/gwendreams.com\\\/?s={search_term_string}\"},\"query-input\":{\"@type\":\"PropertyValueSpecification\",\"valueRequired\":true,\"valueName\":\"search_term_string\"}}],\"inLanguage\":\"fr-FR\"}]}<\/script>\n<!-- \/ Yoast SEO plugin. -->","yoast_head_json":{"title":"Commentaires de lecteurs pour Soleil gris - Gwendreams","robots":{"index":"index","follow":"follow","max-snippet":"max-snippet:-1","max-image-preview":"max-image-preview:large","max-video-preview":"max-video-preview:-1"},"canonical":"https:\/\/gwendreams.com\/index.php\/les-livres\/soleil-gris\/commentaires-de-lecteurs-pour-soleil-gris\/","og_locale":"fr_FR","og_type":"article","og_title":"Commentaires de lecteurs pour Soleil gris - Gwendreams","og_description":"Merci \u00e0 tous les lecteurs et lectrices qui ont eu la gentille attention de me faire parvenir leurs commentaires. En voici quelques extraits : Emmanuelle J. C&rsquo;\u00e9tait un moment de lecture agr\u00e9able, et j&rsquo;ai aim\u00e9 ce que j&rsquo;ai lu. 20\/06\/2019 Claire Lu en 3 jours, personnages attachants, beaucoup de sensibilit\u00e9.\u00a0Ce&#8230;","og_url":"https:\/\/gwendreams.com\/index.php\/les-livres\/soleil-gris\/commentaires-de-lecteurs-pour-soleil-gris\/","og_site_name":"Gwendreams","article_publisher":"https:\/\/www.facebook.com\/profile.php?id=100063791695285","article_modified_time":"2020-01-15T11:33:26+00:00","og_image":[{"url":"http:\/\/gwendreams.com\/wp-content\/uploads\/2019\/09\/pexels-photo-300x200.jpg","type":"","width":"","height":""}],"twitter_card":"summary_large_image","twitter_misc":{"Dur\u00e9e de lecture estim\u00e9e":"3 minutes"},"schema":{"@context":"https:\/\/schema.org","@graph":[{"@type":"WebPage","@id":"https:\/\/gwendreams.com\/index.php\/les-livres\/soleil-gris\/commentaires-de-lecteurs-pour-soleil-gris\/","url":"https:\/\/gwendreams.com\/index.php\/les-livres\/soleil-gris\/commentaires-de-lecteurs-pour-soleil-gris\/","name":"Commentaires de lecteurs pour Soleil gris - Gwendreams","isPartOf":{"@id":"https:\/\/gwendreams.com\/#website"},"primaryImageOfPage":{"@id":"https:\/\/gwendreams.com\/index.php\/les-livres\/soleil-gris\/commentaires-de-lecteurs-pour-soleil-gris\/#primaryimage"},"image":{"@id":"https:\/\/gwendreams.com\/index.php\/les-livres\/soleil-gris\/commentaires-de-lecteurs-pour-soleil-gris\/#primaryimage"},"thumbnailUrl":"http:\/\/gwendreams.com\/wp-content\/uploads\/2019\/09\/pexels-photo-300x200.jpg","datePublished":"2019-08-04T12:25:39+00:00","dateModified":"2020-01-15T11:33:26+00:00","breadcrumb":{"@id":"https:\/\/gwendreams.com\/index.php\/les-livres\/soleil-gris\/commentaires-de-lecteurs-pour-soleil-gris\/#breadcrumb"},"inLanguage":"fr-FR","potentialAction":[{"@type":"ReadAction","target":["https:\/\/gwendreams.com\/index.php\/les-livres\/soleil-gris\/commentaires-de-lecteurs-pour-soleil-gris\/"]}]},{"@type":"ImageObject","inLanguage":"fr-FR","@id":"https:\/\/gwendreams.com\/index.php\/les-livres\/soleil-gris\/commentaires-de-lecteurs-pour-soleil-gris\/#primaryimage","url":"http:\/\/gwendreams.com\/wp-content\/uploads\/2019\/09\/pexels-photo-300x200.jpg","contentUrl":"http:\/\/gwendreams.com\/wp-content\/uploads\/2019\/09\/pexels-photo-300x200.jpg"},{"@type":"BreadcrumbList","@id":"https:\/\/gwendreams.com\/index.php\/les-livres\/soleil-gris\/commentaires-de-lecteurs-pour-soleil-gris\/#breadcrumb","itemListElement":[{"@type":"ListItem","position":1,"name":"Accueil","item":"https:\/\/gwendreams.com\/"},{"@type":"ListItem","position":2,"name":"Livres","item":"https:\/\/gwendreams.com\/index.php\/les-livres\/"},{"@type":"ListItem","position":3,"name":"SOLEIL GRIS","item":"https:\/\/gwendreams.com\/index.php\/les-livres\/soleil-gris\/"},{"@type":"ListItem","position":4,"name":"Commentaires de lecteurs pour Soleil gris"}]},{"@type":"WebSite","@id":"https:\/\/gwendreams.com\/#website","url":"https:\/\/gwendreams.com\/","name":"Gwendreams","description":"Tout un monde \u00e0 d\u00e9couvrir !","potentialAction":[{"@type":"SearchAction","target":{"@type":"EntryPoint","urlTemplate":"https:\/\/gwendreams.com\/?s={search_term_string}"},"query-input":{"@type":"PropertyValueSpecification","valueRequired":true,"valueName":"search_term_string"}}],"inLanguage":"fr-FR"}]}},"jetpack_sharing_enabled":true,"_links":{"self":[{"href":"https:\/\/gwendreams.com\/index.php\/wp-json\/wp\/v2\/pages\/2242","targetHints":{"allow":["GET"]}}],"collection":[{"href":"https:\/\/gwendreams.com\/index.php\/wp-json\/wp\/v2\/pages"}],"about":[{"href":"https:\/\/gwendreams.com\/index.php\/wp-json\/wp\/v2\/types\/page"}],"author":[{"embeddable":true,"href":"https:\/\/gwendreams.com\/index.php\/wp-json\/wp\/v2\/users\/2"}],"replies":[{"embeddable":true,"href":"https:\/\/gwendreams.com\/index.php\/wp-json\/wp\/v2\/comments?post=2242"}],"version-history":[{"count":15,"href":"https:\/\/gwendreams.com\/index.php\/wp-json\/wp\/v2\/pages\/2242\/revisions"}],"predecessor-version":[{"id":3771,"href":"https:\/\/gwendreams.com\/index.php\/wp-json\/wp\/v2\/pages\/2242\/revisions\/3771"}],"up":[{"embeddable":true,"href":"https:\/\/gwendreams.com\/index.php\/wp-json\/wp\/v2\/pages\/1459"}],"wp:attachment":[{"href":"https:\/\/gwendreams.com\/index.php\/wp-json\/wp\/v2\/media?parent=2242"}],"curies":[{"name":"wp","href":"https:\/\/api.w.org\/{rel}","templated":true}]}}