{"id":2257,"date":"2019-08-10T21:45:24","date_gmt":"2019-08-10T19:45:24","guid":{"rendered":"https:\/\/gwendreams.com\/?page_id=2257"},"modified":"2026-04-05T10:40:47","modified_gmt":"2026-04-05T08:40:47","slug":"les-plantes","status":"publish","type":"page","link":"https:\/\/gwendreams.com\/index.php\/les-plantes\/","title":{"rendered":"Plantes"},"content":{"rendered":"\n<p>Sur les flancs des montagnes, dans les recoins du d\u00e9sert, partout sauf dans les milieux les plus extr\u00eames, on trouve la vie, celle qui pousse, tranquillement, qui ne demande qu&rsquo;un peu d&rsquo;eau et d&rsquo;espace, et parfois pas tant. Le v\u00e9g\u00e9tal ! Les plantes !<\/p>\n\n\n\n<h2 class=\"wp-block-heading\">Les plantes, un monde \u00e0 d\u00e9couvrir<\/h2>\n\n\n\n<p>Les plantes sont un monde \u00e0 d\u00e9couvrir. En effet, tous les sens sont sollicit\u00e9s lorsque l&rsquo;on parle de plantes :<\/p>\n\n\n\n<ul class=\"wp-block-list\">\n<li>la vue par la beaut\u00e9 des couleurs et des formes<\/li>\n\n\n\n<li>l&rsquo;odorat par les senteurs merveilleuses des fleurs ou des feuilles<\/li>\n\n\n\n<li>le go\u00fbt par les fruits, les infusions, les salades &#8230;<\/li>\n\n\n\n<li>le toucher par la douceur des p\u00e9tales, le piquant d&rsquo;une \u00e9pine<\/li>\n\n\n\n<li>l&rsquo;ouie par le bruissement des arbres<\/li>\n<\/ul>\n\n\n\n<p>Toutefois, cela prend du temps, d&rsquo;apprendre \u00e0 recona\u00eetre les plantes, leurs caract\u00e9ristiques et leur propri\u00e9t\u00e9s. Savoir o\u00f9 les trouver \u00e0 toute \u00e9poque, sans se tromper, cela demande des heures, des jours, des ann\u00e9es de rep\u00e9rage et de patience.<\/p>\n\n\n\n<p>Cette page se propose de pr\u00e9senter celles qui sont devenues une partie importante de ma vie, au fil du temps. Parfois s&rsquo;y adjoindra une recette, car je ne r\u00e9siste pas \u00e0 mettre un peu de sauvage dans mon assiette.<\/p>\n\n\n\n<p><em>Mise en garde : ce qui est adapt\u00e9 pour moi peut ne pas l&rsquo;\u00eatre pour une autre personne, et une plante contamin\u00e9e par des polluants est toujours dangereuse. Je ne suis pas professionnelle ni des plantes ni de l&rsquo;alimentation et ne donne que des avis personels. Vous \u00eates seul(e) reponsable de votre sant\u00e9. Par ailleurs, la cueillette est parfois interdite. Veuillez conna\u00eetre et respecter la r\u00e8glementation en vigueur.<\/em><\/p>\n\n\n\n<h2 class=\"wp-block-heading\">Plantes \u00e0 d\u00e9guster, plantes \u00e0 soigner<\/h2>\n\n\n\n<p>Voici une liste des articles gourmands et utiles publi\u00e9s et \u00e0 venir :<\/p>\n\n\n\n<ul class=\"wp-block-list\">\n<li>\u00a0thym feuilles et fleurs<\/li>\n\n\n\n<li>romarin feuilles et fleurs<\/li>\n\n\n\n<li><a href=\"https:\/\/gwendreams.com\/index.php\/2019\/10\/07\/le-plantain-plante-medicinale-cicatrisante\/\">plantain feuilles et reste de la plante<\/a><\/li>\n\n\n\n<li>m\u00fbres et feuilles de ronces<\/li>\n\n\n\n<li>framboises et feuilles de framboisiers<\/li>\n\n\n\n<li>fenouil fleurs, graines et feuilles<\/li>\n\n\n\n<li>grenades<\/li>\n\n\n\n<li><a href=\"https:\/\/gwendreams.com\/index.php\/2026\/04\/05\/pissenlit-une-folie-du-printemps\/\" target=\"_blank\" rel=\"noreferrer noopener\">pissenlit feuilles, fleurs et racines<\/a><\/li>\n\n\n\n<li>myrtilles et feuilles<\/li>\n\n\n\n<li>fraises des bois<\/li>\n\n\n\n<li>noisettes<\/li>\n\n\n\n<li>noix<\/li>\n\n\n\n<li><a href=\"https:\/\/gwendreams.com\/index.php\/2020\/03\/19\/lachillee-millefeuille-une-plante-medicinale-fascinante\/\">achill\u00e9e millefeuille fleurs et feuilles<\/a><\/li>\n\n\n\n<li>origan \/ marjolaine fleurs et feuilles<\/li>\n\n\n\n<li>menthes feuilles et fleurs<\/li>\n\n\n\n<li>citrons fruits, fleurs et feuilles<\/li>\n\n\n\n<li><a href=\"https:\/\/gwendreams.com\/index.php\/2020\/08\/18\/le-sureau-un-arbuste-riche-de-possibilites\/\">sureau fleurs et fruits<\/a><\/li>\n\n\n\n<li><a href=\"https:\/\/gwendreams.com\/index.php\/2019\/11\/06\/la-criste-marine\/\">criste marine<\/a><\/li>\n<\/ul>\n\n\n\n<p>\u00a9&nbsp;Gwen Caillet 2019 &#8211; Tous droits r\u00e9serv\u00e9s.<\/p>\n","protected":false},"excerpt":{"rendered":"<p>Sur les flancs des montagnes, dans les recoins du d\u00e9sert, partout sauf dans les milieux les plus extr\u00eames, on trouve la vie, celle qui pousse, tranquillement, qui ne demande qu&rsquo;un peu d&rsquo;eau et d&rsquo;espace, et parfois pas tant. Le v\u00e9g\u00e9tal ! Les plantes ! Les plantes, un monde \u00e0 d\u00e9couvrir&#8230;<\/p>\n<div class=\"more-link-wrapper\"><a class=\"more-link\" href=\"https:\/\/gwendreams.com\/index.php\/les-plantes\/\">Continuer la lecture<span class=\"screen-reader-text\">Plantes<\/span><\/a><\/div>\n","protected":false},"author":2,"featured_media":2368,"parent":0,"menu_order":5,"comment_status":"closed","ping_status":"closed","template":"","meta":{"jetpack_post_was_ever_published":false,"iawp_total_views":7,"footnotes":""},"class_list":["post-2257","page","type-page","status-publish","has-post-thumbnail","hentry","entry"],"yoast_head":"<!-- This site is optimized with the Yoast SEO plugin v27.3 - https:\/\/yoast.com\/product\/yoast-seo-wordpress\/ -->\n<title>Plantes - Gwendreams comestible m\u00e9dicinale botanique nature sant\u00e9<\/title>\n<meta name=\"description\" content=\"plantes plante m\u00e9dicinale comestible botanique sant\u00e9 nature sauvage France Espagne se soigner pr\u00e9paration maison piq\u00fbre \u00e9raflure coupure herboristerie\" \/>\n<meta name=\"robots\" content=\"index, follow, max-snippet:-1, max-image-preview:large, max-video-preview:-1\" \/>\n<link rel=\"canonical\" href=\"https:\/\/gwendreams.com\/index.php\/les-plantes\/\" \/>\n<meta property=\"og:locale\" content=\"fr_FR\" \/>\n<meta property=\"og:type\" content=\"article\" \/>\n<meta property=\"og:title\" content=\"Plantes - Gwendreams comestible m\u00e9dicinale botanique nature sant\u00e9\" \/>\n<meta property=\"og:url\" content=\"https:\/\/gwendreams.com\/index.php\/les-plantes\/\" \/>\n<meta property=\"og:site_name\" content=\"Gwendreams\" \/>\n<meta property=\"article:publisher\" content=\"https:\/\/www.facebook.com\/profile.php?id=100063791695285\" \/>\n<meta property=\"article:modified_time\" content=\"2026-04-05T08:40:47+00:00\" \/>\n<meta property=\"og:image\" content=\"https:\/\/gwendreams.com\/wp-content\/uploads\/2019\/09\/coquelicots-pres-de-Huesca-3.jpg\" \/>\n\t<meta property=\"og:image:width\" content=\"800\" \/>\n\t<meta property=\"og:image:height\" content=\"600\" \/>\n\t<meta property=\"og:image:type\" content=\"image\/jpeg\" \/>\n<meta name=\"twitter:card\" content=\"summary_large_image\" \/>\n<meta name=\"twitter:label1\" content=\"Dur\u00e9e de lecture estim\u00e9e\" \/>\n\t<meta name=\"twitter:data1\" content=\"3 minutes\" \/>\n<script type=\"application\/ld+json\" class=\"yoast-schema-graph\">{\"@context\":\"https:\\\/\\\/schema.org\",\"@graph\":[{\"@type\":\"WebPage\",\"@id\":\"https:\\\/\\\/gwendreams.com\\\/index.php\\\/les-plantes\\\/\",\"url\":\"https:\\\/\\\/gwendreams.com\\\/index.php\\\/les-plantes\\\/\",\"name\":\"Plantes - Gwendreams comestible m\u00e9dicinale botanique nature sant\u00e9\",\"isPartOf\":{\"@id\":\"https:\\\/\\\/gwendreams.com\\\/#website\"},\"primaryImageOfPage\":{\"@id\":\"https:\\\/\\\/gwendreams.com\\\/index.php\\\/les-plantes\\\/#primaryimage\"},\"image\":{\"@id\":\"https:\\\/\\\/gwendreams.com\\\/index.php\\\/les-plantes\\\/#primaryimage\"},\"thumbnailUrl\":\"https:\\\/\\\/gwendreams.com\\\/wp-content\\\/uploads\\\/2019\\\/09\\\/coquelicots-pres-de-Huesca-3.jpg\",\"datePublished\":\"2019-08-10T19:45:24+00:00\",\"dateModified\":\"2026-04-05T08:40:47+00:00\",\"description\":\"plantes plante m\u00e9dicinale comestible botanique sant\u00e9 nature sauvage France Espagne se soigner pr\u00e9paration maison piq\u00fbre \u00e9raflure coupure herboristerie\",\"breadcrumb\":{\"@id\":\"https:\\\/\\\/gwendreams.com\\\/index.php\\\/les-plantes\\\/#breadcrumb\"},\"inLanguage\":\"fr-FR\",\"potentialAction\":[{\"@type\":\"ReadAction\",\"target\":[\"https:\\\/\\\/gwendreams.com\\\/index.php\\\/les-plantes\\\/\"]}]},{\"@type\":\"ImageObject\",\"inLanguage\":\"fr-FR\",\"@id\":\"https:\\\/\\\/gwendreams.com\\\/index.php\\\/les-plantes\\\/#primaryimage\",\"url\":\"https:\\\/\\\/gwendreams.com\\\/wp-content\\\/uploads\\\/2019\\\/09\\\/coquelicots-pres-de-Huesca-3.jpg\",\"contentUrl\":\"https:\\\/\\\/gwendreams.com\\\/wp-content\\\/uploads\\\/2019\\\/09\\\/coquelicots-pres-de-Huesca-3.jpg\",\"width\":800,\"height\":600,\"caption\":\"coquelicots pres de Huesca\"},{\"@type\":\"BreadcrumbList\",\"@id\":\"https:\\\/\\\/gwendreams.com\\\/index.php\\\/les-plantes\\\/#breadcrumb\",\"itemListElement\":[{\"@type\":\"ListItem\",\"position\":1,\"name\":\"Accueil\",\"item\":\"https:\\\/\\\/gwendreams.com\\\/\"},{\"@type\":\"ListItem\",\"position\":2,\"name\":\"Plantes\"}]},{\"@type\":\"WebSite\",\"@id\":\"https:\\\/\\\/gwendreams.com\\\/#website\",\"url\":\"https:\\\/\\\/gwendreams.com\\\/\",\"name\":\"Gwendreams\",\"description\":\"Tout un monde \u00e0 d\u00e9couvrir !\",\"potentialAction\":[{\"@type\":\"SearchAction\",\"target\":{\"@type\":\"EntryPoint\",\"urlTemplate\":\"https:\\\/\\\/gwendreams.com\\\/?s={search_term_string}\"},\"query-input\":{\"@type\":\"PropertyValueSpecification\",\"valueRequired\":true,\"valueName\":\"search_term_string\"}}],\"inLanguage\":\"fr-FR\"}]}<\/script>\n<!-- \/ Yoast SEO plugin. -->","yoast_head_json":{"title":"Plantes - Gwendreams comestible m\u00e9dicinale botanique nature sant\u00e9","description":"plantes plante m\u00e9dicinale comestible botanique sant\u00e9 nature sauvage France Espagne se soigner pr\u00e9paration maison piq\u00fbre \u00e9raflure coupure herboristerie","robots":{"index":"index","follow":"follow","max-snippet":"max-snippet:-1","max-image-preview":"max-image-preview:large","max-video-preview":"max-video-preview:-1"},"canonical":"https:\/\/gwendreams.com\/index.php\/les-plantes\/","og_locale":"fr_FR","og_type":"article","og_title":"Plantes - Gwendreams comestible m\u00e9dicinale botanique nature sant\u00e9","og_url":"https:\/\/gwendreams.com\/index.php\/les-plantes\/","og_site_name":"Gwendreams","article_publisher":"https:\/\/www.facebook.com\/profile.php?id=100063791695285","article_modified_time":"2026-04-05T08:40:47+00:00","og_image":[{"width":800,"height":600,"url":"https:\/\/gwendreams.com\/wp-content\/uploads\/2019\/09\/coquelicots-pres-de-Huesca-3.jpg","type":"image\/jpeg"}],"twitter_card":"summary_large_image","twitter_misc":{"Dur\u00e9e de lecture estim\u00e9e":"3 minutes"},"schema":{"@context":"https:\/\/schema.org","@graph":[{"@type":"WebPage","@id":"https:\/\/gwendreams.com\/index.php\/les-plantes\/","url":"https:\/\/gwendreams.com\/index.php\/les-plantes\/","name":"Plantes - Gwendreams comestible m\u00e9dicinale botanique nature sant\u00e9","isPartOf":{"@id":"https:\/\/gwendreams.com\/#website"},"primaryImageOfPage":{"@id":"https:\/\/gwendreams.com\/index.php\/les-plantes\/#primaryimage"},"image":{"@id":"https:\/\/gwendreams.com\/index.php\/les-plantes\/#primaryimage"},"thumbnailUrl":"https:\/\/gwendreams.com\/wp-content\/uploads\/2019\/09\/coquelicots-pres-de-Huesca-3.jpg","datePublished":"2019-08-10T19:45:24+00:00","dateModified":"2026-04-05T08:40:47+00:00","description":"plantes plante m\u00e9dicinale comestible botanique sant\u00e9 nature sauvage France Espagne se soigner pr\u00e9paration maison piq\u00fbre \u00e9raflure coupure herboristerie","breadcrumb":{"@id":"https:\/\/gwendreams.com\/index.php\/les-plantes\/#breadcrumb"},"inLanguage":"fr-FR","potentialAction":[{"@type":"ReadAction","target":["https:\/\/gwendreams.com\/index.php\/les-plantes\/"]}]},{"@type":"ImageObject","inLanguage":"fr-FR","@id":"https:\/\/gwendreams.com\/index.php\/les-plantes\/#primaryimage","url":"https:\/\/gwendreams.com\/wp-content\/uploads\/2019\/09\/coquelicots-pres-de-Huesca-3.jpg","contentUrl":"https:\/\/gwendreams.com\/wp-content\/uploads\/2019\/09\/coquelicots-pres-de-Huesca-3.jpg","width":800,"height":600,"caption":"coquelicots pres de Huesca"},{"@type":"BreadcrumbList","@id":"https:\/\/gwendreams.com\/index.php\/les-plantes\/#breadcrumb","itemListElement":[{"@type":"ListItem","position":1,"name":"Accueil","item":"https:\/\/gwendreams.com\/"},{"@type":"ListItem","position":2,"name":"Plantes"}]},{"@type":"WebSite","@id":"https:\/\/gwendreams.com\/#website","url":"https:\/\/gwendreams.com\/","name":"Gwendreams","description":"Tout un monde \u00e0 d\u00e9couvrir !","potentialAction":[{"@type":"SearchAction","target":{"@type":"EntryPoint","urlTemplate":"https:\/\/gwendreams.com\/?s={search_term_string}"},"query-input":{"@type":"PropertyValueSpecification","valueRequired":true,"valueName":"search_term_string"}}],"inLanguage":"fr-FR"}]}},"jetpack_sharing_enabled":true,"_links":{"self":[{"href":"https:\/\/gwendreams.com\/index.php\/wp-json\/wp\/v2\/pages\/2257","targetHints":{"allow":["GET"]}}],"collection":[{"href":"https:\/\/gwendreams.com\/index.php\/wp-json\/wp\/v2\/pages"}],"about":[{"href":"https:\/\/gwendreams.com\/index.php\/wp-json\/wp\/v2\/types\/page"}],"author":[{"embeddable":true,"href":"https:\/\/gwendreams.com\/index.php\/wp-json\/wp\/v2\/users\/2"}],"replies":[{"embeddable":true,"href":"https:\/\/gwendreams.com\/index.php\/wp-json\/wp\/v2\/comments?post=2257"}],"version-history":[{"count":12,"href":"https:\/\/gwendreams.com\/index.php\/wp-json\/wp\/v2\/pages\/2257\/revisions"}],"predecessor-version":[{"id":6178,"href":"https:\/\/gwendreams.com\/index.php\/wp-json\/wp\/v2\/pages\/2257\/revisions\/6178"}],"wp:featuredmedia":[{"embeddable":true,"href":"https:\/\/gwendreams.com\/index.php\/wp-json\/wp\/v2\/media\/2368"}],"wp:attachment":[{"href":"https:\/\/gwendreams.com\/index.php\/wp-json\/wp\/v2\/media?parent=2257"}],"curies":[{"name":"wp","href":"https:\/\/api.w.org\/{rel}","templated":true}]}}