{"id":263,"date":"2018-07-21T13:55:57","date_gmt":"2018-07-21T11:55:57","guid":{"rendered":"http:\/\/gwendreams.com\/?page_id=263"},"modified":"2024-05-08T14:13:41","modified_gmt":"2024-05-08T12:13:41","slug":"la-cueva-agricola-de-san-lorenzo-del-flumen","status":"publish","type":"page","link":"https:\/\/gwendreams.com\/index.php\/les-grottes\/la-cueva-agricola-de-san-lorenzo-del-flumen\/","title":{"rendered":"La grotte agricole de San Lorenzo del Flumen"},"content":{"rendered":"\n<h2 class=\"wp-block-heading\"><br>Une grotte bien connue<\/h2>\n\n\n<p style=\"text-align: justify;\"><img loading=\"lazy\" decoding=\"async\" class=\"size-medium wp-image-2514 alignleft\" src=\"http:\/\/gwendreams.com\/wp-content\/uploads\/2019\/09\/grotte-de-san-lorenzo-del-flumen-2-300x225.jpg\" alt=\"\" width=\"300\" height=\"225\" srcset=\"https:\/\/gwendreams.com\/wp-content\/uploads\/2019\/09\/grotte-de-san-lorenzo-del-flumen-2-300x225.jpg 300w, https:\/\/gwendreams.com\/wp-content\/uploads\/2019\/09\/grotte-de-san-lorenzo-del-flumen-2-768x576.jpg 768w, https:\/\/gwendreams.com\/wp-content\/uploads\/2019\/09\/grotte-de-san-lorenzo-del-flumen-2.jpg 800w\" sizes=\"auto, (max-width: 300px) 100vw, 300px\" \/><span style=\"font-size: revert;\">Janvier 2018. Je cherche une grotte r\u00e9pertori\u00e9e. La plaine des <\/span><a style=\"font-size: revert;\" href=\"https:\/\/deserts.fr\/deserts\/europe\/le-desert-de-los-monegros\/\" target=\"_blank\" rel=\"noopener\">Mon\u00e9gros<\/a><span style=\"font-size: revert;\">, une route bien droite, entre deux bourgades perdues dans les paysages d\u00e9sol\u00e9s du d\u00e9sert. Sur la droite, juste derri\u00e8re les b\u00e2timents d&rsquo;une ferme, deux blocs rocheux d\u00e9passent.<\/span><\/p>\n<p style=\"text-align: justify;\">Le plus proche porte la trace d&rsquo;entailles bien align\u00e9es qui ont d\u00fb porter des extr\u00e9mit\u00e9s de poutres. Le lieu est connu, visit\u00e9 comme une curiosit\u00e9 depuis au moins deux si\u00e8cles, comme en t\u00e9moignent les grafitis grav\u00e9s sur la paroi, 1822 !<\/p>\n<p style=\"text-align: justify;\">L&rsquo;acc\u00e8s n&rsquo;est pas encourag\u00e9, mais la grotte m\u00e9rite pourtant la visite.<\/p>\n<h2>Une grotte bien confortable<\/h2>\n<p style=\"text-align: justify;\"><img loading=\"lazy\" decoding=\"async\" class=\"size-medium wp-image-2517 alignright\" src=\"http:\/\/gwendreams.com\/wp-content\/uploads\/2019\/09\/grotte-de-san-lorenzo-del-flumen-300x225.jpg\" alt=\"\" width=\"300\" height=\"225\" srcset=\"https:\/\/gwendreams.com\/wp-content\/uploads\/2019\/09\/grotte-de-san-lorenzo-del-flumen-300x225.jpg 300w, https:\/\/gwendreams.com\/wp-content\/uploads\/2019\/09\/grotte-de-san-lorenzo-del-flumen-768x576.jpg 768w, https:\/\/gwendreams.com\/wp-content\/uploads\/2019\/09\/grotte-de-san-lorenzo-del-flumen.jpg 800w\" sizes=\"auto, (max-width: 300px) 100vw, 300px\" \/>Taill\u00e9e dans la roche sableuse, si l&rsquo;on en veut pour preuves les encoches r\u00e9guli\u00e8res laiss\u00e9es par les outils des cr\u00e9ateurs de la grotte, la cavit\u00e9 pr\u00e9sente deux salles, une \u00ab\u00a0porte\u00a0\u00bb d&rsquo;entr\u00e9e \u00e0 laquelle on n&rsquo;acc\u00e8de plus que depuis le haut du bloc, et une large fen\u00eatre ouverte sur la plaine, encadr\u00e9e de deux petites lucarnes plus en hauteur.<\/p>\n<p style=\"text-align: justify;\">En effet, le lieu est bien am\u00e9nag\u00e9, pr\u00e9sentant de petites alcoves. Le sol est sablonneux et l&rsquo;air bien sec. Au plafond, des urnes d&rsquo;argiles attestent de la pr\u00e9sence de gu\u00e8pes ma\u00e7onnes. Peu d&rsquo;autres traces d&rsquo;animaux.<\/p>\n<p style=\"text-align: justify;\"><img loading=\"lazy\" decoding=\"async\" class=\"size-medium wp-image-2515 alignleft\" src=\"http:\/\/gwendreams.com\/wp-content\/uploads\/2019\/09\/grotte-de-san-lorenzo-del-flumen-3-300x225.jpg\" alt=\"\" width=\"300\" height=\"225\" srcset=\"https:\/\/gwendreams.com\/wp-content\/uploads\/2019\/09\/grotte-de-san-lorenzo-del-flumen-3-300x225.jpg 300w, https:\/\/gwendreams.com\/wp-content\/uploads\/2019\/09\/grotte-de-san-lorenzo-del-flumen-3-768x576.jpg 768w, https:\/\/gwendreams.com\/wp-content\/uploads\/2019\/09\/grotte-de-san-lorenzo-del-flumen-3.jpg 800w\" sizes=\"auto, (max-width: 300px) 100vw, 300px\" \/>La vue est magnifique, l&rsquo;espace impressionnant laisse deviner des usages prolong\u00e9s de cet abri.<\/p>\n<p style=\"text-align: justify;\">C&rsquo;est l&rsquo;une <a href=\"https:\/\/gwendreams.com\/index.php\/les-grottes\/\" target=\"_blank\" rel=\"noopener\">des grottes<\/a> les plus \u00e9labor\u00e9es de cette ensemble de cavit\u00e9s artificielles dont on ignore largement les origines comme les fonctions.<\/p>\n<p>\u00a0<\/p>\n<p>\u00a0<\/p>\n<p><img loading=\"lazy\" decoding=\"async\" class=\"wp-image-2516 aligncenter\" src=\"http:\/\/gwendreams.com\/wp-content\/uploads\/2019\/09\/grotte-de-san-lorenzo-del-flumen-4-300x225.jpg\" alt=\"\" width=\"428\" height=\"321\" srcset=\"https:\/\/gwendreams.com\/wp-content\/uploads\/2019\/09\/grotte-de-san-lorenzo-del-flumen-4-300x225.jpg 300w, https:\/\/gwendreams.com\/wp-content\/uploads\/2019\/09\/grotte-de-san-lorenzo-del-flumen-4-768x576.jpg 768w, https:\/\/gwendreams.com\/wp-content\/uploads\/2019\/09\/grotte-de-san-lorenzo-del-flumen-4.jpg 800w\" sizes=\"auto, (max-width: 428px) 100vw, 428px\" \/><\/p>","protected":false},"excerpt":{"rendered":"<p>Une grotte bien connue Janvier 2018. Je cherche une grotte r\u00e9pertori\u00e9e. La plaine des Mon\u00e9gros, une route bien droite, entre deux bourgades perdues dans les paysages d\u00e9sol\u00e9s du d\u00e9sert. Sur la droite, juste derri\u00e8re les b\u00e2timents d&rsquo;une ferme, deux blocs rocheux d\u00e9passent. Le plus proche porte la trace d&rsquo;entailles bien&#8230;<\/p>\n<div class=\"more-link-wrapper\"><a class=\"more-link\" href=\"https:\/\/gwendreams.com\/index.php\/les-grottes\/la-cueva-agricola-de-san-lorenzo-del-flumen\/\">Continuer la lecture<span class=\"screen-reader-text\">La grotte agricole de San Lorenzo del Flumen<\/span><\/a><\/div>\n","protected":false},"author":2,"featured_media":2514,"parent":144,"menu_order":0,"comment_status":"closed","ping_status":"closed","template":"","meta":{"jetpack_post_was_ever_published":false,"iawp_total_views":10,"footnotes":""},"class_list":["post-263","page","type-page","status-publish","has-post-thumbnail","hentry","entry"],"yoast_head":"<!-- This site is optimized with the Yoast SEO plugin v27.3 - https:\/\/yoast.com\/product\/yoast-seo-wordpress\/ -->\n<title>La grotte agricole de San Lorenzo del Flumen - Gwendreams<\/title>\n<meta name=\"description\" content=\"Grotte Mon\u00e9gros, Aragon. Deux grottes artificielles. Le lieu est une curiosit\u00e9 depuis longtemps, comme en t\u00e9moignent les grafitis de 1822.\" \/>\n<meta name=\"robots\" content=\"index, follow, max-snippet:-1, max-image-preview:large, max-video-preview:-1\" \/>\n<link rel=\"canonical\" href=\"https:\/\/gwendreams.com\/index.php\/les-grottes\/la-cueva-agricola-de-san-lorenzo-del-flumen\/\" \/>\n<meta property=\"og:locale\" content=\"fr_FR\" \/>\n<meta property=\"og:type\" content=\"article\" \/>\n<meta property=\"og:title\" content=\"La grotte agricole de San Lorenzo del Flumen - Gwendreams\" \/>\n<meta property=\"og:url\" content=\"https:\/\/gwendreams.com\/index.php\/les-grottes\/la-cueva-agricola-de-san-lorenzo-del-flumen\/\" \/>\n<meta property=\"og:site_name\" content=\"Gwendreams\" \/>\n<meta property=\"article:publisher\" content=\"https:\/\/www.facebook.com\/profile.php?id=100063791695285\" \/>\n<meta property=\"article:modified_time\" content=\"2024-05-08T12:13:41+00:00\" \/>\n<meta property=\"og:image\" content=\"https:\/\/gwendreams.com\/wp-content\/uploads\/2019\/09\/grotte-de-san-lorenzo-del-flumen-2.jpg\" \/>\n\t<meta property=\"og:image:width\" content=\"800\" \/>\n\t<meta property=\"og:image:height\" content=\"600\" \/>\n\t<meta property=\"og:image:type\" content=\"image\/jpeg\" \/>\n<meta name=\"twitter:card\" content=\"summary_large_image\" \/>\n<meta name=\"twitter:label1\" content=\"Dur\u00e9e de lecture estim\u00e9e\" \/>\n\t<meta name=\"twitter:data1\" content=\"3 minutes\" \/>\n<script type=\"application\/ld+json\" class=\"yoast-schema-graph\">{\"@context\":\"https:\\\/\\\/schema.org\",\"@graph\":[{\"@type\":\"WebPage\",\"@id\":\"https:\\\/\\\/gwendreams.com\\\/index.php\\\/les-grottes\\\/la-cueva-agricola-de-san-lorenzo-del-flumen\\\/\",\"url\":\"https:\\\/\\\/gwendreams.com\\\/index.php\\\/les-grottes\\\/la-cueva-agricola-de-san-lorenzo-del-flumen\\\/\",\"name\":\"La grotte agricole de San Lorenzo del Flumen - Gwendreams\",\"isPartOf\":{\"@id\":\"https:\\\/\\\/gwendreams.com\\\/#website\"},\"primaryImageOfPage\":{\"@id\":\"https:\\\/\\\/gwendreams.com\\\/index.php\\\/les-grottes\\\/la-cueva-agricola-de-san-lorenzo-del-flumen\\\/#primaryimage\"},\"image\":{\"@id\":\"https:\\\/\\\/gwendreams.com\\\/index.php\\\/les-grottes\\\/la-cueva-agricola-de-san-lorenzo-del-flumen\\\/#primaryimage\"},\"thumbnailUrl\":\"https:\\\/\\\/gwendreams.com\\\/wp-content\\\/uploads\\\/2019\\\/09\\\/grotte-de-san-lorenzo-del-flumen-2.jpg\",\"datePublished\":\"2018-07-21T11:55:57+00:00\",\"dateModified\":\"2024-05-08T12:13:41+00:00\",\"description\":\"Grotte Mon\u00e9gros, Aragon. Deux grottes artificielles. Le lieu est une curiosit\u00e9 depuis longtemps, comme en t\u00e9moignent les grafitis de 1822.\",\"breadcrumb\":{\"@id\":\"https:\\\/\\\/gwendreams.com\\\/index.php\\\/les-grottes\\\/la-cueva-agricola-de-san-lorenzo-del-flumen\\\/#breadcrumb\"},\"inLanguage\":\"fr-FR\",\"potentialAction\":[{\"@type\":\"ReadAction\",\"target\":[\"https:\\\/\\\/gwendreams.com\\\/index.php\\\/les-grottes\\\/la-cueva-agricola-de-san-lorenzo-del-flumen\\\/\"]}]},{\"@type\":\"ImageObject\",\"inLanguage\":\"fr-FR\",\"@id\":\"https:\\\/\\\/gwendreams.com\\\/index.php\\\/les-grottes\\\/la-cueva-agricola-de-san-lorenzo-del-flumen\\\/#primaryimage\",\"url\":\"https:\\\/\\\/gwendreams.com\\\/wp-content\\\/uploads\\\/2019\\\/09\\\/grotte-de-san-lorenzo-del-flumen-2.jpg\",\"contentUrl\":\"https:\\\/\\\/gwendreams.com\\\/wp-content\\\/uploads\\\/2019\\\/09\\\/grotte-de-san-lorenzo-del-flumen-2.jpg\",\"width\":800,\"height\":600},{\"@type\":\"BreadcrumbList\",\"@id\":\"https:\\\/\\\/gwendreams.com\\\/index.php\\\/les-grottes\\\/la-cueva-agricola-de-san-lorenzo-del-flumen\\\/#breadcrumb\",\"itemListElement\":[{\"@type\":\"ListItem\",\"position\":1,\"name\":\"Accueil\",\"item\":\"https:\\\/\\\/gwendreams.com\\\/\"},{\"@type\":\"ListItem\",\"position\":2,\"name\":\"Grottes\",\"item\":\"https:\\\/\\\/gwendreams.com\\\/index.php\\\/les-grottes\\\/\"},{\"@type\":\"ListItem\",\"position\":3,\"name\":\"La grotte agricole de San Lorenzo del Flumen\"}]},{\"@type\":\"WebSite\",\"@id\":\"https:\\\/\\\/gwendreams.com\\\/#website\",\"url\":\"https:\\\/\\\/gwendreams.com\\\/\",\"name\":\"Gwendreams\",\"description\":\"Tout un monde \u00e0 d\u00e9couvrir !\",\"potentialAction\":[{\"@type\":\"SearchAction\",\"target\":{\"@type\":\"EntryPoint\",\"urlTemplate\":\"https:\\\/\\\/gwendreams.com\\\/?s={search_term_string}\"},\"query-input\":{\"@type\":\"PropertyValueSpecification\",\"valueRequired\":true,\"valueName\":\"search_term_string\"}}],\"inLanguage\":\"fr-FR\"}]}<\/script>\n<!-- \/ Yoast SEO plugin. -->","yoast_head_json":{"title":"La grotte agricole de San Lorenzo del Flumen - Gwendreams","description":"Grotte Mon\u00e9gros, Aragon. Deux grottes artificielles. Le lieu est une curiosit\u00e9 depuis longtemps, comme en t\u00e9moignent les grafitis de 1822.","robots":{"index":"index","follow":"follow","max-snippet":"max-snippet:-1","max-image-preview":"max-image-preview:large","max-video-preview":"max-video-preview:-1"},"canonical":"https:\/\/gwendreams.com\/index.php\/les-grottes\/la-cueva-agricola-de-san-lorenzo-del-flumen\/","og_locale":"fr_FR","og_type":"article","og_title":"La grotte agricole de San Lorenzo del Flumen - Gwendreams","og_url":"https:\/\/gwendreams.com\/index.php\/les-grottes\/la-cueva-agricola-de-san-lorenzo-del-flumen\/","og_site_name":"Gwendreams","article_publisher":"https:\/\/www.facebook.com\/profile.php?id=100063791695285","article_modified_time":"2024-05-08T12:13:41+00:00","og_image":[{"width":800,"height":600,"url":"https:\/\/gwendreams.com\/wp-content\/uploads\/2019\/09\/grotte-de-san-lorenzo-del-flumen-2.jpg","type":"image\/jpeg"}],"twitter_card":"summary_large_image","twitter_misc":{"Dur\u00e9e de lecture estim\u00e9e":"3 minutes"},"schema":{"@context":"https:\/\/schema.org","@graph":[{"@type":"WebPage","@id":"https:\/\/gwendreams.com\/index.php\/les-grottes\/la-cueva-agricola-de-san-lorenzo-del-flumen\/","url":"https:\/\/gwendreams.com\/index.php\/les-grottes\/la-cueva-agricola-de-san-lorenzo-del-flumen\/","name":"La grotte agricole de San Lorenzo del Flumen - Gwendreams","isPartOf":{"@id":"https:\/\/gwendreams.com\/#website"},"primaryImageOfPage":{"@id":"https:\/\/gwendreams.com\/index.php\/les-grottes\/la-cueva-agricola-de-san-lorenzo-del-flumen\/#primaryimage"},"image":{"@id":"https:\/\/gwendreams.com\/index.php\/les-grottes\/la-cueva-agricola-de-san-lorenzo-del-flumen\/#primaryimage"},"thumbnailUrl":"https:\/\/gwendreams.com\/wp-content\/uploads\/2019\/09\/grotte-de-san-lorenzo-del-flumen-2.jpg","datePublished":"2018-07-21T11:55:57+00:00","dateModified":"2024-05-08T12:13:41+00:00","description":"Grotte Mon\u00e9gros, Aragon. Deux grottes artificielles. Le lieu est une curiosit\u00e9 depuis longtemps, comme en t\u00e9moignent les grafitis de 1822.","breadcrumb":{"@id":"https:\/\/gwendreams.com\/index.php\/les-grottes\/la-cueva-agricola-de-san-lorenzo-del-flumen\/#breadcrumb"},"inLanguage":"fr-FR","potentialAction":[{"@type":"ReadAction","target":["https:\/\/gwendreams.com\/index.php\/les-grottes\/la-cueva-agricola-de-san-lorenzo-del-flumen\/"]}]},{"@type":"ImageObject","inLanguage":"fr-FR","@id":"https:\/\/gwendreams.com\/index.php\/les-grottes\/la-cueva-agricola-de-san-lorenzo-del-flumen\/#primaryimage","url":"https:\/\/gwendreams.com\/wp-content\/uploads\/2019\/09\/grotte-de-san-lorenzo-del-flumen-2.jpg","contentUrl":"https:\/\/gwendreams.com\/wp-content\/uploads\/2019\/09\/grotte-de-san-lorenzo-del-flumen-2.jpg","width":800,"height":600},{"@type":"BreadcrumbList","@id":"https:\/\/gwendreams.com\/index.php\/les-grottes\/la-cueva-agricola-de-san-lorenzo-del-flumen\/#breadcrumb","itemListElement":[{"@type":"ListItem","position":1,"name":"Accueil","item":"https:\/\/gwendreams.com\/"},{"@type":"ListItem","position":2,"name":"Grottes","item":"https:\/\/gwendreams.com\/index.php\/les-grottes\/"},{"@type":"ListItem","position":3,"name":"La grotte agricole de San Lorenzo del Flumen"}]},{"@type":"WebSite","@id":"https:\/\/gwendreams.com\/#website","url":"https:\/\/gwendreams.com\/","name":"Gwendreams","description":"Tout un monde \u00e0 d\u00e9couvrir !","potentialAction":[{"@type":"SearchAction","target":{"@type":"EntryPoint","urlTemplate":"https:\/\/gwendreams.com\/?s={search_term_string}"},"query-input":{"@type":"PropertyValueSpecification","valueRequired":true,"valueName":"search_term_string"}}],"inLanguage":"fr-FR"}]}},"jetpack_sharing_enabled":true,"_links":{"self":[{"href":"https:\/\/gwendreams.com\/index.php\/wp-json\/wp\/v2\/pages\/263","targetHints":{"allow":["GET"]}}],"collection":[{"href":"https:\/\/gwendreams.com\/index.php\/wp-json\/wp\/v2\/pages"}],"about":[{"href":"https:\/\/gwendreams.com\/index.php\/wp-json\/wp\/v2\/types\/page"}],"author":[{"embeddable":true,"href":"https:\/\/gwendreams.com\/index.php\/wp-json\/wp\/v2\/users\/2"}],"replies":[{"embeddable":true,"href":"https:\/\/gwendreams.com\/index.php\/wp-json\/wp\/v2\/comments?post=263"}],"version-history":[{"count":7,"href":"https:\/\/gwendreams.com\/index.php\/wp-json\/wp\/v2\/pages\/263\/revisions"}],"predecessor-version":[{"id":5547,"href":"https:\/\/gwendreams.com\/index.php\/wp-json\/wp\/v2\/pages\/263\/revisions\/5547"}],"up":[{"embeddable":true,"href":"https:\/\/gwendreams.com\/index.php\/wp-json\/wp\/v2\/pages\/144"}],"wp:featuredmedia":[{"embeddable":true,"href":"https:\/\/gwendreams.com\/index.php\/wp-json\/wp\/v2\/media\/2514"}],"wp:attachment":[{"href":"https:\/\/gwendreams.com\/index.php\/wp-json\/wp\/v2\/media?parent=263"}],"curies":[{"name":"wp","href":"https:\/\/api.w.org\/{rel}","templated":true}]}}