{"id":273,"date":"2018-07-21T18:30:01","date_gmt":"2018-07-21T16:30:01","guid":{"rendered":"http:\/\/gwendreams.com\/?page_id=273"},"modified":"2024-05-08T14:50:46","modified_gmt":"2024-05-08T12:50:46","slug":"toujours-sierra-de-guara","status":"publish","type":"page","link":"https:\/\/gwendreams.com\/index.php\/les-montagnes\/toujours-sierra-de-guara\/","title":{"rendered":"Toujours Sierra de Guara"},"content":{"rendered":"<p style=\"text-align: justify;\"><img loading=\"lazy\" decoding=\"async\" class=\"size-medium wp-image-2562 alignleft\" src=\"http:\/\/gwendreams.com\/wp-content\/uploads\/2019\/09\/le-rio-Vero-225x300.jpg\" alt=\"\" width=\"225\" height=\"300\" srcset=\"https:\/\/gwendreams.com\/wp-content\/uploads\/2019\/09\/le-rio-Vero-225x300.jpg 225w, https:\/\/gwendreams.com\/wp-content\/uploads\/2019\/09\/le-rio-Vero.jpg 600w\" sizes=\"auto, (max-width: 225px) 100vw, 225px\" \/> Au Sud des Pyr\u00e9n\u00e9es, sous le soleil exactement : la <a href=\"https:\/\/www.turismodearagon.com\/fr\/ficha\/parque-natural-de-la-sierra-y-canones-de-guara\/\" target=\"_blank\" rel=\"noopener\">Sierra de Guara<\/a>, ses canyons, ses vautours. Rajoutons quelques villages abandonn\u00e9s, des dolmens multi-mill\u00e9naires, les c\u00e9l\u00e8bres tapas espagnoles. Pas encore convaincu ? De vieux ponts de pierre datant des romains, des eaux limpides aux couleurs pastels. Des champs d&rsquo;amandiers et l&rsquo;odeur de thym et de romarin. Pour r\u00e9sister \u00e0 l&rsquo;enchantement, il faudrait n&rsquo;aimer que les villes.<\/p>\n<p style=\"text-align: justify;\">Ce n&rsquo;est pas de la haute montagne, car les deux sommets les plus \u00e9lev\u00e9s culminent peu au-dessus des deux mille m\u00e8tres. Ce n&rsquo;est pas non plus la M\u00e9diterrann\u00e9e malgr\u00e9 la flore qui pr\u00eate \u00e0 confusion.<\/p>\n<p style=\"text-align: justify;\"><img loading=\"lazy\" decoding=\"async\" class=\"size-medium wp-image-2568 alignright\" src=\"http:\/\/gwendreams.com\/wp-content\/uploads\/2019\/09\/Sierra-de-guara-apres-orage-e1567781985392-225x300.jpg\" alt=\"\" width=\"225\" height=\"300\" srcset=\"https:\/\/gwendreams.com\/wp-content\/uploads\/2019\/09\/Sierra-de-guara-apres-orage-e1567781985392-225x300.jpg 225w, https:\/\/gwendreams.com\/wp-content\/uploads\/2019\/09\/Sierra-de-guara-apres-orage-e1567781985392.jpg 600w\" sizes=\"auto, (max-width: 225px) 100vw, 225px\" \/>C&rsquo;est un peu le bout du monde, surtout \u00e0 Rodellar, le village o\u00f9 la route prend fin, surtout dans les villages qui s&rsquo;\u00e9croulent pierre \u00e0 pierre sur les hauts plateaux d\u00e9peupl\u00e9s, surtout sur les chemins de ch\u00e8vres qui se perdent au bord des falaises.<\/p>\n<p style=\"text-align: justify;\">C&rsquo;est un paradis pour l&rsquo;escalade et le canyoning, c&rsquo;est l&rsquo;endroit parfait pour d\u00e9connecter de la vie quotidienne, c&rsquo;est une invitation \u00e0 fl\u00e2ner au fond des canyons et \u00e0 traquer la vie sous toutes ses formes, c&rsquo;est l&rsquo;occasion r\u00eav\u00e9e d&rsquo;accrocher son hamac et de regarder passer les nuages \u00e0 l&rsquo;ombre d&rsquo;un figuier.<\/p>\n<p>Quelques articles :<\/p>\n<ul>\n<li><a href=\"https:\/\/gwendreams.com\/index.php\/2019\/06\/04\/jolis-coquelicots-daragon\/\">Jolis coquelicots d\u2019Aragon<\/a><\/li>\n<li><a href=\"https:\/\/gwendreams.com\/index.php\/2019\/06\/02\/les-orchidees-daragon\/\">Orchid\u00e9es d\u2019Aragon<\/a><\/li>\n<li><a href=\"https:\/\/gwendreams.com\/index.php\/2019\/06\/08\/vasques-deau-sauvage-et-autres-baignades-aventureuses\/\">Vasques d\u2019eau sauvage<\/a><\/li>\n<li><a href=\"http:\/\/gwendreams.com\/index.php\/2019\/06\/09\/le-monastere-sous-la-cascade\/\">L\u2019ermitage sous la cascade<\/a><\/li>\n<\/ul>\n","protected":false},"excerpt":{"rendered":"<p>Au Sud des Pyr\u00e9n\u00e9es, sous le soleil exactement : la Sierra de Guara, ses canyons, ses vautours. Rajoutons quelques villages abandonn\u00e9s, des dolmens multi-mill\u00e9naires, les c\u00e9l\u00e8bres tapas espagnoles. Pas encore convaincu ? De vieux ponts de pierre datant des romains, des eaux limpides aux couleurs pastels. Des champs d&rsquo;amandiers et&#8230;<\/p>\n<div class=\"more-link-wrapper\"><a class=\"more-link\" href=\"https:\/\/gwendreams.com\/index.php\/les-montagnes\/toujours-sierra-de-guara\/\">Continuer la lecture<span class=\"screen-reader-text\">Toujours Sierra de Guara<\/span><\/a><\/div>\n","protected":false},"author":2,"featured_media":2560,"parent":146,"menu_order":0,"comment_status":"closed","ping_status":"closed","template":"","meta":{"jetpack_post_was_ever_published":false,"iawp_total_views":4,"footnotes":""},"class_list":["post-273","page","type-page","status-publish","has-post-thumbnail","hentry","entry"],"yoast_head":"<!-- This site is optimized with the Yoast SEO plugin v27.3 - https:\/\/yoast.com\/product\/yoast-seo-wordpress\/ -->\n<title>Toujours Sierra de Guara - Gwendreams<\/title>\n<meta name=\"description\" content=\"Au Sud des Pyr\u00e9n\u00e9es : la Sierra de Guara, ses canyons, ses vautours. Villages abandonn\u00e9s, dolmens mill\u00e9naires, tapas espagnoles.\" \/>\n<meta name=\"robots\" content=\"index, follow, max-snippet:-1, max-image-preview:large, max-video-preview:-1\" \/>\n<link rel=\"canonical\" href=\"https:\/\/gwendreams.com\/index.php\/les-montagnes\/toujours-sierra-de-guara\/\" \/>\n<meta property=\"og:locale\" content=\"fr_FR\" \/>\n<meta property=\"og:type\" content=\"article\" \/>\n<meta property=\"og:title\" content=\"Toujours Sierra de Guara - Gwendreams\" \/>\n<meta property=\"og:url\" content=\"https:\/\/gwendreams.com\/index.php\/les-montagnes\/toujours-sierra-de-guara\/\" \/>\n<meta property=\"og:site_name\" content=\"Gwendreams\" \/>\n<meta property=\"article:publisher\" content=\"https:\/\/www.facebook.com\/profile.php?id=100063791695285\" \/>\n<meta property=\"article:modified_time\" content=\"2024-05-08T12:50:46+00:00\" \/>\n<meta property=\"og:image\" content=\"https:\/\/gwendreams.com\/wp-content\/uploads\/2019\/09\/la-Sierra-de-Guara-2.jpg\" \/>\n\t<meta property=\"og:image:width\" content=\"800\" \/>\n\t<meta property=\"og:image:height\" content=\"600\" \/>\n\t<meta property=\"og:image:type\" content=\"image\/jpeg\" \/>\n<meta name=\"twitter:card\" content=\"summary_large_image\" \/>\n<meta name=\"twitter:label1\" content=\"Dur\u00e9e de lecture estim\u00e9e\" \/>\n\t<meta name=\"twitter:data1\" content=\"2 minutes\" \/>\n<script type=\"application\/ld+json\" class=\"yoast-schema-graph\">{\"@context\":\"https:\\\/\\\/schema.org\",\"@graph\":[{\"@type\":\"WebPage\",\"@id\":\"https:\\\/\\\/gwendreams.com\\\/index.php\\\/les-montagnes\\\/toujours-sierra-de-guara\\\/\",\"url\":\"https:\\\/\\\/gwendreams.com\\\/index.php\\\/les-montagnes\\\/toujours-sierra-de-guara\\\/\",\"name\":\"Toujours Sierra de Guara - Gwendreams\",\"isPartOf\":{\"@id\":\"https:\\\/\\\/gwendreams.com\\\/#website\"},\"primaryImageOfPage\":{\"@id\":\"https:\\\/\\\/gwendreams.com\\\/index.php\\\/les-montagnes\\\/toujours-sierra-de-guara\\\/#primaryimage\"},\"image\":{\"@id\":\"https:\\\/\\\/gwendreams.com\\\/index.php\\\/les-montagnes\\\/toujours-sierra-de-guara\\\/#primaryimage\"},\"thumbnailUrl\":\"https:\\\/\\\/gwendreams.com\\\/wp-content\\\/uploads\\\/2019\\\/09\\\/la-Sierra-de-Guara-2.jpg\",\"datePublished\":\"2018-07-21T16:30:01+00:00\",\"dateModified\":\"2024-05-08T12:50:46+00:00\",\"description\":\"Au Sud des Pyr\u00e9n\u00e9es : la Sierra de Guara, ses canyons, ses vautours. Villages abandonn\u00e9s, dolmens mill\u00e9naires, tapas espagnoles.\",\"breadcrumb\":{\"@id\":\"https:\\\/\\\/gwendreams.com\\\/index.php\\\/les-montagnes\\\/toujours-sierra-de-guara\\\/#breadcrumb\"},\"inLanguage\":\"fr-FR\",\"potentialAction\":[{\"@type\":\"ReadAction\",\"target\":[\"https:\\\/\\\/gwendreams.com\\\/index.php\\\/les-montagnes\\\/toujours-sierra-de-guara\\\/\"]}]},{\"@type\":\"ImageObject\",\"inLanguage\":\"fr-FR\",\"@id\":\"https:\\\/\\\/gwendreams.com\\\/index.php\\\/les-montagnes\\\/toujours-sierra-de-guara\\\/#primaryimage\",\"url\":\"https:\\\/\\\/gwendreams.com\\\/wp-content\\\/uploads\\\/2019\\\/09\\\/la-Sierra-de-Guara-2.jpg\",\"contentUrl\":\"https:\\\/\\\/gwendreams.com\\\/wp-content\\\/uploads\\\/2019\\\/09\\\/la-Sierra-de-Guara-2.jpg\",\"width\":800,\"height\":600,\"caption\":\"la Sierra de Guara\"},{\"@type\":\"BreadcrumbList\",\"@id\":\"https:\\\/\\\/gwendreams.com\\\/index.php\\\/les-montagnes\\\/toujours-sierra-de-guara\\\/#breadcrumb\",\"itemListElement\":[{\"@type\":\"ListItem\",\"position\":1,\"name\":\"Accueil\",\"item\":\"https:\\\/\\\/gwendreams.com\\\/\"},{\"@type\":\"ListItem\",\"position\":2,\"name\":\"Montagnes\",\"item\":\"https:\\\/\\\/gwendreams.com\\\/index.php\\\/les-montagnes\\\/\"},{\"@type\":\"ListItem\",\"position\":3,\"name\":\"Toujours Sierra de Guara\"}]},{\"@type\":\"WebSite\",\"@id\":\"https:\\\/\\\/gwendreams.com\\\/#website\",\"url\":\"https:\\\/\\\/gwendreams.com\\\/\",\"name\":\"Gwendreams\",\"description\":\"Tout un monde \u00e0 d\u00e9couvrir !\",\"potentialAction\":[{\"@type\":\"SearchAction\",\"target\":{\"@type\":\"EntryPoint\",\"urlTemplate\":\"https:\\\/\\\/gwendreams.com\\\/?s={search_term_string}\"},\"query-input\":{\"@type\":\"PropertyValueSpecification\",\"valueRequired\":true,\"valueName\":\"search_term_string\"}}],\"inLanguage\":\"fr-FR\"}]}<\/script>\n<!-- \/ Yoast SEO plugin. -->","yoast_head_json":{"title":"Toujours Sierra de Guara - Gwendreams","description":"Au Sud des Pyr\u00e9n\u00e9es : la Sierra de Guara, ses canyons, ses vautours. Villages abandonn\u00e9s, dolmens mill\u00e9naires, tapas espagnoles.","robots":{"index":"index","follow":"follow","max-snippet":"max-snippet:-1","max-image-preview":"max-image-preview:large","max-video-preview":"max-video-preview:-1"},"canonical":"https:\/\/gwendreams.com\/index.php\/les-montagnes\/toujours-sierra-de-guara\/","og_locale":"fr_FR","og_type":"article","og_title":"Toujours Sierra de Guara - Gwendreams","og_url":"https:\/\/gwendreams.com\/index.php\/les-montagnes\/toujours-sierra-de-guara\/","og_site_name":"Gwendreams","article_publisher":"https:\/\/www.facebook.com\/profile.php?id=100063791695285","article_modified_time":"2024-05-08T12:50:46+00:00","og_image":[{"width":800,"height":600,"url":"https:\/\/gwendreams.com\/wp-content\/uploads\/2019\/09\/la-Sierra-de-Guara-2.jpg","type":"image\/jpeg"}],"twitter_card":"summary_large_image","twitter_misc":{"Dur\u00e9e de lecture estim\u00e9e":"2 minutes"},"schema":{"@context":"https:\/\/schema.org","@graph":[{"@type":"WebPage","@id":"https:\/\/gwendreams.com\/index.php\/les-montagnes\/toujours-sierra-de-guara\/","url":"https:\/\/gwendreams.com\/index.php\/les-montagnes\/toujours-sierra-de-guara\/","name":"Toujours Sierra de Guara - Gwendreams","isPartOf":{"@id":"https:\/\/gwendreams.com\/#website"},"primaryImageOfPage":{"@id":"https:\/\/gwendreams.com\/index.php\/les-montagnes\/toujours-sierra-de-guara\/#primaryimage"},"image":{"@id":"https:\/\/gwendreams.com\/index.php\/les-montagnes\/toujours-sierra-de-guara\/#primaryimage"},"thumbnailUrl":"https:\/\/gwendreams.com\/wp-content\/uploads\/2019\/09\/la-Sierra-de-Guara-2.jpg","datePublished":"2018-07-21T16:30:01+00:00","dateModified":"2024-05-08T12:50:46+00:00","description":"Au Sud des Pyr\u00e9n\u00e9es : la Sierra de Guara, ses canyons, ses vautours. Villages abandonn\u00e9s, dolmens mill\u00e9naires, tapas espagnoles.","breadcrumb":{"@id":"https:\/\/gwendreams.com\/index.php\/les-montagnes\/toujours-sierra-de-guara\/#breadcrumb"},"inLanguage":"fr-FR","potentialAction":[{"@type":"ReadAction","target":["https:\/\/gwendreams.com\/index.php\/les-montagnes\/toujours-sierra-de-guara\/"]}]},{"@type":"ImageObject","inLanguage":"fr-FR","@id":"https:\/\/gwendreams.com\/index.php\/les-montagnes\/toujours-sierra-de-guara\/#primaryimage","url":"https:\/\/gwendreams.com\/wp-content\/uploads\/2019\/09\/la-Sierra-de-Guara-2.jpg","contentUrl":"https:\/\/gwendreams.com\/wp-content\/uploads\/2019\/09\/la-Sierra-de-Guara-2.jpg","width":800,"height":600,"caption":"la Sierra de Guara"},{"@type":"BreadcrumbList","@id":"https:\/\/gwendreams.com\/index.php\/les-montagnes\/toujours-sierra-de-guara\/#breadcrumb","itemListElement":[{"@type":"ListItem","position":1,"name":"Accueil","item":"https:\/\/gwendreams.com\/"},{"@type":"ListItem","position":2,"name":"Montagnes","item":"https:\/\/gwendreams.com\/index.php\/les-montagnes\/"},{"@type":"ListItem","position":3,"name":"Toujours Sierra de Guara"}]},{"@type":"WebSite","@id":"https:\/\/gwendreams.com\/#website","url":"https:\/\/gwendreams.com\/","name":"Gwendreams","description":"Tout un monde \u00e0 d\u00e9couvrir !","potentialAction":[{"@type":"SearchAction","target":{"@type":"EntryPoint","urlTemplate":"https:\/\/gwendreams.com\/?s={search_term_string}"},"query-input":{"@type":"PropertyValueSpecification","valueRequired":true,"valueName":"search_term_string"}}],"inLanguage":"fr-FR"}]}},"jetpack_sharing_enabled":true,"_links":{"self":[{"href":"https:\/\/gwendreams.com\/index.php\/wp-json\/wp\/v2\/pages\/273","targetHints":{"allow":["GET"]}}],"collection":[{"href":"https:\/\/gwendreams.com\/index.php\/wp-json\/wp\/v2\/pages"}],"about":[{"href":"https:\/\/gwendreams.com\/index.php\/wp-json\/wp\/v2\/types\/page"}],"author":[{"embeddable":true,"href":"https:\/\/gwendreams.com\/index.php\/wp-json\/wp\/v2\/users\/2"}],"replies":[{"embeddable":true,"href":"https:\/\/gwendreams.com\/index.php\/wp-json\/wp\/v2\/comments?post=273"}],"version-history":[{"count":4,"href":"https:\/\/gwendreams.com\/index.php\/wp-json\/wp\/v2\/pages\/273\/revisions"}],"predecessor-version":[{"id":5568,"href":"https:\/\/gwendreams.com\/index.php\/wp-json\/wp\/v2\/pages\/273\/revisions\/5568"}],"up":[{"embeddable":true,"href":"https:\/\/gwendreams.com\/index.php\/wp-json\/wp\/v2\/pages\/146"}],"wp:featuredmedia":[{"embeddable":true,"href":"https:\/\/gwendreams.com\/index.php\/wp-json\/wp\/v2\/media\/2560"}],"wp:attachment":[{"href":"https:\/\/gwendreams.com\/index.php\/wp-json\/wp\/v2\/media?parent=273"}],"curies":[{"name":"wp","href":"https:\/\/api.w.org\/{rel}","templated":true}]}}