{"id":3644,"date":"2019-10-07T15:15:34","date_gmt":"2019-10-07T13:15:34","guid":{"rendered":"http:\/\/gwendreams.com\/?page_id=3644"},"modified":"2024-04-09T13:26:36","modified_gmt":"2024-04-09T11:26:36","slug":"les-articles-de-presse-sur-soleil-gris","status":"publish","type":"page","link":"https:\/\/gwendreams.com\/index.php\/les-livres\/soleil-gris\/les-articles-de-presse-sur-soleil-gris\/","title":{"rendered":"Les articles de presse sur Soleil Gris"},"content":{"rendered":"<h2 style=\"text-align: justify;\">Remerciements aux journalistes de presse pour leurs articles sur <em>Soleil Gris<\/em><\/h2>\n<p style=\"text-align: justify;\">Merci aux journalistes qui ont eu la gentillesse d&rsquo;\u00e9crire des articles de presse sur <a href=\"http:\/\/gwendreams.com\/index.php\/le-livre\/soleil-gris\/\"><em>Soleil Gris<\/em><\/a>. Gr\u00e2ce \u00e0 eux, de nombreuses personnes ont pris connaissance de l&rsquo;existence du livre. Chacun de ces articles \u00e9veille la curiosit\u00e9 de nouveaux lecteurs, et suscite dialogues et interactions.<\/p>\n<h2>Acc\u00e9der aux articles<\/h2>\n<ul>\n<li>Le Tr\u00e9gor \u00e9dition du 12 septembre 2019<br \/>Sale Temps sur la plan\u00e8te<\/li>\n<\/ul>\n<ul>\n<li style=\"list-style-type: none;\">\n<ul>\n<li><a href=\"https:\/\/actu.fr\/bretagne\/lannion_22113\/au-sommaire-tregor-jeudi-12-septembre-entreprises-lannion-embauchent-tous-azimuts_27165525.html\" target=\"_blank\" rel=\"noopener\">Pour lire l&rsquo;article directement sur le site du Tr\u00e9gor (abonn\u00e9s seulement)<\/a><img loading=\"lazy\" decoding=\"async\" class=\"alignnone  wp-image-3485\" src=\"http:\/\/gwendreams.com\/wp-content\/uploads\/2019\/09\/69858826_515480735882265_6868890305425309696_n-256x300.jpg\" alt=\"\" width=\"509\" height=\"596\" srcset=\"https:\/\/gwendreams.com\/wp-content\/uploads\/2019\/09\/69858826_515480735882265_6868890305425309696_n-256x300.jpg 256w, https:\/\/gwendreams.com\/wp-content\/uploads\/2019\/09\/69858826_515480735882265_6868890305425309696_n-768x901.jpg 768w, https:\/\/gwendreams.com\/wp-content\/uploads\/2019\/09\/69858826_515480735882265_6868890305425309696_n-873x1024.jpg 873w, https:\/\/gwendreams.com\/wp-content\/uploads\/2019\/09\/69858826_515480735882265_6868890305425309696_n.jpg 1131w\" sizes=\"auto, (max-width: 509px) 100vw, 509px\" \/><\/li>\n<\/ul>\n<\/li>\n<li>Ouest-France \u00e9dition du 2 octobre 2019<br \/>Soleil gris,la fiction climatique de Gwen Caillet qui jette un froid.\n<ul>\n<li><a href=\"https:\/\/www.ouest-france.fr\/bretagne\/plougrescant-22820\/plougrescant-soleil-gris-la-fiction-climatique-qui-jette-un-froid-6546939\" target=\"_blank\" rel=\"noopener\">Pour lire l&rsquo;article directement sur le site de Ouest-France<\/a><\/li>\n<li><img loading=\"lazy\" decoding=\"async\" class=\"alignnone  wp-image-3645\" src=\"http:\/\/gwendreams.com\/wp-content\/uploads\/2019\/10\/2019-ouest-France-Soleil-gris-300x255.jpg\" alt=\"\" width=\"475\" height=\"404\" srcset=\"https:\/\/gwendreams.com\/wp-content\/uploads\/2019\/10\/2019-ouest-France-Soleil-gris-300x255.jpg 300w, https:\/\/gwendreams.com\/wp-content\/uploads\/2019\/10\/2019-ouest-France-Soleil-gris-768x652.jpg 768w, https:\/\/gwendreams.com\/wp-content\/uploads\/2019\/10\/2019-ouest-France-Soleil-gris-1024x869.jpg 1024w, https:\/\/gwendreams.com\/wp-content\/uploads\/2019\/10\/2019-ouest-France-Soleil-gris.jpg 1959w\" sizes=\"auto, (max-width: 475px) 100vw, 475px\" \/><\/li>\n<\/ul>\n<\/li>\n<\/ul>\n<p><a href=\"https:\/\/gwendreams.com\/index.php\/2019\/09\/15\/communique-de-presse-soleil-gris-de-gwen-caillet\/\" target=\"_blank\" rel=\"noopener\">Pour acc\u00e9der au communiqu\u00e9 de presse, cliquer ici.<\/a><\/p>\n\n\n<p>\u00a9 Gwen Caillet 2019 \u2013 Tous droits r\u00e9serv\u00e9s.<\/p>\n","protected":false},"excerpt":{"rendered":"<p>Remerciements aux journalistes de presse pour leurs articles sur Soleil Gris Merci aux journalistes qui ont eu la gentillesse d&rsquo;\u00e9crire des articles de presse sur Soleil Gris. Gr\u00e2ce \u00e0 eux, de nombreuses personnes ont pris connaissance de l&rsquo;existence du livre. Chacun de ces articles \u00e9veille la curiosit\u00e9 de nouveaux lecteurs,&#8230;<\/p>\n<div class=\"more-link-wrapper\"><a class=\"more-link\" href=\"https:\/\/gwendreams.com\/index.php\/les-livres\/soleil-gris\/les-articles-de-presse-sur-soleil-gris\/\">Continuer la lecture<span class=\"screen-reader-text\">Les articles de presse sur Soleil Gris<\/span><\/a><\/div>\n","protected":false},"author":1,"featured_media":3485,"parent":1459,"menu_order":0,"comment_status":"closed","ping_status":"closed","template":"","meta":{"jetpack_post_was_ever_published":false,"iawp_total_views":3,"footnotes":""},"class_list":["post-3644","page","type-page","status-publish","has-post-thumbnail","hentry","entry"],"yoast_head":"<!-- This site is optimized with the Yoast SEO plugin v27.3 - https:\/\/yoast.com\/product\/yoast-seo-wordpress\/ -->\n<title>Les articles de presse sur Soleil Gris - Gwendreams roman anticipation<\/title>\n<meta name=\"description\" content=\"articles presse Soleil Gris le Tr\u00e9gor Ouest France journal journaux roman anticipation couverture m\u00e9diatique m\u00e9dia local journaliste auteur \u00e9crivain cli-fi\" \/>\n<meta name=\"robots\" content=\"index, follow, max-snippet:-1, max-image-preview:large, max-video-preview:-1\" \/>\n<link rel=\"canonical\" href=\"https:\/\/gwendreams.com\/index.php\/les-livres\/soleil-gris\/les-articles-de-presse-sur-soleil-gris\/\" \/>\n<meta property=\"og:locale\" content=\"fr_FR\" \/>\n<meta property=\"og:type\" content=\"article\" \/>\n<meta property=\"og:title\" content=\"Les articles de presse sur Soleil Gris - Gwendreams roman anticipation\" \/>\n<meta property=\"og:url\" content=\"https:\/\/gwendreams.com\/index.php\/les-livres\/soleil-gris\/les-articles-de-presse-sur-soleil-gris\/\" \/>\n<meta property=\"og:site_name\" content=\"Gwendreams\" \/>\n<meta property=\"article:publisher\" content=\"https:\/\/www.facebook.com\/profile.php?id=100063791695285\" \/>\n<meta property=\"article:modified_time\" content=\"2024-04-09T11:26:36+00:00\" \/>\n<meta property=\"og:image\" content=\"https:\/\/gwendreams.com\/wp-content\/uploads\/2019\/09\/69858826_515480735882265_6868890305425309696_n.jpg\" \/>\n\t<meta property=\"og:image:width\" content=\"1131\" \/>\n\t<meta property=\"og:image:height\" content=\"1327\" \/>\n\t<meta property=\"og:image:type\" content=\"image\/jpeg\" \/>\n<meta name=\"twitter:card\" content=\"summary_large_image\" \/>\n<meta name=\"twitter:label1\" content=\"Dur\u00e9e de lecture estim\u00e9e\" \/>\n\t<meta name=\"twitter:data1\" content=\"2 minutes\" \/>\n<script type=\"application\/ld+json\" class=\"yoast-schema-graph\">{\"@context\":\"https:\\\/\\\/schema.org\",\"@graph\":[{\"@type\":\"WebPage\",\"@id\":\"https:\\\/\\\/gwendreams.com\\\/index.php\\\/les-livres\\\/soleil-gris\\\/les-articles-de-presse-sur-soleil-gris\\\/\",\"url\":\"https:\\\/\\\/gwendreams.com\\\/index.php\\\/les-livres\\\/soleil-gris\\\/les-articles-de-presse-sur-soleil-gris\\\/\",\"name\":\"Les articles de presse sur Soleil Gris - Gwendreams roman anticipation\",\"isPartOf\":{\"@id\":\"https:\\\/\\\/gwendreams.com\\\/#website\"},\"primaryImageOfPage\":{\"@id\":\"https:\\\/\\\/gwendreams.com\\\/index.php\\\/les-livres\\\/soleil-gris\\\/les-articles-de-presse-sur-soleil-gris\\\/#primaryimage\"},\"image\":{\"@id\":\"https:\\\/\\\/gwendreams.com\\\/index.php\\\/les-livres\\\/soleil-gris\\\/les-articles-de-presse-sur-soleil-gris\\\/#primaryimage\"},\"thumbnailUrl\":\"https:\\\/\\\/gwendreams.com\\\/wp-content\\\/uploads\\\/2019\\\/09\\\/69858826_515480735882265_6868890305425309696_n.jpg\",\"datePublished\":\"2019-10-07T13:15:34+00:00\",\"dateModified\":\"2024-04-09T11:26:36+00:00\",\"description\":\"articles presse Soleil Gris le Tr\u00e9gor Ouest France journal journaux roman anticipation couverture m\u00e9diatique m\u00e9dia local journaliste auteur \u00e9crivain cli-fi\",\"breadcrumb\":{\"@id\":\"https:\\\/\\\/gwendreams.com\\\/index.php\\\/les-livres\\\/soleil-gris\\\/les-articles-de-presse-sur-soleil-gris\\\/#breadcrumb\"},\"inLanguage\":\"fr-FR\",\"potentialAction\":[{\"@type\":\"ReadAction\",\"target\":[\"https:\\\/\\\/gwendreams.com\\\/index.php\\\/les-livres\\\/soleil-gris\\\/les-articles-de-presse-sur-soleil-gris\\\/\"]}]},{\"@type\":\"ImageObject\",\"inLanguage\":\"fr-FR\",\"@id\":\"https:\\\/\\\/gwendreams.com\\\/index.php\\\/les-livres\\\/soleil-gris\\\/les-articles-de-presse-sur-soleil-gris\\\/#primaryimage\",\"url\":\"https:\\\/\\\/gwendreams.com\\\/wp-content\\\/uploads\\\/2019\\\/09\\\/69858826_515480735882265_6868890305425309696_n.jpg\",\"contentUrl\":\"https:\\\/\\\/gwendreams.com\\\/wp-content\\\/uploads\\\/2019\\\/09\\\/69858826_515480735882265_6868890305425309696_n.jpg\",\"width\":1131,\"height\":1327,\"caption\":\"article presse Soleil Gris Tregor 2019\"},{\"@type\":\"BreadcrumbList\",\"@id\":\"https:\\\/\\\/gwendreams.com\\\/index.php\\\/les-livres\\\/soleil-gris\\\/les-articles-de-presse-sur-soleil-gris\\\/#breadcrumb\",\"itemListElement\":[{\"@type\":\"ListItem\",\"position\":1,\"name\":\"Accueil\",\"item\":\"https:\\\/\\\/gwendreams.com\\\/\"},{\"@type\":\"ListItem\",\"position\":2,\"name\":\"Livres\",\"item\":\"https:\\\/\\\/gwendreams.com\\\/index.php\\\/les-livres\\\/\"},{\"@type\":\"ListItem\",\"position\":3,\"name\":\"SOLEIL GRIS\",\"item\":\"https:\\\/\\\/gwendreams.com\\\/index.php\\\/les-livres\\\/soleil-gris\\\/\"},{\"@type\":\"ListItem\",\"position\":4,\"name\":\"Les articles de presse sur Soleil Gris\"}]},{\"@type\":\"WebSite\",\"@id\":\"https:\\\/\\\/gwendreams.com\\\/#website\",\"url\":\"https:\\\/\\\/gwendreams.com\\\/\",\"name\":\"Gwendreams\",\"description\":\"Tout un monde \u00e0 d\u00e9couvrir !\",\"potentialAction\":[{\"@type\":\"SearchAction\",\"target\":{\"@type\":\"EntryPoint\",\"urlTemplate\":\"https:\\\/\\\/gwendreams.com\\\/?s={search_term_string}\"},\"query-input\":{\"@type\":\"PropertyValueSpecification\",\"valueRequired\":true,\"valueName\":\"search_term_string\"}}],\"inLanguage\":\"fr-FR\"}]}<\/script>\n<!-- \/ Yoast SEO plugin. -->","yoast_head_json":{"title":"Les articles de presse sur Soleil Gris - Gwendreams roman anticipation","description":"articles presse Soleil Gris le Tr\u00e9gor Ouest France journal journaux roman anticipation couverture m\u00e9diatique m\u00e9dia local journaliste auteur \u00e9crivain cli-fi","robots":{"index":"index","follow":"follow","max-snippet":"max-snippet:-1","max-image-preview":"max-image-preview:large","max-video-preview":"max-video-preview:-1"},"canonical":"https:\/\/gwendreams.com\/index.php\/les-livres\/soleil-gris\/les-articles-de-presse-sur-soleil-gris\/","og_locale":"fr_FR","og_type":"article","og_title":"Les articles de presse sur Soleil Gris - Gwendreams roman anticipation","og_url":"https:\/\/gwendreams.com\/index.php\/les-livres\/soleil-gris\/les-articles-de-presse-sur-soleil-gris\/","og_site_name":"Gwendreams","article_publisher":"https:\/\/www.facebook.com\/profile.php?id=100063791695285","article_modified_time":"2024-04-09T11:26:36+00:00","og_image":[{"width":1131,"height":1327,"url":"https:\/\/gwendreams.com\/wp-content\/uploads\/2019\/09\/69858826_515480735882265_6868890305425309696_n.jpg","type":"image\/jpeg"}],"twitter_card":"summary_large_image","twitter_misc":{"Dur\u00e9e de lecture estim\u00e9e":"2 minutes"},"schema":{"@context":"https:\/\/schema.org","@graph":[{"@type":"WebPage","@id":"https:\/\/gwendreams.com\/index.php\/les-livres\/soleil-gris\/les-articles-de-presse-sur-soleil-gris\/","url":"https:\/\/gwendreams.com\/index.php\/les-livres\/soleil-gris\/les-articles-de-presse-sur-soleil-gris\/","name":"Les articles de presse sur Soleil Gris - Gwendreams roman anticipation","isPartOf":{"@id":"https:\/\/gwendreams.com\/#website"},"primaryImageOfPage":{"@id":"https:\/\/gwendreams.com\/index.php\/les-livres\/soleil-gris\/les-articles-de-presse-sur-soleil-gris\/#primaryimage"},"image":{"@id":"https:\/\/gwendreams.com\/index.php\/les-livres\/soleil-gris\/les-articles-de-presse-sur-soleil-gris\/#primaryimage"},"thumbnailUrl":"https:\/\/gwendreams.com\/wp-content\/uploads\/2019\/09\/69858826_515480735882265_6868890305425309696_n.jpg","datePublished":"2019-10-07T13:15:34+00:00","dateModified":"2024-04-09T11:26:36+00:00","description":"articles presse Soleil Gris le Tr\u00e9gor Ouest France journal journaux roman anticipation couverture m\u00e9diatique m\u00e9dia local journaliste auteur \u00e9crivain cli-fi","breadcrumb":{"@id":"https:\/\/gwendreams.com\/index.php\/les-livres\/soleil-gris\/les-articles-de-presse-sur-soleil-gris\/#breadcrumb"},"inLanguage":"fr-FR","potentialAction":[{"@type":"ReadAction","target":["https:\/\/gwendreams.com\/index.php\/les-livres\/soleil-gris\/les-articles-de-presse-sur-soleil-gris\/"]}]},{"@type":"ImageObject","inLanguage":"fr-FR","@id":"https:\/\/gwendreams.com\/index.php\/les-livres\/soleil-gris\/les-articles-de-presse-sur-soleil-gris\/#primaryimage","url":"https:\/\/gwendreams.com\/wp-content\/uploads\/2019\/09\/69858826_515480735882265_6868890305425309696_n.jpg","contentUrl":"https:\/\/gwendreams.com\/wp-content\/uploads\/2019\/09\/69858826_515480735882265_6868890305425309696_n.jpg","width":1131,"height":1327,"caption":"article presse Soleil Gris Tregor 2019"},{"@type":"BreadcrumbList","@id":"https:\/\/gwendreams.com\/index.php\/les-livres\/soleil-gris\/les-articles-de-presse-sur-soleil-gris\/#breadcrumb","itemListElement":[{"@type":"ListItem","position":1,"name":"Accueil","item":"https:\/\/gwendreams.com\/"},{"@type":"ListItem","position":2,"name":"Livres","item":"https:\/\/gwendreams.com\/index.php\/les-livres\/"},{"@type":"ListItem","position":3,"name":"SOLEIL GRIS","item":"https:\/\/gwendreams.com\/index.php\/les-livres\/soleil-gris\/"},{"@type":"ListItem","position":4,"name":"Les articles de presse sur Soleil Gris"}]},{"@type":"WebSite","@id":"https:\/\/gwendreams.com\/#website","url":"https:\/\/gwendreams.com\/","name":"Gwendreams","description":"Tout un monde \u00e0 d\u00e9couvrir !","potentialAction":[{"@type":"SearchAction","target":{"@type":"EntryPoint","urlTemplate":"https:\/\/gwendreams.com\/?s={search_term_string}"},"query-input":{"@type":"PropertyValueSpecification","valueRequired":true,"valueName":"search_term_string"}}],"inLanguage":"fr-FR"}]}},"jetpack_sharing_enabled":true,"_links":{"self":[{"href":"https:\/\/gwendreams.com\/index.php\/wp-json\/wp\/v2\/pages\/3644","targetHints":{"allow":["GET"]}}],"collection":[{"href":"https:\/\/gwendreams.com\/index.php\/wp-json\/wp\/v2\/pages"}],"about":[{"href":"https:\/\/gwendreams.com\/index.php\/wp-json\/wp\/v2\/types\/page"}],"author":[{"embeddable":true,"href":"https:\/\/gwendreams.com\/index.php\/wp-json\/wp\/v2\/users\/1"}],"replies":[{"embeddable":true,"href":"https:\/\/gwendreams.com\/index.php\/wp-json\/wp\/v2\/comments?post=3644"}],"version-history":[{"count":10,"href":"https:\/\/gwendreams.com\/index.php\/wp-json\/wp\/v2\/pages\/3644\/revisions"}],"predecessor-version":[{"id":5220,"href":"https:\/\/gwendreams.com\/index.php\/wp-json\/wp\/v2\/pages\/3644\/revisions\/5220"}],"up":[{"embeddable":true,"href":"https:\/\/gwendreams.com\/index.php\/wp-json\/wp\/v2\/pages\/1459"}],"wp:featuredmedia":[{"embeddable":true,"href":"https:\/\/gwendreams.com\/index.php\/wp-json\/wp\/v2\/media\/3485"}],"wp:attachment":[{"href":"https:\/\/gwendreams.com\/index.php\/wp-json\/wp\/v2\/media?parent=3644"}],"curies":[{"name":"wp","href":"https:\/\/api.w.org\/{rel}","templated":true}]}}