{"id":3753,"date":"2020-01-11T23:11:13","date_gmt":"2020-01-11T22:11:13","guid":{"rendered":"http:\/\/gwendreams.com\/?page_id=3753"},"modified":"2026-04-05T10:59:35","modified_gmt":"2026-04-05T08:59:35","slug":"les-sites-amis","status":"publish","type":"page","link":"https:\/\/gwendreams.com\/index.php\/les-sites-amis\/","title":{"rendered":"Sites amis"},"content":{"rendered":"\n<p>Voici les sites que j&rsquo;aime, les sites amis. Cette page est d&rsquo;abord un espace de gratitude envers tous ceux et celles qui ouvrent des horizons et charment l&rsquo;esprit, et un endroit de partage, o\u00f9 mettre les liens vers les plus jolies d\u00e9couvertes (en ligne, car bien d&rsquo;autres fleurissent loin des ordinateurs) et les sources d&rsquo;inspiration.<\/p>\n\n\n\n<p>Nul n&rsquo;est une \u00eele, et j&rsquo;ai la chance parfois de faire de magnifiques rencontres, dans la vraie vie ou sur la toile. En <a href=\"https:\/\/gwendreams.com\/index.php\/les-voyages\/\" target=\"_blank\" rel=\"noopener\">voyage<\/a> ou depuis chez moi.<\/p>\n\n\n\n<p>Petit inventaire \u00e0 la Pr\u00e9vert de personnes merveilleuses qui diffusent des id\u00e9es, des images, des sons ou des livres fantastiques.<\/p>\n\n\n\n<p>Cliquer sur un lien vous emmenera ailleurs, tant\u00f4t en fran\u00e7ais, tant\u00f4t en anglais, parfois en espagnol, tous azimuts.<\/p>\n\n\n\n<h2 class=\"wp-block-heading\">Sources d&rsquo;inspiration, de motivation, de rire, d&rsquo;\u00e9merveillement, d&rsquo;admiration<\/h2>\n\n\n\n<ul class=\"wp-block-list\">\n<li><a href=\"http:\/\/antonweb.free.fr\/infos.htm\" target=\"_blank\" rel=\"noopener noreferrer\">Anton<\/a> (BD)<\/li>\n\n\n\n<li>Caro de <a href=\"https:\/\/www.instagram.com\/mellowbijoux\/?hl=en\" target=\"_blank\" rel=\"noopener\">Mellow Bijoux<\/a> (cr\u00e9ation de bijoux)<\/li>\n\n\n\n<li><a href=\"http:\/\/www.davidadiego.es\/\" target=\"_blank\" rel=\"noopener noreferrer\">David Adiego<\/a> (design)<\/li>\n\n\n\n<li><a href=\"http:\/\/www.isidroferrer.com\/\" target=\"_blank\" rel=\"noopener noreferrer\">Isidro Ferrer<\/a> (design)<\/li>\n\n\n\n<li>Javier de <a href=\"https:\/\/monitorenbaqueira.com\/\" target=\"_blank\" rel=\"noopener\">Baraka Sports<\/a> (sports et montagne)<\/li>\n\n\n\n<li><a href=\"https:\/\/heatharmstrong.com\/\" target=\"_blank\" rel=\"noopener noreferrer\">Heath Armstrong<\/a> (art de sur-vivre)<\/li>\n\n\n\n<li><a href=\"https:\/\/laclosa.cat\/\" target=\"_blank\" rel=\"noopener\">La Closa<\/a> (facilitateurs d&rsquo;exp\u00e9riences)<\/li>\n\n\n\n<li><a href=\"http:\/\/lyliank.blogspot.com\/\" target=\"_blank\" rel=\"noopener noreferrer\">Lylian<\/a>\u00a0(BD)<\/li>\n\n\n\n<li><a href=\"https:\/\/www.illustrations-nature.fr\/\" target=\"_blank\" rel=\"noopener noreferrer\">Maud Briand<\/a> (arts visuels)<\/li>\n\n\n\n<li><a href=\"https:\/\/missionwolf.org\/\" target=\"_blank\" rel=\"noopener\">Mission: Wolf Sanctuary<\/a> (protection animale)<\/li>\n\n\n\n<li><a href=\"https:\/\/www.youtube.com\/channel\/UCKbQshCum9zbKZKJZipaTVQ\" target=\"_blank\" rel=\"noopener noreferrer\">Philippe Guilhon Herbert<\/a> (piano classique)<\/li>\n\n\n\n<li><a href=\"http:\/\/www.latremoliere.fr\/\" target=\"_blank\" rel=\"noopener noreferrer\">Philippe Latr\u00e9moli\u00e8re<\/a> (photographie Urbex)<\/li>\n<\/ul>\n\n\n\n<h2 class=\"wp-block-heading\">Dans les podcasts<\/h2>\n\n\n\n<ul class=\"wp-block-list\">\n<li><a title=\"Good life project\" href=\"https:\/\/www.goodlifeproject.com\/podcast\/\" target=\"_blank\" rel=\"noopener noreferrer\">Good life project<\/a> (art de vivre et inspiration)<\/li>\n\n\n\n<li><a style=\"font-size: revert;\" title=\"She explores\" href=\"https:\/\/she-explores.com\/podcast\/\" target=\"_blank\" rel=\"noopener noreferrer\">She explores<\/a><span style=\"font-size: revert;\"> (aventure et nature)<\/span><\/li>\n\n\n\n<li><a href=\"https:\/\/access.historyhit.com\/the-ancients\">The Ancients<\/a> <span style=\"font-size: revert;\">(arch\u00e9ologie)<\/span><\/li>\n\n\n\n<li><a href=\"https:\/\/www.hubermanlab.com\/podcast\" target=\"_blank\" rel=\"noopener\">Huberman Lab<\/a> (neuroscience)<\/li>\n<\/ul>\n","protected":false},"excerpt":{"rendered":"<p>Voici les sites que j&rsquo;aime, les sites amis. Cette page est d&rsquo;abord un espace de gratitude envers tous ceux et celles qui ouvrent des horizons et charment l&rsquo;esprit, et un endroit de partage, o\u00f9 mettre les liens vers les plus jolies d\u00e9couvertes (en ligne, car bien d&rsquo;autres fleurissent loin des&#8230;<\/p>\n<div class=\"more-link-wrapper\"><a class=\"more-link\" href=\"https:\/\/gwendreams.com\/index.php\/les-sites-amis\/\">Continuer la lecture<span class=\"screen-reader-text\">Sites amis<\/span><\/a><\/div>\n","protected":false},"author":1,"featured_media":3757,"parent":0,"menu_order":9,"comment_status":"closed","ping_status":"closed","template":"","meta":{"jetpack_post_was_ever_published":false,"iawp_total_views":10,"footnotes":""},"class_list":["post-3753","page","type-page","status-publish","has-post-thumbnail","hentry","entry"],"yoast_head":"<!-- This site is optimized with the Yoast SEO plugin v27.3 - https:\/\/yoast.com\/product\/yoast-seo-wordpress\/ -->\n<title>Sites amis - Gwendreams<\/title>\n<meta name=\"description\" content=\"sites amis liens links partage inspiration gratitude amis exemple idees images sons livres blogs podcasts blog podcast engagement\" \/>\n<meta name=\"robots\" content=\"index, follow, max-snippet:-1, max-image-preview:large, max-video-preview:-1\" \/>\n<link rel=\"canonical\" href=\"https:\/\/gwendreams.com\/index.php\/les-sites-amis\/\" \/>\n<meta property=\"og:locale\" content=\"fr_FR\" \/>\n<meta property=\"og:type\" content=\"article\" \/>\n<meta property=\"og:title\" content=\"Sites amis - Gwendreams\" \/>\n<meta property=\"og:url\" content=\"https:\/\/gwendreams.com\/index.php\/les-sites-amis\/\" \/>\n<meta property=\"og:site_name\" content=\"Gwendreams\" \/>\n<meta property=\"article:publisher\" content=\"https:\/\/www.facebook.com\/profile.php?id=100063791695285\" \/>\n<meta property=\"article:modified_time\" content=\"2026-04-05T08:59:35+00:00\" \/>\n<meta property=\"og:image\" content=\"https:\/\/gwendreams.com\/wp-content\/uploads\/2020\/01\/pexels-photo-2679814.jpeg\" \/>\n\t<meta property=\"og:image:width\" content=\"867\" \/>\n\t<meta property=\"og:image:height\" content=\"1300\" \/>\n\t<meta property=\"og:image:type\" content=\"image\/jpeg\" \/>\n<meta name=\"twitter:card\" content=\"summary_large_image\" \/>\n<meta name=\"twitter:label1\" content=\"Dur\u00e9e de lecture estim\u00e9e\" \/>\n\t<meta name=\"twitter:data1\" content=\"2 minutes\" \/>\n<script type=\"application\/ld+json\" class=\"yoast-schema-graph\">{\"@context\":\"https:\\\/\\\/schema.org\",\"@graph\":[{\"@type\":\"WebPage\",\"@id\":\"https:\\\/\\\/gwendreams.com\\\/index.php\\\/les-sites-amis\\\/\",\"url\":\"https:\\\/\\\/gwendreams.com\\\/index.php\\\/les-sites-amis\\\/\",\"name\":\"Sites amis - Gwendreams\",\"isPartOf\":{\"@id\":\"https:\\\/\\\/gwendreams.com\\\/#website\"},\"primaryImageOfPage\":{\"@id\":\"https:\\\/\\\/gwendreams.com\\\/index.php\\\/les-sites-amis\\\/#primaryimage\"},\"image\":{\"@id\":\"https:\\\/\\\/gwendreams.com\\\/index.php\\\/les-sites-amis\\\/#primaryimage\"},\"thumbnailUrl\":\"https:\\\/\\\/gwendreams.com\\\/wp-content\\\/uploads\\\/2020\\\/01\\\/pexels-photo-2679814.jpeg\",\"datePublished\":\"2020-01-11T22:11:13+00:00\",\"dateModified\":\"2026-04-05T08:59:35+00:00\",\"description\":\"sites amis liens links partage inspiration gratitude amis exemple idees images sons livres blogs podcasts blog podcast engagement\",\"breadcrumb\":{\"@id\":\"https:\\\/\\\/gwendreams.com\\\/index.php\\\/les-sites-amis\\\/#breadcrumb\"},\"inLanguage\":\"fr-FR\",\"potentialAction\":[{\"@type\":\"ReadAction\",\"target\":[\"https:\\\/\\\/gwendreams.com\\\/index.php\\\/les-sites-amis\\\/\"]}]},{\"@type\":\"ImageObject\",\"inLanguage\":\"fr-FR\",\"@id\":\"https:\\\/\\\/gwendreams.com\\\/index.php\\\/les-sites-amis\\\/#primaryimage\",\"url\":\"https:\\\/\\\/gwendreams.com\\\/wp-content\\\/uploads\\\/2020\\\/01\\\/pexels-photo-2679814.jpeg\",\"contentUrl\":\"https:\\\/\\\/gwendreams.com\\\/wp-content\\\/uploads\\\/2020\\\/01\\\/pexels-photo-2679814.jpeg\",\"width\":867,\"height\":1300},{\"@type\":\"BreadcrumbList\",\"@id\":\"https:\\\/\\\/gwendreams.com\\\/index.php\\\/les-sites-amis\\\/#breadcrumb\",\"itemListElement\":[{\"@type\":\"ListItem\",\"position\":1,\"name\":\"Accueil\",\"item\":\"https:\\\/\\\/gwendreams.com\\\/\"},{\"@type\":\"ListItem\",\"position\":2,\"name\":\"Sites amis\"}]},{\"@type\":\"WebSite\",\"@id\":\"https:\\\/\\\/gwendreams.com\\\/#website\",\"url\":\"https:\\\/\\\/gwendreams.com\\\/\",\"name\":\"Gwendreams\",\"description\":\"Tout un monde \u00e0 d\u00e9couvrir !\",\"potentialAction\":[{\"@type\":\"SearchAction\",\"target\":{\"@type\":\"EntryPoint\",\"urlTemplate\":\"https:\\\/\\\/gwendreams.com\\\/?s={search_term_string}\"},\"query-input\":{\"@type\":\"PropertyValueSpecification\",\"valueRequired\":true,\"valueName\":\"search_term_string\"}}],\"inLanguage\":\"fr-FR\"}]}<\/script>\n<!-- \/ Yoast SEO plugin. -->","yoast_head_json":{"title":"Sites amis - Gwendreams","description":"sites amis liens links partage inspiration gratitude amis exemple idees images sons livres blogs podcasts blog podcast engagement","robots":{"index":"index","follow":"follow","max-snippet":"max-snippet:-1","max-image-preview":"max-image-preview:large","max-video-preview":"max-video-preview:-1"},"canonical":"https:\/\/gwendreams.com\/index.php\/les-sites-amis\/","og_locale":"fr_FR","og_type":"article","og_title":"Sites amis - Gwendreams","og_url":"https:\/\/gwendreams.com\/index.php\/les-sites-amis\/","og_site_name":"Gwendreams","article_publisher":"https:\/\/www.facebook.com\/profile.php?id=100063791695285","article_modified_time":"2026-04-05T08:59:35+00:00","og_image":[{"width":867,"height":1300,"url":"https:\/\/gwendreams.com\/wp-content\/uploads\/2020\/01\/pexels-photo-2679814.jpeg","type":"image\/jpeg"}],"twitter_card":"summary_large_image","twitter_misc":{"Dur\u00e9e de lecture estim\u00e9e":"2 minutes"},"schema":{"@context":"https:\/\/schema.org","@graph":[{"@type":"WebPage","@id":"https:\/\/gwendreams.com\/index.php\/les-sites-amis\/","url":"https:\/\/gwendreams.com\/index.php\/les-sites-amis\/","name":"Sites amis - Gwendreams","isPartOf":{"@id":"https:\/\/gwendreams.com\/#website"},"primaryImageOfPage":{"@id":"https:\/\/gwendreams.com\/index.php\/les-sites-amis\/#primaryimage"},"image":{"@id":"https:\/\/gwendreams.com\/index.php\/les-sites-amis\/#primaryimage"},"thumbnailUrl":"https:\/\/gwendreams.com\/wp-content\/uploads\/2020\/01\/pexels-photo-2679814.jpeg","datePublished":"2020-01-11T22:11:13+00:00","dateModified":"2026-04-05T08:59:35+00:00","description":"sites amis liens links partage inspiration gratitude amis exemple idees images sons livres blogs podcasts blog podcast engagement","breadcrumb":{"@id":"https:\/\/gwendreams.com\/index.php\/les-sites-amis\/#breadcrumb"},"inLanguage":"fr-FR","potentialAction":[{"@type":"ReadAction","target":["https:\/\/gwendreams.com\/index.php\/les-sites-amis\/"]}]},{"@type":"ImageObject","inLanguage":"fr-FR","@id":"https:\/\/gwendreams.com\/index.php\/les-sites-amis\/#primaryimage","url":"https:\/\/gwendreams.com\/wp-content\/uploads\/2020\/01\/pexels-photo-2679814.jpeg","contentUrl":"https:\/\/gwendreams.com\/wp-content\/uploads\/2020\/01\/pexels-photo-2679814.jpeg","width":867,"height":1300},{"@type":"BreadcrumbList","@id":"https:\/\/gwendreams.com\/index.php\/les-sites-amis\/#breadcrumb","itemListElement":[{"@type":"ListItem","position":1,"name":"Accueil","item":"https:\/\/gwendreams.com\/"},{"@type":"ListItem","position":2,"name":"Sites amis"}]},{"@type":"WebSite","@id":"https:\/\/gwendreams.com\/#website","url":"https:\/\/gwendreams.com\/","name":"Gwendreams","description":"Tout un monde \u00e0 d\u00e9couvrir !","potentialAction":[{"@type":"SearchAction","target":{"@type":"EntryPoint","urlTemplate":"https:\/\/gwendreams.com\/?s={search_term_string}"},"query-input":{"@type":"PropertyValueSpecification","valueRequired":true,"valueName":"search_term_string"}}],"inLanguage":"fr-FR"}]}},"jetpack_sharing_enabled":true,"_links":{"self":[{"href":"https:\/\/gwendreams.com\/index.php\/wp-json\/wp\/v2\/pages\/3753","targetHints":{"allow":["GET"]}}],"collection":[{"href":"https:\/\/gwendreams.com\/index.php\/wp-json\/wp\/v2\/pages"}],"about":[{"href":"https:\/\/gwendreams.com\/index.php\/wp-json\/wp\/v2\/types\/page"}],"author":[{"embeddable":true,"href":"https:\/\/gwendreams.com\/index.php\/wp-json\/wp\/v2\/users\/1"}],"replies":[{"embeddable":true,"href":"https:\/\/gwendreams.com\/index.php\/wp-json\/wp\/v2\/comments?post=3753"}],"version-history":[{"count":21,"href":"https:\/\/gwendreams.com\/index.php\/wp-json\/wp\/v2\/pages\/3753\/revisions"}],"predecessor-version":[{"id":6188,"href":"https:\/\/gwendreams.com\/index.php\/wp-json\/wp\/v2\/pages\/3753\/revisions\/6188"}],"wp:featuredmedia":[{"embeddable":true,"href":"https:\/\/gwendreams.com\/index.php\/wp-json\/wp\/v2\/media\/3757"}],"wp:attachment":[{"href":"https:\/\/gwendreams.com\/index.php\/wp-json\/wp\/v2\/media?parent=3753"}],"curies":[{"name":"wp","href":"https:\/\/api.w.org\/{rel}","templated":true}]}}