{"id":3903,"date":"2020-11-22T22:06:03","date_gmt":"2020-11-22T21:06:03","guid":{"rendered":"http:\/\/gwendreams.com\/?page_id=3903"},"modified":"2025-03-29T17:44:46","modified_gmt":"2025-03-29T16:44:46","slug":"chamion-chat-nomade-voyage-fourgon","status":"publish","type":"page","link":"https:\/\/gwendreams.com\/index.php\/chamion-chat-nomade-voyage-fourgon\/","title":{"rendered":"Cha(t)mion"},"content":{"rendered":"\n<p><\/p>\n\n\n\n<h2 class=\"wp-block-heading\">Une nouvelle aventure ?<\/h2>\n\n\n\n<p>Le cha(t)mion ? C&rsquo;est une nouvelle aventure qui d\u00e9bute, apr\u00e8s quasiment un an de r\u00e9flexion. Ou comment une nomade embarque son chat en voyage.<br><br>Je butais sur un probl\u00e8me, jusqu&rsquo;\u00e0 ce que la solution devienne \u00e9vidente.<br><br>J&rsquo;aime la nouveaut\u00e9 et la routine, j&rsquo;aime voyager en conservant des rep\u00e8res, je veux rendre visite \u00e0 mes amis, mais sans m&rsquo;imposer&#8230; <\/p>\n\n\n\n<p class=\"has-text-align-justify\">Le principal probl\u00e8me? Un chat qui ne supporte pas d&rsquo;\u00eatre laiss\u00e9 seul \u00e0 la maison trop longtemps. Pendant des ann\u00e9es, il a simplement compens\u00e9 la s\u00e9paration par la nourriture. En cons\u00e9quence, il est assez gros, et c&rsquo;est un euph\u00e9misme (dix kilos tout de m\u00eame, la bestiole). Mais depuis peu, il a pris l&rsquo;habitude de tomber malade en mon absence. Mes voyages se sont alors raccourcis, et aggr\u00e9ment\u00e9s de culpabilisation &#8211; c&rsquo;est d\u00e9sagr\u00e9able.<br>Ce chat n&rsquo;est pas compliqu\u00e9, pourtant; il voyage bien, que ce soit en avion, en train, en voiture et plus finalement m\u00eame en bateau &#8230; Toutefois, l&#8217;emmener en voiture durant des heures, pour une semaine de vacances, cela me semblait un peu extr\u00eame. Et l&rsquo;improvisation devient alors compliqu\u00e9e. Une impasse donc !<\/p>\n\n\n\n<p class=\"has-text-align-justify\">Il y a un peu plus d&rsquo;un an, la recherche du canard \u00e0 trois pattes m&rsquo;a fait accepter un nouvel emploi. T\u00e9l\u00e9travail, informatique l\u00e9g\u00e8re, libert\u00e9 des horaires et volume adaptable. \u00c0 l&rsquo;usage, le canard a bien trois pattes, voire plus. Le poste semble p\u00e9renne. \u00c7a ouvre la voie au nomadisme. En effet, pour travailler, j&rsquo;ai juste besoin d&rsquo;un ordinateur, et d&rsquo;une connexion internet &#8211; celle du t\u00e9l\u00e9phone fait tr\u00e8s bien l&rsquo;affaire. Un peu de calme ne gache rien. Avec un coussin. Et aussi une tasse de th\u00e9. Enfin un chat pour le c\u00f4t\u00e9 zen. Et c&rsquo;est tout.<\/p>\n\n\n\n<p class=\"has-text-align-justify\">Donc pour r\u00e9sumer, on a :<br>&#8211; un gros chat avec un trouble de l&rsquo;attachement<br>&#8211; une nomade qui ne tient pas longtemps en place<br>&#8211; un travail flexible et possible de (presque) partout<br><br>Il manquait juste un tout petit quelque chose. J&rsquo;ai bien pens\u00e9 \u00e0 emmener le chat en camping, mais avec tous les chiens qui y trainent, souvent en libert\u00e9, cela promettait des parois de tente lac\u00e9r\u00e9es. Et une voiture, c&rsquo;est trop petit pour \u00eatre confortable longtemps et pour pouvoir y laisser un animal pendant que je pars en randonn\u00e9e.<\/p>\n\n\n<div class=\"wp-block-image is-resized\">\n<figure class=\"aligncenter size-large\"><img loading=\"lazy\" decoding=\"async\" width=\"768\" height=\"1024\" src=\"https:\/\/gwendreams.com\/wp-content\/uploads\/2022\/01\/le-chatmion-en-vadrouille-768x1024.jpg\" alt=\"\" class=\"wp-image-4116\" srcset=\"https:\/\/gwendreams.com\/wp-content\/uploads\/2022\/01\/le-chatmion-en-vadrouille-768x1024.jpg 768w, https:\/\/gwendreams.com\/wp-content\/uploads\/2022\/01\/le-chatmion-en-vadrouille-225x300.jpg 225w, https:\/\/gwendreams.com\/wp-content\/uploads\/2022\/01\/le-chatmion-en-vadrouille-1152x1536.jpg 1152w, https:\/\/gwendreams.com\/wp-content\/uploads\/2022\/01\/le-chatmion-en-vadrouille-rotated.jpg 1254w\" sizes=\"auto, (max-width: 768px) 100vw, 768px\" \/><\/figure>\n<\/div>\n\n\n<p><\/p>\n\n\n\n<h2 class=\"wp-block-heading has-text-align-center\">La solution ? Le cha(t)mion !<\/h2>\n\n\n\n<p class=\"has-text-align-justify\"><br>J&rsquo;aime bien les valises, et les mots, et les mots-valises. Alors <a href=\"https:\/\/levanmigrateur.com\/le-guide-ultime-du-fourgon-amenage\/\" target=\"_blank\" rel=\"noreferrer noopener\">un fourgon am\u00e9nag\u00e9<\/a>, ou un camion pour mettre un chat dedans, c&rsquo;est forc\u00e9ment un cha(t)mion.<br><br>Voici donc un nouvel \u00e9pisode de Gwendreams, qui va venir s&#8217;emm\u00ealer joyeusement avec les autres th\u00e8mes, que ce soit la nature, le sport, le voyage ou l&rsquo;\u00e9criture.<br>\u00c0 partir d&rsquo;ici, je vais tracer peu \u00e0 peu ce nouveau chemin.<\/p>\n\n\n\n<p>Pour en savoir plus, lire les articles suivants :<\/p>\n\n\n\n<ul class=\"wp-block-list\">\n<li><a href=\"http:\/\/gwendreams.com\/index.php\/2020\/11\/25\/chatmion-le-projet\/\" target=\"_blank\" rel=\"noreferrer noopener\">Cha(t)mion : le projet<\/a><\/li>\n\n\n\n<li><a href=\"https:\/\/gwendreams.com\/index.php\/2020\/11\/30\/chatmion-le-fourgon\/\" target=\"_blank\" rel=\"noreferrer noopener\">Cha(t)mion : le fourgon<\/a><\/li>\n\n\n\n<li><a href=\"https:\/\/gwendreams.com\/index.php\/2021\/03\/21\/un-fourgon-plein-de-lumiere\/\" target=\"_blank\" rel=\"noreferrer noopener\">Un fourgon plein de lumi\u00e8re<\/a><\/li>\n\n\n\n<li><a href=\"https:\/\/gwendreams.com\/index.php\/2021\/07\/03\/juin-en-chatmion\/\" target=\"_blank\" rel=\"noreferrer noopener\">Juin en cha(t)mion<\/a><\/li>\n\n\n\n<li><a href=\"https:\/\/gwendreams.com\/index.php\/2021\/08\/02\/en-juillet-ca-chamionne-un-chat-en-fourgon-au-coeur-des-pyrenees\/\" target=\"_blank\" rel=\"noreferrer noopener\">En Juillet, \u00e7a chamionne : un chat en fourgon au coeur des Pyr\u00e9n\u00e9es<\/a><\/li>\n\n\n\n<li><a href=\"https:\/\/gwendreams.com\/index.php\/2021\/09\/29\/septembre-un-chatmion-entre-plages-et-marais\/\" target=\"_blank\" rel=\"noreferrer noopener\">Septembre : un cha(t)mion entre plages et marais<\/a><\/li>\n\n\n\n<li><a href=\"https:\/\/gwendreams.com\/index.php\/2022\/01\/19\/une-journee-placee-sous-le-signe-de-leau\/\" target=\"_blank\" rel=\"noreferrer noopener\">Une journ\u00e9e plac\u00e9e sous le signe de l\u2019eau<\/a><\/li>\n\n\n\n<li><a href=\"https:\/\/gwendreams.com\/index.php\/2022\/04\/01\/un-hiver-en-ete-le-chatmion-en-andalousie\/\" target=\"_blank\" rel=\"noreferrer noopener\">Un hiver en \u00e9t\u00e9 : le cha(t)mion en Andalousie<\/a><\/li>\n\n\n\n<li><a href=\"https:\/\/gwendreams.com\/index.php\/2023\/03\/18\/de-linteret-dadopter-un-humain-familier\/\">De l\u2019int\u00e9r\u00eat d\u2019adopter un humain familier<\/a><\/li>\n\n\n\n<li><a href=\"https:\/\/gwendreams.com\/index.php\/2023\/04\/01\/le-chat-a-roulettes\/\">Le chat \u00e0 roulettes<\/a><\/li>\n\n\n\n<li><a href=\"https:\/\/gwendreams.com\/index.php\/2023\/07\/05\/un-chatmion-enfin-homologue\/\">Un cha(t)mion enfin homologu\u00e9 !<\/a><\/li>\n\n\n\n<li><a href=\"https:\/\/gwendreams.com\/index.php\/2024\/04\/09\/le-dossier-pour-lhomologation-vasp\/\">Le dossier pour l\u2019homologation VASP<\/a><\/li>\n<\/ul>\n\n\n\n<p>Et pour suivre les tribulations du cha(t)mion 2 :<\/p>\n\n\n\n<ul class=\"wp-block-list\">\n<li><a href=\"https:\/\/gwendreams.com\/index.php\/2024\/12\/14\/amenagement-de-fourgon-2-0\/\">Am\u00e9nagement de fourgon 2.0<\/a><\/li>\n\n\n\n<li><a href=\"https:\/\/gwendreams.com\/index.php\/2024\/12\/15\/fourgon-a-amenager-le-nouveau-chatmion\/\">Fourgon \u00e0 am\u00e9nager : le nouveau cha(t)mion<\/a><\/li>\n\n\n\n<li><a href=\"https:\/\/gwendreams.com\/index.php\/2024\/12\/31\/fourgon-amenage-2-0-le-projet\/\">Fourgon am\u00e9nag\u00e9 2.0 : le projet<\/a><\/li>\n\n\n\n<li><a href=\"https:\/\/gwendreams.com\/index.php\/2025\/03\/17\/fourgon-amenage-les-parties-a-laisser-accessibles\/\">Fourgon am\u00e9nag\u00e9 : les parties \u00e0 laisser accessibles<\/a><\/li>\n<\/ul>\n\n\n<div class=\"wp-block-image is-resized\">\n<figure class=\"aligncenter size-large\"><img loading=\"lazy\" decoding=\"async\" width=\"722\" height=\"1024\" src=\"https:\/\/gwendreams.com\/wp-content\/uploads\/2020\/11\/2016-01-02-16.35.25-722x1024.jpg\" alt=\"\" class=\"wp-image-3906\" srcset=\"https:\/\/gwendreams.com\/wp-content\/uploads\/2020\/11\/2016-01-02-16.35.25-722x1024.jpg 722w, https:\/\/gwendreams.com\/wp-content\/uploads\/2020\/11\/2016-01-02-16.35.25-212x300.jpg 212w, https:\/\/gwendreams.com\/wp-content\/uploads\/2020\/11\/2016-01-02-16.35.25-768x1089.jpg 768w, https:\/\/gwendreams.com\/wp-content\/uploads\/2020\/11\/2016-01-02-16.35.25-1083x1536.jpg 1083w, https:\/\/gwendreams.com\/wp-content\/uploads\/2020\/11\/2016-01-02-16.35.25-1445x2048.jpg 1445w, https:\/\/gwendreams.com\/wp-content\/uploads\/2020\/11\/2016-01-02-16.35.25-scaled.jpg 1806w\" sizes=\"auto, (max-width: 722px) 100vw, 722px\" \/><\/figure>\n<\/div>\n\n\n<p>\u00a9 Gwen Caillet et Zeus 2019 \u2013 Tous droits r\u00e9serv\u00e9s.<\/p>\n","protected":false},"excerpt":{"rendered":"<p>Une nouvelle aventure ? Le cha(t)mion ? C&rsquo;est une nouvelle aventure qui d\u00e9bute, apr\u00e8s quasiment un an de r\u00e9flexion. Ou comment une nomade embarque son chat en voyage. Je butais sur un probl\u00e8me, jusqu&rsquo;\u00e0 ce que la solution devienne \u00e9vidente. J&rsquo;aime la nouveaut\u00e9 et la routine, j&rsquo;aime voyager en conservant&#8230;<\/p>\n<div class=\"more-link-wrapper\"><a class=\"more-link\" href=\"https:\/\/gwendreams.com\/index.php\/chamion-chat-nomade-voyage-fourgon\/\">Continuer la lecture<span class=\"screen-reader-text\">Cha(t)mion<\/span><\/a><\/div>\n","protected":false},"author":1,"featured_media":3905,"parent":0,"menu_order":0,"comment_status":"closed","ping_status":"closed","template":"","meta":{"jetpack_post_was_ever_published":false,"iawp_total_views":18,"footnotes":""},"class_list":["post-3903","page","type-page","status-publish","has-post-thumbnail","hentry","entry"],"yoast_head":"<!-- This site is optimized with the Yoast SEO plugin v27.3 - https:\/\/yoast.com\/product\/yoast-seo-wordpress\/ -->\n<title>Cha(t)mion - Gwendreams<\/title>\n<meta name=\"description\" content=\"nomade chat voyage fourgon am\u00e9nag\u00e9 chatmion chamion th\u00e9 t\u00e9l\u00e9travail randonn\u00e9e blog gwendreams exploration vie plein air\" \/>\n<meta name=\"robots\" content=\"index, follow, max-snippet:-1, max-image-preview:large, max-video-preview:-1\" \/>\n<link rel=\"canonical\" href=\"https:\/\/gwendreams.com\/index.php\/chamion-chat-nomade-voyage-fourgon\/\" \/>\n<meta property=\"og:locale\" content=\"fr_FR\" \/>\n<meta property=\"og:type\" content=\"article\" \/>\n<meta property=\"og:title\" content=\"Cha(t)mion - Gwendreams\" \/>\n<meta property=\"og:url\" content=\"https:\/\/gwendreams.com\/index.php\/chamion-chat-nomade-voyage-fourgon\/\" \/>\n<meta property=\"og:site_name\" content=\"Gwendreams\" \/>\n<meta property=\"article:publisher\" content=\"https:\/\/www.facebook.com\/profile.php?id=100063791695285\" \/>\n<meta property=\"article:modified_time\" content=\"2025-03-29T16:44:46+00:00\" \/>\n<meta property=\"og:image\" content=\"https:\/\/gwendreams.com\/wp-content\/uploads\/2020\/11\/IMG_4381-scaled.jpg\" \/>\n\t<meta property=\"og:image:width\" content=\"2560\" \/>\n\t<meta property=\"og:image:height\" content=\"1920\" \/>\n\t<meta property=\"og:image:type\" content=\"image\/jpeg\" \/>\n<meta name=\"twitter:card\" content=\"summary_large_image\" \/>\n<meta name=\"twitter:label1\" content=\"Dur\u00e9e de lecture estim\u00e9e\" \/>\n\t<meta name=\"twitter:data1\" content=\"4 minutes\" \/>\n<script type=\"application\/ld+json\" class=\"yoast-schema-graph\">{\"@context\":\"https:\\\/\\\/schema.org\",\"@graph\":[{\"@type\":\"WebPage\",\"@id\":\"https:\\\/\\\/gwendreams.com\\\/index.php\\\/chamion-chat-nomade-voyage-fourgon\\\/\",\"url\":\"https:\\\/\\\/gwendreams.com\\\/index.php\\\/chamion-chat-nomade-voyage-fourgon\\\/\",\"name\":\"Cha(t)mion - Gwendreams\",\"isPartOf\":{\"@id\":\"https:\\\/\\\/gwendreams.com\\\/#website\"},\"primaryImageOfPage\":{\"@id\":\"https:\\\/\\\/gwendreams.com\\\/index.php\\\/chamion-chat-nomade-voyage-fourgon\\\/#primaryimage\"},\"image\":{\"@id\":\"https:\\\/\\\/gwendreams.com\\\/index.php\\\/chamion-chat-nomade-voyage-fourgon\\\/#primaryimage\"},\"thumbnailUrl\":\"https:\\\/\\\/gwendreams.com\\\/wp-content\\\/uploads\\\/2020\\\/11\\\/IMG_4381-scaled.jpg\",\"datePublished\":\"2020-11-22T21:06:03+00:00\",\"dateModified\":\"2025-03-29T16:44:46+00:00\",\"description\":\"nomade chat voyage fourgon am\u00e9nag\u00e9 chatmion chamion th\u00e9 t\u00e9l\u00e9travail randonn\u00e9e blog gwendreams exploration vie plein air\",\"breadcrumb\":{\"@id\":\"https:\\\/\\\/gwendreams.com\\\/index.php\\\/chamion-chat-nomade-voyage-fourgon\\\/#breadcrumb\"},\"inLanguage\":\"fr-FR\",\"potentialAction\":[{\"@type\":\"ReadAction\",\"target\":[\"https:\\\/\\\/gwendreams.com\\\/index.php\\\/chamion-chat-nomade-voyage-fourgon\\\/\"]}]},{\"@type\":\"ImageObject\",\"inLanguage\":\"fr-FR\",\"@id\":\"https:\\\/\\\/gwendreams.com\\\/index.php\\\/chamion-chat-nomade-voyage-fourgon\\\/#primaryimage\",\"url\":\"https:\\\/\\\/gwendreams.com\\\/wp-content\\\/uploads\\\/2020\\\/11\\\/IMG_4381-scaled.jpg\",\"contentUrl\":\"https:\\\/\\\/gwendreams.com\\\/wp-content\\\/uploads\\\/2020\\\/11\\\/IMG_4381-scaled.jpg\",\"width\":2560,\"height\":1920,\"caption\":\"fourgon am\u00e9nagement\"},{\"@type\":\"BreadcrumbList\",\"@id\":\"https:\\\/\\\/gwendreams.com\\\/index.php\\\/chamion-chat-nomade-voyage-fourgon\\\/#breadcrumb\",\"itemListElement\":[{\"@type\":\"ListItem\",\"position\":1,\"name\":\"Accueil\",\"item\":\"https:\\\/\\\/gwendreams.com\\\/\"},{\"@type\":\"ListItem\",\"position\":2,\"name\":\"Cha(t)mion\"}]},{\"@type\":\"WebSite\",\"@id\":\"https:\\\/\\\/gwendreams.com\\\/#website\",\"url\":\"https:\\\/\\\/gwendreams.com\\\/\",\"name\":\"Gwendreams\",\"description\":\"Tout un monde \u00e0 d\u00e9couvrir !\",\"potentialAction\":[{\"@type\":\"SearchAction\",\"target\":{\"@type\":\"EntryPoint\",\"urlTemplate\":\"https:\\\/\\\/gwendreams.com\\\/?s={search_term_string}\"},\"query-input\":{\"@type\":\"PropertyValueSpecification\",\"valueRequired\":true,\"valueName\":\"search_term_string\"}}],\"inLanguage\":\"fr-FR\"}]}<\/script>\n<!-- \/ Yoast SEO plugin. -->","yoast_head_json":{"title":"Cha(t)mion - Gwendreams","description":"nomade chat voyage fourgon am\u00e9nag\u00e9 chatmion chamion th\u00e9 t\u00e9l\u00e9travail randonn\u00e9e blog gwendreams exploration vie plein air","robots":{"index":"index","follow":"follow","max-snippet":"max-snippet:-1","max-image-preview":"max-image-preview:large","max-video-preview":"max-video-preview:-1"},"canonical":"https:\/\/gwendreams.com\/index.php\/chamion-chat-nomade-voyage-fourgon\/","og_locale":"fr_FR","og_type":"article","og_title":"Cha(t)mion - Gwendreams","og_url":"https:\/\/gwendreams.com\/index.php\/chamion-chat-nomade-voyage-fourgon\/","og_site_name":"Gwendreams","article_publisher":"https:\/\/www.facebook.com\/profile.php?id=100063791695285","article_modified_time":"2025-03-29T16:44:46+00:00","og_image":[{"width":2560,"height":1920,"url":"https:\/\/gwendreams.com\/wp-content\/uploads\/2020\/11\/IMG_4381-scaled.jpg","type":"image\/jpeg"}],"twitter_card":"summary_large_image","twitter_misc":{"Dur\u00e9e de lecture estim\u00e9e":"4 minutes"},"schema":{"@context":"https:\/\/schema.org","@graph":[{"@type":"WebPage","@id":"https:\/\/gwendreams.com\/index.php\/chamion-chat-nomade-voyage-fourgon\/","url":"https:\/\/gwendreams.com\/index.php\/chamion-chat-nomade-voyage-fourgon\/","name":"Cha(t)mion - Gwendreams","isPartOf":{"@id":"https:\/\/gwendreams.com\/#website"},"primaryImageOfPage":{"@id":"https:\/\/gwendreams.com\/index.php\/chamion-chat-nomade-voyage-fourgon\/#primaryimage"},"image":{"@id":"https:\/\/gwendreams.com\/index.php\/chamion-chat-nomade-voyage-fourgon\/#primaryimage"},"thumbnailUrl":"https:\/\/gwendreams.com\/wp-content\/uploads\/2020\/11\/IMG_4381-scaled.jpg","datePublished":"2020-11-22T21:06:03+00:00","dateModified":"2025-03-29T16:44:46+00:00","description":"nomade chat voyage fourgon am\u00e9nag\u00e9 chatmion chamion th\u00e9 t\u00e9l\u00e9travail randonn\u00e9e blog gwendreams exploration vie plein air","breadcrumb":{"@id":"https:\/\/gwendreams.com\/index.php\/chamion-chat-nomade-voyage-fourgon\/#breadcrumb"},"inLanguage":"fr-FR","potentialAction":[{"@type":"ReadAction","target":["https:\/\/gwendreams.com\/index.php\/chamion-chat-nomade-voyage-fourgon\/"]}]},{"@type":"ImageObject","inLanguage":"fr-FR","@id":"https:\/\/gwendreams.com\/index.php\/chamion-chat-nomade-voyage-fourgon\/#primaryimage","url":"https:\/\/gwendreams.com\/wp-content\/uploads\/2020\/11\/IMG_4381-scaled.jpg","contentUrl":"https:\/\/gwendreams.com\/wp-content\/uploads\/2020\/11\/IMG_4381-scaled.jpg","width":2560,"height":1920,"caption":"fourgon am\u00e9nagement"},{"@type":"BreadcrumbList","@id":"https:\/\/gwendreams.com\/index.php\/chamion-chat-nomade-voyage-fourgon\/#breadcrumb","itemListElement":[{"@type":"ListItem","position":1,"name":"Accueil","item":"https:\/\/gwendreams.com\/"},{"@type":"ListItem","position":2,"name":"Cha(t)mion"}]},{"@type":"WebSite","@id":"https:\/\/gwendreams.com\/#website","url":"https:\/\/gwendreams.com\/","name":"Gwendreams","description":"Tout un monde \u00e0 d\u00e9couvrir !","potentialAction":[{"@type":"SearchAction","target":{"@type":"EntryPoint","urlTemplate":"https:\/\/gwendreams.com\/?s={search_term_string}"},"query-input":{"@type":"PropertyValueSpecification","valueRequired":true,"valueName":"search_term_string"}}],"inLanguage":"fr-FR"}]}},"jetpack_sharing_enabled":true,"_links":{"self":[{"href":"https:\/\/gwendreams.com\/index.php\/wp-json\/wp\/v2\/pages\/3903","targetHints":{"allow":["GET"]}}],"collection":[{"href":"https:\/\/gwendreams.com\/index.php\/wp-json\/wp\/v2\/pages"}],"about":[{"href":"https:\/\/gwendreams.com\/index.php\/wp-json\/wp\/v2\/types\/page"}],"author":[{"embeddable":true,"href":"https:\/\/gwendreams.com\/index.php\/wp-json\/wp\/v2\/users\/1"}],"replies":[{"embeddable":true,"href":"https:\/\/gwendreams.com\/index.php\/wp-json\/wp\/v2\/comments?post=3903"}],"version-history":[{"count":26,"href":"https:\/\/gwendreams.com\/index.php\/wp-json\/wp\/v2\/pages\/3903\/revisions"}],"predecessor-version":[{"id":6045,"href":"https:\/\/gwendreams.com\/index.php\/wp-json\/wp\/v2\/pages\/3903\/revisions\/6045"}],"wp:featuredmedia":[{"embeddable":true,"href":"https:\/\/gwendreams.com\/index.php\/wp-json\/wp\/v2\/media\/3905"}],"wp:attachment":[{"href":"https:\/\/gwendreams.com\/index.php\/wp-json\/wp\/v2\/media?parent=3903"}],"curies":[{"name":"wp","href":"https:\/\/api.w.org\/{rel}","templated":true}]}}