{"id":396,"date":"2019-03-31T13:40:31","date_gmt":"2019-03-31T11:40:31","guid":{"rendered":"http:\/\/gwendreams.com\/?page_id=396"},"modified":"2024-08-09T14:16:20","modified_gmt":"2024-08-09T12:16:20","slug":"les-voyages","status":"publish","type":"page","link":"https:\/\/gwendreams.com\/index.php\/les-voyages\/","title":{"rendered":"Voyages"},"content":{"rendered":"\n<p class=\"has-text-align-justify\">L&rsquo;aventure est au coin de la rue, et parfois un peu plus loin. Les voyages sont un mode de vie, une passion, une addiction, pour ne pas dire une n\u00e9cessit\u00e9 pour qui les appr\u00e9cie.<\/p>\n\n\n\n<p class=\"has-text-align-justify\">Chaque voyage, quelle qu&rsquo;en soit la dur\u00e9e, est l&rsquo;occasion de sortir d&rsquo;un monde connu, compris et confortable. De rencontres en quiproquos, de splendeurs en d\u00e9sillusions, d&rsquo;\u00e9merveillement en incompr\u00e9hension, on mesure l&rsquo;\u00e9tendue et la diversit\u00e9 de la nature et des cultures.<\/p>\n\n\n\n<p class=\"has-text-align-justify\">Cette page redonne acc\u00e8s au contenu des blogs tenus lors de pr\u00e9c\u00e9dentes expatriations en Turquie (<a href=\"http:\/\/gwendreams.com\/index.php\/les-voyages\/leurasienne\/\">l&rsquo;eurasienne<\/a>) et au Canada (<a href=\"https:\/\/gwendreams.com\/index.php\/les-voyages\/expatriee-au-quebec\/\">de l&rsquo;autre c\u00f4t\u00e9 de l&rsquo;oc\u00e9an<\/a>). Viennent s&rsquo;y glisser des r\u00e9cits d&rsquo;escapades dans d&rsquo;autres contr\u00e9es : \u00c9gypte, Cara\u00efbes &#8230;<\/p>\n\n\n\n<p class=\"has-text-align-justify\">S&rsquo;y ajoutent peu \u00e0 peu les r\u00e9cits jusque l\u00e0 in\u00e9dits ou nouveaux d&rsquo;anciens voyages : Caucase, <a href=\"http:\/\/gwendreams.com\/index.php\/les-voyages\/voyage-en-chine-du-sud\/\">Chine<\/a>, Afrique de l&rsquo;Ouest ou <a href=\"https:\/\/gwendreams.com\/index.php\/les-voyages\/voyages-aux-etats-unis-damerique\/\" target=\"_blank\" rel=\"noreferrer noopener\">\u00c9tats-Unis<\/a>. De temps \u00e0 autre, de nouveaux textes viennent rejoindre cette collection uniquement guid\u00e9e par les hasards de la vie et l&rsquo;amour de la d\u00e9couverte : <a href=\"https:\/\/gwendreams.com\/index.php\/les-voyages\/decouverte-de-la-pologne-2022\/\">Pologne<\/a> ou <a href=\"https:\/\/gwendreams.com\/index.php\/2023\/08\/05\/les-highlands\/\" target=\"_blank\" rel=\"noreferrer noopener\">Royaume-Uni<\/a> (<a href=\"https:\/\/gwendreams.com\/index.php\/2023\/07\/25\/des-mammouths-a-la-guerre-des-roses\/\" target=\"_blank\" rel=\"noreferrer noopener\">Angleterre<\/a>, <a href=\"https:\/\/gwendreams.com\/index.php\/2024\/04\/08\/orkney-ou-la-magie-des-iles-orcades\/\" target=\"_blank\" rel=\"noreferrer noopener\">Ecosse<\/a>, Cornouaille). D&rsquo;ailleurs, pourquoi pas prochainement des impressions et autres r\u00eaveries sur l&rsquo;Italie ou la Suisse ? Le voyage s&rsquo;arr\u00eatera bien un jour, mais esp\u00e9rons que ce ne sera pas de sit\u00f4t ! En attendant, profitons-en !<\/p>\n\n\n\n<p>Pour entamer le voyage :<\/p>\n\n\n\n<figure class=\"wp-block-embed is-type-wp-embed is-provider-gwendreams wp-block-embed-gwendreams\"><div class=\"wp-block-embed__wrapper\">\n<blockquote class=\"wp-embedded-content\" data-secret=\"vYFhKsWv8Q\"><a href=\"https:\/\/gwendreams.com\/index.php\/les-voyages\/leurasienne\/\">Istanbul 2005-2008 : l&rsquo;eurasienne<\/a><\/blockquote><iframe loading=\"lazy\" class=\"wp-embedded-content\" sandbox=\"allow-scripts\" security=\"restricted\" style=\"position: absolute; clip: rect(1px, 1px, 1px, 1px);\" title=\"\u00ab\u00a0Istanbul 2005-2008 : l&rsquo;eurasienne\u00a0\u00bb &#8212; Gwendreams\" src=\"https:\/\/gwendreams.com\/index.php\/les-voyages\/leurasienne\/embed\/#?secret=kXfzlsFjSm#?secret=vYFhKsWv8Q\" data-secret=\"vYFhKsWv8Q\" width=\"500\" height=\"282\" frameborder=\"0\" marginwidth=\"0\" marginheight=\"0\" scrolling=\"no\"><\/iframe>\n<\/div><\/figure>\n\n\n\n<figure class=\"wp-block-embed is-type-wp-embed is-provider-gwendreams wp-block-embed-gwendreams\"><div class=\"wp-block-embed__wrapper\">\n<blockquote class=\"wp-embedded-content\" data-secret=\"XsI2hPOQkU\"><a href=\"https:\/\/gwendreams.com\/index.php\/les-voyages\/expatriee-au-quebec\/\">Expatri\u00e9e au Qu\u00e9bec 2008-2015<\/a><\/blockquote><iframe loading=\"lazy\" class=\"wp-embedded-content\" sandbox=\"allow-scripts\" security=\"restricted\" style=\"position: absolute; clip: rect(1px, 1px, 1px, 1px);\" title=\"\u00ab\u00a0Expatri\u00e9e au Qu\u00e9bec 2008-2015\u00a0\u00bb &#8212; Gwendreams\" src=\"https:\/\/gwendreams.com\/index.php\/les-voyages\/expatriee-au-quebec\/embed\/#?secret=wRQDsTBg90#?secret=XsI2hPOQkU\" data-secret=\"XsI2hPOQkU\" width=\"500\" height=\"282\" frameborder=\"0\" marginwidth=\"0\" marginheight=\"0\" scrolling=\"no\"><\/iframe>\n<\/div><\/figure>\n\n\n\n<figure class=\"wp-block-embed is-type-wp-embed is-provider-gwendreams wp-block-embed-gwendreams\"><div class=\"wp-block-embed__wrapper\">\n<blockquote class=\"wp-embedded-content\" data-secret=\"r0uViKKlXh\"><a href=\"https:\/\/gwendreams.com\/index.php\/les-voyages\/voyages-aux-etats-unis-damerique\/\">Voyages aux \u00c9tats-Unis d&rsquo;Am\u00e9rique<\/a><\/blockquote><iframe loading=\"lazy\" class=\"wp-embedded-content\" sandbox=\"allow-scripts\" security=\"restricted\" style=\"position: absolute; clip: rect(1px, 1px, 1px, 1px);\" title=\"\u00ab\u00a0Voyages aux \u00c9tats-Unis d&rsquo;Am\u00e9rique\u00a0\u00bb &#8212; Gwendreams\" src=\"https:\/\/gwendreams.com\/index.php\/les-voyages\/voyages-aux-etats-unis-damerique\/embed\/#?secret=aC3jsIPsP1#?secret=r0uViKKlXh\" data-secret=\"r0uViKKlXh\" width=\"500\" height=\"282\" frameborder=\"0\" marginwidth=\"0\" marginheight=\"0\" scrolling=\"no\"><\/iframe>\n<\/div><\/figure>\n\n\n\n<figure class=\"wp-block-embed is-type-wp-embed is-provider-gwendreams wp-block-embed-gwendreams\"><div class=\"wp-block-embed__wrapper\">\n<blockquote class=\"wp-embedded-content\" data-secret=\"8Amltzg8V9\"><a href=\"https:\/\/gwendreams.com\/index.php\/les-voyages\/voyage-en-chine-du-sud\/\">Voyage en Chine du sud &#8211; juillet 2011<\/a><\/blockquote><iframe loading=\"lazy\" class=\"wp-embedded-content\" sandbox=\"allow-scripts\" security=\"restricted\" style=\"position: absolute; clip: rect(1px, 1px, 1px, 1px);\" title=\"\u00ab\u00a0Voyage en Chine du sud &#8211; juillet 2011\u00a0\u00bb &#8212; Gwendreams\" src=\"https:\/\/gwendreams.com\/index.php\/les-voyages\/voyage-en-chine-du-sud\/embed\/#?secret=NEG2H8YxUk#?secret=8Amltzg8V9\" data-secret=\"8Amltzg8V9\" width=\"500\" height=\"282\" frameborder=\"0\" marginwidth=\"0\" marginheight=\"0\" scrolling=\"no\"><\/iframe>\n<\/div><\/figure>\n\n\n\n<figure class=\"wp-block-embed is-type-wp-embed is-provider-gwendreams wp-block-embed-gwendreams\"><div class=\"wp-block-embed__wrapper\">\n<blockquote class=\"wp-embedded-content\" data-secret=\"c69509yjQY\"><a href=\"https:\/\/gwendreams.com\/index.php\/les-voyages\/decouverte-de-la-pologne-2022\/\">D\u00e9couverte de la Pologne &#8211; 2022<\/a><\/blockquote><iframe loading=\"lazy\" class=\"wp-embedded-content\" sandbox=\"allow-scripts\" security=\"restricted\" style=\"position: absolute; clip: rect(1px, 1px, 1px, 1px);\" title=\"\u00ab\u00a0D\u00e9couverte de la Pologne &#8211; 2022\u00a0\u00bb &#8212; Gwendreams\" src=\"https:\/\/gwendreams.com\/index.php\/les-voyages\/decouverte-de-la-pologne-2022\/embed\/#?secret=E41tGzJI6W#?secret=c69509yjQY\" data-secret=\"c69509yjQY\" width=\"500\" height=\"282\" frameborder=\"0\" marginwidth=\"0\" marginheight=\"0\" scrolling=\"no\"><\/iframe>\n<\/div><\/figure>\n\n\n\n<figure class=\"wp-block-embed is-type-wp-embed is-provider-gwendreams wp-block-embed-gwendreams\"><div class=\"wp-block-embed__wrapper\">\n<blockquote class=\"wp-embedded-content\" data-secret=\"ko1NGGuvLg\"><a href=\"https:\/\/gwendreams.com\/index.php\/les-voyages\/cartes-de-voyages\/\">Cartes de voyages<\/a><\/blockquote><iframe loading=\"lazy\" class=\"wp-embedded-content\" sandbox=\"allow-scripts\" security=\"restricted\" style=\"position: absolute; clip: rect(1px, 1px, 1px, 1px);\" title=\"\u00ab\u00a0Cartes de voyages\u00a0\u00bb &#8212; Gwendreams\" src=\"https:\/\/gwendreams.com\/index.php\/les-voyages\/cartes-de-voyages\/embed\/#?secret=SMwWonfjYo#?secret=ko1NGGuvLg\" data-secret=\"ko1NGGuvLg\" width=\"500\" height=\"282\" frameborder=\"0\" marginwidth=\"0\" marginheight=\"0\" scrolling=\"no\"><\/iframe>\n<\/div><\/figure>\n","protected":false},"excerpt":{"rendered":"<p>L&rsquo;aventure est au coin de la rue, et parfois un peu plus loin. Les voyages sont un mode de vie, une passion, une addiction, pour ne pas dire une n\u00e9cessit\u00e9 pour qui les appr\u00e9cie. Chaque voyage, quelle qu&rsquo;en soit la dur\u00e9e, est l&rsquo;occasion de sortir d&rsquo;un monde connu, compris et&#8230;<\/p>\n<div class=\"more-link-wrapper\"><a class=\"more-link\" href=\"https:\/\/gwendreams.com\/index.php\/les-voyages\/\">Continuer la lecture<span class=\"screen-reader-text\">Voyages<\/span><\/a><\/div>\n","protected":false},"author":2,"featured_media":2779,"parent":0,"menu_order":6,"comment_status":"open","ping_status":"closed","template":"","meta":{"jetpack_post_was_ever_published":false,"iawp_total_views":6,"footnotes":""},"class_list":["post-396","page","type-page","status-publish","has-post-thumbnail","hentry","entry"],"yoast_head":"<!-- This site is optimized with the Yoast SEO plugin v27.3 - https:\/\/yoast.com\/product\/yoast-seo-wordpress\/ -->\n<title>Voyages - Gwendreams<\/title>\n<meta name=\"description\" content=\"voyages canada turquie espagne ecosse blog livres auteur ecrivain fourgon am\u00e9nag\u00e9 chat th\u00e9 cartes egypte caraibes eurasienne pologne nature\" \/>\n<meta name=\"robots\" content=\"index, follow, max-snippet:-1, max-image-preview:large, max-video-preview:-1\" \/>\n<link rel=\"canonical\" href=\"https:\/\/gwendreams.com\/index.php\/les-voyages\/\" \/>\n<meta property=\"og:locale\" content=\"fr_FR\" \/>\n<meta property=\"og:type\" content=\"article\" \/>\n<meta property=\"og:title\" content=\"Voyages - Gwendreams\" \/>\n<meta property=\"og:url\" content=\"https:\/\/gwendreams.com\/index.php\/les-voyages\/\" \/>\n<meta property=\"og:site_name\" content=\"Gwendreams\" \/>\n<meta property=\"article:publisher\" content=\"https:\/\/www.facebook.com\/profile.php?id=100063791695285\" \/>\n<meta property=\"article:modified_time\" content=\"2024-08-09T12:16:20+00:00\" \/>\n<meta property=\"og:image\" content=\"https:\/\/gwendreams.com\/wp-content\/uploads\/2019\/09\/Le-Caire-pyramides-chameau.jpg\" \/>\n\t<meta property=\"og:image:width\" content=\"800\" \/>\n\t<meta property=\"og:image:height\" content=\"600\" \/>\n\t<meta property=\"og:image:type\" content=\"image\/jpeg\" \/>\n<meta name=\"twitter:card\" content=\"summary_large_image\" \/>\n<meta name=\"twitter:label1\" content=\"Dur\u00e9e de lecture estim\u00e9e\" \/>\n\t<meta name=\"twitter:data1\" content=\"2 minutes\" \/>\n<script type=\"application\/ld+json\" class=\"yoast-schema-graph\">{\"@context\":\"https:\\\/\\\/schema.org\",\"@graph\":[{\"@type\":\"WebPage\",\"@id\":\"https:\\\/\\\/gwendreams.com\\\/index.php\\\/les-voyages\\\/\",\"url\":\"https:\\\/\\\/gwendreams.com\\\/index.php\\\/les-voyages\\\/\",\"name\":\"Voyages - Gwendreams\",\"isPartOf\":{\"@id\":\"https:\\\/\\\/gwendreams.com\\\/#website\"},\"primaryImageOfPage\":{\"@id\":\"https:\\\/\\\/gwendreams.com\\\/index.php\\\/les-voyages\\\/#primaryimage\"},\"image\":{\"@id\":\"https:\\\/\\\/gwendreams.com\\\/index.php\\\/les-voyages\\\/#primaryimage\"},\"thumbnailUrl\":\"https:\\\/\\\/gwendreams.com\\\/wp-content\\\/uploads\\\/2019\\\/09\\\/Le-Caire-pyramides-chameau.jpg\",\"datePublished\":\"2019-03-31T11:40:31+00:00\",\"dateModified\":\"2024-08-09T12:16:20+00:00\",\"description\":\"voyages canada turquie espagne ecosse blog livres auteur ecrivain fourgon am\u00e9nag\u00e9 chat th\u00e9 cartes egypte caraibes eurasienne pologne nature\",\"breadcrumb\":{\"@id\":\"https:\\\/\\\/gwendreams.com\\\/index.php\\\/les-voyages\\\/#breadcrumb\"},\"inLanguage\":\"fr-FR\",\"potentialAction\":[{\"@type\":\"ReadAction\",\"target\":[\"https:\\\/\\\/gwendreams.com\\\/index.php\\\/les-voyages\\\/\"]}]},{\"@type\":\"ImageObject\",\"inLanguage\":\"fr-FR\",\"@id\":\"https:\\\/\\\/gwendreams.com\\\/index.php\\\/les-voyages\\\/#primaryimage\",\"url\":\"https:\\\/\\\/gwendreams.com\\\/wp-content\\\/uploads\\\/2019\\\/09\\\/Le-Caire-pyramides-chameau.jpg\",\"contentUrl\":\"https:\\\/\\\/gwendreams.com\\\/wp-content\\\/uploads\\\/2019\\\/09\\\/Le-Caire-pyramides-chameau.jpg\",\"width\":800,\"height\":600},{\"@type\":\"BreadcrumbList\",\"@id\":\"https:\\\/\\\/gwendreams.com\\\/index.php\\\/les-voyages\\\/#breadcrumb\",\"itemListElement\":[{\"@type\":\"ListItem\",\"position\":1,\"name\":\"Accueil\",\"item\":\"https:\\\/\\\/gwendreams.com\\\/\"},{\"@type\":\"ListItem\",\"position\":2,\"name\":\"Voyages\"}]},{\"@type\":\"WebSite\",\"@id\":\"https:\\\/\\\/gwendreams.com\\\/#website\",\"url\":\"https:\\\/\\\/gwendreams.com\\\/\",\"name\":\"Gwendreams\",\"description\":\"Tout un monde \u00e0 d\u00e9couvrir !\",\"potentialAction\":[{\"@type\":\"SearchAction\",\"target\":{\"@type\":\"EntryPoint\",\"urlTemplate\":\"https:\\\/\\\/gwendreams.com\\\/?s={search_term_string}\"},\"query-input\":{\"@type\":\"PropertyValueSpecification\",\"valueRequired\":true,\"valueName\":\"search_term_string\"}}],\"inLanguage\":\"fr-FR\"}]}<\/script>\n<!-- \/ Yoast SEO plugin. -->","yoast_head_json":{"title":"Voyages - Gwendreams","description":"voyages canada turquie espagne ecosse blog livres auteur ecrivain fourgon am\u00e9nag\u00e9 chat th\u00e9 cartes egypte caraibes eurasienne pologne nature","robots":{"index":"index","follow":"follow","max-snippet":"max-snippet:-1","max-image-preview":"max-image-preview:large","max-video-preview":"max-video-preview:-1"},"canonical":"https:\/\/gwendreams.com\/index.php\/les-voyages\/","og_locale":"fr_FR","og_type":"article","og_title":"Voyages - Gwendreams","og_url":"https:\/\/gwendreams.com\/index.php\/les-voyages\/","og_site_name":"Gwendreams","article_publisher":"https:\/\/www.facebook.com\/profile.php?id=100063791695285","article_modified_time":"2024-08-09T12:16:20+00:00","og_image":[{"width":800,"height":600,"url":"https:\/\/gwendreams.com\/wp-content\/uploads\/2019\/09\/Le-Caire-pyramides-chameau.jpg","type":"image\/jpeg"}],"twitter_card":"summary_large_image","twitter_misc":{"Dur\u00e9e de lecture estim\u00e9e":"2 minutes"},"schema":{"@context":"https:\/\/schema.org","@graph":[{"@type":"WebPage","@id":"https:\/\/gwendreams.com\/index.php\/les-voyages\/","url":"https:\/\/gwendreams.com\/index.php\/les-voyages\/","name":"Voyages - Gwendreams","isPartOf":{"@id":"https:\/\/gwendreams.com\/#website"},"primaryImageOfPage":{"@id":"https:\/\/gwendreams.com\/index.php\/les-voyages\/#primaryimage"},"image":{"@id":"https:\/\/gwendreams.com\/index.php\/les-voyages\/#primaryimage"},"thumbnailUrl":"https:\/\/gwendreams.com\/wp-content\/uploads\/2019\/09\/Le-Caire-pyramides-chameau.jpg","datePublished":"2019-03-31T11:40:31+00:00","dateModified":"2024-08-09T12:16:20+00:00","description":"voyages canada turquie espagne ecosse blog livres auteur ecrivain fourgon am\u00e9nag\u00e9 chat th\u00e9 cartes egypte caraibes eurasienne pologne nature","breadcrumb":{"@id":"https:\/\/gwendreams.com\/index.php\/les-voyages\/#breadcrumb"},"inLanguage":"fr-FR","potentialAction":[{"@type":"ReadAction","target":["https:\/\/gwendreams.com\/index.php\/les-voyages\/"]}]},{"@type":"ImageObject","inLanguage":"fr-FR","@id":"https:\/\/gwendreams.com\/index.php\/les-voyages\/#primaryimage","url":"https:\/\/gwendreams.com\/wp-content\/uploads\/2019\/09\/Le-Caire-pyramides-chameau.jpg","contentUrl":"https:\/\/gwendreams.com\/wp-content\/uploads\/2019\/09\/Le-Caire-pyramides-chameau.jpg","width":800,"height":600},{"@type":"BreadcrumbList","@id":"https:\/\/gwendreams.com\/index.php\/les-voyages\/#breadcrumb","itemListElement":[{"@type":"ListItem","position":1,"name":"Accueil","item":"https:\/\/gwendreams.com\/"},{"@type":"ListItem","position":2,"name":"Voyages"}]},{"@type":"WebSite","@id":"https:\/\/gwendreams.com\/#website","url":"https:\/\/gwendreams.com\/","name":"Gwendreams","description":"Tout un monde \u00e0 d\u00e9couvrir !","potentialAction":[{"@type":"SearchAction","target":{"@type":"EntryPoint","urlTemplate":"https:\/\/gwendreams.com\/?s={search_term_string}"},"query-input":{"@type":"PropertyValueSpecification","valueRequired":true,"valueName":"search_term_string"}}],"inLanguage":"fr-FR"}]}},"jetpack_sharing_enabled":true,"_links":{"self":[{"href":"https:\/\/gwendreams.com\/index.php\/wp-json\/wp\/v2\/pages\/396","targetHints":{"allow":["GET"]}}],"collection":[{"href":"https:\/\/gwendreams.com\/index.php\/wp-json\/wp\/v2\/pages"}],"about":[{"href":"https:\/\/gwendreams.com\/index.php\/wp-json\/wp\/v2\/types\/page"}],"author":[{"embeddable":true,"href":"https:\/\/gwendreams.com\/index.php\/wp-json\/wp\/v2\/users\/2"}],"replies":[{"embeddable":true,"href":"https:\/\/gwendreams.com\/index.php\/wp-json\/wp\/v2\/comments?post=396"}],"version-history":[{"count":17,"href":"https:\/\/gwendreams.com\/index.php\/wp-json\/wp\/v2\/pages\/396\/revisions"}],"predecessor-version":[{"id":5836,"href":"https:\/\/gwendreams.com\/index.php\/wp-json\/wp\/v2\/pages\/396\/revisions\/5836"}],"wp:featuredmedia":[{"embeddable":true,"href":"https:\/\/gwendreams.com\/index.php\/wp-json\/wp\/v2\/media\/2779"}],"wp:attachment":[{"href":"https:\/\/gwendreams.com\/index.php\/wp-json\/wp\/v2\/media?parent=396"}],"curies":[{"name":"wp","href":"https:\/\/api.w.org\/{rel}","templated":true}]}}