{"id":4458,"date":"2023-03-24T16:33:13","date_gmt":"2023-03-24T15:33:13","guid":{"rendered":"https:\/\/gwendreams.com\/?page_id=4458"},"modified":"2023-03-24T16:34:33","modified_gmt":"2023-03-24T15:34:33","slug":"decouverte-de-la-pologne-2022","status":"publish","type":"page","link":"https:\/\/gwendreams.com\/index.php\/les-voyages\/decouverte-de-la-pologne-2022\/","title":{"rendered":"D\u00e9couverte de la Pologne &#8211; 2022"},"content":{"rendered":"\n<p class=\"has-text-align-justify\">Suites \u00e0 de jolies rencontres en &#8230; Andalousie, un premier voyage en Pologne en avril et mai 2022 m&rsquo;a permis de d\u00e9couvrir de petits morceaux de ce pays inattendu et ravissant. Avant m\u00eame d&rsquo;y poser le pied, j&rsquo;\u00e9tais ravie par les sonorit\u00e9s de la langue, et j&rsquo;avoue avoir arpent\u00e9 le pays avec \u00e0 l&rsquo;esprit l&rsquo;univers merveilleux de <a href=\"https:\/\/www.naominovik.com\/\" target=\"_blank\" rel=\"noreferrer noopener\">l&rsquo;auteure am\u00e9ricaine Naomi Novik<\/a>. Autant dire qu&rsquo;il en aurait fallu beaucoup pour me d\u00e9courager d&rsquo;aimer ce territoire. Cependant, je ne m&rsquo;attendais pas \u00e0 ce que la visite d\u00e9passe mes attentes, comme cela a \u00e9t\u00e9 le cas.<\/p>\n\n\n\n<p>Quand la magie s&rsquo;en m\u00eale&#8230; mais c&rsquo;est l\u00e0 une histoire qui n&rsquo;a pas encore \u00e9t\u00e9 \u00e9crite.<\/p>\n\n\n\n<p class=\"has-text-align-justify\">Quelques jours \u00e0 Varsovie, puis un s\u00e9jour plus long dans la mythique for\u00eat de Bialowieza. Des rencontres incroyables, des exp\u00e9riences que je ne peux qu&rsquo;essayer de faire partager, m&rsquo;ont profond\u00e9ment marqu\u00e9e.<\/p>\n\n\n\n<p class=\"has-text-align-justify\">Bien trop rapide, ce s\u00e9jour n&rsquo;est, je l&rsquo;esp\u00e8re qu&rsquo;un pr\u00e9lude \u00e0 de nouvelles aventures, pour y d\u00e9couvrir les 5 massifs montagneux, la r\u00e9gion des lacs, la c\u00f4te baltique et les nombreuses villes et villages. Pour commencer.<\/p>\n\n\n\n<p>Voici les premi\u00e8res des histoires qui ne demandent qu&rsquo;\u00e0 \u00eatre partag\u00e9es :<\/p>\n\n\n\n<ul class=\"wp-block-list\">\n<li><a href=\"https:\/\/gwendreams.com\/index.php\/2022\/05\/10\/la-foret-des-debuts-tout-la-bas\/\" target=\"_blank\" rel=\"noreferrer noopener\">La for\u00eat des d\u00e9buts, tout l\u00e0-bas<\/a><\/li>\n\n\n\n<li><a href=\"https:\/\/gwendreams.com\/index.php\/2022\/05\/20\/a-la-rencontre-des-derniers-bisons-sauvages-deurope\/\" target=\"_blank\" rel=\"noreferrer noopener\">\u00c0 la rencontre des derniers bisons sauvages d\u2019Europe<\/a><\/li>\n<\/ul>\n","protected":false},"excerpt":{"rendered":"<p>Suites \u00e0 de jolies rencontres en &#8230; Andalousie, un premier voyage en Pologne en avril et mai 2022 m&rsquo;a permis de d\u00e9couvrir de petits morceaux de ce pays inattendu et ravissant. Avant m\u00eame d&rsquo;y poser le pied, j&rsquo;\u00e9tais ravie par les sonorit\u00e9s de la langue, et j&rsquo;avoue avoir arpent\u00e9 le&#8230;<\/p>\n<div class=\"more-link-wrapper\"><a class=\"more-link\" href=\"https:\/\/gwendreams.com\/index.php\/les-voyages\/decouverte-de-la-pologne-2022\/\">Continuer la lecture<span class=\"screen-reader-text\">D\u00e9couverte de la Pologne &#8211; 2022<\/span><\/a><\/div>\n","protected":false},"author":1,"featured_media":4460,"parent":396,"menu_order":0,"comment_status":"closed","ping_status":"closed","template":"","meta":{"jetpack_post_was_ever_published":false,"iawp_total_views":0,"footnotes":""},"class_list":["post-4458","page","type-page","status-publish","has-post-thumbnail","hentry","entry"],"yoast_head":"<!-- This site is optimized with the Yoast SEO plugin v27.3 - https:\/\/yoast.com\/product\/yoast-seo-wordpress\/ -->\n<title>D\u00e9couverte de la Pologne - 2022 - Gwendreams<\/title>\n<meta name=\"robots\" content=\"index, follow, max-snippet:-1, max-image-preview:large, max-video-preview:-1\" \/>\n<link rel=\"canonical\" href=\"https:\/\/gwendreams.com\/index.php\/les-voyages\/decouverte-de-la-pologne-2022\/\" \/>\n<meta property=\"og:locale\" content=\"fr_FR\" \/>\n<meta property=\"og:type\" content=\"article\" \/>\n<meta property=\"og:title\" content=\"D\u00e9couverte de la Pologne - 2022 - Gwendreams\" \/>\n<meta property=\"og:description\" content=\"Suites \u00e0 de jolies rencontres en &#8230; Andalousie, un premier voyage en Pologne en avril et mai 2022 m&rsquo;a permis de d\u00e9couvrir de petits morceaux de ce pays inattendu et ravissant. Avant m\u00eame d&rsquo;y poser le pied, j&rsquo;\u00e9tais ravie par les sonorit\u00e9s de la langue, et j&rsquo;avoue avoir arpent\u00e9 le&#8230;\" \/>\n<meta property=\"og:url\" content=\"https:\/\/gwendreams.com\/index.php\/les-voyages\/decouverte-de-la-pologne-2022\/\" \/>\n<meta property=\"og:site_name\" content=\"Gwendreams\" \/>\n<meta property=\"article:publisher\" content=\"https:\/\/www.facebook.com\/profile.php?id=100063791695285\" \/>\n<meta property=\"article:modified_time\" content=\"2023-03-24T15:34:33+00:00\" \/>\n<meta property=\"og:image\" content=\"https:\/\/gwendreams.com\/wp-content\/uploads\/2023\/03\/pexels-photo-622040.jpeg\" \/>\n\t<meta property=\"og:image:width\" content=\"1733\" \/>\n\t<meta property=\"og:image:height\" content=\"1300\" \/>\n\t<meta property=\"og:image:type\" content=\"image\/jpeg\" \/>\n<meta name=\"twitter:card\" content=\"summary_large_image\" \/>\n<meta name=\"twitter:label1\" content=\"Dur\u00e9e de lecture estim\u00e9e\" \/>\n\t<meta name=\"twitter:data1\" content=\"2 minutes\" \/>\n<script type=\"application\/ld+json\" class=\"yoast-schema-graph\">{\"@context\":\"https:\\\/\\\/schema.org\",\"@graph\":[{\"@type\":\"WebPage\",\"@id\":\"https:\\\/\\\/gwendreams.com\\\/index.php\\\/les-voyages\\\/decouverte-de-la-pologne-2022\\\/\",\"url\":\"https:\\\/\\\/gwendreams.com\\\/index.php\\\/les-voyages\\\/decouverte-de-la-pologne-2022\\\/\",\"name\":\"D\u00e9couverte de la Pologne - 2022 - Gwendreams\",\"isPartOf\":{\"@id\":\"https:\\\/\\\/gwendreams.com\\\/#website\"},\"primaryImageOfPage\":{\"@id\":\"https:\\\/\\\/gwendreams.com\\\/index.php\\\/les-voyages\\\/decouverte-de-la-pologne-2022\\\/#primaryimage\"},\"image\":{\"@id\":\"https:\\\/\\\/gwendreams.com\\\/index.php\\\/les-voyages\\\/decouverte-de-la-pologne-2022\\\/#primaryimage\"},\"thumbnailUrl\":\"https:\\\/\\\/gwendreams.com\\\/wp-content\\\/uploads\\\/2023\\\/03\\\/pexels-photo-622040.jpeg\",\"datePublished\":\"2023-03-24T15:33:13+00:00\",\"dateModified\":\"2023-03-24T15:34:33+00:00\",\"breadcrumb\":{\"@id\":\"https:\\\/\\\/gwendreams.com\\\/index.php\\\/les-voyages\\\/decouverte-de-la-pologne-2022\\\/#breadcrumb\"},\"inLanguage\":\"fr-FR\",\"potentialAction\":[{\"@type\":\"ReadAction\",\"target\":[\"https:\\\/\\\/gwendreams.com\\\/index.php\\\/les-voyages\\\/decouverte-de-la-pologne-2022\\\/\"]}]},{\"@type\":\"ImageObject\",\"inLanguage\":\"fr-FR\",\"@id\":\"https:\\\/\\\/gwendreams.com\\\/index.php\\\/les-voyages\\\/decouverte-de-la-pologne-2022\\\/#primaryimage\",\"url\":\"https:\\\/\\\/gwendreams.com\\\/wp-content\\\/uploads\\\/2023\\\/03\\\/pexels-photo-622040.jpeg\",\"contentUrl\":\"https:\\\/\\\/gwendreams.com\\\/wp-content\\\/uploads\\\/2023\\\/03\\\/pexels-photo-622040.jpeg\",\"width\":1733,\"height\":1300,\"caption\":\"Photo de Rafau0142 Klusek sur Pexels.com\"},{\"@type\":\"BreadcrumbList\",\"@id\":\"https:\\\/\\\/gwendreams.com\\\/index.php\\\/les-voyages\\\/decouverte-de-la-pologne-2022\\\/#breadcrumb\",\"itemListElement\":[{\"@type\":\"ListItem\",\"position\":1,\"name\":\"Accueil\",\"item\":\"https:\\\/\\\/gwendreams.com\\\/\"},{\"@type\":\"ListItem\",\"position\":2,\"name\":\"Voyages\",\"item\":\"https:\\\/\\\/gwendreams.com\\\/index.php\\\/les-voyages\\\/\"},{\"@type\":\"ListItem\",\"position\":3,\"name\":\"D\u00e9couverte de la Pologne &#8211; 2022\"}]},{\"@type\":\"WebSite\",\"@id\":\"https:\\\/\\\/gwendreams.com\\\/#website\",\"url\":\"https:\\\/\\\/gwendreams.com\\\/\",\"name\":\"Gwendreams\",\"description\":\"Tout un monde \u00e0 d\u00e9couvrir !\",\"potentialAction\":[{\"@type\":\"SearchAction\",\"target\":{\"@type\":\"EntryPoint\",\"urlTemplate\":\"https:\\\/\\\/gwendreams.com\\\/?s={search_term_string}\"},\"query-input\":{\"@type\":\"PropertyValueSpecification\",\"valueRequired\":true,\"valueName\":\"search_term_string\"}}],\"inLanguage\":\"fr-FR\"}]}<\/script>\n<!-- \/ Yoast SEO plugin. -->","yoast_head_json":{"title":"D\u00e9couverte de la Pologne - 2022 - Gwendreams","robots":{"index":"index","follow":"follow","max-snippet":"max-snippet:-1","max-image-preview":"max-image-preview:large","max-video-preview":"max-video-preview:-1"},"canonical":"https:\/\/gwendreams.com\/index.php\/les-voyages\/decouverte-de-la-pologne-2022\/","og_locale":"fr_FR","og_type":"article","og_title":"D\u00e9couverte de la Pologne - 2022 - Gwendreams","og_description":"Suites \u00e0 de jolies rencontres en &#8230; Andalousie, un premier voyage en Pologne en avril et mai 2022 m&rsquo;a permis de d\u00e9couvrir de petits morceaux de ce pays inattendu et ravissant. Avant m\u00eame d&rsquo;y poser le pied, j&rsquo;\u00e9tais ravie par les sonorit\u00e9s de la langue, et j&rsquo;avoue avoir arpent\u00e9 le&#8230;","og_url":"https:\/\/gwendreams.com\/index.php\/les-voyages\/decouverte-de-la-pologne-2022\/","og_site_name":"Gwendreams","article_publisher":"https:\/\/www.facebook.com\/profile.php?id=100063791695285","article_modified_time":"2023-03-24T15:34:33+00:00","og_image":[{"width":1733,"height":1300,"url":"https:\/\/gwendreams.com\/wp-content\/uploads\/2023\/03\/pexels-photo-622040.jpeg","type":"image\/jpeg"}],"twitter_card":"summary_large_image","twitter_misc":{"Dur\u00e9e de lecture estim\u00e9e":"2 minutes"},"schema":{"@context":"https:\/\/schema.org","@graph":[{"@type":"WebPage","@id":"https:\/\/gwendreams.com\/index.php\/les-voyages\/decouverte-de-la-pologne-2022\/","url":"https:\/\/gwendreams.com\/index.php\/les-voyages\/decouverte-de-la-pologne-2022\/","name":"D\u00e9couverte de la Pologne - 2022 - Gwendreams","isPartOf":{"@id":"https:\/\/gwendreams.com\/#website"},"primaryImageOfPage":{"@id":"https:\/\/gwendreams.com\/index.php\/les-voyages\/decouverte-de-la-pologne-2022\/#primaryimage"},"image":{"@id":"https:\/\/gwendreams.com\/index.php\/les-voyages\/decouverte-de-la-pologne-2022\/#primaryimage"},"thumbnailUrl":"https:\/\/gwendreams.com\/wp-content\/uploads\/2023\/03\/pexels-photo-622040.jpeg","datePublished":"2023-03-24T15:33:13+00:00","dateModified":"2023-03-24T15:34:33+00:00","breadcrumb":{"@id":"https:\/\/gwendreams.com\/index.php\/les-voyages\/decouverte-de-la-pologne-2022\/#breadcrumb"},"inLanguage":"fr-FR","potentialAction":[{"@type":"ReadAction","target":["https:\/\/gwendreams.com\/index.php\/les-voyages\/decouverte-de-la-pologne-2022\/"]}]},{"@type":"ImageObject","inLanguage":"fr-FR","@id":"https:\/\/gwendreams.com\/index.php\/les-voyages\/decouverte-de-la-pologne-2022\/#primaryimage","url":"https:\/\/gwendreams.com\/wp-content\/uploads\/2023\/03\/pexels-photo-622040.jpeg","contentUrl":"https:\/\/gwendreams.com\/wp-content\/uploads\/2023\/03\/pexels-photo-622040.jpeg","width":1733,"height":1300,"caption":"Photo de Rafau0142 Klusek sur Pexels.com"},{"@type":"BreadcrumbList","@id":"https:\/\/gwendreams.com\/index.php\/les-voyages\/decouverte-de-la-pologne-2022\/#breadcrumb","itemListElement":[{"@type":"ListItem","position":1,"name":"Accueil","item":"https:\/\/gwendreams.com\/"},{"@type":"ListItem","position":2,"name":"Voyages","item":"https:\/\/gwendreams.com\/index.php\/les-voyages\/"},{"@type":"ListItem","position":3,"name":"D\u00e9couverte de la Pologne &#8211; 2022"}]},{"@type":"WebSite","@id":"https:\/\/gwendreams.com\/#website","url":"https:\/\/gwendreams.com\/","name":"Gwendreams","description":"Tout un monde \u00e0 d\u00e9couvrir !","potentialAction":[{"@type":"SearchAction","target":{"@type":"EntryPoint","urlTemplate":"https:\/\/gwendreams.com\/?s={search_term_string}"},"query-input":{"@type":"PropertyValueSpecification","valueRequired":true,"valueName":"search_term_string"}}],"inLanguage":"fr-FR"}]}},"jetpack_sharing_enabled":true,"_links":{"self":[{"href":"https:\/\/gwendreams.com\/index.php\/wp-json\/wp\/v2\/pages\/4458","targetHints":{"allow":["GET"]}}],"collection":[{"href":"https:\/\/gwendreams.com\/index.php\/wp-json\/wp\/v2\/pages"}],"about":[{"href":"https:\/\/gwendreams.com\/index.php\/wp-json\/wp\/v2\/types\/page"}],"author":[{"embeddable":true,"href":"https:\/\/gwendreams.com\/index.php\/wp-json\/wp\/v2\/users\/1"}],"replies":[{"embeddable":true,"href":"https:\/\/gwendreams.com\/index.php\/wp-json\/wp\/v2\/comments?post=4458"}],"version-history":[{"count":2,"href":"https:\/\/gwendreams.com\/index.php\/wp-json\/wp\/v2\/pages\/4458\/revisions"}],"predecessor-version":[{"id":4461,"href":"https:\/\/gwendreams.com\/index.php\/wp-json\/wp\/v2\/pages\/4458\/revisions\/4461"}],"up":[{"embeddable":true,"href":"https:\/\/gwendreams.com\/index.php\/wp-json\/wp\/v2\/pages\/396"}],"wp:featuredmedia":[{"embeddable":true,"href":"https:\/\/gwendreams.com\/index.php\/wp-json\/wp\/v2\/media\/4460"}],"wp:attachment":[{"href":"https:\/\/gwendreams.com\/index.php\/wp-json\/wp\/v2\/media?parent=4458"}],"curies":[{"name":"wp","href":"https:\/\/api.w.org\/{rel}","templated":true}]}}