{"id":4571,"date":"2023-04-07T12:31:29","date_gmt":"2023-04-07T10:31:29","guid":{"rendered":"https:\/\/gwendreams.com\/?page_id=4571"},"modified":"2023-10-26T13:52:11","modified_gmt":"2023-10-26T11:52:11","slug":"cartes-de-voyages","status":"publish","type":"page","link":"https:\/\/gwendreams.com\/index.php\/les-voyages\/cartes-de-voyages\/","title":{"rendered":"Cartes de voyages"},"content":{"rendered":"\n<p class=\"has-text-align-justify\">Les cartes sont un monde \u00e0 part, ouvrant sur la r\u00eaverie, le souvenir, le projet de voyages futurs et le rappel de ceux du pass\u00e9.<br>Elles sont le support de tout voyage et de la connaissance, le reflet d&rsquo;une vision du monde.<\/p>\n\n\n\n<p class=\"has-text-align-justify\">Sur cette page vont appara\u00eetre peu \u00e0 peu des cartes reprenant les itin\u00e9raires des voyages effectu\u00e9s au fil des ans. Histoire de se situer un peu mieux dans l&rsquo;espace, de se rep\u00e9rer, de s&rsquo;imaginer, de se rappeler. <\/p>\n\n\n\n<p class=\"has-text-align-justify\">C&rsquo;est un projet qui se propose de ne jamais aboutir totalement, de rester toujours en construction. Comme la vie elle-m\u00eame.<\/p>\n\n\n\n<p class=\"has-text-align-justify\">Cette page est d\u00e9di\u00e9e aux amoureux des cartes qui, comme moi, ne se lassent jamais de s&rsquo;y perdre quelques minutes ou quelques heures. Cartes anciennes, cartes de randonn\u00e9es, atlas de tous genres et autres cartes \u00e0 accrocher au mur ou \u00e0 d\u00e9plier sur le parquet du salon, toutes ont cette m\u00eame qualit\u00e9 presque magique de nous emporter ailleurs.<\/p>\n\n\n\n<p>Pour quelques photos relatives \u00e0 ces voyages, visiter \u00e9galement <a href=\"https:\/\/gwendreams.com\/index.php\/les-photos\/\" target=\"_blank\" rel=\"noreferrer noopener\">la page \u00ab\u00a0les photos\u00a0\u00bb<\/a>.<\/p>\n\n\n\n<p>Pour consulter les cartes, choisissez parmi la liste suivante :<\/p>\n\n\n\n<ul class=\"wp-block-list\">\n<li><a href=\"https:\/\/www.google.com\/maps\/d\/u\/0\/edit?hl=fr&amp;mid=1P_YaigRzNRRQEZLMIXDCmcSc6k945MQ&amp;ll=49.81319197258882%2C-2.3409301000000013&amp;z=5\" target=\"_blank\" rel=\"noreferrer noopener\">Voyage \u00e9t\u00e9 2023<\/a> (Espagne France Angleterre Pays de Galles Ecosse)<\/li>\n\n\n\n<li><a href=\"https:\/\/www.google.com\/maps\/d\/u\/0\/edit?hl=fr&amp;mid=1Dvzzmca9ZscVzXgR_So-U9RZPab2fzk&amp;ll=49.85733655213094%2C-1.6653051500000124&amp;z=5\" target=\"_blank\" rel=\"noreferrer noopener\">Voyage \u00e9t\u00e9 2023 &#8211; le retour<\/a> (Ecosse Angleterre Cornouaille France Espagne)<\/li>\n\n\n\n<li><a href=\"https:\/\/www.google.com\/maps\/d\/edit?mid=19dFQkLIcdbHbsM3AgqpWXa74X8BLE80&amp;usp=sharing\" target=\"_blank\" rel=\"noreferrer noopener\">voyage en Espagne 2023<\/a><\/li>\n\n\n\n<li><a href=\"https:\/\/www.google.com\/maps\/d\/edit?mid=1jwasJOktlhklh63iqr50AaXiQRor1nI&amp;usp=sharing\" target=\"_blank\" rel=\"noreferrer noopener\">voyage en Espagne et Portugal 2022<\/a><\/li>\n\n\n\n<li><a href=\"https:\/\/www.google.com\/maps\/d\/edit?mid=1PceulKW-Ug1wbRFF-T0gd7a6RtaAFCI&amp;usp=sharing\" target=\"_blank\" rel=\"noreferrer noopener\">Voyage en Turquie<\/a><\/li>\n\n\n\n<li><a href=\"https:\/\/www.google.com\/maps\/d\/edit?mid=1uE_qBVaT2AeUXQ81uhHdgU4M5yM8Buw&amp;usp=sharing\" target=\"_blank\" rel=\"noreferrer noopener\">Voyage en Egypte<\/a><\/li>\n\n\n\n<li><a href=\"https:\/\/www.google.com\/maps\/d\/edit?mid=1ECNHpkHk9R2qf-zmpIxoVZqwJVkau_U&amp;usp=sharing\" target=\"_blank\" rel=\"noreferrer noopener\">Voyages au Canada<\/a><\/li>\n\n\n\n<li>Voyage aux Etats-Unis<\/li>\n\n\n\n<li>Voyage dans le Caucase<\/li>\n\n\n\n<li><a href=\"https:\/\/www.google.com\/maps\/d\/edit?mid=1LlbVezfMGsPLmGVUDxgKsdJQPcEPgc8&amp;usp=sharing\" target=\"_blank\" rel=\"noreferrer noopener\">Voyage en Chine<\/a><\/li>\n<\/ul>\n","protected":false},"excerpt":{"rendered":"<p>Les cartes sont un monde \u00e0 part, ouvrant sur la r\u00eaverie, le souvenir, le projet de voyages futurs et le rappel de ceux du pass\u00e9.Elles sont le support de tout voyage et de la connaissance, le reflet d&rsquo;une vision du monde. Sur cette page vont appara\u00eetre peu \u00e0 peu des&#8230;<\/p>\n<div class=\"more-link-wrapper\"><a class=\"more-link\" href=\"https:\/\/gwendreams.com\/index.php\/les-voyages\/cartes-de-voyages\/\">Continuer la lecture<span class=\"screen-reader-text\">Cartes de voyages<\/span><\/a><\/div>\n","protected":false},"author":1,"featured_media":4572,"parent":396,"menu_order":0,"comment_status":"closed","ping_status":"closed","template":"","meta":{"jetpack_post_was_ever_published":false,"iawp_total_views":5,"footnotes":""},"class_list":["post-4571","page","type-page","status-publish","has-post-thumbnail","hentry","entry"],"yoast_head":"<!-- This site is optimized with the Yoast SEO plugin v27.5 - https:\/\/yoast.com\/product\/yoast-seo-wordpress\/ -->\n<title>Cartes de voyages - Gwendreams<\/title>\n<meta name=\"description\" content=\"cartes maps voyages travels carte voyage Canada Espagne Chine Etats-Unis Turquie Caucase Georgie Armenie Angleterre Pays de Galles Ecosse\" \/>\n<meta name=\"robots\" content=\"index, follow, max-snippet:-1, max-image-preview:large, max-video-preview:-1\" \/>\n<link rel=\"canonical\" href=\"https:\/\/gwendreams.com\/index.php\/les-voyages\/cartes-de-voyages\/\" \/>\n<meta property=\"og:locale\" content=\"fr_FR\" \/>\n<meta property=\"og:type\" content=\"article\" \/>\n<meta property=\"og:title\" content=\"Cartes de voyages - Gwendreams\" \/>\n<meta property=\"og:url\" content=\"https:\/\/gwendreams.com\/index.php\/les-voyages\/cartes-de-voyages\/\" \/>\n<meta property=\"og:site_name\" content=\"Gwendreams\" \/>\n<meta property=\"article:publisher\" content=\"https:\/\/www.facebook.com\/profile.php?id=100063791695285\" \/>\n<meta property=\"article:modified_time\" content=\"2023-10-26T11:52:11+00:00\" \/>\n<meta property=\"og:image\" content=\"https:\/\/gwendreams.com\/wp-content\/uploads\/2023\/04\/pexels-photo-592753.jpeg\" \/>\n\t<meta property=\"og:image:width\" content=\"1880\" \/>\n\t<meta property=\"og:image:height\" content=\"917\" \/>\n\t<meta property=\"og:image:type\" content=\"image\/jpeg\" \/>\n<meta name=\"twitter:card\" content=\"summary_large_image\" \/>\n<meta name=\"twitter:label1\" content=\"Dur\u00e9e de lecture estim\u00e9e\" \/>\n\t<meta name=\"twitter:data1\" content=\"2 minutes\" \/>\n<script type=\"application\/ld+json\" class=\"yoast-schema-graph\">{\"@context\":\"https:\\\/\\\/schema.org\",\"@graph\":[{\"@type\":\"WebPage\",\"@id\":\"https:\\\/\\\/gwendreams.com\\\/index.php\\\/les-voyages\\\/cartes-de-voyages\\\/\",\"url\":\"https:\\\/\\\/gwendreams.com\\\/index.php\\\/les-voyages\\\/cartes-de-voyages\\\/\",\"name\":\"Cartes de voyages - Gwendreams\",\"isPartOf\":{\"@id\":\"https:\\\/\\\/gwendreams.com\\\/#website\"},\"primaryImageOfPage\":{\"@id\":\"https:\\\/\\\/gwendreams.com\\\/index.php\\\/les-voyages\\\/cartes-de-voyages\\\/#primaryimage\"},\"image\":{\"@id\":\"https:\\\/\\\/gwendreams.com\\\/index.php\\\/les-voyages\\\/cartes-de-voyages\\\/#primaryimage\"},\"thumbnailUrl\":\"https:\\\/\\\/gwendreams.com\\\/wp-content\\\/uploads\\\/2023\\\/04\\\/pexels-photo-592753.jpeg\",\"datePublished\":\"2023-04-07T10:31:29+00:00\",\"dateModified\":\"2023-10-26T11:52:11+00:00\",\"description\":\"cartes maps voyages travels carte voyage Canada Espagne Chine Etats-Unis Turquie Caucase Georgie Armenie Angleterre Pays de Galles Ecosse\",\"breadcrumb\":{\"@id\":\"https:\\\/\\\/gwendreams.com\\\/index.php\\\/les-voyages\\\/cartes-de-voyages\\\/#breadcrumb\"},\"inLanguage\":\"fr-FR\",\"potentialAction\":[{\"@type\":\"ReadAction\",\"target\":[\"https:\\\/\\\/gwendreams.com\\\/index.php\\\/les-voyages\\\/cartes-de-voyages\\\/\"]}]},{\"@type\":\"ImageObject\",\"inLanguage\":\"fr-FR\",\"@id\":\"https:\\\/\\\/gwendreams.com\\\/index.php\\\/les-voyages\\\/cartes-de-voyages\\\/#primaryimage\",\"url\":\"https:\\\/\\\/gwendreams.com\\\/wp-content\\\/uploads\\\/2023\\\/04\\\/pexels-photo-592753.jpeg\",\"contentUrl\":\"https:\\\/\\\/gwendreams.com\\\/wp-content\\\/uploads\\\/2023\\\/04\\\/pexels-photo-592753.jpeg\",\"width\":1880,\"height\":917,\"caption\":\"Photo by Aaditya Arora on Pexels.com\"},{\"@type\":\"BreadcrumbList\",\"@id\":\"https:\\\/\\\/gwendreams.com\\\/index.php\\\/les-voyages\\\/cartes-de-voyages\\\/#breadcrumb\",\"itemListElement\":[{\"@type\":\"ListItem\",\"position\":1,\"name\":\"Accueil\",\"item\":\"https:\\\/\\\/gwendreams.com\\\/\"},{\"@type\":\"ListItem\",\"position\":2,\"name\":\"Voyages\",\"item\":\"https:\\\/\\\/gwendreams.com\\\/index.php\\\/les-voyages\\\/\"},{\"@type\":\"ListItem\",\"position\":3,\"name\":\"Cartes de voyages\"}]},{\"@type\":\"WebSite\",\"@id\":\"https:\\\/\\\/gwendreams.com\\\/#website\",\"url\":\"https:\\\/\\\/gwendreams.com\\\/\",\"name\":\"Gwendreams\",\"description\":\"Tout un monde \u00e0 d\u00e9couvrir !\",\"potentialAction\":[{\"@type\":\"SearchAction\",\"target\":{\"@type\":\"EntryPoint\",\"urlTemplate\":\"https:\\\/\\\/gwendreams.com\\\/?s={search_term_string}\"},\"query-input\":{\"@type\":\"PropertyValueSpecification\",\"valueRequired\":true,\"valueName\":\"search_term_string\"}}],\"inLanguage\":\"fr-FR\"}]}<\/script>\n<!-- \/ Yoast SEO plugin. -->","yoast_head_json":{"title":"Cartes de voyages - Gwendreams","description":"cartes maps voyages travels carte voyage Canada Espagne Chine Etats-Unis Turquie Caucase Georgie Armenie Angleterre Pays de Galles Ecosse","robots":{"index":"index","follow":"follow","max-snippet":"max-snippet:-1","max-image-preview":"max-image-preview:large","max-video-preview":"max-video-preview:-1"},"canonical":"https:\/\/gwendreams.com\/index.php\/les-voyages\/cartes-de-voyages\/","og_locale":"fr_FR","og_type":"article","og_title":"Cartes de voyages - Gwendreams","og_url":"https:\/\/gwendreams.com\/index.php\/les-voyages\/cartes-de-voyages\/","og_site_name":"Gwendreams","article_publisher":"https:\/\/www.facebook.com\/profile.php?id=100063791695285","article_modified_time":"2023-10-26T11:52:11+00:00","og_image":[{"width":1880,"height":917,"url":"https:\/\/gwendreams.com\/wp-content\/uploads\/2023\/04\/pexels-photo-592753.jpeg","type":"image\/jpeg"}],"twitter_card":"summary_large_image","twitter_misc":{"Dur\u00e9e de lecture estim\u00e9e":"2 minutes"},"schema":{"@context":"https:\/\/schema.org","@graph":[{"@type":"WebPage","@id":"https:\/\/gwendreams.com\/index.php\/les-voyages\/cartes-de-voyages\/","url":"https:\/\/gwendreams.com\/index.php\/les-voyages\/cartes-de-voyages\/","name":"Cartes de voyages - Gwendreams","isPartOf":{"@id":"https:\/\/gwendreams.com\/#website"},"primaryImageOfPage":{"@id":"https:\/\/gwendreams.com\/index.php\/les-voyages\/cartes-de-voyages\/#primaryimage"},"image":{"@id":"https:\/\/gwendreams.com\/index.php\/les-voyages\/cartes-de-voyages\/#primaryimage"},"thumbnailUrl":"https:\/\/gwendreams.com\/wp-content\/uploads\/2023\/04\/pexels-photo-592753.jpeg","datePublished":"2023-04-07T10:31:29+00:00","dateModified":"2023-10-26T11:52:11+00:00","description":"cartes maps voyages travels carte voyage Canada Espagne Chine Etats-Unis Turquie Caucase Georgie Armenie Angleterre Pays de Galles Ecosse","breadcrumb":{"@id":"https:\/\/gwendreams.com\/index.php\/les-voyages\/cartes-de-voyages\/#breadcrumb"},"inLanguage":"fr-FR","potentialAction":[{"@type":"ReadAction","target":["https:\/\/gwendreams.com\/index.php\/les-voyages\/cartes-de-voyages\/"]}]},{"@type":"ImageObject","inLanguage":"fr-FR","@id":"https:\/\/gwendreams.com\/index.php\/les-voyages\/cartes-de-voyages\/#primaryimage","url":"https:\/\/gwendreams.com\/wp-content\/uploads\/2023\/04\/pexels-photo-592753.jpeg","contentUrl":"https:\/\/gwendreams.com\/wp-content\/uploads\/2023\/04\/pexels-photo-592753.jpeg","width":1880,"height":917,"caption":"Photo by Aaditya Arora on Pexels.com"},{"@type":"BreadcrumbList","@id":"https:\/\/gwendreams.com\/index.php\/les-voyages\/cartes-de-voyages\/#breadcrumb","itemListElement":[{"@type":"ListItem","position":1,"name":"Accueil","item":"https:\/\/gwendreams.com\/"},{"@type":"ListItem","position":2,"name":"Voyages","item":"https:\/\/gwendreams.com\/index.php\/les-voyages\/"},{"@type":"ListItem","position":3,"name":"Cartes de voyages"}]},{"@type":"WebSite","@id":"https:\/\/gwendreams.com\/#website","url":"https:\/\/gwendreams.com\/","name":"Gwendreams","description":"Tout un monde \u00e0 d\u00e9couvrir !","potentialAction":[{"@type":"SearchAction","target":{"@type":"EntryPoint","urlTemplate":"https:\/\/gwendreams.com\/?s={search_term_string}"},"query-input":{"@type":"PropertyValueSpecification","valueRequired":true,"valueName":"search_term_string"}}],"inLanguage":"fr-FR"}]}},"jetpack_sharing_enabled":true,"_links":{"self":[{"href":"https:\/\/gwendreams.com\/index.php\/wp-json\/wp\/v2\/pages\/4571","targetHints":{"allow":["GET"]}}],"collection":[{"href":"https:\/\/gwendreams.com\/index.php\/wp-json\/wp\/v2\/pages"}],"about":[{"href":"https:\/\/gwendreams.com\/index.php\/wp-json\/wp\/v2\/types\/page"}],"author":[{"embeddable":true,"href":"https:\/\/gwendreams.com\/index.php\/wp-json\/wp\/v2\/users\/1"}],"replies":[{"embeddable":true,"href":"https:\/\/gwendreams.com\/index.php\/wp-json\/wp\/v2\/comments?post=4571"}],"version-history":[{"count":11,"href":"https:\/\/gwendreams.com\/index.php\/wp-json\/wp\/v2\/pages\/4571\/revisions"}],"predecessor-version":[{"id":4956,"href":"https:\/\/gwendreams.com\/index.php\/wp-json\/wp\/v2\/pages\/4571\/revisions\/4956"}],"up":[{"embeddable":true,"href":"https:\/\/gwendreams.com\/index.php\/wp-json\/wp\/v2\/pages\/396"}],"wp:featuredmedia":[{"embeddable":true,"href":"https:\/\/gwendreams.com\/index.php\/wp-json\/wp\/v2\/media\/4572"}],"wp:attachment":[{"href":"https:\/\/gwendreams.com\/index.php\/wp-json\/wp\/v2\/media?parent=4571"}],"curies":[{"name":"wp","href":"https:\/\/api.w.org\/{rel}","templated":true}]}}