{"id":5101,"date":"2023-11-11T10:13:15","date_gmt":"2023-11-11T09:13:15","guid":{"rendered":"https:\/\/gwendreams.com\/?page_id=5101"},"modified":"2026-04-05T10:48:06","modified_gmt":"2026-04-05T08:48:06","slug":"les-megalithes","status":"publish","type":"page","link":"https:\/\/gwendreams.com\/index.php\/les-megalithes\/","title":{"rendered":"M\u00e9galithes"},"content":{"rendered":"\n<p><\/p>\n\n\n\n<h2 class=\"wp-block-heading\">T\u00e9moins de temps oubli\u00e9s<\/h2>\n\n\n\n<p class=\"has-text-align-justify\">Dolmens, menhirs, all\u00e9es couvertes, cercles de pierres, alignements, tumulus et autres cairns, les m\u00e9galithes sont des t\u00e9moins du pass\u00e9 absolument fascinants. Impressionnants de par leurs dimensions, souvent situ\u00e9s dans des endroits offrant des points de vue magnifiques, on les d\u00e9couvre un peu partout en Europe.<\/p>\n\n\n\n<h2 class=\"wp-block-heading\">Les m\u00e9galithes : plus de questions que de r\u00e9ponses<\/h2>\n\n\n\n<p class=\"has-text-align-justify\">Les questions pos\u00e9es par ces vestiges de civilisations disparues sont nombreuses, et malgr\u00e9 les avanc\u00e9es de l&rsquo;arch\u00e9ologie, il est actuellement impossible de r\u00e9pondre \u00e0 la plupart d&rsquo;entre elles. Qui, comment, pourquoi ? Nous savons seulement globalement quand, et encore, pas toujours.<\/p>\n\n\n\n<h2 class=\"wp-block-heading\">Une dr\u00f4le de collection<\/h2>\n\n\n\n<p class=\"has-text-align-justify\">Depuis des dizaines d&rsquo;ann\u00e9es, j&rsquo;ai entrepris de les collectionner, c&rsquo;est-\u00e0-dire d&rsquo;aller visiter tous ceux qui se trouvent, de pr\u00e8s o\u00f9 de loin, sur mon chemin, que ce soit en France, Espagne, Angleterre, Pays de Galles ou Ecosse. Cette \u00ab\u00a0collection\u00a0\u00bb est loin d&rsquo;\u00eatre exhaustive, et toujours en \u00e9volution. En effet, il s&rsquo;en d\u00e9couvre encore de nos jours, m\u00eame si cela surprend, en raison de leur monumentalit\u00e9. Et il y en a des quantit\u00e9s impressionnantes. Pensons simplement \u00e0 Carnac, o\u00f9 \u00e0 cette vall\u00e9e espagnole qui en abrite plusieurs centaines.<\/p>\n\n\n\n<p class=\"has-text-align-justify\">Je partage donc depuis cette page ceux des m\u00e9galithes qui m&rsquo;ont tellement marqu\u00e9e que je leur ai consacr\u00e9 un article, ou qui apparaissent comme invit\u00e9s d&rsquo;honneur dans un autre. <br>Bienvenue dans ce monde myst\u00e9rieux et superbe sur lequel les m\u00e9galithes nous ouvrent une fen\u00eatre intrigante !<\/p>\n\n\n\n<p><strong>En France :<\/strong><br>Plusieurs articles \u00e0 venir<\/p>\n\n\n\n<p><strong>En Espagne :<\/strong><br><a href=\"https:\/\/gwendreams.com\/index.php\/2021\/09\/01\/dun-dolmen-a-lautre-tella-pres-dordesa\/\">D\u2019un dolmen \u00e0 l\u2019autre : Tella pr\u00e8s d\u2019Ordesa<\/a><br><a href=\"https:\/\/gwendreams.com\/index.php\/2023\/04\/04\/les-dolmens-dantequera\/\">Les dolmens d\u2019Antequera<\/a><br><a href=\"https:\/\/gwendreams.com\/index.php\/2023\/04\/10\/alicun-et-ses-travertins\/\">Alicun et ses travertins<\/a><\/p>\n\n\n\n<p><strong>Au Royaume-Uni :<\/strong><br><a href=\"https:\/\/gwendreams.com\/index.php\/2023\/07\/25\/des-mammouths-a-la-guerre-des-roses\/\">Des mammouths \u00e0 la guerre des roses<\/a><br><a href=\"https:\/\/gwendreams.com\/index.php\/2024\/09\/15\/magie-de-stonehenge-au-petit-matin\/\">Magie de Stonehenge au petit matin<\/a><\/p>\n\n\n\n<p><strong>Quelques livres sur les m\u00e9galithes :<\/strong><br>Stonehenge, <a href=\"https:\/\/www.english-heritageshop.org.uk\/books-media\/englands-places\/guidebooks\" target=\"_blank\" rel=\"noreferrer noopener\">English Heritage Guidebooks<\/a><br>Maeshowe and the heart of neolithic Orkney, <a href=\"https:\/\/www.historicenvironment.scot\/\" target=\"_blank\" rel=\"noreferrer noopener\">Historic Scotland<\/a><br>Bretagne m\u00e9galithique, Gwenc&rsquo;hlan Le Scou\u00ebzec et Jean-Robert Masson<br>Les hommes des m\u00e9galithes, les origines de l&rsquo;homme<br>L&rsquo;\u00e9nigme des m\u00e9galithes, E Couarer-Kalondan Gwezenn-Dana<br><a href=\"https:\/\/www.goodreads.com\/book\/show\/57671382-scenes-from-prehistoric-life\" target=\"_blank\" rel=\"noreferrer noopener\">Scenes from prehistoric life<\/a>, Francis Pryor<br>(section en cours de construction)<\/p>\n\n\n\n<p><strong>\u00c0 \u00e9couter :<\/strong><br><a href=\"https:\/\/www.radiofrance.fr\/franceculture\/podcasts\/carbone-14-le-magazine-de-l-archeologie\" target=\"_blank\" rel=\"noreferrer noopener\">L&rsquo;entretien de l&rsquo;arch\u00e9ologie, France Culture<\/a><br><a href=\"https:\/\/access.historyhit.com\/the-ancients\">The Ancients, History Hit<\/a><\/p>\n\n\n<div class=\"wp-block-image\">\n<figure class=\"aligncenter size-large\"><img loading=\"lazy\" decoding=\"async\" width=\"1024\" height=\"472\" src=\"https:\/\/gwendreams.com\/wp-content\/uploads\/2024\/09\/Stonehenge-colors-1024x472.jpg\" alt=\"\" class=\"wp-image-5893\" srcset=\"https:\/\/gwendreams.com\/wp-content\/uploads\/2024\/09\/Stonehenge-colors-1024x472.jpg 1024w, https:\/\/gwendreams.com\/wp-content\/uploads\/2024\/09\/Stonehenge-colors-300x138.jpg 300w, https:\/\/gwendreams.com\/wp-content\/uploads\/2024\/09\/Stonehenge-colors-768x354.jpg 768w, https:\/\/gwendreams.com\/wp-content\/uploads\/2024\/09\/Stonehenge-colors-1536x708.jpg 1536w, https:\/\/gwendreams.com\/wp-content\/uploads\/2024\/09\/Stonehenge-colors.jpg 1632w\" sizes=\"auto, (max-width: 1024px) 100vw, 1024px\" \/><\/figure>\n<\/div>","protected":false},"excerpt":{"rendered":"<p>T\u00e9moins de temps oubli\u00e9s Dolmens, menhirs, all\u00e9es couvertes, cercles de pierres, alignements, tumulus et autres cairns, les m\u00e9galithes sont des t\u00e9moins du pass\u00e9 absolument fascinants. Impressionnants de par leurs dimensions, souvent situ\u00e9s dans des endroits offrant des points de vue magnifiques, on les d\u00e9couvre un peu partout en Europe. Les&#8230;<\/p>\n<div class=\"more-link-wrapper\"><a class=\"more-link\" href=\"https:\/\/gwendreams.com\/index.php\/les-megalithes\/\">Continuer la lecture<span class=\"screen-reader-text\">M\u00e9galithes<\/span><\/a><\/div>\n","protected":false},"author":1,"featured_media":5103,"parent":0,"menu_order":4,"comment_status":"closed","ping_status":"closed","template":"","meta":{"jetpack_post_was_ever_published":false,"iawp_total_views":6,"footnotes":""},"class_list":["post-5101","page","type-page","status-publish","has-post-thumbnail","hentry","entry"],"yoast_head":"<!-- This site is optimized with the Yoast SEO plugin v27.3 - https:\/\/yoast.com\/product\/yoast-seo-wordpress\/ -->\n<title>M\u00e9galithes - Gwendreams<\/title>\n<meta name=\"description\" content=\"m\u00e9galithes megaliths gwendreams voyage fourgon am\u00e9nag\u00e9 vanlife chamion chatmion dolmen menhir all\u00e9e couverte cercle de pierres tumulus cairn\" \/>\n<meta name=\"robots\" content=\"index, follow, max-snippet:-1, max-image-preview:large, max-video-preview:-1\" \/>\n<link rel=\"canonical\" href=\"https:\/\/gwendreams.com\/index.php\/les-megalithes\/\" \/>\n<meta property=\"og:locale\" content=\"fr_FR\" \/>\n<meta property=\"og:type\" content=\"article\" \/>\n<meta property=\"og:title\" content=\"M\u00e9galithes - Gwendreams\" \/>\n<meta property=\"og:url\" content=\"https:\/\/gwendreams.com\/index.php\/les-megalithes\/\" \/>\n<meta property=\"og:site_name\" content=\"Gwendreams\" \/>\n<meta property=\"article:publisher\" content=\"https:\/\/www.facebook.com\/profile.php?id=100063791695285\" \/>\n<meta property=\"article:modified_time\" content=\"2026-04-05T08:48:06+00:00\" \/>\n<meta property=\"og:image\" content=\"https:\/\/gwendreams.com\/wp-content\/uploads\/2023\/11\/pexels-photo-1448136.jpeg\" \/>\n\t<meta property=\"og:image:width\" content=\"1880\" \/>\n\t<meta property=\"og:image:height\" content=\"1255\" \/>\n\t<meta property=\"og:image:type\" content=\"image\/jpeg\" \/>\n<meta name=\"twitter:card\" content=\"summary_large_image\" \/>\n<meta name=\"twitter:label1\" content=\"Dur\u00e9e de lecture estim\u00e9e\" \/>\n\t<meta name=\"twitter:data1\" content=\"3 minutes\" \/>\n<script type=\"application\/ld+json\" class=\"yoast-schema-graph\">{\"@context\":\"https:\\\/\\\/schema.org\",\"@graph\":[{\"@type\":\"WebPage\",\"@id\":\"https:\\\/\\\/gwendreams.com\\\/index.php\\\/les-megalithes\\\/\",\"url\":\"https:\\\/\\\/gwendreams.com\\\/index.php\\\/les-megalithes\\\/\",\"name\":\"M\u00e9galithes - Gwendreams\",\"isPartOf\":{\"@id\":\"https:\\\/\\\/gwendreams.com\\\/#website\"},\"primaryImageOfPage\":{\"@id\":\"https:\\\/\\\/gwendreams.com\\\/index.php\\\/les-megalithes\\\/#primaryimage\"},\"image\":{\"@id\":\"https:\\\/\\\/gwendreams.com\\\/index.php\\\/les-megalithes\\\/#primaryimage\"},\"thumbnailUrl\":\"https:\\\/\\\/gwendreams.com\\\/wp-content\\\/uploads\\\/2023\\\/11\\\/pexels-photo-1448136.jpeg\",\"datePublished\":\"2023-11-11T09:13:15+00:00\",\"dateModified\":\"2026-04-05T08:48:06+00:00\",\"description\":\"m\u00e9galithes megaliths gwendreams voyage fourgon am\u00e9nag\u00e9 vanlife chamion chatmion dolmen menhir all\u00e9e couverte cercle de pierres tumulus cairn\",\"breadcrumb\":{\"@id\":\"https:\\\/\\\/gwendreams.com\\\/index.php\\\/les-megalithes\\\/#breadcrumb\"},\"inLanguage\":\"fr-FR\",\"potentialAction\":[{\"@type\":\"ReadAction\",\"target\":[\"https:\\\/\\\/gwendreams.com\\\/index.php\\\/les-megalithes\\\/\"]}]},{\"@type\":\"ImageObject\",\"inLanguage\":\"fr-FR\",\"@id\":\"https:\\\/\\\/gwendreams.com\\\/index.php\\\/les-megalithes\\\/#primaryimage\",\"url\":\"https:\\\/\\\/gwendreams.com\\\/wp-content\\\/uploads\\\/2023\\\/11\\\/pexels-photo-1448136.jpeg\",\"contentUrl\":\"https:\\\/\\\/gwendreams.com\\\/wp-content\\\/uploads\\\/2023\\\/11\\\/pexels-photo-1448136.jpeg\",\"width\":1880,\"height\":1255,\"caption\":\"Photo by John Nail on Pexels.com\"},{\"@type\":\"BreadcrumbList\",\"@id\":\"https:\\\/\\\/gwendreams.com\\\/index.php\\\/les-megalithes\\\/#breadcrumb\",\"itemListElement\":[{\"@type\":\"ListItem\",\"position\":1,\"name\":\"Accueil\",\"item\":\"https:\\\/\\\/gwendreams.com\\\/\"},{\"@type\":\"ListItem\",\"position\":2,\"name\":\"M\u00e9galithes\"}]},{\"@type\":\"WebSite\",\"@id\":\"https:\\\/\\\/gwendreams.com\\\/#website\",\"url\":\"https:\\\/\\\/gwendreams.com\\\/\",\"name\":\"Gwendreams\",\"description\":\"Tout un monde \u00e0 d\u00e9couvrir !\",\"potentialAction\":[{\"@type\":\"SearchAction\",\"target\":{\"@type\":\"EntryPoint\",\"urlTemplate\":\"https:\\\/\\\/gwendreams.com\\\/?s={search_term_string}\"},\"query-input\":{\"@type\":\"PropertyValueSpecification\",\"valueRequired\":true,\"valueName\":\"search_term_string\"}}],\"inLanguage\":\"fr-FR\"}]}<\/script>\n<!-- \/ Yoast SEO plugin. -->","yoast_head_json":{"title":"M\u00e9galithes - Gwendreams","description":"m\u00e9galithes megaliths gwendreams voyage fourgon am\u00e9nag\u00e9 vanlife chamion chatmion dolmen menhir all\u00e9e couverte cercle de pierres tumulus cairn","robots":{"index":"index","follow":"follow","max-snippet":"max-snippet:-1","max-image-preview":"max-image-preview:large","max-video-preview":"max-video-preview:-1"},"canonical":"https:\/\/gwendreams.com\/index.php\/les-megalithes\/","og_locale":"fr_FR","og_type":"article","og_title":"M\u00e9galithes - Gwendreams","og_url":"https:\/\/gwendreams.com\/index.php\/les-megalithes\/","og_site_name":"Gwendreams","article_publisher":"https:\/\/www.facebook.com\/profile.php?id=100063791695285","article_modified_time":"2026-04-05T08:48:06+00:00","og_image":[{"width":1880,"height":1255,"url":"https:\/\/gwendreams.com\/wp-content\/uploads\/2023\/11\/pexels-photo-1448136.jpeg","type":"image\/jpeg"}],"twitter_card":"summary_large_image","twitter_misc":{"Dur\u00e9e de lecture estim\u00e9e":"3 minutes"},"schema":{"@context":"https:\/\/schema.org","@graph":[{"@type":"WebPage","@id":"https:\/\/gwendreams.com\/index.php\/les-megalithes\/","url":"https:\/\/gwendreams.com\/index.php\/les-megalithes\/","name":"M\u00e9galithes - Gwendreams","isPartOf":{"@id":"https:\/\/gwendreams.com\/#website"},"primaryImageOfPage":{"@id":"https:\/\/gwendreams.com\/index.php\/les-megalithes\/#primaryimage"},"image":{"@id":"https:\/\/gwendreams.com\/index.php\/les-megalithes\/#primaryimage"},"thumbnailUrl":"https:\/\/gwendreams.com\/wp-content\/uploads\/2023\/11\/pexels-photo-1448136.jpeg","datePublished":"2023-11-11T09:13:15+00:00","dateModified":"2026-04-05T08:48:06+00:00","description":"m\u00e9galithes megaliths gwendreams voyage fourgon am\u00e9nag\u00e9 vanlife chamion chatmion dolmen menhir all\u00e9e couverte cercle de pierres tumulus cairn","breadcrumb":{"@id":"https:\/\/gwendreams.com\/index.php\/les-megalithes\/#breadcrumb"},"inLanguage":"fr-FR","potentialAction":[{"@type":"ReadAction","target":["https:\/\/gwendreams.com\/index.php\/les-megalithes\/"]}]},{"@type":"ImageObject","inLanguage":"fr-FR","@id":"https:\/\/gwendreams.com\/index.php\/les-megalithes\/#primaryimage","url":"https:\/\/gwendreams.com\/wp-content\/uploads\/2023\/11\/pexels-photo-1448136.jpeg","contentUrl":"https:\/\/gwendreams.com\/wp-content\/uploads\/2023\/11\/pexels-photo-1448136.jpeg","width":1880,"height":1255,"caption":"Photo by John Nail on Pexels.com"},{"@type":"BreadcrumbList","@id":"https:\/\/gwendreams.com\/index.php\/les-megalithes\/#breadcrumb","itemListElement":[{"@type":"ListItem","position":1,"name":"Accueil","item":"https:\/\/gwendreams.com\/"},{"@type":"ListItem","position":2,"name":"M\u00e9galithes"}]},{"@type":"WebSite","@id":"https:\/\/gwendreams.com\/#website","url":"https:\/\/gwendreams.com\/","name":"Gwendreams","description":"Tout un monde \u00e0 d\u00e9couvrir !","potentialAction":[{"@type":"SearchAction","target":{"@type":"EntryPoint","urlTemplate":"https:\/\/gwendreams.com\/?s={search_term_string}"},"query-input":{"@type":"PropertyValueSpecification","valueRequired":true,"valueName":"search_term_string"}}],"inLanguage":"fr-FR"}]}},"jetpack_sharing_enabled":true,"_links":{"self":[{"href":"https:\/\/gwendreams.com\/index.php\/wp-json\/wp\/v2\/pages\/5101","targetHints":{"allow":["GET"]}}],"collection":[{"href":"https:\/\/gwendreams.com\/index.php\/wp-json\/wp\/v2\/pages"}],"about":[{"href":"https:\/\/gwendreams.com\/index.php\/wp-json\/wp\/v2\/types\/page"}],"author":[{"embeddable":true,"href":"https:\/\/gwendreams.com\/index.php\/wp-json\/wp\/v2\/users\/1"}],"replies":[{"embeddable":true,"href":"https:\/\/gwendreams.com\/index.php\/wp-json\/wp\/v2\/comments?post=5101"}],"version-history":[{"count":10,"href":"https:\/\/gwendreams.com\/index.php\/wp-json\/wp\/v2\/pages\/5101\/revisions"}],"predecessor-version":[{"id":6182,"href":"https:\/\/gwendreams.com\/index.php\/wp-json\/wp\/v2\/pages\/5101\/revisions\/6182"}],"wp:featuredmedia":[{"embeddable":true,"href":"https:\/\/gwendreams.com\/index.php\/wp-json\/wp\/v2\/media\/5103"}],"wp:attachment":[{"href":"https:\/\/gwendreams.com\/index.php\/wp-json\/wp\/v2\/media?parent=5101"}],"curies":[{"name":"wp","href":"https:\/\/api.w.org\/{rel}","templated":true}]}}