{"id":5515,"date":"2024-05-09T11:00:00","date_gmt":"2024-05-09T09:00:00","guid":{"rendered":"https:\/\/gwendreams.com\/?page_id=5515"},"modified":"2024-09-15T12:01:01","modified_gmt":"2024-09-15T10:01:01","slug":"voyages-aux-etats-unis-damerique","status":"publish","type":"page","link":"https:\/\/gwendreams.com\/index.php\/les-voyages\/voyages-aux-etats-unis-damerique\/","title":{"rendered":"Voyages aux \u00c9tats-Unis d&rsquo;Am\u00e9rique"},"content":{"rendered":"\n<h2 class=\"wp-block-heading\"><br>Les \u00c9tats-Unis, du mythe \u00e0 la r\u00e9alit\u00e9<\/h2>\n\n\n<div class=\"wp-block-image\">\n<figure class=\"alignright size-full is-resized\"><img loading=\"lazy\" decoding=\"async\" width=\"1880\" height=\"1253\" src=\"https:\/\/gwendreams.com\/wp-content\/uploads\/2024\/05\/pexels-photo-1239162.jpeg\" alt=\"photography of bridge during nighttime\" class=\"wp-image-5528\" style=\"width:201px;height:auto\" srcset=\"https:\/\/gwendreams.com\/wp-content\/uploads\/2024\/05\/pexels-photo-1239162.jpeg 1880w, https:\/\/gwendreams.com\/wp-content\/uploads\/2024\/05\/pexels-photo-1239162-300x200.jpeg 300w, https:\/\/gwendreams.com\/wp-content\/uploads\/2024\/05\/pexels-photo-1239162-1024x682.jpeg 1024w, https:\/\/gwendreams.com\/wp-content\/uploads\/2024\/05\/pexels-photo-1239162-768x512.jpeg 768w, https:\/\/gwendreams.com\/wp-content\/uploads\/2024\/05\/pexels-photo-1239162-1536x1024.jpeg 1536w\" sizes=\"auto, (max-width: 1880px) 100vw, 1880px\" \/><figcaption class=\"wp-element-caption\">Photo by Micha\u0142 Ludwiczak<\/figcaption><\/figure>\n<\/div>\n\n\n<p class=\"has-text-align-justify\">Les \u00c9tats-Unis ont d&rsquo;abord \u00e9t\u00e9 pour moi la source d&rsquo;histoires, en bandes dessin\u00e9es, en livres, en musique et en films. Un peu comme un monde irr\u00e9el que les artistes se plaisaient \u00e0 imaginer ensemble, construction fantasmagorique parfois un peu trop binaire. Si l&rsquo;on m&rsquo;avait expliqu\u00e9 alors qu&rsquo;il ne s&rsquo;agissait que d&rsquo;une l\u00e9gende, d&rsquo;un univers imaginaire, je n&rsquo;aurais pas eu trop de mal \u00e0 le croire.<\/p>\n\n\n\n<p class=\"has-text-align-justify\">Mais au passage \u00e0 l&rsquo;\u00e2ge adulte (officiel, pas en termes de maturit\u00e9), j&rsquo;ai enfin eu la chance d&rsquo;aborder ce pays \u00e0 la taille d&rsquo;un continent. De confronter le r\u00e9el avec cette vision construite, forc\u00e9ment incompl\u00e8te et par trop manich\u00e9enne. Aujourd&rsquo;hui encore, je rencontre fr\u00e9quemment des  personnes, notamment des fran\u00e7ais, qui se refusent cat\u00e9goriquement \u00e0 visiter les Etats-Unis, selon eux source du mal. Je suis heureuse d&rsquo;avoir eu la possibilit\u00e9 de d\u00e9passer ces \u00e0-priori, et de me faire ma propre opinion sur place.<\/p>\n\n\n\n<h2 class=\"wp-block-heading\">Premier coup d&rsquo;oeil sur un immense continent<\/h2>\n\n\n<div class=\"wp-block-image\">\n<figure class=\"alignleft size-full is-resized\"><img loading=\"lazy\" decoding=\"async\" width=\"1880\" height=\"1253\" src=\"https:\/\/gwendreams.com\/wp-content\/uploads\/2024\/05\/pexels-photo-534394.jpeg\" alt=\"black wooden fences and green grasses\" class=\"wp-image-5529\" style=\"width:156px;height:auto\" srcset=\"https:\/\/gwendreams.com\/wp-content\/uploads\/2024\/05\/pexels-photo-534394.jpeg 1880w, https:\/\/gwendreams.com\/wp-content\/uploads\/2024\/05\/pexels-photo-534394-300x200.jpeg 300w, https:\/\/gwendreams.com\/wp-content\/uploads\/2024\/05\/pexels-photo-534394-1024x682.jpeg 1024w, https:\/\/gwendreams.com\/wp-content\/uploads\/2024\/05\/pexels-photo-534394-768x512.jpeg 768w, https:\/\/gwendreams.com\/wp-content\/uploads\/2024\/05\/pexels-photo-534394-1536x1024.jpeg 1536w\" sizes=\"auto, (max-width: 1880px) 100vw, 1880px\" \/><figcaption class=\"wp-element-caption\">Photo by Kerry<\/figcaption><\/figure>\n<\/div>\n\n\n<p class=\"has-text-align-justify\">1992. Je d\u00e9couvre le continent nord-am\u00e9ricain. C&rsquo;est un voyage d&rsquo;une dizaine de jours, d&rsquo;abord dans le Michigan, puis dans le Montana. Visites de villes, incursions dans la campagne et les montagnes Rocheuses, d\u00e9couverte multiforme d&rsquo;une culture. Ce sera le premier pas.<\/p>\n\n\n\n<h2 class=\"wp-block-heading\">Colorado : le grand coup de coeur<\/h2>\n\n\n<div class=\"wp-block-image\">\n<figure class=\"alignright size-full is-resized\"><img loading=\"lazy\" decoding=\"async\" width=\"1880\" height=\"1058\" src=\"https:\/\/gwendreams.com\/wp-content\/uploads\/2024\/05\/pexels-photo-144172.jpeg\" alt=\"green trees on hills during daytime\" class=\"wp-image-5530\" style=\"width:190px;height:auto\" srcset=\"https:\/\/gwendreams.com\/wp-content\/uploads\/2024\/05\/pexels-photo-144172.jpeg 1880w, https:\/\/gwendreams.com\/wp-content\/uploads\/2024\/05\/pexels-photo-144172-300x169.jpeg 300w, https:\/\/gwendreams.com\/wp-content\/uploads\/2024\/05\/pexels-photo-144172-1024x576.jpeg 1024w, https:\/\/gwendreams.com\/wp-content\/uploads\/2024\/05\/pexels-photo-144172-768x432.jpeg 768w, https:\/\/gwendreams.com\/wp-content\/uploads\/2024\/05\/pexels-photo-144172-1536x864.jpeg 1536w\" sizes=\"auto, (max-width: 1880px) 100vw, 1880px\" \/><\/figure>\n<\/div>\n\n\n<p class=\"has-text-align-justify\">1998. J&rsquo;effectue deux s\u00e9jours cons\u00e9cutifs dans le sud du Colorado. Il s&rsquo;agit d&rsquo;aider une association de protection des loups, <a href=\"https:\/\/missionwolf.org\/\" target=\"_blank\" rel=\"noreferrer noopener\">Mission: Wolf Colorado<\/a>, en plein coeur de la montagne, avec d&rsquo;autres b\u00e9n\u00e9voles. Cette exp\u00e9rience repr\u00e9sente quasiment un rite de passage dans ma vie, et reste d\u00e9terminante \u00e0 plusieurs niveaux.<\/p>\n\n\n\n<h2 class=\"wp-block-heading\">Petites piq\u00fbres de rappel : Las Vegas, New York et Boston<\/h2>\n\n\n<div class=\"wp-block-image\">\n<figure class=\"alignleft size-full is-resized\"><img loading=\"lazy\" decoding=\"async\" width=\"536\" height=\"415\" src=\"https:\/\/gwendreams.com\/wp-content\/uploads\/2024\/05\/Las-Vegas-city-sign.jpg\" alt=\"Las Vegas city signpost\" class=\"wp-image-5598\" style=\"width:230px;height:auto\" srcset=\"https:\/\/gwendreams.com\/wp-content\/uploads\/2024\/05\/Las-Vegas-city-sign.jpg 536w, https:\/\/gwendreams.com\/wp-content\/uploads\/2024\/05\/Las-Vegas-city-sign-300x232.jpg 300w\" sizes=\"auto, (max-width: 536px) 100vw, 536px\" \/><\/figure>\n<\/div>\n\n\n<p class=\"has-text-align-justify\">Enfin, lors de mon <a href=\"https:\/\/gwendreams.com\/index.php\/les-voyages\/expatriee-au-quebec\/\" target=\"_blank\" rel=\"noreferrer noopener\">expatriation au Qu\u00e9bec entre 2008 et 2015<\/a>, je profite de la proximit\u00e9 g\u00e9ographique pour effectuer deux nouvelles petites incursions aux \u00ab\u00a0States\u00a0\u00bb : d&rsquo;abord quelques jours \u00e0 Las Vegas, qui me ravit et me conquiert, puis un autre road trip du Qu\u00e9bec \u00e0 New-York et \u00e0 Boston.<br>Ne comptent \u00e9videmment pas les escales a\u00e9riennes, parenth\u00e8ses toujours agr\u00e9ables mais bien trop courtes pour \u00eatre davantage que des instants \u00e9ph\u00e9m\u00e8res.<\/p>\n\n\n<div class=\"wp-block-image\">\n<figure class=\"alignright size-full is-resized\"><img loading=\"lazy\" decoding=\"async\" width=\"1880\" height=\"1253\" src=\"https:\/\/gwendreams.com\/wp-content\/uploads\/2024\/05\/pexels-photo-1486222.jpeg\" alt=\"people across on intersection\" class=\"wp-image-5532\" style=\"width:136px;height:auto\" srcset=\"https:\/\/gwendreams.com\/wp-content\/uploads\/2024\/05\/pexels-photo-1486222.jpeg 1880w, https:\/\/gwendreams.com\/wp-content\/uploads\/2024\/05\/pexels-photo-1486222-300x200.jpeg 300w, https:\/\/gwendreams.com\/wp-content\/uploads\/2024\/05\/pexels-photo-1486222-1024x682.jpeg 1024w, https:\/\/gwendreams.com\/wp-content\/uploads\/2024\/05\/pexels-photo-1486222-768x512.jpeg 768w, https:\/\/gwendreams.com\/wp-content\/uploads\/2024\/05\/pexels-photo-1486222-1536x1024.jpeg 1536w\" sizes=\"auto, (max-width: 1880px) 100vw, 1880px\" \/><figcaption class=\"wp-element-caption\">Photo by Vlad Alexandru Popa<\/figcaption><\/figure>\n<\/div>\n\n\n<p class=\"has-text-align-justify\">J&rsquo;aurais alors volontiers fait davantage de voyages ou de s\u00e9jours dans ce pays de contrastes qui me fascine et que j&rsquo;aime profond\u00e9ment, mais quelques ann\u00e9es durant la situation s&rsquo;est un peu tendue, compliquant les voyages aux \u00c9tats-Unis pour des ressortissants fran\u00e7ais. Par ailleurs, j&rsquo;ai aussi le reste du monde \u00e0 d\u00e9couvrir. En cons\u00e9quence, les USA sont une destination o\u00f9 il me reste \u00e9norm\u00e9ment \u00e0 d\u00e9couvrir, o\u00f9 j&rsquo;adorerais habiter, et dont je r\u00eave fr\u00e9quemment. Cette page n&rsquo;est pas tourn\u00e9e, loin s&rsquo;en faut.<\/p>\n\n\n\n<p class=\"has-text-align-justify\">Retour sur cette autre aventure am\u00e9ricaine avec une s\u00e9rie de nouveaux articles, publi\u00e9s \u00e0 partir de mai 2024.<\/p>\n\n\n\n<h2 class=\"wp-block-heading\">Pour lire les articles :<\/h2>\n\n\n\n<p>1992<br><a href=\"https:\/\/gwendreams.com\/index.php\/2024\/05\/10\/de-detroit-michigan-a-great-falls-montana\/\">De Detroit, Michigan, \u00e0 Great Falls, Montana<\/a><br>1998<br><a href=\"https:\/\/gwendreams.com\/index.php\/2024\/05\/08\/nederland-colorado\/\">Nederland, Colorado<\/a><br><a href=\"https:\/\/gwendreams.com\/index.php\/2024\/05\/11\/denver-colorado\/\">Denver, Colorado<\/a><br>B\u00e9n\u00e9vole au milieu des loups, en pleine montagne<br>Washington DC<br>Une saison parmi les loups<br>2012<br><a href=\"https:\/\/gwendreams.com\/index.php\/2024\/05\/25\/las-vegas\/\">Las Vegas<\/a><br>2013-2014<br>New York<br>Boston<\/p>\n\n\n\n<p>\u00a9 Gwen Caillet 2024 \u2013 Tous droits r\u00e9serv\u00e9s.<\/p>\n","protected":false},"excerpt":{"rendered":"<p>Les \u00c9tats-Unis, du mythe \u00e0 la r\u00e9alit\u00e9 Les \u00c9tats-Unis ont d&rsquo;abord \u00e9t\u00e9 pour moi la source d&rsquo;histoires, en bandes dessin\u00e9es, en livres, en musique et en films. Un peu comme un monde irr\u00e9el que les artistes se plaisaient \u00e0 imaginer ensemble, construction fantasmagorique parfois un peu trop binaire. Si l&rsquo;on&#8230;<\/p>\n<div class=\"more-link-wrapper\"><a class=\"more-link\" href=\"https:\/\/gwendreams.com\/index.php\/les-voyages\/voyages-aux-etats-unis-damerique\/\">Continuer la lecture<span class=\"screen-reader-text\">Voyages aux \u00c9tats-Unis d&rsquo;Am\u00e9rique<\/span><\/a><\/div>\n","protected":false},"author":1,"featured_media":5609,"parent":396,"menu_order":0,"comment_status":"closed","ping_status":"closed","template":"","meta":{"jetpack_post_was_ever_published":false,"iawp_total_views":4,"footnotes":""},"class_list":["post-5515","page","type-page","status-publish","has-post-thumbnail","hentry","entry"],"yoast_head":"<!-- This site is optimized with the Yoast SEO plugin v27.3 - https:\/\/yoast.com\/product\/yoast-seo-wordpress\/ -->\n<title>Voyages aux \u00c9tats-Unis d&#039;Am\u00e9rique - Gwendreams<\/title>\n<meta name=\"description\" content=\"\u00c9tats-Unis. Premier voyage : Michigan puis Montana. Second voyage dans le Colorado. Enfin, incursions \u00e0 Las Vegas, puis \u00e0 New-York et Boston\" \/>\n<meta name=\"robots\" content=\"index, follow, max-snippet:-1, max-image-preview:large, max-video-preview:-1\" \/>\n<link rel=\"canonical\" href=\"https:\/\/gwendreams.com\/index.php\/les-voyages\/voyages-aux-etats-unis-damerique\/\" \/>\n<meta property=\"og:locale\" content=\"fr_FR\" \/>\n<meta property=\"og:type\" content=\"article\" \/>\n<meta property=\"og:title\" content=\"Voyages aux \u00c9tats-Unis d&#039;Am\u00e9rique - Gwendreams\" \/>\n<meta property=\"og:url\" content=\"https:\/\/gwendreams.com\/index.php\/les-voyages\/voyages-aux-etats-unis-damerique\/\" \/>\n<meta property=\"og:site_name\" content=\"Gwendreams\" \/>\n<meta property=\"article:publisher\" content=\"https:\/\/www.facebook.com\/profile.php?id=100063791695285\" \/>\n<meta property=\"article:modified_time\" content=\"2024-09-15T10:01:01+00:00\" \/>\n<meta property=\"og:image\" content=\"https:\/\/gwendreams.com\/wp-content\/uploads\/2024\/05\/Las-Vegas-US-flag-liberty-statue.jpg\" \/>\n\t<meta property=\"og:image:width\" content=\"799\" \/>\n\t<meta property=\"og:image:height\" content=\"599\" \/>\n\t<meta property=\"og:image:type\" content=\"image\/jpeg\" \/>\n<meta name=\"twitter:card\" content=\"summary_large_image\" \/>\n<meta name=\"twitter:label1\" content=\"Dur\u00e9e de lecture estim\u00e9e\" \/>\n\t<meta name=\"twitter:data1\" content=\"4 minutes\" \/>\n<script type=\"application\/ld+json\" class=\"yoast-schema-graph\">{\"@context\":\"https:\\\/\\\/schema.org\",\"@graph\":[{\"@type\":\"WebPage\",\"@id\":\"https:\\\/\\\/gwendreams.com\\\/index.php\\\/les-voyages\\\/voyages-aux-etats-unis-damerique\\\/\",\"url\":\"https:\\\/\\\/gwendreams.com\\\/index.php\\\/les-voyages\\\/voyages-aux-etats-unis-damerique\\\/\",\"name\":\"Voyages aux \u00c9tats-Unis d'Am\u00e9rique - Gwendreams\",\"isPartOf\":{\"@id\":\"https:\\\/\\\/gwendreams.com\\\/#website\"},\"primaryImageOfPage\":{\"@id\":\"https:\\\/\\\/gwendreams.com\\\/index.php\\\/les-voyages\\\/voyages-aux-etats-unis-damerique\\\/#primaryimage\"},\"image\":{\"@id\":\"https:\\\/\\\/gwendreams.com\\\/index.php\\\/les-voyages\\\/voyages-aux-etats-unis-damerique\\\/#primaryimage\"},\"thumbnailUrl\":\"https:\\\/\\\/gwendreams.com\\\/wp-content\\\/uploads\\\/2024\\\/05\\\/Las-Vegas-US-flag-liberty-statue.jpg\",\"datePublished\":\"2024-05-09T09:00:00+00:00\",\"dateModified\":\"2024-09-15T10:01:01+00:00\",\"description\":\"\u00c9tats-Unis. Premier voyage : Michigan puis Montana. Second voyage dans le Colorado. Enfin, incursions \u00e0 Las Vegas, puis \u00e0 New-York et Boston\",\"breadcrumb\":{\"@id\":\"https:\\\/\\\/gwendreams.com\\\/index.php\\\/les-voyages\\\/voyages-aux-etats-unis-damerique\\\/#breadcrumb\"},\"inLanguage\":\"fr-FR\",\"potentialAction\":[{\"@type\":\"ReadAction\",\"target\":[\"https:\\\/\\\/gwendreams.com\\\/index.php\\\/les-voyages\\\/voyages-aux-etats-unis-damerique\\\/\"]}]},{\"@type\":\"ImageObject\",\"inLanguage\":\"fr-FR\",\"@id\":\"https:\\\/\\\/gwendreams.com\\\/index.php\\\/les-voyages\\\/voyages-aux-etats-unis-damerique\\\/#primaryimage\",\"url\":\"https:\\\/\\\/gwendreams.com\\\/wp-content\\\/uploads\\\/2024\\\/05\\\/Las-Vegas-US-flag-liberty-statue.jpg\",\"contentUrl\":\"https:\\\/\\\/gwendreams.com\\\/wp-content\\\/uploads\\\/2024\\\/05\\\/Las-Vegas-US-flag-liberty-statue.jpg\",\"width\":799,\"height\":599,\"caption\":\"Las Vegas US flag liberty\"},{\"@type\":\"BreadcrumbList\",\"@id\":\"https:\\\/\\\/gwendreams.com\\\/index.php\\\/les-voyages\\\/voyages-aux-etats-unis-damerique\\\/#breadcrumb\",\"itemListElement\":[{\"@type\":\"ListItem\",\"position\":1,\"name\":\"Accueil\",\"item\":\"https:\\\/\\\/gwendreams.com\\\/\"},{\"@type\":\"ListItem\",\"position\":2,\"name\":\"Voyages\",\"item\":\"https:\\\/\\\/gwendreams.com\\\/index.php\\\/les-voyages\\\/\"},{\"@type\":\"ListItem\",\"position\":3,\"name\":\"Voyages aux \u00c9tats-Unis d&rsquo;Am\u00e9rique\"}]},{\"@type\":\"WebSite\",\"@id\":\"https:\\\/\\\/gwendreams.com\\\/#website\",\"url\":\"https:\\\/\\\/gwendreams.com\\\/\",\"name\":\"Gwendreams\",\"description\":\"Tout un monde \u00e0 d\u00e9couvrir !\",\"potentialAction\":[{\"@type\":\"SearchAction\",\"target\":{\"@type\":\"EntryPoint\",\"urlTemplate\":\"https:\\\/\\\/gwendreams.com\\\/?s={search_term_string}\"},\"query-input\":{\"@type\":\"PropertyValueSpecification\",\"valueRequired\":true,\"valueName\":\"search_term_string\"}}],\"inLanguage\":\"fr-FR\"}]}<\/script>\n<!-- \/ Yoast SEO plugin. -->","yoast_head_json":{"title":"Voyages aux \u00c9tats-Unis d'Am\u00e9rique - Gwendreams","description":"\u00c9tats-Unis. Premier voyage : Michigan puis Montana. Second voyage dans le Colorado. Enfin, incursions \u00e0 Las Vegas, puis \u00e0 New-York et Boston","robots":{"index":"index","follow":"follow","max-snippet":"max-snippet:-1","max-image-preview":"max-image-preview:large","max-video-preview":"max-video-preview:-1"},"canonical":"https:\/\/gwendreams.com\/index.php\/les-voyages\/voyages-aux-etats-unis-damerique\/","og_locale":"fr_FR","og_type":"article","og_title":"Voyages aux \u00c9tats-Unis d'Am\u00e9rique - Gwendreams","og_url":"https:\/\/gwendreams.com\/index.php\/les-voyages\/voyages-aux-etats-unis-damerique\/","og_site_name":"Gwendreams","article_publisher":"https:\/\/www.facebook.com\/profile.php?id=100063791695285","article_modified_time":"2024-09-15T10:01:01+00:00","og_image":[{"width":799,"height":599,"url":"https:\/\/gwendreams.com\/wp-content\/uploads\/2024\/05\/Las-Vegas-US-flag-liberty-statue.jpg","type":"image\/jpeg"}],"twitter_card":"summary_large_image","twitter_misc":{"Dur\u00e9e de lecture estim\u00e9e":"4 minutes"},"schema":{"@context":"https:\/\/schema.org","@graph":[{"@type":"WebPage","@id":"https:\/\/gwendreams.com\/index.php\/les-voyages\/voyages-aux-etats-unis-damerique\/","url":"https:\/\/gwendreams.com\/index.php\/les-voyages\/voyages-aux-etats-unis-damerique\/","name":"Voyages aux \u00c9tats-Unis d'Am\u00e9rique - Gwendreams","isPartOf":{"@id":"https:\/\/gwendreams.com\/#website"},"primaryImageOfPage":{"@id":"https:\/\/gwendreams.com\/index.php\/les-voyages\/voyages-aux-etats-unis-damerique\/#primaryimage"},"image":{"@id":"https:\/\/gwendreams.com\/index.php\/les-voyages\/voyages-aux-etats-unis-damerique\/#primaryimage"},"thumbnailUrl":"https:\/\/gwendreams.com\/wp-content\/uploads\/2024\/05\/Las-Vegas-US-flag-liberty-statue.jpg","datePublished":"2024-05-09T09:00:00+00:00","dateModified":"2024-09-15T10:01:01+00:00","description":"\u00c9tats-Unis. Premier voyage : Michigan puis Montana. Second voyage dans le Colorado. Enfin, incursions \u00e0 Las Vegas, puis \u00e0 New-York et Boston","breadcrumb":{"@id":"https:\/\/gwendreams.com\/index.php\/les-voyages\/voyages-aux-etats-unis-damerique\/#breadcrumb"},"inLanguage":"fr-FR","potentialAction":[{"@type":"ReadAction","target":["https:\/\/gwendreams.com\/index.php\/les-voyages\/voyages-aux-etats-unis-damerique\/"]}]},{"@type":"ImageObject","inLanguage":"fr-FR","@id":"https:\/\/gwendreams.com\/index.php\/les-voyages\/voyages-aux-etats-unis-damerique\/#primaryimage","url":"https:\/\/gwendreams.com\/wp-content\/uploads\/2024\/05\/Las-Vegas-US-flag-liberty-statue.jpg","contentUrl":"https:\/\/gwendreams.com\/wp-content\/uploads\/2024\/05\/Las-Vegas-US-flag-liberty-statue.jpg","width":799,"height":599,"caption":"Las Vegas US flag liberty"},{"@type":"BreadcrumbList","@id":"https:\/\/gwendreams.com\/index.php\/les-voyages\/voyages-aux-etats-unis-damerique\/#breadcrumb","itemListElement":[{"@type":"ListItem","position":1,"name":"Accueil","item":"https:\/\/gwendreams.com\/"},{"@type":"ListItem","position":2,"name":"Voyages","item":"https:\/\/gwendreams.com\/index.php\/les-voyages\/"},{"@type":"ListItem","position":3,"name":"Voyages aux \u00c9tats-Unis d&rsquo;Am\u00e9rique"}]},{"@type":"WebSite","@id":"https:\/\/gwendreams.com\/#website","url":"https:\/\/gwendreams.com\/","name":"Gwendreams","description":"Tout un monde \u00e0 d\u00e9couvrir !","potentialAction":[{"@type":"SearchAction","target":{"@type":"EntryPoint","urlTemplate":"https:\/\/gwendreams.com\/?s={search_term_string}"},"query-input":{"@type":"PropertyValueSpecification","valueRequired":true,"valueName":"search_term_string"}}],"inLanguage":"fr-FR"}]}},"jetpack_sharing_enabled":true,"_links":{"self":[{"href":"https:\/\/gwendreams.com\/index.php\/wp-json\/wp\/v2\/pages\/5515","targetHints":{"allow":["GET"]}}],"collection":[{"href":"https:\/\/gwendreams.com\/index.php\/wp-json\/wp\/v2\/pages"}],"about":[{"href":"https:\/\/gwendreams.com\/index.php\/wp-json\/wp\/v2\/types\/page"}],"author":[{"embeddable":true,"href":"https:\/\/gwendreams.com\/index.php\/wp-json\/wp\/v2\/users\/1"}],"replies":[{"embeddable":true,"href":"https:\/\/gwendreams.com\/index.php\/wp-json\/wp\/v2\/comments?post=5515"}],"version-history":[{"count":14,"href":"https:\/\/gwendreams.com\/index.php\/wp-json\/wp\/v2\/pages\/5515\/revisions"}],"predecessor-version":[{"id":5906,"href":"https:\/\/gwendreams.com\/index.php\/wp-json\/wp\/v2\/pages\/5515\/revisions\/5906"}],"up":[{"embeddable":true,"href":"https:\/\/gwendreams.com\/index.php\/wp-json\/wp\/v2\/pages\/396"}],"wp:featuredmedia":[{"embeddable":true,"href":"https:\/\/gwendreams.com\/index.php\/wp-json\/wp\/v2\/media\/5609"}],"wp:attachment":[{"href":"https:\/\/gwendreams.com\/index.php\/wp-json\/wp\/v2\/media?parent=5515"}],"curies":[{"name":"wp","href":"https:\/\/api.w.org\/{rel}","templated":true}]}}